{"id":821,"date":"2019-07-16T12:29:11","date_gmt":"2019-07-16T10:29:11","guid":{"rendered":"http:\/\/falgas-cp491.wordpresstemporal.com\/?page_id=821"},"modified":"2019-08-07T16:17:12","modified_gmt":"2019-08-07T14:17:12","slug":"diritto-commerciale","status":"publish","type":"page","link":"https:\/\/falgas.net\/it\/diritto-commerciale\/","title":{"rendered":"Diritto commerciale"},"content":{"rendered":"\t\t<div data-elementor-type=\"wp-post\" data-elementor-id=\"821\" class=\"elementor elementor-821\">\n\t\t\t\t\t\t<section class=\"elementor-section elementor-top-section elementor-element elementor-element-2b38956 elementor-section-height-min-height elementor-section-stretched elementor-section-boxed elementor-section-height-default elementor-section-items-middle\" data-id=\"2b38956\" data-element_type=\"section\" data-e-type=\"section\" data-settings=\"{&quot;background_background&quot;:&quot;classic&quot;,&quot;stretch_section&quot;:&quot;section-stretched&quot;}\">\n\t\t\t\t\t\t<div class=\"elementor-container elementor-column-gap-default\">\n\t\t\t\t\t<div class=\"elementor-column elementor-col-100 elementor-top-column elementor-element elementor-element-0917a65\" data-id=\"0917a65\" data-element_type=\"column\" data-e-type=\"column\">\n\t\t\t<div class=\"elementor-widget-wrap elementor-element-populated\">\n\t\t\t\t\t\t<div class=\"elementor-element elementor-element-0c64045 elementor-widget elementor-widget-heading\" data-id=\"0c64045\" data-element_type=\"widget\" data-e-type=\"widget\" data-widget_type=\"heading.default\">\n\t\t\t\t<div class=\"elementor-widget-container\">\n\t\t\t\t\t<h1 class=\"elementor-heading-title elementor-size-default\">Diritto commerciale<\/h1>\t\t\t\t<\/div>\n\t\t\t\t<\/div>\n\t\t\t\t\t<\/div>\n\t\t<\/div>\n\t\t\t\t\t<\/div>\n\t\t<\/section>\n\t\t\t\t<section class=\"elementor-section elementor-top-section elementor-element elementor-element-4d15316 elementor-section-boxed elementor-section-height-default elementor-section-height-default\" data-id=\"4d15316\" data-element_type=\"section\" data-e-type=\"section\">\n\t\t\t\t\t\t<div class=\"elementor-container elementor-column-gap-default\">\n\t\t\t\t\t<div class=\"elementor-column elementor-col-100 elementor-top-column elementor-element elementor-element-b260532\" data-id=\"b260532\" data-element_type=\"column\" data-e-type=\"column\">\n\t\t\t<div class=\"elementor-widget-wrap elementor-element-populated\">\n\t\t\t\t\t\t<div class=\"elementor-element elementor-element-6fa62f2 elementor-widget elementor-widget-spacer\" data-id=\"6fa62f2\" data-element_type=\"widget\" data-e-type=\"widget\" data-widget_type=\"spacer.default\">\n\t\t\t\t<div class=\"elementor-widget-container\">\n\t\t\t\t\t\t\t<div class=\"elementor-spacer\">\n\t\t\t<div class=\"elementor-spacer-inner\"><\/div>\n\t\t<\/div>\n\t\t\t\t\t\t<\/div>\n\t\t\t\t<\/div>\n\t\t\t\t\t<\/div>\n\t\t<\/div>\n\t\t\t\t\t<\/div>\n\t\t<\/section>\n\t\t\t\t<section class=\"elementor-section elementor-top-section elementor-element elementor-element-81033da elementor-section-boxed elementor-section-height-default elementor-section-height-default\" data-id=\"81033da\" data-element_type=\"section\" data-e-type=\"section\">\n\t\t\t\t\t\t<div class=\"elementor-container elementor-column-gap-default\">\n\t\t\t\t\t<div class=\"elementor-column elementor-col-100 elementor-top-column elementor-element elementor-element-0a1ced6\" data-id=\"0a1ced6\" data-element_type=\"column\" data-e-type=\"column\">\n\t\t\t<div class=\"elementor-widget-wrap elementor-element-populated\">\n\t\t\t\t\t\t<div class=\"elementor-element elementor-element-a5f86c5 elementor-widget elementor-widget-text-editor\" data-id=\"a5f86c5\" data-element_type=\"widget\" data-e-type=\"widget\" data-widget_type=\"text-editor.default\">\n\t\t\t\t<div class=\"elementor-widget-container\">\n\t\t\t\t\t\t\t\t\t<p>Numerosi frabbicanti ed esportatori fano affidamento su di noi per la loro rappresentazione giuridica e assistenza.<\/p><p>\u00a0Il nostro ambito geografico d&#8217;azione: Figueres, e le localit\u00e0 importanti della provincia come ; Empuriabrava,\u00a0 Roses -Santa Margarita, Llan\u00e7\u00e0,\u00a0 Jonquera, l&#8217;Escala, etc.;\u00a0 Girona , e localit\u00e0 come; la Bisbal,\u00a0 San Feliu de Guixols, Begur, Lloret de Mar, etc, M\u00e1laga, Valencia, Madrid e\u00a0 Barcelona, sebbene possiamo intervenire in qualunque citt\u00e0.<\/p>\t\t\t\t\t\t\t\t<\/div>\n\t\t\t\t<\/div>\n\t\t\t\t\t<\/div>\n\t\t<\/div>\n\t\t\t\t\t<\/div>\n\t\t<\/section>\n\t\t\t\t<section class=\"elementor-section elementor-top-section elementor-element elementor-element-0614a3f elementor-section-boxed elementor-section-height-default elementor-section-height-default\" data-id=\"0614a3f\" data-element_type=\"section\" data-e-type=\"section\">\n\t\t\t\t\t\t<div class=\"elementor-container elementor-column-gap-default\">\n\t\t\t\t\t<div class=\"elementor-column elementor-col-100 elementor-top-column elementor-element elementor-element-1fbfca8\" data-id=\"1fbfca8\" data-element_type=\"column\" data-e-type=\"column\">\n\t\t\t<div class=\"elementor-widget-wrap elementor-element-populated\">\n\t\t\t\t\t\t<div class=\"elementor-element elementor-element-2482c27 elementor-widget elementor-widget-text-editor\" data-id=\"2482c27\" data-element_type=\"widget\" data-e-type=\"widget\" data-widget_type=\"text-editor.default\">\n\t\t\t\t<div class=\"elementor-widget-container\">\n\t\t\t\t\t\t\t\t\t<p>Esercizio di azioni giudiziali, quali, ad esempio:<\/p><ul><li style=\"list-style-type: none;\"><ul><li>Assistenza giuridica e consulenze.<\/li><li>Redazione di contratti commerciali.<\/li><li>Gestioni extragiudiziarie e composizioni amichevoli.<\/li><li>Rappresentazione e pratiche in caso di fallimento.<\/li><li>Reclami di pagamento di vendite in Spagna<\/li><li>Commercio Internazionale.<\/li><li>Compravendita di merci.<\/li><li>Reclami Compre Internazionali.<\/li><li>Prodotti difettosi.<\/li><li>Reclami su Tratte, Ch\u00e8ques<\/li><li>Pagher\u00f2 bancari.<\/li><li>Reclami polizza di assicurazione.<\/li><li>Costituzione e creazione di societ\u00e0.<\/li><li>Crediti documentari.<\/li><li>Contratto di distribuzione.<\/li><li>Contratto di franchigie.<\/li><li>Contratto di agenzia<\/li><li>Concessioni in appalto.<\/li><li>Brevetti e\u00a0<\/li><li>Concorrenza sleale.<\/li><li>Contratti di riservatezza, cessione, collaborazione tecnologica.<\/li><li>Diritti di autore e simili.<\/li><li>Licenze di brevetti.<\/li><li>Licenze di Know How.<\/li><li>Licenze di marche.<\/li><li>Contratto di trasporto.<\/li><li>Diritto bancario.<\/li><\/ul><\/li><\/ul>\t\t\t\t\t\t\t\t<\/div>\n\t\t\t\t<\/div>\n\t\t\t\t\t<\/div>\n\t\t<\/div>\n\t\t\t\t\t<\/div>\n\t\t<\/section>\n\t\t\t\t<\/div>\n\t\t","protected":false},"excerpt":{"rendered":"<p>Diritto commerciale Numerosi frabbicanti ed esportatori fano affidamento su di noi per la loro rappresentazione giuridica e assistenza. \u00a0Il nostro ambito geografico d&#8217;azione: Figueres, e le localit\u00e0 importanti della provincia come ; Empuriabrava,\u00a0 Roses -Santa &#8230; <\/p>\n<p class=\"read-more-container\"><a title=\"Diritto commerciale\" class=\"read-more button\" href=\"https:\/\/falgas.net\/it\/diritto-commerciale\/#more-821\" aria-label=\"Per saperne di pi\u00f9 su Diritto commerciale\">Read More<\/a><\/p>\n","protected":false},"author":1,"featured_media":0,"parent":0,"menu_order":0,"comment_status":"closed","ping_status":"closed","template":"","meta":{"footnotes":""},"class_list":{"0":"post-821","1":"page","2":"type-page","3":"status-publish","5":"no-featured-image-padding"},"yoast_head":"<!-- This site is optimized with the Yoast SEO plugin v27.1.1 - https:\/\/yoast.com\/product\/yoast-seo-wordpress\/ -->\n<title>Diritto commerciale - Falgas<\/title>\n<meta name=\"description\" content=\"Bufete jur\u00eddico Falg\u00e0s, ubicado en Figueres, le ayuda con la asesor\u00eda jur\u00eddica en derecho de familia, penal, laboral, mercantil, extranjer\u00eda y derecho civil nacional\" \/>\n<meta name=\"robots\" content=\"index, follow, max-snippet:-1, max-image-preview:large, max-video-preview:-1\" \/>\n<link rel=\"canonical\" href=\"https:\/\/falgas.net\/it\/diritto-commerciale\/\" \/>\n<meta property=\"og:locale\" content=\"it_IT\" \/>\n<meta property=\"og:type\" content=\"article\" \/>\n<meta property=\"og:title\" content=\"Diritto commerciale - Falgas\" \/>\n<meta property=\"og:description\" content=\"Bufete jur\u00eddico Falg\u00e0s, ubicado en Figueres, le ayuda con la asesor\u00eda jur\u00eddica en derecho de familia, penal, laboral, mercantil, extranjer\u00eda y derecho civil nacional\" \/>\n<meta property=\"og:url\" content=\"https:\/\/falgas.net\/it\/diritto-commerciale\/\" \/>\n<meta property=\"og:site_name\" content=\"Falgas\" \/>\n<meta property=\"article:modified_time\" content=\"2019-08-07T14:17:12+00:00\" \/>\n<meta name=\"twitter:card\" content=\"summary_large_image\" \/>\n<meta name=\"twitter:label1\" content=\"Tempo di lettura stimato\" \/>\n\t<meta name=\"twitter:data1\" content=\"1 minuto\" \/>\n<script type=\"application\/ld+json\" class=\"yoast-schema-graph\">{\"@context\":\"https:\/\/schema.org\",\"@graph\":[{\"@type\":\"WebPage\",\"@id\":\"https:\/\/falgas.net\/it\/diritto-commerciale\/\",\"url\":\"https:\/\/falgas.net\/it\/diritto-commerciale\/\",\"name\":\"Diritto commerciale - Falgas\",\"isPartOf\":{\"@id\":\"https:\/\/falgas.net\/it\/#website\"},\"datePublished\":\"2019-07-16T10:29:11+00:00\",\"dateModified\":\"2019-08-07T14:17:12+00:00\",\"description\":\"Bufete jur\u00eddico Falg\u00e0s, ubicado en Figueres, le ayuda con la asesor\u00eda jur\u00eddica en derecho de familia, penal, laboral, mercantil, extranjer\u00eda y derecho civil nacional\",\"breadcrumb\":{\"@id\":\"https:\/\/falgas.net\/it\/diritto-commerciale\/#breadcrumb\"},\"inLanguage\":\"it-IT\",\"potentialAction\":[{\"@type\":\"ReadAction\",\"target\":[\"https:\/\/falgas.net\/it\/diritto-commerciale\/\"]}]},{\"@type\":\"BreadcrumbList\",\"@id\":\"https:\/\/falgas.net\/it\/diritto-commerciale\/#breadcrumb\",\"itemListElement\":[{\"@type\":\"ListItem\",\"position\":1,\"name\":\"Portada\",\"item\":\"https:\/\/falgas.net\/it\/\"},{\"@type\":\"ListItem\",\"position\":2,\"name\":\"Diritto commerciale\"}]},{\"@type\":\"WebSite\",\"@id\":\"https:\/\/falgas.net\/it\/#website\",\"url\":\"https:\/\/falgas.net\/it\/\",\"name\":\"Falgas\",\"description\":\"Otro sitio realizado con WordPress\",\"publisher\":{\"@id\":\"https:\/\/falgas.net\/it\/#organization\"},\"potentialAction\":[{\"@type\":\"SearchAction\",\"target\":{\"@type\":\"EntryPoint\",\"urlTemplate\":\"https:\/\/falgas.net\/it\/?s={search_term_string}\"},\"query-input\":{\"@type\":\"PropertyValueSpecification\",\"valueRequired\":true,\"valueName\":\"search_term_string\"}}],\"inLanguage\":\"it-IT\"},{\"@type\":\"Organization\",\"@id\":\"https:\/\/falgas.net\/it\/#organization\",\"name\":\"Falg\u00e0s\",\"url\":\"https:\/\/falgas.net\/it\/\",\"logo\":{\"@type\":\"ImageObject\",\"inLanguage\":\"it-IT\",\"@id\":\"https:\/\/falgas.net\/it\/#\/schema\/logo\/image\/\",\"url\":\"https:\/\/falgas.net\/wp-content\/uploads\/2019\/07\/logo-gloria-falgas-1024x344.png\",\"contentUrl\":\"https:\/\/falgas.net\/wp-content\/uploads\/2019\/07\/logo-gloria-falgas-1024x344.png\",\"width\":1024,\"height\":344,\"caption\":\"Falg\u00e0s\"},\"image\":{\"@id\":\"https:\/\/falgas.net\/it\/#\/schema\/logo\/image\/\"}}]}<\/script>\n<!-- \/ Yoast SEO plugin. -->","yoast_head_json":{"title":"Diritto commerciale - Falgas","description":"Bufete jur\u00eddico Falg\u00e0s, ubicado en Figueres, le ayuda con la asesor\u00eda jur\u00eddica en derecho de familia, penal, laboral, mercantil, extranjer\u00eda y derecho civil nacional","robots":{"index":"index","follow":"follow","max-snippet":"max-snippet:-1","max-image-preview":"max-image-preview:large","max-video-preview":"max-video-preview:-1"},"canonical":"https:\/\/falgas.net\/it\/diritto-commerciale\/","og_locale":"it_IT","og_type":"article","og_title":"Diritto commerciale - Falgas","og_description":"Bufete jur\u00eddico Falg\u00e0s, ubicado en Figueres, le ayuda con la asesor\u00eda jur\u00eddica en derecho de familia, penal, laboral, mercantil, extranjer\u00eda y derecho civil nacional","og_url":"https:\/\/falgas.net\/it\/diritto-commerciale\/","og_site_name":"Falgas","article_modified_time":"2019-08-07T14:17:12+00:00","twitter_card":"summary_large_image","twitter_misc":{"Tempo di lettura stimato":"1 minuto"},"schema":{"@context":"https:\/\/schema.org","@graph":[{"@type":"WebPage","@id":"https:\/\/falgas.net\/it\/diritto-commerciale\/","url":"https:\/\/falgas.net\/it\/diritto-commerciale\/","name":"Diritto commerciale - Falgas","isPartOf":{"@id":"https:\/\/falgas.net\/it\/#website"},"datePublished":"2019-07-16T10:29:11+00:00","dateModified":"2019-08-07T14:17:12+00:00","description":"Bufete jur\u00eddico Falg\u00e0s, ubicado en Figueres, le ayuda con la asesor\u00eda jur\u00eddica en derecho de familia, penal, laboral, mercantil, extranjer\u00eda y derecho civil nacional","breadcrumb":{"@id":"https:\/\/falgas.net\/it\/diritto-commerciale\/#breadcrumb"},"inLanguage":"it-IT","potentialAction":[{"@type":"ReadAction","target":["https:\/\/falgas.net\/it\/diritto-commerciale\/"]}]},{"@type":"BreadcrumbList","@id":"https:\/\/falgas.net\/it\/diritto-commerciale\/#breadcrumb","itemListElement":[{"@type":"ListItem","position":1,"name":"Portada","item":"https:\/\/falgas.net\/it\/"},{"@type":"ListItem","position":2,"name":"Diritto commerciale"}]},{"@type":"WebSite","@id":"https:\/\/falgas.net\/it\/#website","url":"https:\/\/falgas.net\/it\/","name":"Falgas","description":"Otro sitio realizado con WordPress","publisher":{"@id":"https:\/\/falgas.net\/it\/#organization"},"potentialAction":[{"@type":"SearchAction","target":{"@type":"EntryPoint","urlTemplate":"https:\/\/falgas.net\/it\/?s={search_term_string}"},"query-input":{"@type":"PropertyValueSpecification","valueRequired":true,"valueName":"search_term_string"}}],"inLanguage":"it-IT"},{"@type":"Organization","@id":"https:\/\/falgas.net\/it\/#organization","name":"Falg\u00e0s","url":"https:\/\/falgas.net\/it\/","logo":{"@type":"ImageObject","inLanguage":"it-IT","@id":"https:\/\/falgas.net\/it\/#\/schema\/logo\/image\/","url":"https:\/\/falgas.net\/wp-content\/uploads\/2019\/07\/logo-gloria-falgas-1024x344.png","contentUrl":"https:\/\/falgas.net\/wp-content\/uploads\/2019\/07\/logo-gloria-falgas-1024x344.png","width":1024,"height":344,"caption":"Falg\u00e0s"},"image":{"@id":"https:\/\/falgas.net\/it\/#\/schema\/logo\/image\/"}}]}},"_links":{"self":[{"href":"https:\/\/falgas.net\/it\/wp-json\/wp\/v2\/pages\/821","targetHints":{"allow":["GET"]}}],"collection":[{"href":"https:\/\/falgas.net\/it\/wp-json\/wp\/v2\/pages"}],"about":[{"href":"https:\/\/falgas.net\/it\/wp-json\/wp\/v2\/types\/page"}],"author":[{"embeddable":true,"href":"https:\/\/falgas.net\/it\/wp-json\/wp\/v2\/users\/1"}],"replies":[{"embeddable":true,"href":"https:\/\/falgas.net\/it\/wp-json\/wp\/v2\/comments?post=821"}],"version-history":[{"count":4,"href":"https:\/\/falgas.net\/it\/wp-json\/wp\/v2\/pages\/821\/revisions"}],"predecessor-version":[{"id":1252,"href":"https:\/\/falgas.net\/it\/wp-json\/wp\/v2\/pages\/821\/revisions\/1252"}],"wp:attachment":[{"href":"https:\/\/falgas.net\/it\/wp-json\/wp\/v2\/media?parent=821"}],"curies":[{"name":"wp","href":"https:\/\/api.w.org\/{rel}","templated":true}]}}