{"id":1069,"date":"2019-07-17T10:35:59","date_gmt":"2019-07-17T08:35:59","guid":{"rendered":"http:\/\/falgas-cp491.wordpresstemporal.com\/patto-amichevole\/"},"modified":"2019-07-17T10:36:00","modified_gmt":"2019-07-17T08:36:00","slug":"patto-amichevole","status":"publish","type":"page","link":"https:\/\/falgas.net\/it\/divorzi\/patto-amichevole\/","title":{"rendered":"Patto amichevole"},"content":{"rendered":"\t\t<div data-elementor-type=\"wp-post\" data-elementor-id=\"1069\" class=\"elementor elementor-1069 elementor-497\">\n\t\t\t\t\t\t<section class=\"elementor-section elementor-top-section elementor-element elementor-element-472f310 elementor-section-height-min-height elementor-section-boxed elementor-section-height-default elementor-section-items-middle\" data-id=\"472f310\" data-element_type=\"section\" data-e-type=\"section\" data-settings=\"{&quot;background_background&quot;:&quot;classic&quot;}\">\n\t\t\t\t\t\t<div class=\"elementor-container elementor-column-gap-default\">\n\t\t\t\t\t<div class=\"elementor-column elementor-col-100 elementor-top-column elementor-element elementor-element-4209ae6\" data-id=\"4209ae6\" data-element_type=\"column\" data-e-type=\"column\">\n\t\t\t<div class=\"elementor-widget-wrap elementor-element-populated\">\n\t\t\t\t\t\t<div class=\"elementor-element elementor-element-f55187e elementor-widget elementor-widget-heading\" data-id=\"f55187e\" data-element_type=\"widget\" data-e-type=\"widget\" data-widget_type=\"heading.default\">\n\t\t\t\t<div class=\"elementor-widget-container\">\n\t\t\t\t\t<h1 class=\"elementor-heading-title elementor-size-default\">Divorcio con un pacto amistoso<\/h1>\t\t\t\t<\/div>\n\t\t\t\t<\/div>\n\t\t\t\t\t<\/div>\n\t\t<\/div>\n\t\t\t\t\t<\/div>\n\t\t<\/section>\n\t\t\t\t<section class=\"elementor-section elementor-top-section elementor-element elementor-element-bd3c6cd elementor-section-boxed elementor-section-height-default elementor-section-height-default\" data-id=\"bd3c6cd\" data-element_type=\"section\" data-e-type=\"section\">\n\t\t\t\t\t\t<div class=\"elementor-container elementor-column-gap-default\">\n\t\t\t\t\t<div class=\"elementor-column elementor-col-100 elementor-top-column elementor-element elementor-element-22df4f2\" data-id=\"22df4f2\" data-element_type=\"column\" data-e-type=\"column\">\n\t\t\t<div class=\"elementor-widget-wrap elementor-element-populated\">\n\t\t\t\t\t\t<div class=\"elementor-element elementor-element-27e01b7 elementor-widget elementor-widget-heading\" data-id=\"27e01b7\" data-element_type=\"widget\" data-e-type=\"widget\" data-widget_type=\"heading.default\">\n\t\t\t\t<div class=\"elementor-widget-container\">\n\t\t\t\t\t<h2 class=\"elementor-heading-title elementor-size-default\">V\u00eda amistosa<\/h2>\t\t\t\t<\/div>\n\t\t\t\t<\/div>\n\t\t\t\t<div class=\"elementor-element elementor-element-5ca6718 elementor-widget elementor-widget-heading\" data-id=\"5ca6718\" data-element_type=\"widget\" data-e-type=\"widget\" data-widget_type=\"heading.default\">\n\t\t\t\t<div class=\"elementor-widget-container\">\n\t\t\t\t\t<h3 class=\"elementor-heading-title elementor-size-default\">Regular la disoluci\u00f3n del matrimonio o de la pareja de hecho mediante un ACUERDO amistoso entre las dos partes<\/h3>\t\t\t\t<\/div>\n\t\t\t\t<\/div>\n\t\t\t\t<div class=\"elementor-element elementor-element-d68a775 elementor-widget elementor-widget-text-editor\" data-id=\"d68a775\" data-element_type=\"widget\" data-e-type=\"widget\" data-widget_type=\"text-editor.default\">\n\t\t\t\t<div class=\"elementor-widget-container\">\n\t\t\t\t\t\t\t\t\t<p>Con la Ley 15\/2005 de separaciones y divorcios, las parejas pueden divorciarse o separarse a los 3 meses de su matrimonio y tampoco hay que probar los motivos que llevan a la separaci\u00f3n o divorcio.<\/p>\n<p>Se puede hacer de mutuo acuerdo o v\u00eda judicial, tambi\u00e9n llamada v\u00eda contenciosa, es decir demandante la parte contraria e ir a juicio con toda la serie de testigos y de informes periciales<\/p>\n<p>El procedimiento de mutuo acuerdo se basa en la negociaci\u00f3n entre las dos partes recogiendo las medidas que regular\u00e1 la disoluci\u00f3n de la pareja en un contrato llamado CONVENIO REGULADOR.<\/p>\n<p>\u00a1As\u00ed es un proceso m\u00e1s r\u00e1pido, y econ\u00f3mico tramit\u00e1ndose sin ir a juicio! Basta que la pareja vaya al Juzgado (juntos o por separado) para poder ratificar (firmar) la separaci\u00f3n de las parejas no matrimoniales \/ o el divorcio, ante un funcionario del Juzgado.<\/p>\n<p>Este tr\u00e1mite hasta obtener la Sentencia puede durar entre 1 y 3 meses seg\u00fan cada Juzgado.<\/p>\n<p>Puntos que hay que decidir entre la pareja y que hay que incluir como medidas al convenio regulador.<\/p>\n\t\t\t\t\t\t\t\t<\/div>\n\t\t\t\t<\/div>\n\t\t\t\t<div class=\"elementor-element elementor-element-36995b7 elementor-widget elementor-widget-text-editor\" data-id=\"36995b7\" data-element_type=\"widget\" data-e-type=\"widget\" data-widget_type=\"text-editor.default\">\n\t\t\t\t<div class=\"elementor-widget-container\">\n\t\t\t\t\t\t\t\t\t<ul>\n<li>El fin de la convivencia.<\/li>\n<li>Qui\u00e9n de los dos se queda con el uso del domicilio familiar. Contribuci\u00f3n a las cargas familiares.<\/li>\n<li>La custodia de los ni\u00f1os, si los hay. Compartida o individual a favor de un solo progenitor.<\/li>\n<li>El r\u00e9gimen de visitas que tendr\u00e1 quien no se queda con los ni\u00f1os.<\/li>\n<li>La pensi\u00f3n de alimentos para los ni\u00f1os. Los gastos extraordinarios.<\/li>\n<li>La pensi\u00f3n para la pareja en caso de que la separaci\u00f3n la deje en mala situaci\u00f3n econ\u00f3mica.<\/li>\n<li>La divisi\u00f3n del patrimonio familiar, etc.<\/li>\n<\/ul>\n\t\t\t\t\t\t\t\t<\/div>\n\t\t\t\t<\/div>\n\t\t\t\t<div class=\"elementor-element elementor-element-d4c8866 elementor-widget elementor-widget-text-editor\" data-id=\"d4c8866\" data-element_type=\"widget\" data-e-type=\"widget\" data-widget_type=\"text-editor.default\">\n\t\t\t\t<div class=\"elementor-widget-container\">\n\t\t\t\t\t\t\t\t\t<p>El procedimiento de mutuo acuerdo viene regulado en el art\u00edculo 777 de la Ley 1\/2000, de enjuiciamiento civil y requiere de demanda presentada por el Procurador y firmada por el Abogado adjuntando la propuesta del Convenio (decidido y firmado por la pareja ), certificado de matrimonio y certificados de nacimiento de los hijos si los hubiere y fotocopia del libro de familia. Se presentar\u00e1 la demanda ante el Juzgado de Primera Instancia del \u00faltimo domicilio conyugal. El Juzgado se\u00f1alar\u00e1 un d\u00eda para que ambos c\u00f3nyuges se ratifiquen en el convenio (ir\u00e1n acompa\u00f1ados del Procurador y Abogado) y el Juez dictar\u00e1 sentencia de disoluci\u00f3n del matrimonio por divorcio o la sentencia de disoluci\u00f3n de la pareja (si o existe matrimonio) recogiendo en la sentencia el Convenio Regulador firmado.<\/p>\n<p>Como veis, para poder llegar a un buen ACUERDO, plasmado en un Convenio Regulador necesario que est\u00e9 muy bien informados sobre sus derechos y los derechos de sus hijos, sobre su patrimonio.<\/p>\n<p>Y si os pregunt\u00e1is, qu\u00e9 derechos tiene mi pareja sobre la casa de mi propiedad, y si le tengo que pagar pensi\u00f3n si no estamos casados? Y qu\u00e9 pasa con la hipoteca que estoy pagando yo de la casa que va a nombre de los dos, y con las cuentas bancarias, y los veh\u00edculos ?, &#8230;<\/p>\n<p>Todas estas y muchas m\u00e1s preguntas hay que resolverlas antes de poder iniciar cualquier negociaci\u00f3n.<\/p>\n<p>Estamos su disposici\u00f3n en todo momento, trabajando con sentido com\u00fan, discrecionalidad y rapidez, conjuntamente con el nuestra equipo de profesionales (procurador, perito tasador, psic\u00f3logo infantil, investigador privado, y un gestor contable) para garantizar el \u00e9xito que desea.<\/p>\n\t\t\t\t\t\t\t\t<\/div>\n\t\t\t\t<\/div>\n\t\t\t\t\t<\/div>\n\t\t<\/div>\n\t\t\t\t\t<\/div>\n\t\t<\/section>\n\t\t\t\t<\/div>\n\t\t","protected":false},"excerpt":{"rendered":"<p>Divorcio con un pacto amistoso V\u00eda amistosa Regular la disoluci\u00f3n del matrimonio o de la pareja de hecho mediante un ACUERDO amistoso entre las dos partes Con la Ley 15\/2005 de separaciones y divorcios, las &#8230; <\/p>\n<p class=\"read-more-container\"><a title=\"Patto amichevole\" class=\"read-more button\" href=\"https:\/\/falgas.net\/it\/divorzi\/patto-amichevole\/#more-1069\" aria-label=\"Per saperne di pi\u00f9 su Patto amichevole\">Read More<\/a><\/p>\n","protected":false},"author":1,"featured_media":0,"parent":1061,"menu_order":0,"comment_status":"closed","ping_status":"closed","template":"","meta":{"footnotes":""},"class_list":{"0":"post-1069","1":"page","2":"type-page","3":"status-publish","5":"no-featured-image-padding"},"yoast_head":"<!-- This site is optimized with the Yoast SEO plugin v27.1.1 - https:\/\/yoast.com\/product\/yoast-seo-wordpress\/ -->\n<title>Patto amichevole - Falgas<\/title>\n<meta name=\"description\" content=\"Bufete jur\u00eddico Falg\u00e0s, ubicado en Figueres, le ayuda con la asesor\u00eda jur\u00eddica en derecho de familia, penal, laboral, mercantil, extranjer\u00eda y derecho civil nacional\" \/>\n<meta name=\"robots\" content=\"index, follow, max-snippet:-1, max-image-preview:large, max-video-preview:-1\" \/>\n<link rel=\"canonical\" href=\"https:\/\/falgas.net\/it\/divorzi\/patto-amichevole\/\" \/>\n<meta property=\"og:locale\" content=\"it_IT\" \/>\n<meta property=\"og:type\" content=\"article\" \/>\n<meta property=\"og:title\" content=\"Patto amichevole - Falgas\" \/>\n<meta property=\"og:description\" content=\"Bufete jur\u00eddico Falg\u00e0s, ubicado en Figueres, le ayuda con la asesor\u00eda jur\u00eddica en derecho de familia, penal, laboral, mercantil, extranjer\u00eda y derecho civil nacional\" \/>\n<meta property=\"og:url\" content=\"https:\/\/falgas.net\/it\/divorzi\/patto-amichevole\/\" \/>\n<meta property=\"og:site_name\" content=\"Falgas\" \/>\n<meta property=\"article:modified_time\" content=\"2019-07-17T08:36:00+00:00\" \/>\n<meta name=\"twitter:card\" content=\"summary_large_image\" \/>\n<meta name=\"twitter:label1\" content=\"Tempo di lettura stimato\" \/>\n\t<meta name=\"twitter:data1\" content=\"3 minuti\" \/>\n<script type=\"application\/ld+json\" class=\"yoast-schema-graph\">{\"@context\":\"https:\/\/schema.org\",\"@graph\":[{\"@type\":\"WebPage\",\"@id\":\"https:\/\/falgas.net\/it\/divorzi\/patto-amichevole\/\",\"url\":\"https:\/\/falgas.net\/it\/divorzi\/patto-amichevole\/\",\"name\":\"Patto amichevole - Falgas\",\"isPartOf\":{\"@id\":\"https:\/\/falgas.net\/it\/#website\"},\"datePublished\":\"2019-07-17T08:35:59+00:00\",\"dateModified\":\"2019-07-17T08:36:00+00:00\",\"description\":\"Bufete jur\u00eddico Falg\u00e0s, ubicado en Figueres, le ayuda con la asesor\u00eda jur\u00eddica en derecho de familia, penal, laboral, mercantil, extranjer\u00eda y derecho civil nacional\",\"breadcrumb\":{\"@id\":\"https:\/\/falgas.net\/it\/divorzi\/patto-amichevole\/#breadcrumb\"},\"inLanguage\":\"it-IT\",\"potentialAction\":[{\"@type\":\"ReadAction\",\"target\":[\"https:\/\/falgas.net\/it\/divorzi\/patto-amichevole\/\"]}]},{\"@type\":\"BreadcrumbList\",\"@id\":\"https:\/\/falgas.net\/it\/divorzi\/patto-amichevole\/#breadcrumb\",\"itemListElement\":[{\"@type\":\"ListItem\",\"position\":1,\"name\":\"Portada\",\"item\":\"https:\/\/falgas.net\/it\/\"},{\"@type\":\"ListItem\",\"position\":2,\"name\":\"Divorzi\",\"item\":\"https:\/\/falgas.net\/it\/divorzi\/\"},{\"@type\":\"ListItem\",\"position\":3,\"name\":\"Patto amichevole\"}]},{\"@type\":\"WebSite\",\"@id\":\"https:\/\/falgas.net\/it\/#website\",\"url\":\"https:\/\/falgas.net\/it\/\",\"name\":\"Falgas\",\"description\":\"Otro sitio realizado con WordPress\",\"publisher\":{\"@id\":\"https:\/\/falgas.net\/it\/#organization\"},\"potentialAction\":[{\"@type\":\"SearchAction\",\"target\":{\"@type\":\"EntryPoint\",\"urlTemplate\":\"https:\/\/falgas.net\/it\/?s={search_term_string}\"},\"query-input\":{\"@type\":\"PropertyValueSpecification\",\"valueRequired\":true,\"valueName\":\"search_term_string\"}}],\"inLanguage\":\"it-IT\"},{\"@type\":\"Organization\",\"@id\":\"https:\/\/falgas.net\/it\/#organization\",\"name\":\"Falg\u00e0s\",\"url\":\"https:\/\/falgas.net\/it\/\",\"logo\":{\"@type\":\"ImageObject\",\"inLanguage\":\"it-IT\",\"@id\":\"https:\/\/falgas.net\/it\/#\/schema\/logo\/image\/\",\"url\":\"https:\/\/falgas.net\/wp-content\/uploads\/2019\/07\/logo-gloria-falgas-1024x344.png\",\"contentUrl\":\"https:\/\/falgas.net\/wp-content\/uploads\/2019\/07\/logo-gloria-falgas-1024x344.png\",\"width\":1024,\"height\":344,\"caption\":\"Falg\u00e0s\"},\"image\":{\"@id\":\"https:\/\/falgas.net\/it\/#\/schema\/logo\/image\/\"}}]}<\/script>\n<!-- \/ Yoast SEO plugin. -->","yoast_head_json":{"title":"Patto amichevole - Falgas","description":"Bufete jur\u00eddico Falg\u00e0s, ubicado en Figueres, le ayuda con la asesor\u00eda jur\u00eddica en derecho de familia, penal, laboral, mercantil, extranjer\u00eda y derecho civil nacional","robots":{"index":"index","follow":"follow","max-snippet":"max-snippet:-1","max-image-preview":"max-image-preview:large","max-video-preview":"max-video-preview:-1"},"canonical":"https:\/\/falgas.net\/it\/divorzi\/patto-amichevole\/","og_locale":"it_IT","og_type":"article","og_title":"Patto amichevole - Falgas","og_description":"Bufete jur\u00eddico Falg\u00e0s, ubicado en Figueres, le ayuda con la asesor\u00eda jur\u00eddica en derecho de familia, penal, laboral, mercantil, extranjer\u00eda y derecho civil nacional","og_url":"https:\/\/falgas.net\/it\/divorzi\/patto-amichevole\/","og_site_name":"Falgas","article_modified_time":"2019-07-17T08:36:00+00:00","twitter_card":"summary_large_image","twitter_misc":{"Tempo di lettura stimato":"3 minuti"},"schema":{"@context":"https:\/\/schema.org","@graph":[{"@type":"WebPage","@id":"https:\/\/falgas.net\/it\/divorzi\/patto-amichevole\/","url":"https:\/\/falgas.net\/it\/divorzi\/patto-amichevole\/","name":"Patto amichevole - Falgas","isPartOf":{"@id":"https:\/\/falgas.net\/it\/#website"},"datePublished":"2019-07-17T08:35:59+00:00","dateModified":"2019-07-17T08:36:00+00:00","description":"Bufete jur\u00eddico Falg\u00e0s, ubicado en Figueres, le ayuda con la asesor\u00eda jur\u00eddica en derecho de familia, penal, laboral, mercantil, extranjer\u00eda y derecho civil nacional","breadcrumb":{"@id":"https:\/\/falgas.net\/it\/divorzi\/patto-amichevole\/#breadcrumb"},"inLanguage":"it-IT","potentialAction":[{"@type":"ReadAction","target":["https:\/\/falgas.net\/it\/divorzi\/patto-amichevole\/"]}]},{"@type":"BreadcrumbList","@id":"https:\/\/falgas.net\/it\/divorzi\/patto-amichevole\/#breadcrumb","itemListElement":[{"@type":"ListItem","position":1,"name":"Portada","item":"https:\/\/falgas.net\/it\/"},{"@type":"ListItem","position":2,"name":"Divorzi","item":"https:\/\/falgas.net\/it\/divorzi\/"},{"@type":"ListItem","position":3,"name":"Patto amichevole"}]},{"@type":"WebSite","@id":"https:\/\/falgas.net\/it\/#website","url":"https:\/\/falgas.net\/it\/","name":"Falgas","description":"Otro sitio realizado con WordPress","publisher":{"@id":"https:\/\/falgas.net\/it\/#organization"},"potentialAction":[{"@type":"SearchAction","target":{"@type":"EntryPoint","urlTemplate":"https:\/\/falgas.net\/it\/?s={search_term_string}"},"query-input":{"@type":"PropertyValueSpecification","valueRequired":true,"valueName":"search_term_string"}}],"inLanguage":"it-IT"},{"@type":"Organization","@id":"https:\/\/falgas.net\/it\/#organization","name":"Falg\u00e0s","url":"https:\/\/falgas.net\/it\/","logo":{"@type":"ImageObject","inLanguage":"it-IT","@id":"https:\/\/falgas.net\/it\/#\/schema\/logo\/image\/","url":"https:\/\/falgas.net\/wp-content\/uploads\/2019\/07\/logo-gloria-falgas-1024x344.png","contentUrl":"https:\/\/falgas.net\/wp-content\/uploads\/2019\/07\/logo-gloria-falgas-1024x344.png","width":1024,"height":344,"caption":"Falg\u00e0s"},"image":{"@id":"https:\/\/falgas.net\/it\/#\/schema\/logo\/image\/"}}]}},"_links":{"self":[{"href":"https:\/\/falgas.net\/it\/wp-json\/wp\/v2\/pages\/1069","targetHints":{"allow":["GET"]}}],"collection":[{"href":"https:\/\/falgas.net\/it\/wp-json\/wp\/v2\/pages"}],"about":[{"href":"https:\/\/falgas.net\/it\/wp-json\/wp\/v2\/types\/page"}],"author":[{"embeddable":true,"href":"https:\/\/falgas.net\/it\/wp-json\/wp\/v2\/users\/1"}],"replies":[{"embeddable":true,"href":"https:\/\/falgas.net\/it\/wp-json\/wp\/v2\/comments?post=1069"}],"version-history":[{"count":1,"href":"https:\/\/falgas.net\/it\/wp-json\/wp\/v2\/pages\/1069\/revisions"}],"predecessor-version":[{"id":1070,"href":"https:\/\/falgas.net\/it\/wp-json\/wp\/v2\/pages\/1069\/revisions\/1070"}],"up":[{"embeddable":true,"href":"https:\/\/falgas.net\/it\/wp-json\/wp\/v2\/pages\/1061"}],"wp:attachment":[{"href":"https:\/\/falgas.net\/it\/wp-json\/wp\/v2\/media?parent=1069"}],"curies":[{"name":"wp","href":"https:\/\/api.w.org\/{rel}","templated":true}]}}