{"id":1063,"date":"2019-07-17T10:34:24","date_gmt":"2019-07-17T08:34:24","guid":{"rendered":"http:\/\/falgas-cp491.wordpresstemporal.com\/inosservaxa\/"},"modified":"2019-07-17T10:34:25","modified_gmt":"2019-07-17T08:34:25","slug":"inosservaxa","status":"publish","type":"page","link":"https:\/\/falgas.net\/it\/divorzi\/inosservaxa\/","title":{"rendered":"Inosservaxa"},"content":{"rendered":"\t\t<div data-elementor-type=\"wp-post\" data-elementor-id=\"1063\" class=\"elementor elementor-1063 elementor-495\">\n\t\t\t\t\t\t<section class=\"elementor-section elementor-top-section elementor-element elementor-element-631608b elementor-section-height-min-height elementor-section-boxed elementor-section-height-default elementor-section-items-middle\" data-id=\"631608b\" data-element_type=\"section\" data-e-type=\"section\" data-settings=\"{&quot;background_background&quot;:&quot;classic&quot;}\">\n\t\t\t\t\t\t<div class=\"elementor-container elementor-column-gap-default\">\n\t\t\t\t\t<div class=\"elementor-column elementor-col-100 elementor-top-column elementor-element elementor-element-78fcb76\" data-id=\"78fcb76\" data-element_type=\"column\" data-e-type=\"column\">\n\t\t\t<div class=\"elementor-widget-wrap elementor-element-populated\">\n\t\t\t\t\t\t<div class=\"elementor-element elementor-element-0daca22 elementor-widget elementor-widget-heading\" data-id=\"0daca22\" data-element_type=\"widget\" data-e-type=\"widget\" data-widget_type=\"heading.default\">\n\t\t\t\t<div class=\"elementor-widget-container\">\n\t\t\t\t\t<h1 class=\"elementor-heading-title elementor-size-default\">Incumplimiento del divorcio\u200b<\/h1>\t\t\t\t<\/div>\n\t\t\t\t<\/div>\n\t\t\t\t\t<\/div>\n\t\t<\/div>\n\t\t\t\t\t<\/div>\n\t\t<\/section>\n\t\t\t\t<section class=\"elementor-section elementor-top-section elementor-element elementor-element-d4a3b94 elementor-section-boxed elementor-section-height-default elementor-section-height-default\" data-id=\"d4a3b94\" data-element_type=\"section\" data-e-type=\"section\">\n\t\t\t\t\t\t<div class=\"elementor-container elementor-column-gap-default\">\n\t\t\t\t\t<div class=\"elementor-column elementor-col-100 elementor-top-column elementor-element elementor-element-465a313\" data-id=\"465a313\" data-element_type=\"column\" data-e-type=\"column\">\n\t\t\t<div class=\"elementor-widget-wrap elementor-element-populated\">\n\t\t\t\t\t\t<div class=\"elementor-element elementor-element-299d137 elementor-widget elementor-widget-heading\" data-id=\"299d137\" data-element_type=\"widget\" data-e-type=\"widget\" data-widget_type=\"heading.default\">\n\t\t\t\t<div class=\"elementor-widget-container\">\n\t\t\t\t\t<h2 class=\"elementor-heading-title elementor-size-default\">Incumplimientos y modificaciones de sentencias<\/h2>\t\t\t\t<\/div>\n\t\t\t\t<\/div>\n\t\t\t\t<div class=\"elementor-element elementor-element-d4329a0 elementor-widget elementor-widget-text-editor\" data-id=\"d4329a0\" data-element_type=\"widget\" data-e-type=\"widget\" data-widget_type=\"text-editor.default\">\n\t\t\t\t<div class=\"elementor-widget-container\">\n\t\t\t\t\t\t\t\t\t<p>Una vez el juez dicta la sentencia de disoluci\u00f3n del matrimonio por divorcio, o la sentencia de disoluci\u00f3n de pareja de hecho, tanto si es de mutuo acuerdo como no, debe saber que esta se puede modificar si se re\u00fanen todos los requisitos establecidos por la ley para hacerlo seg\u00fan el art. 775 de la Ley de Enjuiciamiento Civil. Sin embargo, si una de las partes no cumple con lo que consta en sentencia o en el convenio regulador, la otra parte puede actuar ante los juzgados con el fin de obligarle y as\u00ed te garantizamos el \u00e9xito de las medidas acordadas<\/p>\n\t\t\t\t\t\t\t\t<\/div>\n\t\t\t\t<\/div>\n\t\t\t\t\t<\/div>\n\t\t<\/div>\n\t\t\t\t\t<\/div>\n\t\t<\/section>\n\t\t\t\t<section class=\"elementor-section elementor-top-section elementor-element elementor-element-540eee7 elementor-section-boxed elementor-section-height-default elementor-section-height-default\" data-id=\"540eee7\" data-element_type=\"section\" data-e-type=\"section\">\n\t\t\t\t\t\t<div class=\"elementor-container elementor-column-gap-default\">\n\t\t\t\t\t<div class=\"elementor-column elementor-col-100 elementor-top-column elementor-element elementor-element-bd5a0f2\" data-id=\"bd5a0f2\" data-element_type=\"column\" data-e-type=\"column\">\n\t\t\t<div class=\"elementor-widget-wrap elementor-element-populated\">\n\t\t\t\t\t\t<div class=\"elementor-element elementor-element-e6cf761 elementor-widget elementor-widget-heading\" data-id=\"e6cf761\" data-element_type=\"widget\" data-e-type=\"widget\" data-widget_type=\"heading.default\">\n\t\t\t\t<div class=\"elementor-widget-container\">\n\t\t\t\t\t<h3 class=\"elementor-heading-title elementor-size-default\">INCUMPLIMIENTO DE LAS SENTENCIAS<\/h3>\t\t\t\t<\/div>\n\t\t\t\t<\/div>\n\t\t\t\t<div class=\"elementor-element elementor-element-020c1d0 elementor-widget elementor-widget-text-editor\" data-id=\"020c1d0\" data-element_type=\"widget\" data-e-type=\"widget\" data-widget_type=\"text-editor.default\">\n\t\t\t\t<div class=\"elementor-widget-container\">\n\t\t\t\t\t\t\t\t\t<p>\u00bfQu\u00e9 pasa si una de las partes no cumple con lo que dice el convenio que voy a firmar o con la sentencia que el juez dict\u00f3?<\/p>\n<p>Si el obligado por alguna de estas medidas no cumple (por ejemplo, no paga las pensiones de alimentos), el otro progenitor puede reclamar las cantidades debidas. Esto se tramita mediante una demanda de ejecuci\u00f3n contratando nuestros servicios de abogado y procurador.<\/p>\n<p>Otra posibilidad que te recomendamos es poner una denuncia por impago de pensiones seg\u00fan el art. 227 del C\u00f3digo Penal, pero el resultado del embargo no es tan inmediato y se penaliza con pena de prisi\u00f3n.<\/p>\n\t\t\t\t\t\t\t\t<\/div>\n\t\t\t\t<\/div>\n\t\t\t\t<div class=\"elementor-element elementor-element-3ebc619 elementor-widget elementor-widget-heading\" data-id=\"3ebc619\" data-element_type=\"widget\" data-e-type=\"widget\" data-widget_type=\"heading.default\">\n\t\t\t\t<div class=\"elementor-widget-container\">\n\t\t\t\t\t<h3 class=\"elementor-heading-title elementor-size-default\">MODIFICACI\u00d3N DE LAS MEDIDAS ESTABLECIDAS EN CONVENIOS Y EN SENTENCIAS CONTENCIOSO<\/h3>\t\t\t\t<\/div>\n\t\t\t\t<\/div>\n\t\t\t\t<div class=\"elementor-element elementor-element-96ea061 elementor-widget elementor-widget-text-editor\" data-id=\"96ea061\" data-element_type=\"widget\" data-e-type=\"widget\" data-widget_type=\"text-editor.default\">\n\t\t\t\t<div class=\"elementor-widget-container\">\n\t\t\t\t\t\t\t\t\t<p>\u00bfLas medidas establecidas en una sentencia o en un convenio de divorcio, son para toda la vida? \u00bfSon para siempre?<\/p>\n<p>No. La Ley prev\u00e9 la posibilidad de que las medidas que se hayan ordenado en un proceso matrimonial (pensiones de alimentos, prestaci\u00f3n compensatoria, guarda de los menores, uso de la vivienda etc &#8230;) se puedan modificar, mediante resoluci\u00f3n judicial posterior,<strong> cuando hayan variado sustancialmente las circunstancias que hab\u00eda en el momento de dictarlas.<\/strong> La modificaci\u00f3n puede ser solicitada por cualquiera de los c\u00f3nyuges separados o divorciados, ejemplos:<\/p>\n<ul>\n<li>Podemos pedir la custodia compartida.<\/li>\n<li>Un aumento o disminuci\u00f3n de la pensi\u00f3n.<\/li>\n<li>La venta de la casa familiar reparti\u00e9ndose las ganancias.<\/li>\n<li>Modificar los d\u00edas de visita del padre \/ madre &#8230;<\/li>\n<\/ul>\n<p><strong>Estamos su disposici\u00f3n en todo momento, trabajando con sentido com\u00fan, discrecionalidad y rapidez, conjuntamente con el nuestra equipo de profesionales (procurador, perito tasador, psic\u00f3logo infantil, investigador privado, y un gestor contable) para garantizar el \u00e9xito que desea.<\/strong><\/p>\n\t\t\t\t\t\t\t\t<\/div>\n\t\t\t\t<\/div>\n\t\t\t\t\t<\/div>\n\t\t<\/div>\n\t\t\t\t\t<\/div>\n\t\t<\/section>\n\t\t\t\t<\/div>\n\t\t","protected":false},"excerpt":{"rendered":"<p>Incumplimiento del divorcio\u200b Incumplimientos y modificaciones de sentencias Una vez el juez dicta la sentencia de disoluci\u00f3n del matrimonio por divorcio, o la sentencia de disoluci\u00f3n de pareja de hecho, tanto si es de mutuo &#8230; <\/p>\n<p class=\"read-more-container\"><a title=\"Inosservaxa\" class=\"read-more button\" href=\"https:\/\/falgas.net\/it\/divorzi\/inosservaxa\/#more-1063\" aria-label=\"Per saperne di pi\u00f9 su Inosservaxa\">Read More<\/a><\/p>\n","protected":false},"author":1,"featured_media":0,"parent":1061,"menu_order":0,"comment_status":"closed","ping_status":"closed","template":"","meta":{"footnotes":""},"class_list":{"0":"post-1063","1":"page","2":"type-page","3":"status-publish","5":"no-featured-image-padding"},"yoast_head":"<!-- This site is optimized with the Yoast SEO plugin v27.1.1 - https:\/\/yoast.com\/product\/yoast-seo-wordpress\/ -->\n<title>Inosservaxa - Falgas<\/title>\n<meta name=\"description\" content=\"Bufete jur\u00eddico Falg\u00e0s, ubicado en Figueres, le ayuda con la asesor\u00eda jur\u00eddica en derecho de familia, penal, laboral, mercantil, extranjer\u00eda y derecho civil nacional\" \/>\n<meta name=\"robots\" content=\"index, follow, max-snippet:-1, max-image-preview:large, max-video-preview:-1\" \/>\n<link rel=\"canonical\" href=\"https:\/\/falgas.net\/it\/divorzi\/inosservaxa\/\" \/>\n<meta property=\"og:locale\" content=\"it_IT\" \/>\n<meta property=\"og:type\" content=\"article\" \/>\n<meta property=\"og:title\" content=\"Inosservaxa - Falgas\" \/>\n<meta property=\"og:description\" content=\"Bufete jur\u00eddico Falg\u00e0s, ubicado en Figueres, le ayuda con la asesor\u00eda jur\u00eddica en derecho de familia, penal, laboral, mercantil, extranjer\u00eda y derecho civil nacional\" \/>\n<meta property=\"og:url\" content=\"https:\/\/falgas.net\/it\/divorzi\/inosservaxa\/\" \/>\n<meta property=\"og:site_name\" content=\"Falgas\" \/>\n<meta property=\"article:modified_time\" content=\"2019-07-17T08:34:25+00:00\" \/>\n<meta name=\"twitter:card\" content=\"summary_large_image\" \/>\n<meta name=\"twitter:label1\" content=\"Tempo di lettura stimato\" \/>\n\t<meta name=\"twitter:data1\" content=\"2 minuti\" \/>\n<script type=\"application\/ld+json\" class=\"yoast-schema-graph\">{\"@context\":\"https:\/\/schema.org\",\"@graph\":[{\"@type\":\"WebPage\",\"@id\":\"https:\/\/falgas.net\/it\/divorzi\/inosservaxa\/\",\"url\":\"https:\/\/falgas.net\/it\/divorzi\/inosservaxa\/\",\"name\":\"Inosservaxa - Falgas\",\"isPartOf\":{\"@id\":\"https:\/\/falgas.net\/it\/#website\"},\"datePublished\":\"2019-07-17T08:34:24+00:00\",\"dateModified\":\"2019-07-17T08:34:25+00:00\",\"description\":\"Bufete jur\u00eddico Falg\u00e0s, ubicado en Figueres, le ayuda con la asesor\u00eda jur\u00eddica en derecho de familia, penal, laboral, mercantil, extranjer\u00eda y derecho civil nacional\",\"breadcrumb\":{\"@id\":\"https:\/\/falgas.net\/it\/divorzi\/inosservaxa\/#breadcrumb\"},\"inLanguage\":\"it-IT\",\"potentialAction\":[{\"@type\":\"ReadAction\",\"target\":[\"https:\/\/falgas.net\/it\/divorzi\/inosservaxa\/\"]}]},{\"@type\":\"BreadcrumbList\",\"@id\":\"https:\/\/falgas.net\/it\/divorzi\/inosservaxa\/#breadcrumb\",\"itemListElement\":[{\"@type\":\"ListItem\",\"position\":1,\"name\":\"Portada\",\"item\":\"https:\/\/falgas.net\/it\/\"},{\"@type\":\"ListItem\",\"position\":2,\"name\":\"Divorzi\",\"item\":\"https:\/\/falgas.net\/it\/divorzi\/\"},{\"@type\":\"ListItem\",\"position\":3,\"name\":\"Inosservaxa\"}]},{\"@type\":\"WebSite\",\"@id\":\"https:\/\/falgas.net\/it\/#website\",\"url\":\"https:\/\/falgas.net\/it\/\",\"name\":\"Falgas\",\"description\":\"Otro sitio realizado con WordPress\",\"publisher\":{\"@id\":\"https:\/\/falgas.net\/it\/#organization\"},\"potentialAction\":[{\"@type\":\"SearchAction\",\"target\":{\"@type\":\"EntryPoint\",\"urlTemplate\":\"https:\/\/falgas.net\/it\/?s={search_term_string}\"},\"query-input\":{\"@type\":\"PropertyValueSpecification\",\"valueRequired\":true,\"valueName\":\"search_term_string\"}}],\"inLanguage\":\"it-IT\"},{\"@type\":\"Organization\",\"@id\":\"https:\/\/falgas.net\/it\/#organization\",\"name\":\"Falg\u00e0s\",\"url\":\"https:\/\/falgas.net\/it\/\",\"logo\":{\"@type\":\"ImageObject\",\"inLanguage\":\"it-IT\",\"@id\":\"https:\/\/falgas.net\/it\/#\/schema\/logo\/image\/\",\"url\":\"https:\/\/falgas.net\/wp-content\/uploads\/2019\/07\/logo-gloria-falgas-1024x344.png\",\"contentUrl\":\"https:\/\/falgas.net\/wp-content\/uploads\/2019\/07\/logo-gloria-falgas-1024x344.png\",\"width\":1024,\"height\":344,\"caption\":\"Falg\u00e0s\"},\"image\":{\"@id\":\"https:\/\/falgas.net\/it\/#\/schema\/logo\/image\/\"}}]}<\/script>\n<!-- \/ Yoast SEO plugin. -->","yoast_head_json":{"title":"Inosservaxa - Falgas","description":"Bufete jur\u00eddico Falg\u00e0s, ubicado en Figueres, le ayuda con la asesor\u00eda jur\u00eddica en derecho de familia, penal, laboral, mercantil, extranjer\u00eda y derecho civil nacional","robots":{"index":"index","follow":"follow","max-snippet":"max-snippet:-1","max-image-preview":"max-image-preview:large","max-video-preview":"max-video-preview:-1"},"canonical":"https:\/\/falgas.net\/it\/divorzi\/inosservaxa\/","og_locale":"it_IT","og_type":"article","og_title":"Inosservaxa - Falgas","og_description":"Bufete jur\u00eddico Falg\u00e0s, ubicado en Figueres, le ayuda con la asesor\u00eda jur\u00eddica en derecho de familia, penal, laboral, mercantil, extranjer\u00eda y derecho civil nacional","og_url":"https:\/\/falgas.net\/it\/divorzi\/inosservaxa\/","og_site_name":"Falgas","article_modified_time":"2019-07-17T08:34:25+00:00","twitter_card":"summary_large_image","twitter_misc":{"Tempo di lettura stimato":"2 minuti"},"schema":{"@context":"https:\/\/schema.org","@graph":[{"@type":"WebPage","@id":"https:\/\/falgas.net\/it\/divorzi\/inosservaxa\/","url":"https:\/\/falgas.net\/it\/divorzi\/inosservaxa\/","name":"Inosservaxa - Falgas","isPartOf":{"@id":"https:\/\/falgas.net\/it\/#website"},"datePublished":"2019-07-17T08:34:24+00:00","dateModified":"2019-07-17T08:34:25+00:00","description":"Bufete jur\u00eddico Falg\u00e0s, ubicado en Figueres, le ayuda con la asesor\u00eda jur\u00eddica en derecho de familia, penal, laboral, mercantil, extranjer\u00eda y derecho civil nacional","breadcrumb":{"@id":"https:\/\/falgas.net\/it\/divorzi\/inosservaxa\/#breadcrumb"},"inLanguage":"it-IT","potentialAction":[{"@type":"ReadAction","target":["https:\/\/falgas.net\/it\/divorzi\/inosservaxa\/"]}]},{"@type":"BreadcrumbList","@id":"https:\/\/falgas.net\/it\/divorzi\/inosservaxa\/#breadcrumb","itemListElement":[{"@type":"ListItem","position":1,"name":"Portada","item":"https:\/\/falgas.net\/it\/"},{"@type":"ListItem","position":2,"name":"Divorzi","item":"https:\/\/falgas.net\/it\/divorzi\/"},{"@type":"ListItem","position":3,"name":"Inosservaxa"}]},{"@type":"WebSite","@id":"https:\/\/falgas.net\/it\/#website","url":"https:\/\/falgas.net\/it\/","name":"Falgas","description":"Otro sitio realizado con WordPress","publisher":{"@id":"https:\/\/falgas.net\/it\/#organization"},"potentialAction":[{"@type":"SearchAction","target":{"@type":"EntryPoint","urlTemplate":"https:\/\/falgas.net\/it\/?s={search_term_string}"},"query-input":{"@type":"PropertyValueSpecification","valueRequired":true,"valueName":"search_term_string"}}],"inLanguage":"it-IT"},{"@type":"Organization","@id":"https:\/\/falgas.net\/it\/#organization","name":"Falg\u00e0s","url":"https:\/\/falgas.net\/it\/","logo":{"@type":"ImageObject","inLanguage":"it-IT","@id":"https:\/\/falgas.net\/it\/#\/schema\/logo\/image\/","url":"https:\/\/falgas.net\/wp-content\/uploads\/2019\/07\/logo-gloria-falgas-1024x344.png","contentUrl":"https:\/\/falgas.net\/wp-content\/uploads\/2019\/07\/logo-gloria-falgas-1024x344.png","width":1024,"height":344,"caption":"Falg\u00e0s"},"image":{"@id":"https:\/\/falgas.net\/it\/#\/schema\/logo\/image\/"}}]}},"_links":{"self":[{"href":"https:\/\/falgas.net\/it\/wp-json\/wp\/v2\/pages\/1063","targetHints":{"allow":["GET"]}}],"collection":[{"href":"https:\/\/falgas.net\/it\/wp-json\/wp\/v2\/pages"}],"about":[{"href":"https:\/\/falgas.net\/it\/wp-json\/wp\/v2\/types\/page"}],"author":[{"embeddable":true,"href":"https:\/\/falgas.net\/it\/wp-json\/wp\/v2\/users\/1"}],"replies":[{"embeddable":true,"href":"https:\/\/falgas.net\/it\/wp-json\/wp\/v2\/comments?post=1063"}],"version-history":[{"count":1,"href":"https:\/\/falgas.net\/it\/wp-json\/wp\/v2\/pages\/1063\/revisions"}],"predecessor-version":[{"id":1064,"href":"https:\/\/falgas.net\/it\/wp-json\/wp\/v2\/pages\/1063\/revisions\/1064"}],"up":[{"embeddable":true,"href":"https:\/\/falgas.net\/it\/wp-json\/wp\/v2\/pages\/1061"}],"wp:attachment":[{"href":"https:\/\/falgas.net\/it\/wp-json\/wp\/v2\/media?parent=1063"}],"curies":[{"name":"wp","href":"https:\/\/api.w.org\/{rel}","templated":true}]}}