{"id":1052,"date":"2019-07-17T10:13:36","date_gmt":"2019-07-17T08:13:36","guid":{"rendered":"http:\/\/falgas-cp491.wordpresstemporal.com\/incidenti\/"},"modified":"2019-07-17T10:13:37","modified_gmt":"2019-07-17T08:13:37","slug":"incidenti","status":"publish","type":"page","link":"https:\/\/falgas.net\/it\/incidenti\/","title":{"rendered":"Incidenti"},"content":{"rendered":"\t\t<div data-elementor-type=\"wp-post\" data-elementor-id=\"1052\" class=\"elementor elementor-1052 elementor-491\">\n\t\t\t\t\t\t<section class=\"elementor-section elementor-top-section elementor-element elementor-element-6331b88 elementor-section-height-min-height elementor-section-boxed elementor-section-height-default elementor-section-items-middle\" data-id=\"6331b88\" data-element_type=\"section\" data-e-type=\"section\" data-settings=\"{&quot;background_background&quot;:&quot;classic&quot;}\">\n\t\t\t\t\t\t<div class=\"elementor-container elementor-column-gap-default\">\n\t\t\t\t\t<div class=\"elementor-column elementor-col-100 elementor-top-column elementor-element elementor-element-d3dd8c9\" data-id=\"d3dd8c9\" data-element_type=\"column\" data-e-type=\"column\">\n\t\t\t<div class=\"elementor-widget-wrap elementor-element-populated\">\n\t\t\t\t\t\t<div class=\"elementor-element elementor-element-ece152b elementor-widget elementor-widget-heading\" data-id=\"ece152b\" data-element_type=\"widget\" data-e-type=\"widget\" data-widget_type=\"heading.default\">\n\t\t\t\t<div class=\"elementor-widget-container\">\n\t\t\t\t\t<h1 class=\"elementor-heading-title elementor-size-default\">Incidenti<\/h1>\t\t\t\t<\/div>\n\t\t\t\t<\/div>\n\t\t\t\t\t<\/div>\n\t\t<\/div>\n\t\t\t\t\t<\/div>\n\t\t<\/section>\n\t\t\t\t<section class=\"elementor-section elementor-top-section elementor-element elementor-element-1571852 elementor-section-boxed elementor-section-height-default elementor-section-height-default\" data-id=\"1571852\" data-element_type=\"section\" data-e-type=\"section\">\n\t\t\t\t\t\t<div class=\"elementor-container elementor-column-gap-default\">\n\t\t\t\t\t<div class=\"elementor-column elementor-col-100 elementor-top-column elementor-element elementor-element-6bd478a\" data-id=\"6bd478a\" data-element_type=\"column\" data-e-type=\"column\">\n\t\t\t<div class=\"elementor-widget-wrap elementor-element-populated\">\n\t\t\t\t\t\t<div class=\"elementor-element elementor-element-d5b2d15 elementor-widget elementor-widget-text-editor\" data-id=\"d5b2d15\" data-element_type=\"widget\" data-e-type=\"widget\" data-widget_type=\"text-editor.default\">\n\t\t\t\t<div class=\"elementor-widget-container\">\n\t\t\t\t\t\t\t\t\t<p><span style=\"text-decoration: underline;\">\u00bfQue Debemos fer en caso de vernos implicados en un accidente de tr\u00e1fico? \u00bfHa recibido 1 vez por Detr\u00e1s?<\/span><\/p>\n<p>Lo m\u00e1s probable es que como M\u00ednimo Haya sufrido un latigazo cervical, \u00bfy que debe hacer para reclamar la Indemnizaci\u00f3n por la lesi\u00f3n? \u00bfY pelos Da\u00f1os materiales del coche? \u00bfY si ha sufrido la lesi\u00f3n Solo s\u00faper Acompa\u00f1ante, que tiene que hacer?<\/p>\n<p><strong>Lea detenidamente la siguiente informaci\u00f3n y p\u00f3ngase en contacto con el despacho.<\/strong> Le ayudaremos a Todos los tr\u00e1mites.<\/p>\n\t\t\t\t\t\t\t\t<\/div>\n\t\t\t\t<\/div>\n\t\t\t\t\t<\/div>\n\t\t<\/div>\n\t\t\t\t\t<\/div>\n\t\t<\/section>\n\t\t\t\t<section class=\"elementor-section elementor-top-section elementor-element elementor-element-f6819d6 elementor-section-boxed elementor-section-height-default elementor-section-height-default\" data-id=\"f6819d6\" data-element_type=\"section\" data-e-type=\"section\">\n\t\t\t\t\t\t<div class=\"elementor-container elementor-column-gap-default\">\n\t\t\t\t\t<div class=\"elementor-column elementor-col-100 elementor-top-column elementor-element elementor-element-904618a\" data-id=\"904618a\" data-element_type=\"column\" data-e-type=\"column\">\n\t\t\t<div class=\"elementor-widget-wrap elementor-element-populated\">\n\t\t\t\t\t\t<div class=\"elementor-element elementor-element-ab6ff99 elementor-widget elementor-widget-heading\" data-id=\"ab6ff99\" data-element_type=\"widget\" data-e-type=\"widget\" data-widget_type=\"heading.default\">\n\t\t\t\t<div class=\"elementor-widget-container\">\n\t\t\t\t\t<h2 class=\"elementor-heading-title elementor-size-default\">\u00bfHa tenido un accidentes de tr\u00e1nsitos?<\/h2>\t\t\t\t<\/div>\n\t\t\t\t<\/div>\n\t\t\t\t<div class=\"elementor-element elementor-element-7a5a444 elementor-widget elementor-widget-heading\" data-id=\"7a5a444\" data-element_type=\"widget\" data-e-type=\"widget\" data-widget_type=\"heading.default\">\n\t\t\t\t<div class=\"elementor-widget-container\">\n\t\t\t\t\t<h3 class=\"elementor-heading-title elementor-size-medium\">En primer lugar<\/h3>\t\t\t\t<\/div>\n\t\t\t\t<\/div>\n\t\t\t\t<div class=\"elementor-element elementor-element-f9c19d6 elementor-widget elementor-widget-text-editor\" data-id=\"f9c19d6\" data-element_type=\"widget\" data-e-type=\"widget\" data-widget_type=\"text-editor.default\">\n\t\t\t\t<div class=\"elementor-widget-container\">\n\t\t\t\t\t\t\t\t\t<p>Si se ve involucrado en un accidente de tr\u00e1fico como conductor, una vez superado el sobresalto inicial, trate de llegar a un acuerdo con el otro conductor implicado para rellenar el parte amistoso de accidente que facilitan las compa\u00f1\u00edas de seguros. <\/p>\n<p>En este documento se consignan los datos de las partes, del veh\u00edculo y de los respectivos seguros de accidente, as\u00ed como los da\u00f1os que ha sufrido cada veh\u00edculo; debe ser firmado por los conductores afectados por el accidente. Ser\u00e1n las compa\u00f1\u00edas de seguros las que se encarguen de la reparaci\u00f3n de los da\u00f1os que, en su caso, hayan podido sufrir los veh\u00edculos.<\/p>\n<p>Este primer paso solo ser\u00e1 factible si hay buena voluntad entre las partes, si por el contrario, se presenta un enfrentamiento directo o una falta de acuerdo respecto a las causas del accidente, avisar a la Polic\u00eda Local o los MMEE &#8211; Mossos (tel: 088) para que se presenten inmediatamente; proceda de la misma manera si los da\u00f1os materiales son de especial relevancia o si hay que lamentar da\u00f1os personales.<\/p>\n<p>Los agentes que se desplazan al lugar del accidente elaborar\u00e1n el correspondiente atestado &#8216;. Este documento constituir\u00e1 una prueba fundamental para determinar qui\u00e9n ha sido el responsable del accidente y reclamar la reparaci\u00f3n de los da\u00f1os sufridos en las compa\u00f1\u00edas de seguros, bien de forma extrajudicial, bien iniciando las correspondientes acciones legales.<\/p>\n\t\t\t\t\t\t\t\t<\/div>\n\t\t\t\t<\/div>\n\t\t\t\t<div class=\"elementor-element elementor-element-ae30db8 elementor-widget elementor-widget-heading\" data-id=\"ae30db8\" data-element_type=\"widget\" data-e-type=\"widget\" data-widget_type=\"heading.default\">\n\t\t\t\t<div class=\"elementor-widget-container\">\n\t\t\t\t\t<h3 class=\"elementor-heading-title elementor-size-medium\">En segundo lugar<\/h3>\t\t\t\t<\/div>\n\t\t\t\t<\/div>\n\t\t\t\t<div class=\"elementor-element elementor-element-879fda7 elementor-widget elementor-widget-text-editor\" data-id=\"879fda7\" data-element_type=\"widget\" data-e-type=\"widget\" data-widget_type=\"text-editor.default\">\n\t\t\t\t<div class=\"elementor-widget-container\">\n\t\t\t\t\t\t\t\t\t<p>Si el responsable o el otro conductor implicado en el accidente de circulaci\u00f3n niega su colaboraci\u00f3n, tome nota de todos aquellos datos que puedan servir para identificarlo, la matr\u00edcula, los testigos que hayan presenciado el accidente etc.<\/p>\n<p>Si usted o cualquiera de los viajeros han sufrido lesiones, solicite que en los partes de asistencia m\u00e9dica figure que estos da\u00f1os se han producido como consecuencia de un accidente de circulaci\u00f3n. Estos partes constituir\u00e1n as\u00ed una buena prueba de los da\u00f1os que ha sufrido a la hora de reclamar su compensaci\u00f3n a la compa\u00f1\u00eda de seguros.<\/p>\n\t\t\t\t\t\t\t\t<\/div>\n\t\t\t\t<\/div>\n\t\t\t\t<div class=\"elementor-element elementor-element-346d5b5 elementor-widget elementor-widget-heading\" data-id=\"346d5b5\" data-element_type=\"widget\" data-e-type=\"widget\" data-widget_type=\"heading.default\">\n\t\t\t\t<div class=\"elementor-widget-container\">\n\t\t\t\t\t<h3 class=\"elementor-heading-title elementor-size-medium\">En tercer lugar<\/h3>\t\t\t\t<\/div>\n\t\t\t\t<\/div>\n\t\t\t\t<div class=\"elementor-element elementor-element-bc13e0a elementor-widget elementor-widget-text-editor\" data-id=\"bc13e0a\" data-element_type=\"widget\" data-e-type=\"widget\" data-widget_type=\"text-editor.default\">\n\t\t\t\t<div class=\"elementor-widget-container\">\n\t\t\t\t\t\t\t\t\t<p>De &#8220;parte&#8221; a la compa\u00f1\u00eda de seguros que se ha producido el accidente de tr\u00e1fico; por ello tendr\u00e1 un plazo de <strong>7 d\u00edas<\/strong>.<\/p>\n\t\t\t\t\t\t\t\t<\/div>\n\t\t\t\t<\/div>\n\t\t\t\t\t<\/div>\n\t\t<\/div>\n\t\t\t\t\t<\/div>\n\t\t<\/section>\n\t\t\t\t<\/div>\n\t\t","protected":false},"excerpt":{"rendered":"<p>Incidenti \u00bfQue Debemos fer en caso de vernos implicados en un accidente de tr\u00e1fico? \u00bfHa recibido 1 vez por Detr\u00e1s? Lo m\u00e1s probable es que como M\u00ednimo Haya sufrido un latigazo cervical, \u00bfy que debe &#8230; <\/p>\n<p class=\"read-more-container\"><a title=\"Incidenti\" class=\"read-more button\" href=\"https:\/\/falgas.net\/it\/incidenti\/#more-1052\" aria-label=\"Per saperne di pi\u00f9 su Incidenti\">Read More<\/a><\/p>\n","protected":false},"author":1,"featured_media":0,"parent":0,"menu_order":0,"comment_status":"closed","ping_status":"closed","template":"","meta":{"footnotes":""},"class_list":{"0":"post-1052","1":"page","2":"type-page","3":"status-publish","5":"no-featured-image-padding"},"yoast_head":"<!-- This site is optimized with the Yoast SEO plugin v27.1.1 - https:\/\/yoast.com\/product\/yoast-seo-wordpress\/ -->\n<title>Incidenti - Falgas<\/title>\n<meta name=\"description\" content=\"Bufete jur\u00eddico Falg\u00e0s, ubicado en Figueres, le ayuda con la asesor\u00eda jur\u00eddica en derecho de familia, penal, laboral, mercantil, extranjer\u00eda y derecho civil nacional\" \/>\n<meta name=\"robots\" content=\"index, follow, max-snippet:-1, max-image-preview:large, max-video-preview:-1\" \/>\n<link rel=\"canonical\" href=\"https:\/\/falgas.net\/it\/incidenti\/\" \/>\n<meta property=\"og:locale\" content=\"it_IT\" \/>\n<meta property=\"og:type\" content=\"article\" \/>\n<meta property=\"og:title\" content=\"Incidenti - Falgas\" \/>\n<meta property=\"og:description\" content=\"Bufete jur\u00eddico Falg\u00e0s, ubicado en Figueres, le ayuda con la asesor\u00eda jur\u00eddica en derecho de familia, penal, laboral, mercantil, extranjer\u00eda y derecho civil nacional\" \/>\n<meta property=\"og:url\" content=\"https:\/\/falgas.net\/it\/incidenti\/\" \/>\n<meta property=\"og:site_name\" content=\"Falgas\" \/>\n<meta property=\"article:modified_time\" content=\"2019-07-17T08:13:37+00:00\" \/>\n<meta name=\"twitter:card\" content=\"summary_large_image\" \/>\n<meta name=\"twitter:label1\" content=\"Tempo di lettura stimato\" \/>\n\t<meta name=\"twitter:data1\" content=\"2 minuti\" \/>\n<script type=\"application\/ld+json\" class=\"yoast-schema-graph\">{\"@context\":\"https:\/\/schema.org\",\"@graph\":[{\"@type\":\"WebPage\",\"@id\":\"https:\/\/falgas.net\/it\/incidenti\/\",\"url\":\"https:\/\/falgas.net\/it\/incidenti\/\",\"name\":\"Incidenti - Falgas\",\"isPartOf\":{\"@id\":\"https:\/\/falgas.net\/it\/#website\"},\"datePublished\":\"2019-07-17T08:13:36+00:00\",\"dateModified\":\"2019-07-17T08:13:37+00:00\",\"description\":\"Bufete jur\u00eddico Falg\u00e0s, ubicado en Figueres, le ayuda con la asesor\u00eda jur\u00eddica en derecho de familia, penal, laboral, mercantil, extranjer\u00eda y derecho civil nacional\",\"breadcrumb\":{\"@id\":\"https:\/\/falgas.net\/it\/incidenti\/#breadcrumb\"},\"inLanguage\":\"it-IT\",\"potentialAction\":[{\"@type\":\"ReadAction\",\"target\":[\"https:\/\/falgas.net\/it\/incidenti\/\"]}]},{\"@type\":\"BreadcrumbList\",\"@id\":\"https:\/\/falgas.net\/it\/incidenti\/#breadcrumb\",\"itemListElement\":[{\"@type\":\"ListItem\",\"position\":1,\"name\":\"Portada\",\"item\":\"https:\/\/falgas.net\/it\/\"},{\"@type\":\"ListItem\",\"position\":2,\"name\":\"Incidenti\"}]},{\"@type\":\"WebSite\",\"@id\":\"https:\/\/falgas.net\/it\/#website\",\"url\":\"https:\/\/falgas.net\/it\/\",\"name\":\"Falgas\",\"description\":\"Otro sitio realizado con WordPress\",\"publisher\":{\"@id\":\"https:\/\/falgas.net\/it\/#organization\"},\"potentialAction\":[{\"@type\":\"SearchAction\",\"target\":{\"@type\":\"EntryPoint\",\"urlTemplate\":\"https:\/\/falgas.net\/it\/?s={search_term_string}\"},\"query-input\":{\"@type\":\"PropertyValueSpecification\",\"valueRequired\":true,\"valueName\":\"search_term_string\"}}],\"inLanguage\":\"it-IT\"},{\"@type\":\"Organization\",\"@id\":\"https:\/\/falgas.net\/it\/#organization\",\"name\":\"Falg\u00e0s\",\"url\":\"https:\/\/falgas.net\/it\/\",\"logo\":{\"@type\":\"ImageObject\",\"inLanguage\":\"it-IT\",\"@id\":\"https:\/\/falgas.net\/it\/#\/schema\/logo\/image\/\",\"url\":\"https:\/\/falgas.net\/wp-content\/uploads\/2019\/07\/logo-gloria-falgas-1024x344.png\",\"contentUrl\":\"https:\/\/falgas.net\/wp-content\/uploads\/2019\/07\/logo-gloria-falgas-1024x344.png\",\"width\":1024,\"height\":344,\"caption\":\"Falg\u00e0s\"},\"image\":{\"@id\":\"https:\/\/falgas.net\/it\/#\/schema\/logo\/image\/\"}}]}<\/script>\n<!-- \/ Yoast SEO plugin. -->","yoast_head_json":{"title":"Incidenti - Falgas","description":"Bufete jur\u00eddico Falg\u00e0s, ubicado en Figueres, le ayuda con la asesor\u00eda jur\u00eddica en derecho de familia, penal, laboral, mercantil, extranjer\u00eda y derecho civil nacional","robots":{"index":"index","follow":"follow","max-snippet":"max-snippet:-1","max-image-preview":"max-image-preview:large","max-video-preview":"max-video-preview:-1"},"canonical":"https:\/\/falgas.net\/it\/incidenti\/","og_locale":"it_IT","og_type":"article","og_title":"Incidenti - Falgas","og_description":"Bufete jur\u00eddico Falg\u00e0s, ubicado en Figueres, le ayuda con la asesor\u00eda jur\u00eddica en derecho de familia, penal, laboral, mercantil, extranjer\u00eda y derecho civil nacional","og_url":"https:\/\/falgas.net\/it\/incidenti\/","og_site_name":"Falgas","article_modified_time":"2019-07-17T08:13:37+00:00","twitter_card":"summary_large_image","twitter_misc":{"Tempo di lettura stimato":"2 minuti"},"schema":{"@context":"https:\/\/schema.org","@graph":[{"@type":"WebPage","@id":"https:\/\/falgas.net\/it\/incidenti\/","url":"https:\/\/falgas.net\/it\/incidenti\/","name":"Incidenti - Falgas","isPartOf":{"@id":"https:\/\/falgas.net\/it\/#website"},"datePublished":"2019-07-17T08:13:36+00:00","dateModified":"2019-07-17T08:13:37+00:00","description":"Bufete jur\u00eddico Falg\u00e0s, ubicado en Figueres, le ayuda con la asesor\u00eda jur\u00eddica en derecho de familia, penal, laboral, mercantil, extranjer\u00eda y derecho civil nacional","breadcrumb":{"@id":"https:\/\/falgas.net\/it\/incidenti\/#breadcrumb"},"inLanguage":"it-IT","potentialAction":[{"@type":"ReadAction","target":["https:\/\/falgas.net\/it\/incidenti\/"]}]},{"@type":"BreadcrumbList","@id":"https:\/\/falgas.net\/it\/incidenti\/#breadcrumb","itemListElement":[{"@type":"ListItem","position":1,"name":"Portada","item":"https:\/\/falgas.net\/it\/"},{"@type":"ListItem","position":2,"name":"Incidenti"}]},{"@type":"WebSite","@id":"https:\/\/falgas.net\/it\/#website","url":"https:\/\/falgas.net\/it\/","name":"Falgas","description":"Otro sitio realizado con WordPress","publisher":{"@id":"https:\/\/falgas.net\/it\/#organization"},"potentialAction":[{"@type":"SearchAction","target":{"@type":"EntryPoint","urlTemplate":"https:\/\/falgas.net\/it\/?s={search_term_string}"},"query-input":{"@type":"PropertyValueSpecification","valueRequired":true,"valueName":"search_term_string"}}],"inLanguage":"it-IT"},{"@type":"Organization","@id":"https:\/\/falgas.net\/it\/#organization","name":"Falg\u00e0s","url":"https:\/\/falgas.net\/it\/","logo":{"@type":"ImageObject","inLanguage":"it-IT","@id":"https:\/\/falgas.net\/it\/#\/schema\/logo\/image\/","url":"https:\/\/falgas.net\/wp-content\/uploads\/2019\/07\/logo-gloria-falgas-1024x344.png","contentUrl":"https:\/\/falgas.net\/wp-content\/uploads\/2019\/07\/logo-gloria-falgas-1024x344.png","width":1024,"height":344,"caption":"Falg\u00e0s"},"image":{"@id":"https:\/\/falgas.net\/it\/#\/schema\/logo\/image\/"}}]}},"_links":{"self":[{"href":"https:\/\/falgas.net\/it\/wp-json\/wp\/v2\/pages\/1052","targetHints":{"allow":["GET"]}}],"collection":[{"href":"https:\/\/falgas.net\/it\/wp-json\/wp\/v2\/pages"}],"about":[{"href":"https:\/\/falgas.net\/it\/wp-json\/wp\/v2\/types\/page"}],"author":[{"embeddable":true,"href":"https:\/\/falgas.net\/it\/wp-json\/wp\/v2\/users\/1"}],"replies":[{"embeddable":true,"href":"https:\/\/falgas.net\/it\/wp-json\/wp\/v2\/comments?post=1052"}],"version-history":[{"count":1,"href":"https:\/\/falgas.net\/it\/wp-json\/wp\/v2\/pages\/1052\/revisions"}],"predecessor-version":[{"id":1053,"href":"https:\/\/falgas.net\/it\/wp-json\/wp\/v2\/pages\/1052\/revisions\/1053"}],"wp:attachment":[{"href":"https:\/\/falgas.net\/it\/wp-json\/wp\/v2\/media?parent=1052"}],"curies":[{"name":"wp","href":"https:\/\/api.w.org\/{rel}","templated":true}]}}