{"id":1004,"date":"2019-07-17T09:48:16","date_gmt":"2019-07-17T07:48:16","guid":{"rendered":"http:\/\/falgas-cp491.wordpresstemporal.com\/collectif-lgtbiq\/"},"modified":"2019-07-17T09:48:17","modified_gmt":"2019-07-17T07:48:17","slug":"collectif-lgtbiq","status":"publish","type":"page","link":"https:\/\/falgas.net\/fr\/divorces\/collectif-lgtbiq\/","title":{"rendered":"Collectif LGTBIQ+"},"content":{"rendered":"\t\t<div data-elementor-type=\"wp-post\" data-elementor-id=\"1004\" class=\"elementor elementor-1004 elementor-525\">\n\t\t\t\t\t\t<section class=\"elementor-section elementor-top-section elementor-element elementor-element-fd44525 elementor-section-height-min-height elementor-section-boxed elementor-section-height-default elementor-section-items-middle\" data-id=\"fd44525\" data-element_type=\"section\" data-e-type=\"section\" data-settings=\"{&quot;background_background&quot;:&quot;classic&quot;}\">\n\t\t\t\t\t\t<div class=\"elementor-container elementor-column-gap-default\">\n\t\t\t\t\t<div class=\"elementor-column elementor-col-100 elementor-top-column elementor-element elementor-element-4a0fde2\" data-id=\"4a0fde2\" data-element_type=\"column\" data-e-type=\"column\">\n\t\t\t<div class=\"elementor-widget-wrap elementor-element-populated\">\n\t\t\t\t\t\t<div class=\"elementor-element elementor-element-169caf4 elementor-widget elementor-widget-heading\" data-id=\"169caf4\" data-element_type=\"widget\" data-e-type=\"widget\" data-widget_type=\"heading.default\">\n\t\t\t\t<div class=\"elementor-widget-container\">\n\t\t\t\t\t<h1 class=\"elementor-heading-title elementor-size-default\">Collectif LGTBIQ+<\/h1>\t\t\t\t<\/div>\n\t\t\t\t<\/div>\n\t\t\t\t\t<\/div>\n\t\t<\/div>\n\t\t\t\t\t<\/div>\n\t\t<\/section>\n\t\t\t\t<section class=\"elementor-section elementor-top-section elementor-element elementor-element-1bee728 elementor-section-boxed elementor-section-height-default elementor-section-height-default\" data-id=\"1bee728\" data-element_type=\"section\" data-e-type=\"section\">\n\t\t\t\t\t\t<div class=\"elementor-container elementor-column-gap-default\">\n\t\t\t\t\t<div class=\"elementor-column elementor-col-100 elementor-top-column elementor-element elementor-element-50ffdcb\" data-id=\"50ffdcb\" data-element_type=\"column\" data-e-type=\"column\">\n\t\t\t<div class=\"elementor-widget-wrap elementor-element-populated\">\n\t\t\t\t\t\t<div class=\"elementor-element elementor-element-473db01 elementor-widget elementor-widget-heading\" data-id=\"473db01\" data-element_type=\"widget\" data-e-type=\"widget\" data-widget_type=\"heading.default\">\n\t\t\t\t<div class=\"elementor-widget-container\">\n\t\t\t\t\t<h2 class=\"elementor-heading-title elementor-size-default\">Disoluciones de parejas de homosexuales y de matrimonios extranjeros<\/h2>\t\t\t\t<\/div>\n\t\t\t\t<\/div>\n\t\t\t\t<div class=\"elementor-element elementor-element-216ce52 elementor-widget elementor-widget-text-editor\" data-id=\"216ce52\" data-element_type=\"widget\" data-e-type=\"widget\" data-widget_type=\"text-editor.default\">\n\t\t\t\t<div class=\"elementor-widget-container\">\n\t\t\t\t\t\t\t\t\t<p>La diversidad es el signo de nuestro tiempo: pluralidad de amores, diversidad de parejas y sin embargo de separaciones de parejas entre el colectivo LGBTIQ +, (separaciones y divorcios en caso de haber contra\u00eddo matrimonio civil entre parejas de gays y lesbianas etc.) encontr\u00e1ndonos tambi\u00e9n con divorcios de matrimonios formados por parejas de diversa nacionalidad y religi\u00f3n.<\/p>\n<p>Hoy en d\u00eda la globalizaci\u00f3n tambi\u00e9n la tenemos presente en los matrimonios y en las parejas existentes en Catalu\u00f1a, donde ambas partes pueden ser de un pa\u00eds diferente con leyes y normativas que regulan el divorcio de forma diferente y seg\u00fan bajo qu\u00e9 religi\u00f3n se contrajo matrimonio, por tanto hay que est\u00e1 bien informados antes de iniciar cualquier tr\u00e1mite si optan por divorciarse en Catalu\u00f1a.<\/p>\n<p>Tambi\u00e9n la lucha por la igualdad sin tener en cuenta la orientaci\u00f3n sexual de la persona, hace que desde la aprobaci\u00f3n del matrimonio homosexual y de su constituci\u00f3n como pareja de hecho, tengan las mismas obligaciones matrimonial, filiales, derechos hereditarios y por tanto tambi\u00e9n se aplica la misma ley para poder disolver los matrimonios o la constituci\u00f3n de la pareja que hicieron en su d\u00eda.<\/p>\n<p>Por lo<strong> tanto los divorcios y separaciones de parejas homosexuales<\/strong> quedan reguladas tal como hemos explicado en el apartado anterior, mediante un convenio regulador, por lo tanto por la V\u00eda de Acuerdo haciendo especial \u00e9nfasis en el desequilibrio patrimonial debido a la rotura de la pareja, y en caso de ser infructuosa la negociaci\u00f3n, presentando la oportuna demanda V\u00eda Judicial.<\/p>\n<p><strong>Estamos su disposici\u00f3n en todo momento, trabajando con sentido com\u00fan, discrecionalidad y rapidez, conjuntamente con el nuestra equipo de profesionales (procurador, perito tasador, psic\u00f3logo infantil, investigador privado, y un gestor contable) para garantizar el \u00e9xito que desea.<\/strong><\/p>\n\t\t\t\t\t\t\t\t<\/div>\n\t\t\t\t<\/div>\n\t\t\t\t\t<\/div>\n\t\t<\/div>\n\t\t\t\t\t<\/div>\n\t\t<\/section>\n\t\t\t\t<\/div>\n\t\t","protected":false},"excerpt":{"rendered":"<p>Collectif LGTBIQ+ Disoluciones de parejas de homosexuales y de matrimonios extranjeros La diversidad es el signo de nuestro tiempo: pluralidad de amores, diversidad de parejas y sin embargo de separaciones de parejas entre el colectivo &#8230; <\/p>\n<p class=\"read-more-container\"><a title=\"Collectif LGTBIQ+\" class=\"read-more button\" href=\"https:\/\/falgas.net\/fr\/divorces\/collectif-lgtbiq\/#more-1004\" aria-label=\"En savoir plus sur Collectif LGTBIQ+\">Read More<\/a><\/p>\n","protected":false},"author":1,"featured_media":0,"parent":998,"menu_order":0,"comment_status":"closed","ping_status":"closed","template":"","meta":{"footnotes":""},"class_list":{"0":"post-1004","1":"page","2":"type-page","3":"status-publish","5":"no-featured-image-padding"},"yoast_head":"<!-- This site is optimized with the Yoast SEO plugin v27.1.1 - https:\/\/yoast.com\/product\/yoast-seo-wordpress\/ -->\n<title>Collectif LGTBIQ+ - Falgas<\/title>\n<meta name=\"description\" content=\"Bufete jur\u00eddico Falg\u00e0s, ubicado en Figueres, le ayuda con la asesor\u00eda jur\u00eddica en derecho de familia, penal, laboral, mercantil, extranjer\u00eda y derecho civil nacional\" \/>\n<meta name=\"robots\" content=\"index, follow, max-snippet:-1, max-image-preview:large, max-video-preview:-1\" \/>\n<link rel=\"canonical\" href=\"https:\/\/falgas.net\/fr\/divorces\/collectif-lgtbiq\/\" \/>\n<meta property=\"og:locale\" content=\"fr_FR\" \/>\n<meta property=\"og:type\" content=\"article\" \/>\n<meta property=\"og:title\" content=\"Collectif LGTBIQ+ - Falgas\" \/>\n<meta property=\"og:description\" content=\"Bufete jur\u00eddico Falg\u00e0s, ubicado en Figueres, le ayuda con la asesor\u00eda jur\u00eddica en derecho de familia, penal, laboral, mercantil, extranjer\u00eda y derecho civil nacional\" \/>\n<meta property=\"og:url\" content=\"https:\/\/falgas.net\/fr\/divorces\/collectif-lgtbiq\/\" \/>\n<meta property=\"og:site_name\" content=\"Falgas\" \/>\n<meta property=\"article:modified_time\" content=\"2019-07-17T07:48:17+00:00\" \/>\n<meta name=\"twitter:card\" content=\"summary_large_image\" \/>\n<meta name=\"twitter:label1\" content=\"Dur\u00e9e de lecture estim\u00e9e\" \/>\n\t<meta name=\"twitter:data1\" content=\"2 minutes\" \/>\n<script type=\"application\/ld+json\" class=\"yoast-schema-graph\">{\"@context\":\"https:\/\/schema.org\",\"@graph\":[{\"@type\":\"WebPage\",\"@id\":\"https:\/\/falgas.net\/fr\/divorces\/collectif-lgtbiq\/\",\"url\":\"https:\/\/falgas.net\/fr\/divorces\/collectif-lgtbiq\/\",\"name\":\"Collectif LGTBIQ+ - Falgas\",\"isPartOf\":{\"@id\":\"https:\/\/falgas.net\/fr\/#website\"},\"datePublished\":\"2019-07-17T07:48:16+00:00\",\"dateModified\":\"2019-07-17T07:48:17+00:00\",\"description\":\"Bufete jur\u00eddico Falg\u00e0s, ubicado en Figueres, le ayuda con la asesor\u00eda jur\u00eddica en derecho de familia, penal, laboral, mercantil, extranjer\u00eda y derecho civil nacional\",\"breadcrumb\":{\"@id\":\"https:\/\/falgas.net\/fr\/divorces\/collectif-lgtbiq\/#breadcrumb\"},\"inLanguage\":\"fr-FR\",\"potentialAction\":[{\"@type\":\"ReadAction\",\"target\":[\"https:\/\/falgas.net\/fr\/divorces\/collectif-lgtbiq\/\"]}]},{\"@type\":\"BreadcrumbList\",\"@id\":\"https:\/\/falgas.net\/fr\/divorces\/collectif-lgtbiq\/#breadcrumb\",\"itemListElement\":[{\"@type\":\"ListItem\",\"position\":1,\"name\":\"Portada\",\"item\":\"https:\/\/falgas.net\/fr\/\"},{\"@type\":\"ListItem\",\"position\":2,\"name\":\"Divorces\",\"item\":\"https:\/\/falgas.net\/fr\/divorces\/\"},{\"@type\":\"ListItem\",\"position\":3,\"name\":\"Collectif LGTBIQ+\"}]},{\"@type\":\"WebSite\",\"@id\":\"https:\/\/falgas.net\/fr\/#website\",\"url\":\"https:\/\/falgas.net\/fr\/\",\"name\":\"Falgas\",\"description\":\"Otro sitio realizado con WordPress\",\"publisher\":{\"@id\":\"https:\/\/falgas.net\/fr\/#organization\"},\"potentialAction\":[{\"@type\":\"SearchAction\",\"target\":{\"@type\":\"EntryPoint\",\"urlTemplate\":\"https:\/\/falgas.net\/fr\/?s={search_term_string}\"},\"query-input\":{\"@type\":\"PropertyValueSpecification\",\"valueRequired\":true,\"valueName\":\"search_term_string\"}}],\"inLanguage\":\"fr-FR\"},{\"@type\":\"Organization\",\"@id\":\"https:\/\/falgas.net\/fr\/#organization\",\"name\":\"Falg\u00e0s\",\"url\":\"https:\/\/falgas.net\/fr\/\",\"logo\":{\"@type\":\"ImageObject\",\"inLanguage\":\"fr-FR\",\"@id\":\"https:\/\/falgas.net\/fr\/#\/schema\/logo\/image\/\",\"url\":\"https:\/\/falgas.net\/wp-content\/uploads\/2019\/07\/logo-gloria-falgas-1024x344.png\",\"contentUrl\":\"https:\/\/falgas.net\/wp-content\/uploads\/2019\/07\/logo-gloria-falgas-1024x344.png\",\"width\":1024,\"height\":344,\"caption\":\"Falg\u00e0s\"},\"image\":{\"@id\":\"https:\/\/falgas.net\/fr\/#\/schema\/logo\/image\/\"}}]}<\/script>\n<!-- \/ Yoast SEO plugin. -->","yoast_head_json":{"title":"Collectif LGTBIQ+ - Falgas","description":"Bufete jur\u00eddico Falg\u00e0s, ubicado en Figueres, le ayuda con la asesor\u00eda jur\u00eddica en derecho de familia, penal, laboral, mercantil, extranjer\u00eda y derecho civil nacional","robots":{"index":"index","follow":"follow","max-snippet":"max-snippet:-1","max-image-preview":"max-image-preview:large","max-video-preview":"max-video-preview:-1"},"canonical":"https:\/\/falgas.net\/fr\/divorces\/collectif-lgtbiq\/","og_locale":"fr_FR","og_type":"article","og_title":"Collectif LGTBIQ+ - Falgas","og_description":"Bufete jur\u00eddico Falg\u00e0s, ubicado en Figueres, le ayuda con la asesor\u00eda jur\u00eddica en derecho de familia, penal, laboral, mercantil, extranjer\u00eda y derecho civil nacional","og_url":"https:\/\/falgas.net\/fr\/divorces\/collectif-lgtbiq\/","og_site_name":"Falgas","article_modified_time":"2019-07-17T07:48:17+00:00","twitter_card":"summary_large_image","twitter_misc":{"Dur\u00e9e de lecture estim\u00e9e":"2 minutes"},"schema":{"@context":"https:\/\/schema.org","@graph":[{"@type":"WebPage","@id":"https:\/\/falgas.net\/fr\/divorces\/collectif-lgtbiq\/","url":"https:\/\/falgas.net\/fr\/divorces\/collectif-lgtbiq\/","name":"Collectif LGTBIQ+ - Falgas","isPartOf":{"@id":"https:\/\/falgas.net\/fr\/#website"},"datePublished":"2019-07-17T07:48:16+00:00","dateModified":"2019-07-17T07:48:17+00:00","description":"Bufete jur\u00eddico Falg\u00e0s, ubicado en Figueres, le ayuda con la asesor\u00eda jur\u00eddica en derecho de familia, penal, laboral, mercantil, extranjer\u00eda y derecho civil nacional","breadcrumb":{"@id":"https:\/\/falgas.net\/fr\/divorces\/collectif-lgtbiq\/#breadcrumb"},"inLanguage":"fr-FR","potentialAction":[{"@type":"ReadAction","target":["https:\/\/falgas.net\/fr\/divorces\/collectif-lgtbiq\/"]}]},{"@type":"BreadcrumbList","@id":"https:\/\/falgas.net\/fr\/divorces\/collectif-lgtbiq\/#breadcrumb","itemListElement":[{"@type":"ListItem","position":1,"name":"Portada","item":"https:\/\/falgas.net\/fr\/"},{"@type":"ListItem","position":2,"name":"Divorces","item":"https:\/\/falgas.net\/fr\/divorces\/"},{"@type":"ListItem","position":3,"name":"Collectif LGTBIQ+"}]},{"@type":"WebSite","@id":"https:\/\/falgas.net\/fr\/#website","url":"https:\/\/falgas.net\/fr\/","name":"Falgas","description":"Otro sitio realizado con WordPress","publisher":{"@id":"https:\/\/falgas.net\/fr\/#organization"},"potentialAction":[{"@type":"SearchAction","target":{"@type":"EntryPoint","urlTemplate":"https:\/\/falgas.net\/fr\/?s={search_term_string}"},"query-input":{"@type":"PropertyValueSpecification","valueRequired":true,"valueName":"search_term_string"}}],"inLanguage":"fr-FR"},{"@type":"Organization","@id":"https:\/\/falgas.net\/fr\/#organization","name":"Falg\u00e0s","url":"https:\/\/falgas.net\/fr\/","logo":{"@type":"ImageObject","inLanguage":"fr-FR","@id":"https:\/\/falgas.net\/fr\/#\/schema\/logo\/image\/","url":"https:\/\/falgas.net\/wp-content\/uploads\/2019\/07\/logo-gloria-falgas-1024x344.png","contentUrl":"https:\/\/falgas.net\/wp-content\/uploads\/2019\/07\/logo-gloria-falgas-1024x344.png","width":1024,"height":344,"caption":"Falg\u00e0s"},"image":{"@id":"https:\/\/falgas.net\/fr\/#\/schema\/logo\/image\/"}}]}},"_links":{"self":[{"href":"https:\/\/falgas.net\/fr\/wp-json\/wp\/v2\/pages\/1004","targetHints":{"allow":["GET"]}}],"collection":[{"href":"https:\/\/falgas.net\/fr\/wp-json\/wp\/v2\/pages"}],"about":[{"href":"https:\/\/falgas.net\/fr\/wp-json\/wp\/v2\/types\/page"}],"author":[{"embeddable":true,"href":"https:\/\/falgas.net\/fr\/wp-json\/wp\/v2\/users\/1"}],"replies":[{"embeddable":true,"href":"https:\/\/falgas.net\/fr\/wp-json\/wp\/v2\/comments?post=1004"}],"version-history":[{"count":1,"href":"https:\/\/falgas.net\/fr\/wp-json\/wp\/v2\/pages\/1004\/revisions"}],"predecessor-version":[{"id":1005,"href":"https:\/\/falgas.net\/fr\/wp-json\/wp\/v2\/pages\/1004\/revisions\/1005"}],"up":[{"embeddable":true,"href":"https:\/\/falgas.net\/fr\/wp-json\/wp\/v2\/pages\/998"}],"wp:attachment":[{"href":"https:\/\/falgas.net\/fr\/wp-json\/wp\/v2\/media?parent=1004"}],"curies":[{"name":"wp","href":"https:\/\/api.w.org\/{rel}","templated":true}]}}