{"id":489,"date":"2019-07-15T13:32:17","date_gmt":"2019-07-15T11:32:17","guid":{"rendered":"http:\/\/falgas-cp491.wordpresstemporal.com\/?page_id=489"},"modified":"2020-05-13T11:14:17","modified_gmt":"2020-05-13T09:14:17","slug":"divorcios","status":"publish","type":"page","link":"https:\/\/falgas.net\/es\/divorcios\/","title":{"rendered":"Divorcios"},"content":{"rendered":"\t\t<div data-elementor-type=\"wp-post\" data-elementor-id=\"489\" class=\"elementor elementor-489\">\n\t\t\t\t\t\t<section class=\"elementor-section elementor-top-section elementor-element elementor-element-ef6b339 elementor-section-height-min-height elementor-section-boxed elementor-section-height-default elementor-section-items-middle\" data-id=\"ef6b339\" data-element_type=\"section\" data-e-type=\"section\" data-settings=\"{&quot;background_background&quot;:&quot;classic&quot;}\">\n\t\t\t\t\t\t<div class=\"elementor-container elementor-column-gap-default\">\n\t\t\t\t\t<div class=\"elementor-column elementor-col-100 elementor-top-column elementor-element elementor-element-c3c3b45\" data-id=\"c3c3b45\" data-element_type=\"column\" data-e-type=\"column\">\n\t\t\t<div class=\"elementor-widget-wrap elementor-element-populated\">\n\t\t\t\t\t\t<div class=\"elementor-element elementor-element-830b5d5 elementor-widget elementor-widget-heading\" data-id=\"830b5d5\" data-element_type=\"widget\" data-e-type=\"widget\" data-widget_type=\"heading.default\">\n\t\t\t\t<div class=\"elementor-widget-container\">\n\t\t\t\t\t<h1 class=\"elementor-heading-title elementor-size-default\">Divorcios que tratamos<\/h1>\t\t\t\t<\/div>\n\t\t\t\t<\/div>\n\t\t\t\t\t<\/div>\n\t\t<\/div>\n\t\t\t\t\t<\/div>\n\t\t<\/section>\n\t\t\t\t<section class=\"elementor-section elementor-top-section elementor-element elementor-element-b224883 elementor-section-boxed elementor-section-height-default elementor-section-height-default\" data-id=\"b224883\" data-element_type=\"section\" data-e-type=\"section\">\n\t\t\t\t\t\t<div class=\"elementor-container elementor-column-gap-default\">\n\t\t\t\t\t<div class=\"elementor-column elementor-col-100 elementor-top-column elementor-element elementor-element-2890b8d\" data-id=\"2890b8d\" data-element_type=\"column\" data-e-type=\"column\">\n\t\t\t<div class=\"elementor-widget-wrap elementor-element-populated\">\n\t\t\t\t\t\t<div class=\"elementor-element elementor-element-8ec6002 elementor-widget elementor-widget-text-editor\" data-id=\"8ec6002\" data-element_type=\"widget\" data-e-type=\"widget\" data-widget_type=\"text-editor.default\">\n\t\t\t\t<div class=\"elementor-widget-container\">\n\t\t\t\t\t\t\t\t\t<p>Con la nueva Ley 15\/2005 de separaciones y divorcios, las parejas pueden divorciarse o separarse a los 3 meses de su matrimonio y si ya tiene la separaci\u00f3n no ser\u00e1 necesario esperar un a\u00f1o para tramitar el divorcio. Tampoco ahora hay que probar los motivos que llevan a la separaci\u00f3n o divorcio. De hecho es posible separarse de mutuo acuerdo o v\u00eda contenciosa, es decir demandante c\u00f3nyuge contrario y yendo a juicio.<\/p>\t\t\t\t\t\t\t\t<\/div>\n\t\t\t\t<\/div>\n\t\t\t\t\t<\/div>\n\t\t<\/div>\n\t\t\t\t\t<\/div>\n\t\t<\/section>\n\t\t\t\t<section class=\"elementor-section elementor-top-section elementor-element elementor-element-85fc28c elementor-section-boxed elementor-section-height-default elementor-section-height-default\" data-id=\"85fc28c\" data-element_type=\"section\" data-e-type=\"section\">\n\t\t\t\t\t\t<div class=\"elementor-container elementor-column-gap-default\">\n\t\t\t\t\t<div class=\"elementor-column elementor-col-100 elementor-top-column elementor-element elementor-element-680fd45\" data-id=\"680fd45\" data-element_type=\"column\" data-e-type=\"column\">\n\t\t\t<div class=\"elementor-widget-wrap elementor-element-populated\">\n\t\t\t\t\t\t<div class=\"elementor-element elementor-element-6260871 elementor-widget elementor-widget-shortcode\" data-id=\"6260871\" data-element_type=\"widget\" data-e-type=\"widget\" data-widget_type=\"shortcode.default\">\n\t\t\t\t<div class=\"elementor-widget-container\">\n\t\t\t\t\t\t\t<div class=\"elementor-shortcode\"><div  id=\"jtg-594\" class=\"modula modula-gallery modula-custom-grid\" data-config=\"{&quot;height&quot;:800,&quot;tabletHeight&quot;:800,&quot;mobileHeight&quot;:800,&quot;desktopHeight&quot;:800,&quot;enableTwitter&quot;:false,&quot;enableWhatsapp&quot;:false,&quot;enableFacebook&quot;:false,&quot;enablePinterest&quot;:false,&quot;enableLinkedin&quot;:false,&quot;enableEmail&quot;:false,&quot;randomFactor&quot;:0.5,&quot;type&quot;:&quot;custom-grid&quot;,&quot;columns&quot;:12,&quot;gutter&quot;:15,&quot;mobileGutter&quot;:15,&quot;tabletGutter&quot;:15,&quot;desktopGutter&quot;:15,&quot;enableResponsive&quot;:&quot;1&quot;,&quot;tabletColumns&quot;:&quot;2&quot;,&quot;mobileColumns&quot;:&quot;1&quot;,&quot;lazyLoad&quot;:0,&quot;lightboxOpts&quot;:{&quot;animated&quot;:true,&quot;Thumbs&quot;:{&quot;type&quot;:&quot;modern&quot;,&quot;showOnStart&quot;:false},&quot;Toolbar&quot;:{&quot;display&quot;:{&quot;right&quot;:[&quot;close&quot;]},&quot;enabled&quot;:true},&quot;Carousel&quot;:{&quot;Panzoom&quot;:{&quot;touch&quot;:true},&quot;infinite&quot;:false},&quot;keyboard&quot;:{&quot;Escape&quot;:&quot;close&quot;,&quot;Delete&quot;:&quot;close&quot;,&quot;Backspace&quot;:&quot;close&quot;,&quot;PageUp&quot;:false,&quot;PageDown&quot;:false,&quot;ArrowUp&quot;:false,&quot;ArrowDown&quot;:false,&quot;ArrowRight&quot;:false,&quot;ArrowLeft&quot;:false},&quot;touch&quot;:false,&quot;backdropClick&quot;:false,&quot;l10n&quot;:{&quot;CLOSE&quot;:&quot;Cerrar&quot;,&quot;NEXT&quot;:&quot;Siguiente&quot;,&quot;PREV&quot;:&quot;Anterior&quot;,&quot;Error&quot;:&quot;No se ha podido cargar el contenido solicitado. Por favor, int\\u00e9ntalo de nuevo m\\u00e1s tarde.&quot;,&quot;PLAY_START&quot;:&quot;Empezar la presentaci\\u00f3n&quot;,&quot;PLAY_STOP&quot;:&quot;Pausar la presentaci\\u00f3n&quot;,&quot;FULL_SCREEN&quot;:&quot;Pantalla completa&quot;,&quot;THUMBS&quot;:&quot;Miniaturas&quot;,&quot;DOWNLOAD&quot;:&quot;Descargar&quot;,&quot;SHARE&quot;:&quot;Compartir&quot;,&quot;ZOOM&quot;:&quot;Zoom&quot;,&quot;EMAIL&quot;:&quot;Here is the link to the image : %%image_link%% and this is the link to the gallery : %%gallery_link%%&quot;,&quot;MODAL&quot;:&quot;Puedes cerrar este contenido emergente con la tecla ESC&quot;,&quot;ERROR&quot;:&quot;Algo ha ido mal, pro favor, prueba de nuevo m\\u00e1s tarde&quot;,&quot;IMAGE_ERROR&quot;:&quot;Imagen no encontrada&quot;,&quot;ELEMENT_NOT_FOUND&quot;:&quot;No se ha encontrado el elemento HTML&quot;,&quot;AJAX_NOT_FOUND&quot;:&quot;Error al cargar AJAX: No encontrado&quot;,&quot;AJAX_FORBIDDEN&quot;:&quot;Error al cargar AJAX: Prohibido&quot;,&quot;IFRAME_ERROR&quot;:&quot;Error al cargar la p\\u00e1gina&quot;,&quot;TOGGLE_ZOOM&quot;:&quot;Alternar nivel de ampliar\\\/acercar&quot;,&quot;TOGGLE_THUMBS&quot;:&quot;Alternar miniaturas&quot;,&quot;TOGGLE_SLIDESHOW&quot;:&quot;Alternar diapositiva&quot;,&quot;TOGGLE_FULLSCREEN&quot;:&quot;Cambiar al modo de pantalla completa&quot;},&quot;Images&quot;:{&quot;Panzoom&quot;:{&quot;maxScale&quot;:2}},&quot;mainClass&quot;:&quot;modula-fancybox-container modula-lightbox-jtg-594&quot;,&quot;Html&quot;:{&quot;videoAutoplay&quot;:0,&quot;videoTpl&quot;:&quot;&lt;video class=\\&quot;fancybox__html5video\\&quot; controls muted playsinline controlsList controlsList=\\&quot;nodownload\\&quot; poster=\\&quot;{{poster}}\\&quot; src=\\&quot;{{src}}\\&quot; type=\\&quot;{{format}}\\&quot; &gt;  Sorry, your browser doesn&#039;t support embedded videos, &lt;a href=\\&quot;{{src}}\\&quot;&gt; download &lt;\\\/a&gt; and watch with your favorite video player! &lt;\\\/video&gt;&quot;}},&quot;inView&quot;:false,&quot;email_subject&quot;:&quot;\\u00a1\\u00a1Mira esta impresionante imagen!!&quot;,&quot;email_message&quot;:&quot;Este es el enlace a la imagen: %%image_link%% y este es el enlace a la galer\\u00eda: %%gallery_link%% &quot;,&quot;lightbox&quot;:&quot;attachment-page&quot;}\">\n\n\t\n\t<div  class=\"modula-items\">\n\t\t<div class=\"modula-item modula-simple-link effect-pufrobo\" data-width=\"6\" data-height=\"3\" >\n\t<div class=\"modula-item-overlay\"><\/div>\n\n\t<div class=\"modula-item-content\">\n\n\t\t\t\t\n\t\t\t\t\t<a data-image-id=\"609\" role=\"button\" data-elementor-open-lightbox=\"no\" tabindex=\"0\" class=\"modula-simple-link\" aria-label=\"Abrir enlace externo\" href=\"\/incumplimiento-del-divorcio\/\" class=\"tile-inner modula-item-link\"><\/a>\n\t\t\n\t\t<img fetchpriority=\"high\" decoding=\"async\" class=\"pic wp-image-609\"  data-valign=\"middle\" data-halign=\"center\" alt=\"Dos personas firmando una sentencia\" data-full=\"https:\/\/falgas.net\/wp-content\/uploads\/2019\/07\/modificacion_sentencia.jpg\" title=\"modificacion_sentencia\" width=\"300\" height=\"200\" src=\"https:\/\/falgas.net\/wp-content\/uploads\/2019\/07\/modificacion_sentencia.jpg\" data-src=\"https:\/\/falgas.net\/wp-content\/uploads\/2019\/07\/modificacion_sentencia.jpg\" data-caption=\"\" srcset=\"https:\/\/falgas.net\/wp-content\/uploads\/2019\/07\/modificacion_sentencia.jpg 1500w, https:\/\/falgas.net\/wp-content\/uploads\/2019\/07\/modificacion_sentencia-300x200.jpg 300w\" sizes=\"(max-width: 300px) 100vw, 300px\" \/>\n\t\t<div class=\"figc no-description\">\n\t\t\t<div class=\"figc-inner\">\n\t\t\t\t\t\t\t\t\t<div class='jtg-title'>modificacion_sentencia<\/div>\n\t\t\t\t\t\t\t\t\t\t\t\t\t\t\t<\/div>\n\t\t<\/div>\n\n\t<\/div>\n\n<\/div><div class=\"modula-item modula-simple-link effect-pufrobo\" data-width=\"6\" data-height=\"3\" >\n\t<div class=\"modula-item-overlay\"><\/div>\n\n\t<div class=\"modula-item-content\">\n\n\t\t\t\t\n\t\t\t\t\t<a data-image-id=\"615\" role=\"button\" data-elementor-open-lightbox=\"no\" tabindex=\"0\" class=\"modula-simple-link\" aria-label=\"Abrir enlace externo\" href=\"\/tribunales\/\" class=\"tile-inner modula-item-link\"><\/a>\n\t\t\n\t\t<img decoding=\"async\" class=\"pic wp-image-615\"  data-valign=\"middle\" data-halign=\"center\" alt=\"Trubunal en el cual se muentra una balanza de juicio\" data-full=\"https:\/\/falgas.net\/wp-content\/uploads\/2019\/07\/tribunales.jpg\" title=\"tribunales\" width=\"300\" height=\"199\" src=\"https:\/\/falgas.net\/wp-content\/uploads\/2019\/07\/tribunales.jpg\" data-src=\"https:\/\/falgas.net\/wp-content\/uploads\/2019\/07\/tribunales.jpg\" data-caption=\"\" srcset=\"https:\/\/falgas.net\/wp-content\/uploads\/2019\/07\/tribunales.jpg 1500w, https:\/\/falgas.net\/wp-content\/uploads\/2019\/07\/tribunales-300x199.jpg 300w\" sizes=\"(max-width: 300px) 100vw, 300px\" \/>\n\t\t<div class=\"figc no-description\">\n\t\t\t<div class=\"figc-inner\">\n\t\t\t\t\t\t\t\t\t<div class='jtg-title'>tribunales<\/div>\n\t\t\t\t\t\t\t\t\t\t\t\t\t\t\t<\/div>\n\t\t<\/div>\n\n\t<\/div>\n\n<\/div><div class=\"modula-item modula-simple-link effect-pufrobo\" data-width=\"6\" data-height=\"3\" >\n\t<div class=\"modula-item-overlay\"><\/div>\n\n\t<div class=\"modula-item-content\">\n\n\t\t\t\t\n\t\t\t\t\t<a data-image-id=\"623\" role=\"button\" data-elementor-open-lightbox=\"no\" tabindex=\"0\" class=\"modula-simple-link\" aria-label=\"Abrir enlace externo\" href=\"\/pacto-amistoso\/\" class=\"tile-inner modula-item-link\"><\/a>\n\t\t\n\t\t<img decoding=\"async\" class=\"pic wp-image-623\"  data-valign=\"middle\" data-halign=\"center\" alt=\"Mujer y hombre llegando a un acuerdo de manera amistosa\" data-full=\"https:\/\/falgas.net\/wp-content\/uploads\/2019\/07\/arreglo_amistoso.jpg\" title=\"arreglo_amistoso\" width=\"300\" height=\"106\" src=\"https:\/\/falgas.net\/wp-content\/uploads\/2019\/07\/arreglo_amistoso.jpg\" data-src=\"https:\/\/falgas.net\/wp-content\/uploads\/2019\/07\/arreglo_amistoso.jpg\" data-caption=\"\" srcset=\"https:\/\/falgas.net\/wp-content\/uploads\/2019\/07\/arreglo_amistoso.jpg 1500w, https:\/\/falgas.net\/wp-content\/uploads\/2019\/07\/arreglo_amistoso-300x106.jpg 300w\" sizes=\"(max-width: 300px) 100vw, 300px\" \/>\n\t\t<div class=\"figc no-description\">\n\t\t\t<div class=\"figc-inner\">\n\t\t\t\t\t\t\t\t\t<div class='jtg-title'>arreglo_amistoso<\/div>\n\t\t\t\t\t\t\t\t\t\t\t\t\t\t\t<\/div>\n\t\t<\/div>\n\n\t<\/div>\n\n<\/div><div class=\"modula-item modula-simple-link effect-pufrobo\" data-width=\"6\" data-height=\"3\" >\n\t<div class=\"modula-item-overlay\"><\/div>\n\n\t<div class=\"modula-item-content\">\n\n\t\t\t\t\n\t\t\t\t\t<a data-image-id=\"603\" role=\"button\" data-elementor-open-lightbox=\"no\" tabindex=\"0\" class=\"modula-simple-link\" aria-label=\"Abrir enlace externo\" href=\"\/colectivo-lgtbiq\/\" class=\"tile-inner modula-item-link\"><\/a>\n\t\t\n\t\t<img loading=\"lazy\" decoding=\"async\" class=\"pic wp-image-603\"  data-valign=\"middle\" data-halign=\"center\" alt=\"S\u00edmbolo masculino y femenino simbolizado las parejas homosezuales\" data-full=\"https:\/\/falgas.net\/wp-content\/uploads\/2019\/07\/LGTBIQ.jpg\" title=\"LGTBIQ+\" width=\"300\" height=\"200\" src=\"https:\/\/falgas.net\/wp-content\/uploads\/2019\/07\/LGTBIQ.jpg\" data-src=\"https:\/\/falgas.net\/wp-content\/uploads\/2019\/07\/LGTBIQ.jpg\" data-caption=\"\" srcset=\"https:\/\/falgas.net\/wp-content\/uploads\/2019\/07\/LGTBIQ.jpg 1500w, https:\/\/falgas.net\/wp-content\/uploads\/2019\/07\/LGTBIQ-300x200.jpg 300w\" sizes=\"(max-width: 300px) 100vw, 300px\" \/>\n\t\t<div class=\"figc no-description\">\n\t\t\t<div class=\"figc-inner\">\n\t\t\t\t\t\t\t\t\t<div class='jtg-title'>LGTBIQ+<\/div>\n\t\t\t\t\t\t\t\t\t\t\t\t\t\t\t<\/div>\n\t\t<\/div>\n\n\t<\/div>\n\n<\/div>\t\t\n\t<\/div>\n\n\t\n\t\n\t<script type=\"application\/ld+json\">\n\t{\n\t\t\"@context\": \"http:\/\/schema.org\",\n\t\t\"@type\"   : \"ImageGallery\",\n\t\t\"id\"      : \"https:\/\/falgas.net\/es\/divorcios\/\",\n\t\t\"url\"     : \"https:\/\/falgas.net\/es\/divorcios\/\"\n\t}\n\n\t<\/script>\n\n\t\n<\/div>\n<\/div>\n\t\t\t\t\t\t<\/div>\n\t\t\t\t<\/div>\n\t\t\t\t\t<\/div>\n\t\t<\/div>\n\t\t\t\t\t<\/div>\n\t\t<\/section>\n\t\t\t\t<\/div>\n\t\t","protected":false},"excerpt":{"rendered":"<p>Divorcios que tratamos Con la nueva Ley 15\/2005 de separaciones y divorcios, las parejas pueden divorciarse o separarse a los 3 meses de su matrimonio y si ya tiene la separaci\u00f3n no ser\u00e1 necesario esperar &#8230; <\/p>\n<p class=\"read-more-container\"><a title=\"Divorcios\" class=\"read-more button\" href=\"https:\/\/falgas.net\/es\/divorcios\/#more-489\" aria-label=\"Leer m\u00e1s sobre Divorcios\">Read More<\/a><\/p>\n","protected":false},"author":1,"featured_media":0,"parent":0,"menu_order":0,"comment_status":"closed","ping_status":"closed","template":"","meta":{"footnotes":""},"class_list":{"0":"post-489","1":"page","2":"type-page","3":"status-publish","5":"no-featured-image-padding"},"yoast_head":"<!-- This site is optimized with the Yoast SEO plugin v27.1.1 - https:\/\/yoast.com\/product\/yoast-seo-wordpress\/ -->\n<title>Abogado de divorcios en Figueres - Falgas<\/title>\n<meta name=\"description\" content=\"Abogado de divorcios en Figueres, le ayuda con la asesor\u00eda jur\u00eddica en derecho de familia, penal, laboral, mercantil, extranjer\u00eda y derecho civil nacional\" \/>\n<meta name=\"robots\" content=\"index, follow, max-snippet:-1, max-image-preview:large, max-video-preview:-1\" \/>\n<link rel=\"canonical\" href=\"https:\/\/falgas.net\/es\/divorcios\/\" \/>\n<meta property=\"og:locale\" content=\"es_ES\" \/>\n<meta property=\"og:type\" content=\"article\" \/>\n<meta property=\"og:title\" content=\"Abogado de divorcios en Figueres - Falgas\" \/>\n<meta property=\"og:description\" content=\"Abogado de divorcios en Figueres, le ayuda con la asesor\u00eda jur\u00eddica en derecho de familia, penal, laboral, mercantil, extranjer\u00eda y derecho civil nacional\" \/>\n<meta property=\"og:url\" content=\"https:\/\/falgas.net\/es\/divorcios\/\" \/>\n<meta property=\"og:site_name\" content=\"Falgas\" \/>\n<meta property=\"article:modified_time\" content=\"2020-05-13T09:14:17+00:00\" \/>\n<meta name=\"twitter:card\" content=\"summary_large_image\" \/>\n<script type=\"application\/ld+json\" class=\"yoast-schema-graph\">{\"@context\":\"https:\/\/schema.org\",\"@graph\":[{\"@type\":\"WebPage\",\"@id\":\"https:\/\/falgas.net\/es\/divorcios\/\",\"url\":\"https:\/\/falgas.net\/es\/divorcios\/\",\"name\":\"Abogado de divorcios en Figueres - Falgas\",\"isPartOf\":{\"@id\":\"https:\/\/falgas.net\/es\/#website\"},\"datePublished\":\"2019-07-15T11:32:17+00:00\",\"dateModified\":\"2020-05-13T09:14:17+00:00\",\"description\":\"Abogado de divorcios en Figueres, le ayuda con la asesor\u00eda jur\u00eddica en derecho de familia, penal, laboral, mercantil, extranjer\u00eda y derecho civil nacional\",\"breadcrumb\":{\"@id\":\"https:\/\/falgas.net\/es\/divorcios\/#breadcrumb\"},\"inLanguage\":\"es\",\"potentialAction\":[{\"@type\":\"ReadAction\",\"target\":[\"https:\/\/falgas.net\/es\/divorcios\/\"]}]},{\"@type\":\"BreadcrumbList\",\"@id\":\"https:\/\/falgas.net\/es\/divorcios\/#breadcrumb\",\"itemListElement\":[{\"@type\":\"ListItem\",\"position\":1,\"name\":\"Portada\",\"item\":\"https:\/\/falgas.net\/es\/\"},{\"@type\":\"ListItem\",\"position\":2,\"name\":\"Divorcios\"}]},{\"@type\":\"WebSite\",\"@id\":\"https:\/\/falgas.net\/es\/#website\",\"url\":\"https:\/\/falgas.net\/es\/\",\"name\":\"Falgas\",\"description\":\"Otro sitio realizado con WordPress\",\"publisher\":{\"@id\":\"https:\/\/falgas.net\/es\/#organization\"},\"potentialAction\":[{\"@type\":\"SearchAction\",\"target\":{\"@type\":\"EntryPoint\",\"urlTemplate\":\"https:\/\/falgas.net\/es\/?s={search_term_string}\"},\"query-input\":{\"@type\":\"PropertyValueSpecification\",\"valueRequired\":true,\"valueName\":\"search_term_string\"}}],\"inLanguage\":\"es\"},{\"@type\":\"Organization\",\"@id\":\"https:\/\/falgas.net\/es\/#organization\",\"name\":\"Falg\u00e0s\",\"url\":\"https:\/\/falgas.net\/es\/\",\"logo\":{\"@type\":\"ImageObject\",\"inLanguage\":\"es\",\"@id\":\"https:\/\/falgas.net\/es\/#\/schema\/logo\/image\/\",\"url\":\"https:\/\/falgas.net\/wp-content\/uploads\/2019\/07\/logo-gloria-falgas-1024x344.png\",\"contentUrl\":\"https:\/\/falgas.net\/wp-content\/uploads\/2019\/07\/logo-gloria-falgas-1024x344.png\",\"width\":1024,\"height\":344,\"caption\":\"Falg\u00e0s\"},\"image\":{\"@id\":\"https:\/\/falgas.net\/es\/#\/schema\/logo\/image\/\"}}]}<\/script>\n<!-- \/ Yoast SEO plugin. -->","yoast_head_json":{"title":"Abogado de divorcios en Figueres - Falgas","description":"Abogado de divorcios en Figueres, le ayuda con la asesor\u00eda jur\u00eddica en derecho de familia, penal, laboral, mercantil, extranjer\u00eda y derecho civil nacional","robots":{"index":"index","follow":"follow","max-snippet":"max-snippet:-1","max-image-preview":"max-image-preview:large","max-video-preview":"max-video-preview:-1"},"canonical":"https:\/\/falgas.net\/es\/divorcios\/","og_locale":"es_ES","og_type":"article","og_title":"Abogado de divorcios en Figueres - Falgas","og_description":"Abogado de divorcios en Figueres, le ayuda con la asesor\u00eda jur\u00eddica en derecho de familia, penal, laboral, mercantil, extranjer\u00eda y derecho civil nacional","og_url":"https:\/\/falgas.net\/es\/divorcios\/","og_site_name":"Falgas","article_modified_time":"2020-05-13T09:14:17+00:00","twitter_card":"summary_large_image","schema":{"@context":"https:\/\/schema.org","@graph":[{"@type":"WebPage","@id":"https:\/\/falgas.net\/es\/divorcios\/","url":"https:\/\/falgas.net\/es\/divorcios\/","name":"Abogado de divorcios en Figueres - Falgas","isPartOf":{"@id":"https:\/\/falgas.net\/es\/#website"},"datePublished":"2019-07-15T11:32:17+00:00","dateModified":"2020-05-13T09:14:17+00:00","description":"Abogado de divorcios en Figueres, le ayuda con la asesor\u00eda jur\u00eddica en derecho de familia, penal, laboral, mercantil, extranjer\u00eda y derecho civil nacional","breadcrumb":{"@id":"https:\/\/falgas.net\/es\/divorcios\/#breadcrumb"},"inLanguage":"es","potentialAction":[{"@type":"ReadAction","target":["https:\/\/falgas.net\/es\/divorcios\/"]}]},{"@type":"BreadcrumbList","@id":"https:\/\/falgas.net\/es\/divorcios\/#breadcrumb","itemListElement":[{"@type":"ListItem","position":1,"name":"Portada","item":"https:\/\/falgas.net\/es\/"},{"@type":"ListItem","position":2,"name":"Divorcios"}]},{"@type":"WebSite","@id":"https:\/\/falgas.net\/es\/#website","url":"https:\/\/falgas.net\/es\/","name":"Falgas","description":"Otro sitio realizado con WordPress","publisher":{"@id":"https:\/\/falgas.net\/es\/#organization"},"potentialAction":[{"@type":"SearchAction","target":{"@type":"EntryPoint","urlTemplate":"https:\/\/falgas.net\/es\/?s={search_term_string}"},"query-input":{"@type":"PropertyValueSpecification","valueRequired":true,"valueName":"search_term_string"}}],"inLanguage":"es"},{"@type":"Organization","@id":"https:\/\/falgas.net\/es\/#organization","name":"Falg\u00e0s","url":"https:\/\/falgas.net\/es\/","logo":{"@type":"ImageObject","inLanguage":"es","@id":"https:\/\/falgas.net\/es\/#\/schema\/logo\/image\/","url":"https:\/\/falgas.net\/wp-content\/uploads\/2019\/07\/logo-gloria-falgas-1024x344.png","contentUrl":"https:\/\/falgas.net\/wp-content\/uploads\/2019\/07\/logo-gloria-falgas-1024x344.png","width":1024,"height":344,"caption":"Falg\u00e0s"},"image":{"@id":"https:\/\/falgas.net\/es\/#\/schema\/logo\/image\/"}}]}},"_links":{"self":[{"href":"https:\/\/falgas.net\/es\/wp-json\/wp\/v2\/pages\/489","targetHints":{"allow":["GET"]}}],"collection":[{"href":"https:\/\/falgas.net\/es\/wp-json\/wp\/v2\/pages"}],"about":[{"href":"https:\/\/falgas.net\/es\/wp-json\/wp\/v2\/types\/page"}],"author":[{"embeddable":true,"href":"https:\/\/falgas.net\/es\/wp-json\/wp\/v2\/users\/1"}],"replies":[{"embeddable":true,"href":"https:\/\/falgas.net\/es\/wp-json\/wp\/v2\/comments?post=489"}],"version-history":[{"count":4,"href":"https:\/\/falgas.net\/es\/wp-json\/wp\/v2\/pages\/489\/revisions"}],"predecessor-version":[{"id":1103,"href":"https:\/\/falgas.net\/es\/wp-json\/wp\/v2\/pages\/489\/revisions\/1103"}],"wp:attachment":[{"href":"https:\/\/falgas.net\/es\/wp-json\/wp\/v2\/media?parent=489"}],"curies":[{"name":"wp","href":"https:\/\/api.w.org\/{rel}","templated":true}]}}