{"id":485,"date":"2019-07-15T13:25:16","date_gmt":"2019-07-15T11:25:16","guid":{"rendered":"http:\/\/falgas-cp491.wordpresstemporal.com\/?page_id=485"},"modified":"2019-07-17T15:09:35","modified_gmt":"2019-07-17T13:09:35","slug":"juzgados","status":"publish","type":"page","link":"https:\/\/falgas.net\/es\/juzgados\/","title":{"rendered":"Juzgados"},"content":{"rendered":"\t\t<div data-elementor-type=\"wp-post\" data-elementor-id=\"485\" class=\"elementor elementor-485\">\n\t\t\t\t\t\t<section class=\"elementor-section elementor-top-section elementor-element elementor-element-9f263c8 elementor-section-height-min-height elementor-section-boxed elementor-section-height-default elementor-section-items-middle\" data-id=\"9f263c8\" data-element_type=\"section\" data-e-type=\"section\" data-settings=\"{&quot;background_background&quot;:&quot;classic&quot;}\">\n\t\t\t\t\t\t<div class=\"elementor-container elementor-column-gap-default\">\n\t\t\t\t\t<div class=\"elementor-column elementor-col-100 elementor-top-column elementor-element elementor-element-2feaa86\" data-id=\"2feaa86\" data-element_type=\"column\" data-e-type=\"column\">\n\t\t\t<div class=\"elementor-widget-wrap elementor-element-populated\">\n\t\t\t\t\t\t<div class=\"elementor-element elementor-element-05add56 elementor-widget elementor-widget-heading\" data-id=\"05add56\" data-element_type=\"widget\" data-e-type=\"widget\" data-widget_type=\"heading.default\">\n\t\t\t\t<div class=\"elementor-widget-container\">\n\t\t\t\t\t<h1 class=\"elementor-heading-title elementor-size-default\">\u00bfDonde est\u00e1n los juzgados de Figueres?<\/h1>\t\t\t\t<\/div>\n\t\t\t\t<\/div>\n\t\t\t\t\t<\/div>\n\t\t<\/div>\n\t\t\t\t\t<\/div>\n\t\t<\/section>\n\t\t\t\t<section class=\"elementor-section elementor-top-section elementor-element elementor-element-0c37f19 elementor-section-boxed elementor-section-height-default elementor-section-height-default\" data-id=\"0c37f19\" data-element_type=\"section\" data-e-type=\"section\">\n\t\t\t\t\t\t<div class=\"elementor-container elementor-column-gap-default\">\n\t\t\t\t\t<div class=\"elementor-column elementor-col-50 elementor-top-column elementor-element elementor-element-bb4b092\" data-id=\"bb4b092\" data-element_type=\"column\" data-e-type=\"column\">\n\t\t\t<div class=\"elementor-widget-wrap elementor-element-populated\">\n\t\t\t\t\t\t<div class=\"elementor-element elementor-element-fb5ecf1 elementor-widget elementor-widget-google_maps\" data-id=\"fb5ecf1\" data-element_type=\"widget\" data-e-type=\"widget\" data-widget_type=\"google_maps.default\">\n\t\t\t\t<div class=\"elementor-widget-container\">\n\t\t\t\t\t\t\t<div class=\"elementor-custom-embed\">\n\t\t\t<iframe loading=\"lazy\"\n\t\t\t\t\tsrc=\"https:\/\/maps.google.com\/maps?q=Carrer%20de%20l%27Almera%2C%2030&#038;t=m&#038;z=17&#038;output=embed&#038;iwloc=near\"\n\t\t\t\t\ttitle=\"Carrer de l&#039;Almera, 30\"\n\t\t\t\t\taria-label=\"Carrer de l&#039;Almera, 30\"\n\t\t\t><\/iframe>\n\t\t<\/div>\n\t\t\t\t\t\t<\/div>\n\t\t\t\t<\/div>\n\t\t\t\t\t<\/div>\n\t\t<\/div>\n\t\t\t\t<div class=\"elementor-column elementor-col-50 elementor-top-column elementor-element elementor-element-7bee1f8\" data-id=\"7bee1f8\" data-element_type=\"column\" data-e-type=\"column\">\n\t\t\t<div class=\"elementor-widget-wrap elementor-element-populated\">\n\t\t\t\t\t\t<div class=\"elementor-element elementor-element-044f83e elementor-widget elementor-widget-heading\" data-id=\"044f83e\" data-element_type=\"widget\" data-e-type=\"widget\" data-widget_type=\"heading.default\">\n\t\t\t\t<div class=\"elementor-widget-container\">\n\t\t\t\t\t<h2 class=\"elementor-heading-title elementor-size-default\">Tel\u00e9fonos de juzgados<\/h2>\t\t\t\t<\/div>\n\t\t\t\t<\/div>\n\t\t\t\t<div class=\"elementor-element elementor-element-a7ca02b elementor-widget elementor-widget-text-editor\" data-id=\"a7ca02b\" data-element_type=\"widget\" data-e-type=\"widget\" data-widget_type=\"text-editor.default\">\n\t\t\t\t<div class=\"elementor-widget-container\">\n\t\t\t\t\t\t\t\t\t<ul style=\"padding-left: 0px; overflow: hidden; list-style-type: none; color: #000112; font-family: 'Open Sans'; font-size: 15px; letter-spacing: 0.2px; background-color: #fbfbfb; margin-bottom: 10px !important;\"><li>Juzgado de Guardia &#8211; 972 94 35 30<\/li><li>Juzgado de Primera Instancia 1 &#8211; 972 94 35 11<\/li><li>Juzgado de Primera Instancia 2 &#8211; 972 94 35 12<\/li><li>Juzgado de Primera Instancia 3 &#8211; 972 94 35 13<\/li><li>Juzgado de Primera Instancia 4 &#8211; 972 94 35 14<\/li><li>Juzgado de Primera Instancia 5 &#8211; 972 94 35 15<\/li><li>Juzgado de Primera Instancia 6 &#8211; 972 94 35 16<\/li><li>Juzgado de Primera Instancia 7 &#8211; 972 94 35 17<\/li><li>Juzgado de Primera Instancia 8 &#8211; 972 94 36 15<\/li><li>Juzgado Penal n\u00ba1 \u2013 972 94 35 21<\/li><li>Juzgado Penal n\u00ba2 \u2013 972 94 35 22<\/li><li>Juzgado del social \u2013 972 94 35 31<\/li><\/ul>\t\t\t\t\t\t\t\t<\/div>\n\t\t\t\t<\/div>\n\t\t\t\t\t<\/div>\n\t\t<\/div>\n\t\t\t\t\t<\/div>\n\t\t<\/section>\n\t\t\t\t<\/div>\n\t\t","protected":false},"excerpt":{"rendered":"<p>\u00bfDonde est\u00e1n los juzgados de Figueres? Tel\u00e9fonos de juzgados Juzgado de Guardia &#8211; 972 94 35 30 Juzgado de Primera Instancia 1 &#8211; 972 94 35 11 Juzgado de Primera Instancia 2 &#8211; 972 94 &#8230; <\/p>\n<p class=\"read-more-container\"><a title=\"Juzgados\" class=\"read-more button\" href=\"https:\/\/falgas.net\/es\/juzgados\/#more-485\" aria-label=\"Leer m\u00e1s sobre Juzgados\">Read More<\/a><\/p>\n","protected":false},"author":1,"featured_media":0,"parent":0,"menu_order":0,"comment_status":"closed","ping_status":"closed","template":"","meta":{"footnotes":""},"class_list":{"0":"post-485","1":"page","2":"type-page","3":"status-publish","5":"no-featured-image-padding"},"yoast_head":"<!-- This site is optimized with the Yoast SEO plugin v27.1.1 - https:\/\/yoast.com\/product\/yoast-seo-wordpress\/ -->\n<title>Juzgados - Falgas<\/title>\n<meta name=\"description\" content=\"Bufete jur\u00eddico Falg\u00e0s, ubicado en Figueres, le ayuda con la asesor\u00eda jur\u00eddica en derecho de familia, penal, laboral, mercantil, extranjer\u00eda y derecho civil nacional\" \/>\n<meta name=\"robots\" content=\"index, follow, max-snippet:-1, max-image-preview:large, max-video-preview:-1\" \/>\n<link rel=\"canonical\" href=\"https:\/\/falgas.net\/es\/juzgados\/\" \/>\n<meta property=\"og:locale\" content=\"es_ES\" \/>\n<meta property=\"og:type\" content=\"article\" \/>\n<meta property=\"og:title\" content=\"Juzgados - Falgas\" \/>\n<meta property=\"og:description\" content=\"Bufete jur\u00eddico Falg\u00e0s, ubicado en Figueres, le ayuda con la asesor\u00eda jur\u00eddica en derecho de familia, penal, laboral, mercantil, extranjer\u00eda y derecho civil nacional\" \/>\n<meta property=\"og:url\" content=\"https:\/\/falgas.net\/es\/juzgados\/\" \/>\n<meta property=\"og:site_name\" content=\"Falgas\" \/>\n<meta property=\"article:modified_time\" content=\"2019-07-17T13:09:35+00:00\" \/>\n<meta name=\"twitter:card\" content=\"summary_large_image\" \/>\n<script type=\"application\/ld+json\" class=\"yoast-schema-graph\">{\"@context\":\"https:\/\/schema.org\",\"@graph\":[{\"@type\":\"WebPage\",\"@id\":\"https:\/\/falgas.net\/es\/juzgados\/\",\"url\":\"https:\/\/falgas.net\/es\/juzgados\/\",\"name\":\"Juzgados - Falgas\",\"isPartOf\":{\"@id\":\"https:\/\/falgas.net\/es\/#website\"},\"datePublished\":\"2019-07-15T11:25:16+00:00\",\"dateModified\":\"2019-07-17T13:09:35+00:00\",\"description\":\"Bufete jur\u00eddico Falg\u00e0s, ubicado en Figueres, le ayuda con la asesor\u00eda jur\u00eddica en derecho de familia, penal, laboral, mercantil, extranjer\u00eda y derecho civil nacional\",\"breadcrumb\":{\"@id\":\"https:\/\/falgas.net\/es\/juzgados\/#breadcrumb\"},\"inLanguage\":\"es\",\"potentialAction\":[{\"@type\":\"ReadAction\",\"target\":[\"https:\/\/falgas.net\/es\/juzgados\/\"]}]},{\"@type\":\"BreadcrumbList\",\"@id\":\"https:\/\/falgas.net\/es\/juzgados\/#breadcrumb\",\"itemListElement\":[{\"@type\":\"ListItem\",\"position\":1,\"name\":\"Portada\",\"item\":\"https:\/\/falgas.net\/es\/\"},{\"@type\":\"ListItem\",\"position\":2,\"name\":\"Juzgados\"}]},{\"@type\":\"WebSite\",\"@id\":\"https:\/\/falgas.net\/es\/#website\",\"url\":\"https:\/\/falgas.net\/es\/\",\"name\":\"Falgas\",\"description\":\"Otro sitio realizado con WordPress\",\"publisher\":{\"@id\":\"https:\/\/falgas.net\/es\/#organization\"},\"potentialAction\":[{\"@type\":\"SearchAction\",\"target\":{\"@type\":\"EntryPoint\",\"urlTemplate\":\"https:\/\/falgas.net\/es\/?s={search_term_string}\"},\"query-input\":{\"@type\":\"PropertyValueSpecification\",\"valueRequired\":true,\"valueName\":\"search_term_string\"}}],\"inLanguage\":\"es\"},{\"@type\":\"Organization\",\"@id\":\"https:\/\/falgas.net\/es\/#organization\",\"name\":\"Falg\u00e0s\",\"url\":\"https:\/\/falgas.net\/es\/\",\"logo\":{\"@type\":\"ImageObject\",\"inLanguage\":\"es\",\"@id\":\"https:\/\/falgas.net\/es\/#\/schema\/logo\/image\/\",\"url\":\"https:\/\/falgas.net\/wp-content\/uploads\/2019\/07\/logo-gloria-falgas-1024x344.png\",\"contentUrl\":\"https:\/\/falgas.net\/wp-content\/uploads\/2019\/07\/logo-gloria-falgas-1024x344.png\",\"width\":1024,\"height\":344,\"caption\":\"Falg\u00e0s\"},\"image\":{\"@id\":\"https:\/\/falgas.net\/es\/#\/schema\/logo\/image\/\"}}]}<\/script>\n<!-- \/ Yoast SEO plugin. -->","yoast_head_json":{"title":"Juzgados - Falgas","description":"Bufete jur\u00eddico Falg\u00e0s, ubicado en Figueres, le ayuda con la asesor\u00eda jur\u00eddica en derecho de familia, penal, laboral, mercantil, extranjer\u00eda y derecho civil nacional","robots":{"index":"index","follow":"follow","max-snippet":"max-snippet:-1","max-image-preview":"max-image-preview:large","max-video-preview":"max-video-preview:-1"},"canonical":"https:\/\/falgas.net\/es\/juzgados\/","og_locale":"es_ES","og_type":"article","og_title":"Juzgados - Falgas","og_description":"Bufete jur\u00eddico Falg\u00e0s, ubicado en Figueres, le ayuda con la asesor\u00eda jur\u00eddica en derecho de familia, penal, laboral, mercantil, extranjer\u00eda y derecho civil nacional","og_url":"https:\/\/falgas.net\/es\/juzgados\/","og_site_name":"Falgas","article_modified_time":"2019-07-17T13:09:35+00:00","twitter_card":"summary_large_image","schema":{"@context":"https:\/\/schema.org","@graph":[{"@type":"WebPage","@id":"https:\/\/falgas.net\/es\/juzgados\/","url":"https:\/\/falgas.net\/es\/juzgados\/","name":"Juzgados - Falgas","isPartOf":{"@id":"https:\/\/falgas.net\/es\/#website"},"datePublished":"2019-07-15T11:25:16+00:00","dateModified":"2019-07-17T13:09:35+00:00","description":"Bufete jur\u00eddico Falg\u00e0s, ubicado en Figueres, le ayuda con la asesor\u00eda jur\u00eddica en derecho de familia, penal, laboral, mercantil, extranjer\u00eda y derecho civil nacional","breadcrumb":{"@id":"https:\/\/falgas.net\/es\/juzgados\/#breadcrumb"},"inLanguage":"es","potentialAction":[{"@type":"ReadAction","target":["https:\/\/falgas.net\/es\/juzgados\/"]}]},{"@type":"BreadcrumbList","@id":"https:\/\/falgas.net\/es\/juzgados\/#breadcrumb","itemListElement":[{"@type":"ListItem","position":1,"name":"Portada","item":"https:\/\/falgas.net\/es\/"},{"@type":"ListItem","position":2,"name":"Juzgados"}]},{"@type":"WebSite","@id":"https:\/\/falgas.net\/es\/#website","url":"https:\/\/falgas.net\/es\/","name":"Falgas","description":"Otro sitio realizado con WordPress","publisher":{"@id":"https:\/\/falgas.net\/es\/#organization"},"potentialAction":[{"@type":"SearchAction","target":{"@type":"EntryPoint","urlTemplate":"https:\/\/falgas.net\/es\/?s={search_term_string}"},"query-input":{"@type":"PropertyValueSpecification","valueRequired":true,"valueName":"search_term_string"}}],"inLanguage":"es"},{"@type":"Organization","@id":"https:\/\/falgas.net\/es\/#organization","name":"Falg\u00e0s","url":"https:\/\/falgas.net\/es\/","logo":{"@type":"ImageObject","inLanguage":"es","@id":"https:\/\/falgas.net\/es\/#\/schema\/logo\/image\/","url":"https:\/\/falgas.net\/wp-content\/uploads\/2019\/07\/logo-gloria-falgas-1024x344.png","contentUrl":"https:\/\/falgas.net\/wp-content\/uploads\/2019\/07\/logo-gloria-falgas-1024x344.png","width":1024,"height":344,"caption":"Falg\u00e0s"},"image":{"@id":"https:\/\/falgas.net\/es\/#\/schema\/logo\/image\/"}}]}},"_links":{"self":[{"href":"https:\/\/falgas.net\/es\/wp-json\/wp\/v2\/pages\/485","targetHints":{"allow":["GET"]}}],"collection":[{"href":"https:\/\/falgas.net\/es\/wp-json\/wp\/v2\/pages"}],"about":[{"href":"https:\/\/falgas.net\/es\/wp-json\/wp\/v2\/types\/page"}],"author":[{"embeddable":true,"href":"https:\/\/falgas.net\/es\/wp-json\/wp\/v2\/users\/1"}],"replies":[{"embeddable":true,"href":"https:\/\/falgas.net\/es\/wp-json\/wp\/v2\/comments?post=485"}],"version-history":[{"count":4,"href":"https:\/\/falgas.net\/es\/wp-json\/wp\/v2\/pages\/485\/revisions"}],"predecessor-version":[{"id":1106,"href":"https:\/\/falgas.net\/es\/wp-json\/wp\/v2\/pages\/485\/revisions\/1106"}],"wp:attachment":[{"href":"https:\/\/falgas.net\/es\/wp-json\/wp\/v2\/media?parent=485"}],"curies":[{"name":"wp","href":"https:\/\/api.w.org\/{rel}","templated":true}]}}