{"id":481,"date":"2019-07-15T13:24:16","date_gmt":"2019-07-15T11:24:16","guid":{"rendered":"http:\/\/falgas-cp491.wordpresstemporal.com\/?page_id=481"},"modified":"2020-11-26T12:11:13","modified_gmt":"2020-11-26T11:11:13","slug":"quienes-somos","status":"publish","type":"page","link":"https:\/\/falgas.net\/es\/quienes-somos\/","title":{"rendered":"Quienes somos"},"content":{"rendered":"\t\t<div data-elementor-type=\"wp-post\" data-elementor-id=\"481\" class=\"elementor elementor-481\">\n\t\t\t\t\t\t<section class=\"elementor-section elementor-top-section elementor-element elementor-element-c442f33 elementor-section-height-min-height elementor-section-boxed elementor-section-height-default elementor-section-items-middle\" data-id=\"c442f33\" data-element_type=\"section\" data-e-type=\"section\" data-settings=\"{&quot;background_background&quot;:&quot;classic&quot;}\">\n\t\t\t\t\t\t<div class=\"elementor-container elementor-column-gap-default\">\n\t\t\t\t\t<div class=\"elementor-column elementor-col-100 elementor-top-column elementor-element elementor-element-add6659\" data-id=\"add6659\" data-element_type=\"column\" data-e-type=\"column\">\n\t\t\t<div class=\"elementor-widget-wrap elementor-element-populated\">\n\t\t\t\t\t\t<div class=\"elementor-element elementor-element-eeabba9 elementor-widget elementor-widget-heading\" data-id=\"eeabba9\" data-element_type=\"widget\" data-e-type=\"widget\" data-widget_type=\"heading.default\">\n\t\t\t\t<div class=\"elementor-widget-container\">\n\t\t\t\t\t<h1 class=\"elementor-heading-title elementor-size-default\">Quienes somos<\/h1>\t\t\t\t<\/div>\n\t\t\t\t<\/div>\n\t\t\t\t\t<\/div>\n\t\t<\/div>\n\t\t\t\t\t<\/div>\n\t\t<\/section>\n\t\t\t\t<section class=\"elementor-section elementor-top-section elementor-element elementor-element-f7f4b1c elementor-section-boxed elementor-section-height-default elementor-section-height-default\" data-id=\"f7f4b1c\" data-element_type=\"section\" data-e-type=\"section\">\n\t\t\t\t\t\t<div class=\"elementor-container elementor-column-gap-default\">\n\t\t\t\t\t<div class=\"elementor-column elementor-col-50 elementor-top-column elementor-element elementor-element-2e39c66\" data-id=\"2e39c66\" data-element_type=\"column\" data-e-type=\"column\">\n\t\t\t<div class=\"elementor-widget-wrap elementor-element-populated\">\n\t\t\t\t\t\t<div class=\"elementor-element elementor-element-b556d4f elementor-widget elementor-widget-text-editor\" data-id=\"b556d4f\" data-element_type=\"widget\" data-e-type=\"widget\" data-widget_type=\"text-editor.default\">\n\t\t\t\t<div class=\"elementor-widget-container\">\n\t\t\t\t\t\t\t\t\t<div class=\"elementor-element elementor-element-edit-mode elementor-element-f48f7ae elementor-element--toggle-edit-tools elementor-widget elementor-widget-text-editor\" data-id=\"f48f7ae\" data-element_type=\"widget\" data-model-cid=\"c42\" data-widget_type=\"text-editor.default\"><div class=\"elementor-widget-container\"><div class=\"elementor-text-editor elementor-clearfix elementor-inline-editing\" data-elementor-setting-key=\"editor\" data-elementor-inline-editing-toolbar=\"advanced\"><p><strong>BUFET JUR\u00cdDIC FALG\u00c0S<\/strong>,\u00a0\u00a0se encuentra ubicado en la ciudad de Figueres, \u00a0delante de la Bibioteca municipal,\u00a0 en la calle Mestre Falla, 8, 1-D de Figueres, provincia de Girona.\u00a0<\/p><p>Le podemos representar y defender ante cualquier Juzgado,\u00a0 Audiencia y Tribunal\u00a0 nacional.<\/p><p>El Despacho presta asesor\u00eda jur\u00eddica en Derecho de familia, penal, accidentes, labora, mercantil, extranjer\u00eda y Derecho civil nacional, intentando ofrecer al cliente, siempre que sea posible, una soluci\u00f3n extrajudicial al cliente para reducir gastos y tiempo.<\/p><\/div><\/div><\/div><div class=\"elementor-element elementor-element-edit-mode elementor-element-5aaa006 elementor-element--toggle-edit-tools elementor-widget elementor-widget-text-editor\" data-id=\"5aaa006\" data-element_type=\"widget\" data-model-cid=\"c45\" data-widget_type=\"text-editor.default\"><div class=\"elementor-widget-container\"><div class=\"elementor-text-editor elementor-clearfix elementor-inline-editing\" data-elementor-setting-key=\"editor\" data-elementor-inline-editing-toolbar=\"advanced\"><p>En el caso de que deba interponer acciones judiciales correspondientes tenemos los Profesionales, que junto con el equipo de procuradores que colabora con el despacho, intervienen ante los juzgados y tribunales prestando un servicio de acompa\u00f1amiento integral al cliente, tanto desde el punto de vista de la t\u00e9cnica jur\u00eddica como humana para hacer frente al impacto personal que en la mayor\u00eda de las ocasiones supone un pleito a la persona que no est\u00e1 familiarizada.<\/p><p>Figueres, es la ciudad que tiene como partido judicial la frontera con Francia (La Jonquera), provincia de Girona.<\/p><\/div><\/div><\/div>\t\t\t\t\t\t\t\t<\/div>\n\t\t\t\t<\/div>\n\t\t\t\t\t<\/div>\n\t\t<\/div>\n\t\t\t\t<div class=\"elementor-column elementor-col-50 elementor-top-column elementor-element elementor-element-3df7554\" data-id=\"3df7554\" data-element_type=\"column\" data-e-type=\"column\">\n\t\t\t<div class=\"elementor-widget-wrap elementor-element-populated\">\n\t\t\t\t\t\t<div class=\"elementor-element elementor-element-5a5e723 elementor-widget elementor-widget-image\" data-id=\"5a5e723\" data-element_type=\"widget\" data-e-type=\"widget\" data-widget_type=\"image.default\">\n\t\t\t\t<div class=\"elementor-widget-container\">\n\t\t\t\t\t\t\t\t\t\t\t\t\t\t\t<img fetchpriority=\"high\" decoding=\"async\" width=\"1024\" height=\"344\" src=\"https:\/\/falgas.net\/wp-content\/uploads\/2019\/07\/logo-gloria-falgas-1024x344-1024x344.png\" class=\"attachment-large size-large wp-image-424\" alt=\"Logo bufete de abogados Falg\u00e0s\" srcset=\"https:\/\/falgas.net\/wp-content\/uploads\/2019\/07\/logo-gloria-falgas-1024x344.png 1024w, https:\/\/falgas.net\/wp-content\/uploads\/2019\/07\/logo-gloria-falgas-1024x344-300x101.png 300w, https:\/\/falgas.net\/wp-content\/uploads\/2019\/07\/logo-gloria-falgas-1024x344-768x258.png 768w\" sizes=\"(max-width: 1024px) 100vw, 1024px\" \/>\t\t\t\t\t\t\t\t\t\t\t\t\t\t\t<\/div>\n\t\t\t\t<\/div>\n\t\t\t\t\t<\/div>\n\t\t<\/div>\n\t\t\t\t\t<\/div>\n\t\t<\/section>\n\t\t\t\t<section class=\"elementor-section elementor-top-section elementor-element elementor-element-a509c51 elementor-section-boxed elementor-section-height-default elementor-section-height-default\" data-id=\"a509c51\" data-element_type=\"section\" data-e-type=\"section\">\n\t\t\t\t\t\t<div class=\"elementor-container elementor-column-gap-default\">\n\t\t\t\t\t<div class=\"elementor-column elementor-col-100 elementor-top-column elementor-element elementor-element-a4e25bf\" data-id=\"a4e25bf\" data-element_type=\"column\" data-e-type=\"column\">\n\t\t\t<div class=\"elementor-widget-wrap elementor-element-populated\">\n\t\t\t\t\t\t<div class=\"elementor-element elementor-element-2698b84 elementor-widget elementor-widget-heading\" data-id=\"2698b84\" data-element_type=\"widget\" data-e-type=\"widget\" data-widget_type=\"heading.default\">\n\t\t\t\t<div class=\"elementor-widget-container\">\n\t\t\t\t\t<h3 class=\"elementor-heading-title elementor-size-default\"><strong style=\"font-size: 15px;letter-spacing: 0.2px;white-space: normal\">Nuestro despacho ofrece a nuestros cientes:<\/strong><\/h3>\t\t\t\t<\/div>\n\t\t\t\t<\/div>\n\t\t\t\t\t<\/div>\n\t\t<\/div>\n\t\t\t\t\t<\/div>\n\t\t<\/section>\n\t\t\t\t<section class=\"elementor-section elementor-top-section elementor-element elementor-element-de242bf elementor-section-boxed elementor-section-height-default elementor-section-height-default\" data-id=\"de242bf\" data-element_type=\"section\" data-e-type=\"section\">\n\t\t\t\t\t\t<div class=\"elementor-container elementor-column-gap-default\">\n\t\t\t\t\t<div class=\"elementor-column elementor-col-100 elementor-top-column elementor-element elementor-element-0060bb0\" data-id=\"0060bb0\" data-element_type=\"column\" data-e-type=\"column\">\n\t\t\t<div class=\"elementor-widget-wrap elementor-element-populated\">\n\t\t\t\t\t\t<div class=\"elementor-element elementor-element-ca297e2 elementor-icon-list--layout-traditional elementor-list-item-link-full_width elementor-widget elementor-widget-icon-list\" data-id=\"ca297e2\" data-element_type=\"widget\" data-e-type=\"widget\" data-widget_type=\"icon-list.default\">\n\t\t\t\t<div class=\"elementor-widget-container\">\n\t\t\t\t\t\t\t<ul class=\"elementor-icon-list-items\">\n\t\t\t\t\t\t\t<li class=\"elementor-icon-list-item\">\n\t\t\t\t\t\t\t\t\t\t\t<span class=\"elementor-icon-list-icon\">\n\t\t\t\t\t\t\t<i aria-hidden=\"true\" class=\"fas fa-briefcase\"><\/i>\t\t\t\t\t\t<\/span>\n\t\t\t\t\t\t\t\t\t\t<span class=\"elementor-icon-list-text\">Clarificaci\u00f3n de dudas<\/span>\n\t\t\t\t\t\t\t\t\t<\/li>\n\t\t\t\t\t\t\t\t<li class=\"elementor-icon-list-item\">\n\t\t\t\t\t\t\t\t\t\t\t<span class=\"elementor-icon-list-icon\">\n\t\t\t\t\t\t\t<i aria-hidden=\"true\" class=\"fas fa-briefcase\"><\/i>\t\t\t\t\t\t<\/span>\n\t\t\t\t\t\t\t\t\t\t<span class=\"elementor-icon-list-text\">Soluciones efectivas<\/span>\n\t\t\t\t\t\t\t\t\t<\/li>\n\t\t\t\t\t\t\t\t<li class=\"elementor-icon-list-item\">\n\t\t\t\t\t\t\t\t\t\t\t<span class=\"elementor-icon-list-icon\">\n\t\t\t\t\t\t\t<i aria-hidden=\"true\" class=\"fas fa-briefcase\"><\/i>\t\t\t\t\t\t<\/span>\n\t\t\t\t\t\t\t\t\t\t<span class=\"elementor-icon-list-text\">Ideas para optimizar la compra o venta de propiedades<\/span>\n\t\t\t\t\t\t\t\t\t<\/li>\n\t\t\t\t\t\t\t\t<li class=\"elementor-icon-list-item\">\n\t\t\t\t\t\t\t\t\t\t\t<span class=\"elementor-icon-list-icon\">\n\t\t\t\t\t\t\t<i aria-hidden=\"true\" class=\"fas fa-briefcase\"><\/i>\t\t\t\t\t\t<\/span>\n\t\t\t\t\t\t\t\t\t\t<span class=\"elementor-icon-list-text\">Absoluta confidencialidad<\/span>\n\t\t\t\t\t\t\t\t\t<\/li>\n\t\t\t\t\t\t\t\t<li class=\"elementor-icon-list-item\">\n\t\t\t\t\t\t\t\t\t\t\t<span class=\"elementor-icon-list-icon\">\n\t\t\t\t\t\t\t<i aria-hidden=\"true\" class=\"fas fa-briefcase\"><\/i>\t\t\t\t\t\t<\/span>\n\t\t\t\t\t\t\t\t\t\t<span class=\"elementor-icon-list-text\">Informaci\u00f3n detallada y puntual de su caso<\/span>\n\t\t\t\t\t\t\t\t\t<\/li>\n\t\t\t\t\t\t\t\t<li class=\"elementor-icon-list-item\">\n\t\t\t\t\t\t\t\t\t\t\t<span class=\"elementor-icon-list-icon\">\n\t\t\t\t\t\t\t<i aria-hidden=\"true\" class=\"fas fa-briefcase\"><\/i>\t\t\t\t\t\t<\/span>\n\t\t\t\t\t\t\t\t\t\t<span class=\"elementor-icon-list-text\">Dinamismo y calidad de servicio<\/span>\n\t\t\t\t\t\t\t\t\t<\/li>\n\t\t\t\t\t\t\t\t<li class=\"elementor-icon-list-item\">\n\t\t\t\t\t\t\t\t\t\t\t<span class=\"elementor-icon-list-icon\">\n\t\t\t\t\t\t\t<i aria-hidden=\"true\" class=\"fas fa-briefcase\"><\/i>\t\t\t\t\t\t<\/span>\n\t\t\t\t\t\t\t\t\t\t<span class=\"elementor-icon-list-text\">El compromiso de no defraudar su confianza<\/span>\n\t\t\t\t\t\t\t\t\t<\/li>\n\t\t\t\t\t\t\t\t<li class=\"elementor-icon-list-item\">\n\t\t\t\t\t\t\t\t\t\t\t<span class=\"elementor-icon-list-icon\">\n\t\t\t\t\t\t\t<i aria-hidden=\"true\" class=\"fas fa-briefcase\"><\/i>\t\t\t\t\t\t<\/span>\n\t\t\t\t\t\t\t\t\t\t<span class=\"elementor-icon-list-text\">Esmerada atenci\u00f3n personalizada con facilidad de idiomas: catal\u00e1n, castellano, franc\u00e9s, ingl\u00e9s y alem\u00e1n.<\/span>\n\t\t\t\t\t\t\t\t\t<\/li>\n\t\t\t\t\t\t<\/ul>\n\t\t\t\t\t\t<\/div>\n\t\t\t\t<\/div>\n\t\t\t\t\t<\/div>\n\t\t<\/div>\n\t\t\t\t\t<\/div>\n\t\t<\/section>\n\t\t\t\t<section class=\"elementor-section elementor-top-section elementor-element elementor-element-16303db elementor-section-boxed elementor-section-height-default elementor-section-height-default\" data-id=\"16303db\" data-element_type=\"section\" data-e-type=\"section\">\n\t\t\t\t\t\t<div class=\"elementor-container elementor-column-gap-default\">\n\t\t\t\t\t<div class=\"elementor-column elementor-col-100 elementor-top-column elementor-element elementor-element-d1690ec\" data-id=\"d1690ec\" data-element_type=\"column\" data-e-type=\"column\">\n\t\t\t<div class=\"elementor-widget-wrap elementor-element-populated\">\n\t\t\t\t\t\t<div class=\"elementor-element elementor-element-dfb6c8d elementor-widget elementor-widget-text-editor\" data-id=\"dfb6c8d\" data-element_type=\"widget\" data-e-type=\"widget\" data-widget_type=\"text-editor.default\">\n\t\t\t\t<div class=\"elementor-widget-container\">\n\t\t\t\t\t\t\t\t\t<p>Todos nuestros servicios se prestan con estricta sujeci\u00f3n a criterios deontol\u00f3gicos y controles de calidad y est\u00e1n garantizados mediante p\u00f3liza de seguro de responsabilidad civil profesional.<\/p>\t\t\t\t\t\t\t\t<\/div>\n\t\t\t\t<\/div>\n\t\t\t\t\t<\/div>\n\t\t<\/div>\n\t\t\t\t\t<\/div>\n\t\t<\/section>\n\t\t\t\t<\/div>\n\t\t","protected":false},"excerpt":{"rendered":"<p>Quienes somos BUFET JUR\u00cdDIC FALG\u00c0S,\u00a0\u00a0se encuentra ubicado en la ciudad de Figueres, \u00a0delante de la Bibioteca municipal,\u00a0 en la calle Mestre Falla, 8, 1-D de Figueres, provincia de Girona.\u00a0 Le podemos representar y defender ante &#8230; <\/p>\n<p class=\"read-more-container\"><a title=\"Quienes somos\" class=\"read-more button\" href=\"https:\/\/falgas.net\/es\/quienes-somos\/#more-481\" aria-label=\"Leer m\u00e1s sobre Quienes somos\">Read More<\/a><\/p>\n","protected":false},"author":1,"featured_media":0,"parent":0,"menu_order":0,"comment_status":"closed","ping_status":"closed","template":"","meta":{"footnotes":""},"class_list":{"0":"post-481","1":"page","2":"type-page","3":"status-publish","5":"no-featured-image-padding"},"yoast_head":"<!-- This site is optimized with the Yoast SEO plugin v27.1.1 - https:\/\/yoast.com\/product\/yoast-seo-wordpress\/ -->\n<title>Bufete jur\u00eddico en Figueres - Falgas<\/title>\n<meta name=\"description\" content=\"Falg\u00e0s es un bufete jur\u00eddico en Figueres en derecho familiar, penal, accidentes, laboral, mercantil, extranjer\u00eda y derecho civil nacional.\" \/>\n<meta name=\"robots\" content=\"index, follow, max-snippet:-1, max-image-preview:large, max-video-preview:-1\" \/>\n<link rel=\"canonical\" href=\"https:\/\/falgas.net\/es\/quienes-somos\/\" \/>\n<meta property=\"og:locale\" content=\"es_ES\" \/>\n<meta property=\"og:type\" content=\"article\" \/>\n<meta property=\"og:title\" content=\"Bufete jur\u00eddico en Figueres - Falgas\" \/>\n<meta property=\"og:description\" content=\"Falg\u00e0s es un bufete jur\u00eddico en Figueres en derecho familiar, penal, accidentes, laboral, mercantil, extranjer\u00eda y derecho civil nacional.\" \/>\n<meta property=\"og:url\" content=\"https:\/\/falgas.net\/es\/quienes-somos\/\" \/>\n<meta property=\"og:site_name\" content=\"Falgas\" \/>\n<meta property=\"article:modified_time\" content=\"2020-11-26T11:11:13+00:00\" \/>\n<meta property=\"og:image\" content=\"http:\/\/falgas.net\/wp-content\/uploads\/2019\/07\/logo-gloria-falgas-1024x344-1024x344.png\" \/>\n<meta name=\"twitter:card\" content=\"summary_large_image\" \/>\n<meta name=\"twitter:label1\" content=\"Tiempo de lectura\" \/>\n\t<meta name=\"twitter:data1\" content=\"1 minuto\" \/>\n<script type=\"application\/ld+json\" class=\"yoast-schema-graph\">{\"@context\":\"https:\/\/schema.org\",\"@graph\":[{\"@type\":\"WebPage\",\"@id\":\"https:\/\/falgas.net\/es\/quienes-somos\/\",\"url\":\"https:\/\/falgas.net\/es\/quienes-somos\/\",\"name\":\"Bufete jur\u00eddico en Figueres - Falgas\",\"isPartOf\":{\"@id\":\"https:\/\/falgas.net\/es\/#website\"},\"primaryImageOfPage\":{\"@id\":\"https:\/\/falgas.net\/es\/quienes-somos\/#primaryimage\"},\"image\":{\"@id\":\"https:\/\/falgas.net\/es\/quienes-somos\/#primaryimage\"},\"thumbnailUrl\":\"http:\/\/falgas.net\/wp-content\/uploads\/2019\/07\/logo-gloria-falgas-1024x344-1024x344.png\",\"datePublished\":\"2019-07-15T11:24:16+00:00\",\"dateModified\":\"2020-11-26T11:11:13+00:00\",\"description\":\"Falg\u00e0s es un bufete jur\u00eddico en Figueres en derecho familiar, penal, accidentes, laboral, mercantil, extranjer\u00eda y derecho civil nacional.\",\"breadcrumb\":{\"@id\":\"https:\/\/falgas.net\/es\/quienes-somos\/#breadcrumb\"},\"inLanguage\":\"es\",\"potentialAction\":[{\"@type\":\"ReadAction\",\"target\":[\"https:\/\/falgas.net\/es\/quienes-somos\/\"]}]},{\"@type\":\"ImageObject\",\"inLanguage\":\"es\",\"@id\":\"https:\/\/falgas.net\/es\/quienes-somos\/#primaryimage\",\"url\":\"http:\/\/falgas.net\/wp-content\/uploads\/2019\/07\/logo-gloria-falgas-1024x344-1024x344.png\",\"contentUrl\":\"http:\/\/falgas.net\/wp-content\/uploads\/2019\/07\/logo-gloria-falgas-1024x344-1024x344.png\"},{\"@type\":\"BreadcrumbList\",\"@id\":\"https:\/\/falgas.net\/es\/quienes-somos\/#breadcrumb\",\"itemListElement\":[{\"@type\":\"ListItem\",\"position\":1,\"name\":\"Portada\",\"item\":\"https:\/\/falgas.net\/es\/\"},{\"@type\":\"ListItem\",\"position\":2,\"name\":\"Quienes somos\"}]},{\"@type\":\"WebSite\",\"@id\":\"https:\/\/falgas.net\/es\/#website\",\"url\":\"https:\/\/falgas.net\/es\/\",\"name\":\"Falgas\",\"description\":\"Otro sitio realizado con WordPress\",\"publisher\":{\"@id\":\"https:\/\/falgas.net\/es\/#organization\"},\"potentialAction\":[{\"@type\":\"SearchAction\",\"target\":{\"@type\":\"EntryPoint\",\"urlTemplate\":\"https:\/\/falgas.net\/es\/?s={search_term_string}\"},\"query-input\":{\"@type\":\"PropertyValueSpecification\",\"valueRequired\":true,\"valueName\":\"search_term_string\"}}],\"inLanguage\":\"es\"},{\"@type\":\"Organization\",\"@id\":\"https:\/\/falgas.net\/es\/#organization\",\"name\":\"Falg\u00e0s\",\"url\":\"https:\/\/falgas.net\/es\/\",\"logo\":{\"@type\":\"ImageObject\",\"inLanguage\":\"es\",\"@id\":\"https:\/\/falgas.net\/es\/#\/schema\/logo\/image\/\",\"url\":\"https:\/\/falgas.net\/wp-content\/uploads\/2019\/07\/logo-gloria-falgas-1024x344.png\",\"contentUrl\":\"https:\/\/falgas.net\/wp-content\/uploads\/2019\/07\/logo-gloria-falgas-1024x344.png\",\"width\":1024,\"height\":344,\"caption\":\"Falg\u00e0s\"},\"image\":{\"@id\":\"https:\/\/falgas.net\/es\/#\/schema\/logo\/image\/\"}}]}<\/script>\n<!-- \/ Yoast SEO plugin. -->","yoast_head_json":{"title":"Bufete jur\u00eddico en Figueres - Falgas","description":"Falg\u00e0s es un bufete jur\u00eddico en Figueres en derecho familiar, penal, accidentes, laboral, mercantil, extranjer\u00eda y derecho civil nacional.","robots":{"index":"index","follow":"follow","max-snippet":"max-snippet:-1","max-image-preview":"max-image-preview:large","max-video-preview":"max-video-preview:-1"},"canonical":"https:\/\/falgas.net\/es\/quienes-somos\/","og_locale":"es_ES","og_type":"article","og_title":"Bufete jur\u00eddico en Figueres - Falgas","og_description":"Falg\u00e0s es un bufete jur\u00eddico en Figueres en derecho familiar, penal, accidentes, laboral, mercantil, extranjer\u00eda y derecho civil nacional.","og_url":"https:\/\/falgas.net\/es\/quienes-somos\/","og_site_name":"Falgas","article_modified_time":"2020-11-26T11:11:13+00:00","og_image":[{"url":"http:\/\/falgas.net\/wp-content\/uploads\/2019\/07\/logo-gloria-falgas-1024x344-1024x344.png","type":"","width":"","height":""}],"twitter_card":"summary_large_image","twitter_misc":{"Tiempo de lectura":"1 minuto"},"schema":{"@context":"https:\/\/schema.org","@graph":[{"@type":"WebPage","@id":"https:\/\/falgas.net\/es\/quienes-somos\/","url":"https:\/\/falgas.net\/es\/quienes-somos\/","name":"Bufete jur\u00eddico en Figueres - Falgas","isPartOf":{"@id":"https:\/\/falgas.net\/es\/#website"},"primaryImageOfPage":{"@id":"https:\/\/falgas.net\/es\/quienes-somos\/#primaryimage"},"image":{"@id":"https:\/\/falgas.net\/es\/quienes-somos\/#primaryimage"},"thumbnailUrl":"http:\/\/falgas.net\/wp-content\/uploads\/2019\/07\/logo-gloria-falgas-1024x344-1024x344.png","datePublished":"2019-07-15T11:24:16+00:00","dateModified":"2020-11-26T11:11:13+00:00","description":"Falg\u00e0s es un bufete jur\u00eddico en Figueres en derecho familiar, penal, accidentes, laboral, mercantil, extranjer\u00eda y derecho civil nacional.","breadcrumb":{"@id":"https:\/\/falgas.net\/es\/quienes-somos\/#breadcrumb"},"inLanguage":"es","potentialAction":[{"@type":"ReadAction","target":["https:\/\/falgas.net\/es\/quienes-somos\/"]}]},{"@type":"ImageObject","inLanguage":"es","@id":"https:\/\/falgas.net\/es\/quienes-somos\/#primaryimage","url":"http:\/\/falgas.net\/wp-content\/uploads\/2019\/07\/logo-gloria-falgas-1024x344-1024x344.png","contentUrl":"http:\/\/falgas.net\/wp-content\/uploads\/2019\/07\/logo-gloria-falgas-1024x344-1024x344.png"},{"@type":"BreadcrumbList","@id":"https:\/\/falgas.net\/es\/quienes-somos\/#breadcrumb","itemListElement":[{"@type":"ListItem","position":1,"name":"Portada","item":"https:\/\/falgas.net\/es\/"},{"@type":"ListItem","position":2,"name":"Quienes somos"}]},{"@type":"WebSite","@id":"https:\/\/falgas.net\/es\/#website","url":"https:\/\/falgas.net\/es\/","name":"Falgas","description":"Otro sitio realizado con WordPress","publisher":{"@id":"https:\/\/falgas.net\/es\/#organization"},"potentialAction":[{"@type":"SearchAction","target":{"@type":"EntryPoint","urlTemplate":"https:\/\/falgas.net\/es\/?s={search_term_string}"},"query-input":{"@type":"PropertyValueSpecification","valueRequired":true,"valueName":"search_term_string"}}],"inLanguage":"es"},{"@type":"Organization","@id":"https:\/\/falgas.net\/es\/#organization","name":"Falg\u00e0s","url":"https:\/\/falgas.net\/es\/","logo":{"@type":"ImageObject","inLanguage":"es","@id":"https:\/\/falgas.net\/es\/#\/schema\/logo\/image\/","url":"https:\/\/falgas.net\/wp-content\/uploads\/2019\/07\/logo-gloria-falgas-1024x344.png","contentUrl":"https:\/\/falgas.net\/wp-content\/uploads\/2019\/07\/logo-gloria-falgas-1024x344.png","width":1024,"height":344,"caption":"Falg\u00e0s"},"image":{"@id":"https:\/\/falgas.net\/es\/#\/schema\/logo\/image\/"}}]}},"_links":{"self":[{"href":"https:\/\/falgas.net\/es\/wp-json\/wp\/v2\/pages\/481","targetHints":{"allow":["GET"]}}],"collection":[{"href":"https:\/\/falgas.net\/es\/wp-json\/wp\/v2\/pages"}],"about":[{"href":"https:\/\/falgas.net\/es\/wp-json\/wp\/v2\/types\/page"}],"author":[{"embeddable":true,"href":"https:\/\/falgas.net\/es\/wp-json\/wp\/v2\/users\/1"}],"replies":[{"embeddable":true,"href":"https:\/\/falgas.net\/es\/wp-json\/wp\/v2\/comments?post=481"}],"version-history":[{"count":10,"href":"https:\/\/falgas.net\/es\/wp-json\/wp\/v2\/pages\/481\/revisions"}],"predecessor-version":[{"id":1458,"href":"https:\/\/falgas.net\/es\/wp-json\/wp\/v2\/pages\/481\/revisions\/1458"}],"wp:attachment":[{"href":"https:\/\/falgas.net\/es\/wp-json\/wp\/v2\/media?parent=481"}],"curies":[{"name":"wp","href":"https:\/\/api.w.org\/{rel}","templated":true}]}}