{"id":824,"date":"2019-07-16T12:34:24","date_gmt":"2019-07-16T10:34:24","guid":{"rendered":"http:\/\/falgas-cp491.wordpresstemporal.com\/commercial-law%e2%80%8b\/"},"modified":"2020-11-25T15:57:14","modified_gmt":"2020-11-25T14:57:14","slug":"commercial-law%e2%80%8b","status":"publish","type":"page","link":"https:\/\/falgas.net\/en\/commercial-law%e2%80%8b\/","title":{"rendered":"Commercial law\u200b"},"content":{"rendered":"\t\t<div data-elementor-type=\"wp-post\" data-elementor-id=\"824\" class=\"elementor elementor-824 elementor-821\">\n\t\t\t\t\t\t<section class=\"elementor-section elementor-top-section elementor-element elementor-element-2b38956 elementor-section-height-min-height elementor-section-boxed elementor-section-height-default elementor-section-items-middle\" data-id=\"2b38956\" data-element_type=\"section\" data-e-type=\"section\" data-settings=\"{&quot;background_background&quot;:&quot;classic&quot;}\">\n\t\t\t\t\t\t<div class=\"elementor-container elementor-column-gap-default\">\n\t\t\t\t\t<div class=\"elementor-column elementor-col-100 elementor-top-column elementor-element elementor-element-0917a65\" data-id=\"0917a65\" data-element_type=\"column\" data-e-type=\"column\">\n\t\t\t<div class=\"elementor-widget-wrap elementor-element-populated\">\n\t\t\t\t\t\t<div class=\"elementor-element elementor-element-0c64045 elementor-widget elementor-widget-heading\" data-id=\"0c64045\" data-element_type=\"widget\" data-e-type=\"widget\" data-widget_type=\"heading.default\">\n\t\t\t\t<div class=\"elementor-widget-container\">\n\t\t\t\t\t<h1 class=\"elementor-heading-title elementor-size-default\">Commercial law\u200b<\/h1>\t\t\t\t<\/div>\n\t\t\t\t<\/div>\n\t\t\t\t\t<\/div>\n\t\t<\/div>\n\t\t\t\t\t<\/div>\n\t\t<\/section>\n\t\t\t\t<section class=\"elementor-section elementor-top-section elementor-element elementor-element-4d15316 elementor-section-boxed elementor-section-height-default elementor-section-height-default\" data-id=\"4d15316\" data-element_type=\"section\" data-e-type=\"section\">\n\t\t\t\t\t\t<div class=\"elementor-container elementor-column-gap-default\">\n\t\t\t\t\t<div class=\"elementor-column elementor-col-100 elementor-top-column elementor-element elementor-element-b260532\" data-id=\"b260532\" data-element_type=\"column\" data-e-type=\"column\">\n\t\t\t<div class=\"elementor-widget-wrap elementor-element-populated\">\n\t\t\t\t\t\t<div class=\"elementor-element elementor-element-6fa62f2 elementor-widget elementor-widget-spacer\" data-id=\"6fa62f2\" data-element_type=\"widget\" data-e-type=\"widget\" data-widget_type=\"spacer.default\">\n\t\t\t\t<div class=\"elementor-widget-container\">\n\t\t\t\t\t\t\t<div class=\"elementor-spacer\">\n\t\t\t<div class=\"elementor-spacer-inner\"><\/div>\n\t\t<\/div>\n\t\t\t\t\t\t<\/div>\n\t\t\t\t<\/div>\n\t\t\t\t\t<\/div>\n\t\t<\/div>\n\t\t\t\t\t<\/div>\n\t\t<\/section>\n\t\t\t\t<section class=\"elementor-section elementor-top-section elementor-element elementor-element-81033da elementor-section-boxed elementor-section-height-default elementor-section-height-default\" data-id=\"81033da\" data-element_type=\"section\" data-e-type=\"section\">\n\t\t\t\t\t\t<div class=\"elementor-container elementor-column-gap-default\">\n\t\t\t\t\t<div class=\"elementor-column elementor-col-100 elementor-top-column elementor-element elementor-element-0a1ced6\" data-id=\"0a1ced6\" data-element_type=\"column\" data-e-type=\"column\">\n\t\t\t<div class=\"elementor-widget-wrap elementor-element-populated\">\n\t\t\t\t\t\t<div class=\"elementor-element elementor-element-a5f86c5 elementor-widget elementor-widget-text-editor\" data-id=\"a5f86c5\" data-element_type=\"widget\" data-e-type=\"widget\" data-widget_type=\"text-editor.default\">\n\t\t\t\t<div class=\"elementor-widget-container\">\n\t\t\t\t\t\t\t\t\t<p>Many manufacturers and exporters rely on us to represent them in Courts and Tribunals and to advise them.<\/p><p>As far as our field of activity is concerned: Figueres, and the important localities of the province such as Empuriabrava, Roses-Santa Margarita, Llan\u00e7\u00e0, Jonquera, Escala, etc .; Girona, and localities such as Bisbal, San Feliu de Guixols, Begur, Lloret de Mar, etc. Valencia, Madrid and Barcelona although we can proceed to any other city.<\/p>\t\t\t\t\t\t\t\t<\/div>\n\t\t\t\t<\/div>\n\t\t\t\t\t<\/div>\n\t\t<\/div>\n\t\t\t\t\t<\/div>\n\t\t<\/section>\n\t\t\t\t<section class=\"elementor-section elementor-top-section elementor-element elementor-element-0614a3f elementor-section-boxed elementor-section-height-default elementor-section-height-default\" data-id=\"0614a3f\" data-element_type=\"section\" data-e-type=\"section\">\n\t\t\t\t\t\t<div class=\"elementor-container elementor-column-gap-default\">\n\t\t\t\t\t<div class=\"elementor-column elementor-col-100 elementor-top-column elementor-element elementor-element-1fbfca8\" data-id=\"1fbfca8\" data-element_type=\"column\" data-e-type=\"column\">\n\t\t\t<div class=\"elementor-widget-wrap elementor-element-populated\">\n\t\t\t\t\t\t<div class=\"elementor-element elementor-element-2482c27 elementor-widget elementor-widget-text-editor\" data-id=\"2482c27\" data-element_type=\"widget\" data-e-type=\"widget\" data-widget_type=\"text-editor.default\">\n\t\t\t\t<div class=\"elementor-widget-container\">\n\t\t\t\t\t\t\t\t\t<p>Exercice d&#8217;actions judiciaires, dont quelques unes \u00e1 titre d&#8217; illustration:<\/p><ul><li style=\"list-style-type: none;\"><ul><li style=\"list-style-type: none;\"><ul><li>Assistance l\u00e9gale et consultations.<\/li><li>R\u00e9daction de contrats commerciaux.<\/li><li>Constitution y cr\u00e9ation de soci\u00e9t\u00e9s commerciales.<\/li><li>D\u00e9marches extrajudiciaires et obtention d\u2019accords amiables.<\/li><li>Repr\u00e9sentation et actuation en cas de faillite.<\/li><li>R\u00e9clamations de paiements de dettes en Espagne.<\/li><li>Commerce International.<\/li><li>Achat et vente de marchandises.<\/li><li>R\u00e9clamations Achats Internationaux.<\/li><li>Produits d\u00e9fectueux.<\/li><li>R\u00e9clamations sur des Lettres de Change, Ch\u00e8ques et Billets \u00e0 Ordre.<\/li><li>R\u00e9clamations Polices d\u2019Assurances.<\/li><li>Constitution et cr\u00e9ation de soci\u00e9t\u00e9s.<\/li><li>Cr\u00e9dits Documentaires.<\/li><li>Contrat d\u2019agence commerciale.<\/li><li>Contrat de distribution.<\/li><li>Contrat de franchise.<\/li><li>Fourniture Industrielle.<\/li><li>Concurrence d\u00e9loyale.<\/li><li>Contrats de confidentialit\u00e9, cession, collaboration technologique.<\/li><li>Droits d\u2019auteur et similaires.<\/li><li>Licences de savoir-faire.<\/li><li>Licences de marques.<\/li><li>Contrat de Transport.<\/li><li>Droit bancaire.<\/li><li>\u00ab Ley Concursal \u00bb (Faillites).<\/li><\/ul><\/li><\/ul><\/li><\/ul>\t\t\t\t\t\t\t\t<\/div>\n\t\t\t\t<\/div>\n\t\t\t\t\t<\/div>\n\t\t<\/div>\n\t\t\t\t\t<\/div>\n\t\t<\/section>\n\t\t\t\t<\/div>\n\t\t","protected":false},"excerpt":{"rendered":"<p>Commercial law\u200b Many manufacturers and exporters rely on us to represent them in Courts and Tribunals and to advise them. As far as our field of activity is concerned: Figueres, and the important localities of &#8230; <\/p>\n<p class=\"read-more-container\"><a title=\"Commercial law\u200b\" class=\"read-more button\" href=\"https:\/\/falgas.net\/en\/commercial-law%e2%80%8b\/#more-824\" aria-label=\"Read more about Commercial law\u200b\">Read More<\/a><\/p>\n","protected":false},"author":1,"featured_media":0,"parent":0,"menu_order":2,"comment_status":"closed","ping_status":"closed","template":"","meta":{"footnotes":""},"class_list":{"0":"post-824","1":"page","2":"type-page","3":"status-publish","5":"no-featured-image-padding"},"yoast_head":"<!-- This site is optimized with the Yoast SEO plugin v27.1.1 - https:\/\/yoast.com\/product\/yoast-seo-wordpress\/ -->\n<title>Commercial law\u200b - Falgas<\/title>\n<meta name=\"description\" content=\"Bufete jur\u00eddico Falg\u00e0s, ubicado en Figueres, le ayuda con la asesor\u00eda jur\u00eddica en derecho de familia, penal, laboral, mercantil, extranjer\u00eda y derecho civil nacional\" \/>\n<meta name=\"robots\" content=\"index, follow, max-snippet:-1, max-image-preview:large, max-video-preview:-1\" \/>\n<link rel=\"canonical\" href=\"https:\/\/falgas.net\/en\/commercial-law%e2%80%8b\/\" \/>\n<meta property=\"og:locale\" content=\"en_US\" \/>\n<meta property=\"og:type\" content=\"article\" \/>\n<meta property=\"og:title\" content=\"Commercial law\u200b - Falgas\" \/>\n<meta property=\"og:description\" content=\"Bufete jur\u00eddico Falg\u00e0s, ubicado en Figueres, le ayuda con la asesor\u00eda jur\u00eddica en derecho de familia, penal, laboral, mercantil, extranjer\u00eda y derecho civil nacional\" \/>\n<meta property=\"og:url\" content=\"https:\/\/falgas.net\/en\/commercial-law%e2%80%8b\/\" \/>\n<meta property=\"og:site_name\" content=\"Falgas\" \/>\n<meta property=\"article:modified_time\" content=\"2020-11-25T14:57:14+00:00\" \/>\n<meta name=\"twitter:card\" content=\"summary_large_image\" \/>\n<meta name=\"twitter:label1\" content=\"Est. reading time\" \/>\n\t<meta name=\"twitter:data1\" content=\"1 minute\" \/>\n<script type=\"application\/ld+json\" class=\"yoast-schema-graph\">{\"@context\":\"https:\/\/schema.org\",\"@graph\":[{\"@type\":\"WebPage\",\"@id\":\"https:\/\/falgas.net\/en\/commercial-law%e2%80%8b\/\",\"url\":\"https:\/\/falgas.net\/en\/commercial-law%e2%80%8b\/\",\"name\":\"Commercial law\u200b - Falgas\",\"isPartOf\":{\"@id\":\"https:\/\/falgas.net\/en\/#website\"},\"datePublished\":\"2019-07-16T10:34:24+00:00\",\"dateModified\":\"2020-11-25T14:57:14+00:00\",\"description\":\"Bufete jur\u00eddico Falg\u00e0s, ubicado en Figueres, le ayuda con la asesor\u00eda jur\u00eddica en derecho de familia, penal, laboral, mercantil, extranjer\u00eda y derecho civil nacional\",\"breadcrumb\":{\"@id\":\"https:\/\/falgas.net\/en\/commercial-law%e2%80%8b\/#breadcrumb\"},\"inLanguage\":\"en-US\",\"potentialAction\":[{\"@type\":\"ReadAction\",\"target\":[\"https:\/\/falgas.net\/en\/commercial-law%e2%80%8b\/\"]}]},{\"@type\":\"BreadcrumbList\",\"@id\":\"https:\/\/falgas.net\/en\/commercial-law%e2%80%8b\/#breadcrumb\",\"itemListElement\":[{\"@type\":\"ListItem\",\"position\":1,\"name\":\"Portada\",\"item\":\"https:\/\/falgas.net\/en\/\"},{\"@type\":\"ListItem\",\"position\":2,\"name\":\"Commercial law\u200b\"}]},{\"@type\":\"WebSite\",\"@id\":\"https:\/\/falgas.net\/en\/#website\",\"url\":\"https:\/\/falgas.net\/en\/\",\"name\":\"Falgas\",\"description\":\"Otro sitio realizado con WordPress\",\"publisher\":{\"@id\":\"https:\/\/falgas.net\/en\/#organization\"},\"potentialAction\":[{\"@type\":\"SearchAction\",\"target\":{\"@type\":\"EntryPoint\",\"urlTemplate\":\"https:\/\/falgas.net\/en\/?s={search_term_string}\"},\"query-input\":{\"@type\":\"PropertyValueSpecification\",\"valueRequired\":true,\"valueName\":\"search_term_string\"}}],\"inLanguage\":\"en-US\"},{\"@type\":\"Organization\",\"@id\":\"https:\/\/falgas.net\/en\/#organization\",\"name\":\"Falg\u00e0s\",\"url\":\"https:\/\/falgas.net\/en\/\",\"logo\":{\"@type\":\"ImageObject\",\"inLanguage\":\"en-US\",\"@id\":\"https:\/\/falgas.net\/en\/#\/schema\/logo\/image\/\",\"url\":\"https:\/\/falgas.net\/wp-content\/uploads\/2019\/07\/logo-gloria-falgas-1024x344.png\",\"contentUrl\":\"https:\/\/falgas.net\/wp-content\/uploads\/2019\/07\/logo-gloria-falgas-1024x344.png\",\"width\":1024,\"height\":344,\"caption\":\"Falg\u00e0s\"},\"image\":{\"@id\":\"https:\/\/falgas.net\/en\/#\/schema\/logo\/image\/\"}}]}<\/script>\n<!-- \/ Yoast SEO plugin. -->","yoast_head_json":{"title":"Commercial law\u200b - Falgas","description":"Bufete jur\u00eddico Falg\u00e0s, ubicado en Figueres, le ayuda con la asesor\u00eda jur\u00eddica en derecho de familia, penal, laboral, mercantil, extranjer\u00eda y derecho civil nacional","robots":{"index":"index","follow":"follow","max-snippet":"max-snippet:-1","max-image-preview":"max-image-preview:large","max-video-preview":"max-video-preview:-1"},"canonical":"https:\/\/falgas.net\/en\/commercial-law%e2%80%8b\/","og_locale":"en_US","og_type":"article","og_title":"Commercial law\u200b - Falgas","og_description":"Bufete jur\u00eddico Falg\u00e0s, ubicado en Figueres, le ayuda con la asesor\u00eda jur\u00eddica en derecho de familia, penal, laboral, mercantil, extranjer\u00eda y derecho civil nacional","og_url":"https:\/\/falgas.net\/en\/commercial-law%e2%80%8b\/","og_site_name":"Falgas","article_modified_time":"2020-11-25T14:57:14+00:00","twitter_card":"summary_large_image","twitter_misc":{"Est. reading time":"1 minute"},"schema":{"@context":"https:\/\/schema.org","@graph":[{"@type":"WebPage","@id":"https:\/\/falgas.net\/en\/commercial-law%e2%80%8b\/","url":"https:\/\/falgas.net\/en\/commercial-law%e2%80%8b\/","name":"Commercial law\u200b - Falgas","isPartOf":{"@id":"https:\/\/falgas.net\/en\/#website"},"datePublished":"2019-07-16T10:34:24+00:00","dateModified":"2020-11-25T14:57:14+00:00","description":"Bufete jur\u00eddico Falg\u00e0s, ubicado en Figueres, le ayuda con la asesor\u00eda jur\u00eddica en derecho de familia, penal, laboral, mercantil, extranjer\u00eda y derecho civil nacional","breadcrumb":{"@id":"https:\/\/falgas.net\/en\/commercial-law%e2%80%8b\/#breadcrumb"},"inLanguage":"en-US","potentialAction":[{"@type":"ReadAction","target":["https:\/\/falgas.net\/en\/commercial-law%e2%80%8b\/"]}]},{"@type":"BreadcrumbList","@id":"https:\/\/falgas.net\/en\/commercial-law%e2%80%8b\/#breadcrumb","itemListElement":[{"@type":"ListItem","position":1,"name":"Portada","item":"https:\/\/falgas.net\/en\/"},{"@type":"ListItem","position":2,"name":"Commercial law\u200b"}]},{"@type":"WebSite","@id":"https:\/\/falgas.net\/en\/#website","url":"https:\/\/falgas.net\/en\/","name":"Falgas","description":"Otro sitio realizado con WordPress","publisher":{"@id":"https:\/\/falgas.net\/en\/#organization"},"potentialAction":[{"@type":"SearchAction","target":{"@type":"EntryPoint","urlTemplate":"https:\/\/falgas.net\/en\/?s={search_term_string}"},"query-input":{"@type":"PropertyValueSpecification","valueRequired":true,"valueName":"search_term_string"}}],"inLanguage":"en-US"},{"@type":"Organization","@id":"https:\/\/falgas.net\/en\/#organization","name":"Falg\u00e0s","url":"https:\/\/falgas.net\/en\/","logo":{"@type":"ImageObject","inLanguage":"en-US","@id":"https:\/\/falgas.net\/en\/#\/schema\/logo\/image\/","url":"https:\/\/falgas.net\/wp-content\/uploads\/2019\/07\/logo-gloria-falgas-1024x344.png","contentUrl":"https:\/\/falgas.net\/wp-content\/uploads\/2019\/07\/logo-gloria-falgas-1024x344.png","width":1024,"height":344,"caption":"Falg\u00e0s"},"image":{"@id":"https:\/\/falgas.net\/en\/#\/schema\/logo\/image\/"}}]}},"_links":{"self":[{"href":"https:\/\/falgas.net\/en\/wp-json\/wp\/v2\/pages\/824","targetHints":{"allow":["GET"]}}],"collection":[{"href":"https:\/\/falgas.net\/en\/wp-json\/wp\/v2\/pages"}],"about":[{"href":"https:\/\/falgas.net\/en\/wp-json\/wp\/v2\/types\/page"}],"author":[{"embeddable":true,"href":"https:\/\/falgas.net\/en\/wp-json\/wp\/v2\/users\/1"}],"replies":[{"embeddable":true,"href":"https:\/\/falgas.net\/en\/wp-json\/wp\/v2\/comments?post=824"}],"version-history":[{"count":11,"href":"https:\/\/falgas.net\/en\/wp-json\/wp\/v2\/pages\/824\/revisions"}],"predecessor-version":[{"id":934,"href":"https:\/\/falgas.net\/en\/wp-json\/wp\/v2\/pages\/824\/revisions\/934"}],"wp:attachment":[{"href":"https:\/\/falgas.net\/en\/wp-json\/wp\/v2\/media?parent=824"}],"curies":[{"name":"wp","href":"https:\/\/api.w.org\/{rel}","templated":true}]}}