{"id":776,"date":"2019-07-16T11:59:24","date_gmt":"2019-07-16T09:59:24","guid":{"rendered":"http:\/\/falgas-cp491.wordpresstemporal.com\/civil-law%e2%80%8b\/"},"modified":"2020-11-25T15:57:45","modified_gmt":"2020-11-25T14:57:45","slug":"civil-law%e2%80%8b","status":"publish","type":"page","link":"https:\/\/falgas.net\/en\/civil-law%e2%80%8b\/","title":{"rendered":"Civil law\u200b"},"content":{"rendered":"\t\t<div data-elementor-type=\"wp-post\" data-elementor-id=\"776\" class=\"elementor elementor-776 elementor-757\">\n\t\t\t\t\t\t<section class=\"elementor-section elementor-top-section elementor-element elementor-element-82648f5 elementor-section-height-min-height elementor-section-boxed elementor-section-height-default elementor-section-items-middle\" data-id=\"82648f5\" data-element_type=\"section\" data-e-type=\"section\" data-settings=\"{&quot;background_background&quot;:&quot;classic&quot;}\">\n\t\t\t\t\t\t<div class=\"elementor-container elementor-column-gap-default\">\n\t\t\t\t\t<div class=\"elementor-column elementor-col-100 elementor-top-column elementor-element elementor-element-de6b246\" data-id=\"de6b246\" data-element_type=\"column\" data-e-type=\"column\">\n\t\t\t<div class=\"elementor-widget-wrap elementor-element-populated\">\n\t\t\t\t\t\t<div class=\"elementor-element elementor-element-e0cbe97 elementor-widget elementor-widget-heading\" data-id=\"e0cbe97\" data-element_type=\"widget\" data-e-type=\"widget\" data-widget_type=\"heading.default\">\n\t\t\t\t<div class=\"elementor-widget-container\">\n\t\t\t\t\t<h1 class=\"elementor-heading-title elementor-size-default\">Civil law\u200b<\/h1>\t\t\t\t<\/div>\n\t\t\t\t<\/div>\n\t\t\t\t\t<\/div>\n\t\t<\/div>\n\t\t\t\t\t<\/div>\n\t\t<\/section>\n\t\t\t\t<section class=\"elementor-section elementor-top-section elementor-element elementor-element-9c29315 elementor-section-boxed elementor-section-height-default elementor-section-height-default\" data-id=\"9c29315\" data-element_type=\"section\" data-e-type=\"section\">\n\t\t\t\t\t\t<div class=\"elementor-container elementor-column-gap-default\">\n\t\t\t\t\t<div class=\"elementor-column elementor-col-100 elementor-top-column elementor-element elementor-element-1b484f9\" data-id=\"1b484f9\" data-element_type=\"column\" data-e-type=\"column\">\n\t\t\t<div class=\"elementor-widget-wrap elementor-element-populated\">\n\t\t\t\t\t\t<div class=\"elementor-element elementor-element-a83abe5 elementor-widget elementor-widget-spacer\" data-id=\"a83abe5\" data-element_type=\"widget\" data-e-type=\"widget\" data-widget_type=\"spacer.default\">\n\t\t\t\t<div class=\"elementor-widget-container\">\n\t\t\t\t\t\t\t<div class=\"elementor-spacer\">\n\t\t\t<div class=\"elementor-spacer-inner\"><\/div>\n\t\t<\/div>\n\t\t\t\t\t\t<\/div>\n\t\t\t\t<\/div>\n\t\t\t\t\t<\/div>\n\t\t<\/div>\n\t\t\t\t\t<\/div>\n\t\t<\/section>\n\t\t\t\t<section class=\"elementor-section elementor-top-section elementor-element elementor-element-cbf37d1 elementor-section-boxed elementor-section-height-default elementor-section-height-default\" data-id=\"cbf37d1\" data-element_type=\"section\" data-e-type=\"section\">\n\t\t\t\t\t\t<div class=\"elementor-container elementor-column-gap-default\">\n\t\t\t\t\t<div class=\"elementor-column elementor-col-100 elementor-top-column elementor-element elementor-element-a7dd9d3\" data-id=\"a7dd9d3\" data-element_type=\"column\" data-e-type=\"column\">\n\t\t\t<div class=\"elementor-widget-wrap elementor-element-populated\">\n\t\t\t\t\t\t<div class=\"elementor-element elementor-element-b5ea1fb elementor-widget elementor-widget-text-editor\" data-id=\"b5ea1fb\" data-element_type=\"widget\" data-e-type=\"widget\" data-widget_type=\"text-editor.default\">\n\t\t\t\t<div class=\"elementor-widget-container\">\n\t\t\t\t\t\t\t\t\t<p>Our legal actions take place in the following Spanish locations: Figueres &#8211; Costa Brava and its important siuations as Roses, Empuriabrava, Llan\u00e7\u00e0, Portbou, l&#8217;Escala etc. Girona and locations nearby Bisbal, San Feliu de Guixols, Begur, Lloret de Mar, Blanes, etc, ; Barcelona, Valencia and, Madrid, but we can act in any other Spanish city.<\/p>\n\t\t\t\t\t\t\t\t<\/div>\n\t\t\t\t<\/div>\n\t\t\t\t\t<\/div>\n\t\t<\/div>\n\t\t\t\t\t<\/div>\n\t\t<\/section>\n\t\t\t\t<section class=\"elementor-section elementor-top-section elementor-element elementor-element-7d1a52b elementor-section-boxed elementor-section-height-default elementor-section-height-default\" data-id=\"7d1a52b\" data-element_type=\"section\" data-e-type=\"section\">\n\t\t\t\t\t\t<div class=\"elementor-container elementor-column-gap-default\">\n\t\t\t\t\t<div class=\"elementor-column elementor-col-100 elementor-top-column elementor-element elementor-element-94bf9fd\" data-id=\"94bf9fd\" data-element_type=\"column\" data-e-type=\"column\">\n\t\t\t<div class=\"elementor-widget-wrap elementor-element-populated\">\n\t\t\t\t\t\t<div class=\"elementor-element elementor-element-1cb3dbe elementor-widget elementor-widget-text-editor\" data-id=\"1cb3dbe\" data-element_type=\"widget\" data-e-type=\"widget\" data-widget_type=\"text-editor.default\">\n\t\t\t\t<div class=\"elementor-widget-container\">\n\t\t\t\t\t\t\t\t\t<p>Actions in any Courts and Tribunals, including among others and merely by way of example, the following:<\/p>\n<ul>\n<li style=\"list-style-type: none;\">\n<ul>\n<li>Checkings of the Real Estate purchase and sale.<\/li>\n<li>Property purchase.<\/li>\n<li>Division of joint owner-ship.<\/li>\n<li>Enforced sale.<\/li>\n<li>Purchases and Sales.<\/li>\n<li>Construction faults.<\/li>\n<li>Property damages.<\/li>\n<li>Garanzie restituzione denaro consegnato.<\/li>\n<li>Consegna d\u2019alloggio entro termine.<\/li>\n<li>Responsabilit\u00e0 del contratista.<\/li>\n<li>Responsabilit\u00e0 del costruttore.<\/li>\n<li>Responsabilit\u00e0 del promotore.<\/li>\n<li>Responsabilit\u00e0 dei tecnici<\/li>\n<li>Doppia vendita.<\/li>\n<li>Eredit\u00e0.<\/li>\n<li>Attribuzioni d\u2019eredit\u00e0.<\/li>\n<li>Divisione dell\u2019eredit\u00e0.<\/li>\n<li>Eredit\u00e0 di stranieri con beni in Spagna<\/li>\n<li>Azioni rapide per il recupero dei beni d\u2019eredit\u00e0.<\/li>\n<li>Azioni fino il registro di beni a nome dei eredi.<\/li>\n<li>Reclami di dette.<\/li>\n<li>Reclami d\u2019impagati.<\/li>\n<li>Reclami economici.<\/li>\n<li>Inadempimenti contrattuali.<\/li>\n<li>Non pagati.<\/li>\n<li>Morosit\u00e0.<\/li>\n<li>Danni e interessi.<\/li>\n<li>Altri danni e interessi.<\/li>\n<li>Incidenti stradali.<\/li>\n<\/ul>\n<\/li>\n<\/ul>\n\t\t\t\t\t\t\t\t<\/div>\n\t\t\t\t<\/div>\n\t\t\t\t\t<\/div>\n\t\t<\/div>\n\t\t\t\t\t<\/div>\n\t\t<\/section>\n\t\t\t\t<\/div>\n\t\t","protected":false},"excerpt":{"rendered":"<p>Civil law\u200b Our legal actions take place in the following Spanish locations: Figueres &#8211; Costa Brava and its important siuations as Roses, Empuriabrava, Llan\u00e7\u00e0, Portbou, l&#8217;Escala etc. Girona and locations nearby Bisbal, San Feliu de &#8230; <\/p>\n<p class=\"read-more-container\"><a title=\"Civil law\u200b\" class=\"read-more button\" href=\"https:\/\/falgas.net\/en\/civil-law%e2%80%8b\/#more-776\" aria-label=\"Read more about Civil law\u200b\">Read More<\/a><\/p>\n","protected":false},"author":1,"featured_media":0,"parent":0,"menu_order":0,"comment_status":"closed","ping_status":"closed","template":"","meta":{"footnotes":""},"class_list":{"0":"post-776","1":"page","2":"type-page","3":"status-publish","5":"no-featured-image-padding"},"yoast_head":"<!-- This site is optimized with the Yoast SEO plugin v27.1.1 - https:\/\/yoast.com\/product\/yoast-seo-wordpress\/ -->\n<title>Civil law\u200b - Falgas<\/title>\n<meta name=\"description\" content=\"Bufete jur\u00eddico Falg\u00e0s, ubicado en Figueres, le ayuda con la asesor\u00eda jur\u00eddica en derecho de familia, penal, laboral, mercantil, extranjer\u00eda y derecho civil nacional\" \/>\n<meta name=\"robots\" content=\"index, follow, max-snippet:-1, max-image-preview:large, max-video-preview:-1\" \/>\n<link rel=\"canonical\" href=\"https:\/\/falgas.net\/en\/civil-law%e2%80%8b\/\" \/>\n<meta property=\"og:locale\" content=\"en_US\" \/>\n<meta property=\"og:type\" content=\"article\" \/>\n<meta property=\"og:title\" content=\"Civil law\u200b - Falgas\" \/>\n<meta property=\"og:description\" content=\"Bufete jur\u00eddico Falg\u00e0s, ubicado en Figueres, le ayuda con la asesor\u00eda jur\u00eddica en derecho de familia, penal, laboral, mercantil, extranjer\u00eda y derecho civil nacional\" \/>\n<meta property=\"og:url\" content=\"https:\/\/falgas.net\/en\/civil-law%e2%80%8b\/\" \/>\n<meta property=\"og:site_name\" content=\"Falgas\" \/>\n<meta property=\"article:modified_time\" content=\"2020-11-25T14:57:45+00:00\" \/>\n<meta name=\"twitter:card\" content=\"summary_large_image\" \/>\n<meta name=\"twitter:label1\" content=\"Est. reading time\" \/>\n\t<meta name=\"twitter:data1\" content=\"1 minute\" \/>\n<script type=\"application\/ld+json\" class=\"yoast-schema-graph\">{\"@context\":\"https:\/\/schema.org\",\"@graph\":[{\"@type\":\"WebPage\",\"@id\":\"https:\/\/falgas.net\/en\/civil-law%e2%80%8b\/\",\"url\":\"https:\/\/falgas.net\/en\/civil-law%e2%80%8b\/\",\"name\":\"Civil law\u200b - Falgas\",\"isPartOf\":{\"@id\":\"https:\/\/falgas.net\/en\/#website\"},\"datePublished\":\"2019-07-16T09:59:24+00:00\",\"dateModified\":\"2020-11-25T14:57:45+00:00\",\"description\":\"Bufete jur\u00eddico Falg\u00e0s, ubicado en Figueres, le ayuda con la asesor\u00eda jur\u00eddica en derecho de familia, penal, laboral, mercantil, extranjer\u00eda y derecho civil nacional\",\"breadcrumb\":{\"@id\":\"https:\/\/falgas.net\/en\/civil-law%e2%80%8b\/#breadcrumb\"},\"inLanguage\":\"en-US\",\"potentialAction\":[{\"@type\":\"ReadAction\",\"target\":[\"https:\/\/falgas.net\/en\/civil-law%e2%80%8b\/\"]}]},{\"@type\":\"BreadcrumbList\",\"@id\":\"https:\/\/falgas.net\/en\/civil-law%e2%80%8b\/#breadcrumb\",\"itemListElement\":[{\"@type\":\"ListItem\",\"position\":1,\"name\":\"Portada\",\"item\":\"https:\/\/falgas.net\/en\/\"},{\"@type\":\"ListItem\",\"position\":2,\"name\":\"Civil law\u200b\"}]},{\"@type\":\"WebSite\",\"@id\":\"https:\/\/falgas.net\/en\/#website\",\"url\":\"https:\/\/falgas.net\/en\/\",\"name\":\"Falgas\",\"description\":\"Otro sitio realizado con WordPress\",\"publisher\":{\"@id\":\"https:\/\/falgas.net\/en\/#organization\"},\"potentialAction\":[{\"@type\":\"SearchAction\",\"target\":{\"@type\":\"EntryPoint\",\"urlTemplate\":\"https:\/\/falgas.net\/en\/?s={search_term_string}\"},\"query-input\":{\"@type\":\"PropertyValueSpecification\",\"valueRequired\":true,\"valueName\":\"search_term_string\"}}],\"inLanguage\":\"en-US\"},{\"@type\":\"Organization\",\"@id\":\"https:\/\/falgas.net\/en\/#organization\",\"name\":\"Falg\u00e0s\",\"url\":\"https:\/\/falgas.net\/en\/\",\"logo\":{\"@type\":\"ImageObject\",\"inLanguage\":\"en-US\",\"@id\":\"https:\/\/falgas.net\/en\/#\/schema\/logo\/image\/\",\"url\":\"https:\/\/falgas.net\/wp-content\/uploads\/2019\/07\/logo-gloria-falgas-1024x344.png\",\"contentUrl\":\"https:\/\/falgas.net\/wp-content\/uploads\/2019\/07\/logo-gloria-falgas-1024x344.png\",\"width\":1024,\"height\":344,\"caption\":\"Falg\u00e0s\"},\"image\":{\"@id\":\"https:\/\/falgas.net\/en\/#\/schema\/logo\/image\/\"}}]}<\/script>\n<!-- \/ Yoast SEO plugin. -->","yoast_head_json":{"title":"Civil law\u200b - Falgas","description":"Bufete jur\u00eddico Falg\u00e0s, ubicado en Figueres, le ayuda con la asesor\u00eda jur\u00eddica en derecho de familia, penal, laboral, mercantil, extranjer\u00eda y derecho civil nacional","robots":{"index":"index","follow":"follow","max-snippet":"max-snippet:-1","max-image-preview":"max-image-preview:large","max-video-preview":"max-video-preview:-1"},"canonical":"https:\/\/falgas.net\/en\/civil-law%e2%80%8b\/","og_locale":"en_US","og_type":"article","og_title":"Civil law\u200b - Falgas","og_description":"Bufete jur\u00eddico Falg\u00e0s, ubicado en Figueres, le ayuda con la asesor\u00eda jur\u00eddica en derecho de familia, penal, laboral, mercantil, extranjer\u00eda y derecho civil nacional","og_url":"https:\/\/falgas.net\/en\/civil-law%e2%80%8b\/","og_site_name":"Falgas","article_modified_time":"2020-11-25T14:57:45+00:00","twitter_card":"summary_large_image","twitter_misc":{"Est. reading time":"1 minute"},"schema":{"@context":"https:\/\/schema.org","@graph":[{"@type":"WebPage","@id":"https:\/\/falgas.net\/en\/civil-law%e2%80%8b\/","url":"https:\/\/falgas.net\/en\/civil-law%e2%80%8b\/","name":"Civil law\u200b - Falgas","isPartOf":{"@id":"https:\/\/falgas.net\/en\/#website"},"datePublished":"2019-07-16T09:59:24+00:00","dateModified":"2020-11-25T14:57:45+00:00","description":"Bufete jur\u00eddico Falg\u00e0s, ubicado en Figueres, le ayuda con la asesor\u00eda jur\u00eddica en derecho de familia, penal, laboral, mercantil, extranjer\u00eda y derecho civil nacional","breadcrumb":{"@id":"https:\/\/falgas.net\/en\/civil-law%e2%80%8b\/#breadcrumb"},"inLanguage":"en-US","potentialAction":[{"@type":"ReadAction","target":["https:\/\/falgas.net\/en\/civil-law%e2%80%8b\/"]}]},{"@type":"BreadcrumbList","@id":"https:\/\/falgas.net\/en\/civil-law%e2%80%8b\/#breadcrumb","itemListElement":[{"@type":"ListItem","position":1,"name":"Portada","item":"https:\/\/falgas.net\/en\/"},{"@type":"ListItem","position":2,"name":"Civil law\u200b"}]},{"@type":"WebSite","@id":"https:\/\/falgas.net\/en\/#website","url":"https:\/\/falgas.net\/en\/","name":"Falgas","description":"Otro sitio realizado con WordPress","publisher":{"@id":"https:\/\/falgas.net\/en\/#organization"},"potentialAction":[{"@type":"SearchAction","target":{"@type":"EntryPoint","urlTemplate":"https:\/\/falgas.net\/en\/?s={search_term_string}"},"query-input":{"@type":"PropertyValueSpecification","valueRequired":true,"valueName":"search_term_string"}}],"inLanguage":"en-US"},{"@type":"Organization","@id":"https:\/\/falgas.net\/en\/#organization","name":"Falg\u00e0s","url":"https:\/\/falgas.net\/en\/","logo":{"@type":"ImageObject","inLanguage":"en-US","@id":"https:\/\/falgas.net\/en\/#\/schema\/logo\/image\/","url":"https:\/\/falgas.net\/wp-content\/uploads\/2019\/07\/logo-gloria-falgas-1024x344.png","contentUrl":"https:\/\/falgas.net\/wp-content\/uploads\/2019\/07\/logo-gloria-falgas-1024x344.png","width":1024,"height":344,"caption":"Falg\u00e0s"},"image":{"@id":"https:\/\/falgas.net\/en\/#\/schema\/logo\/image\/"}}]}},"_links":{"self":[{"href":"https:\/\/falgas.net\/en\/wp-json\/wp\/v2\/pages\/776","targetHints":{"allow":["GET"]}}],"collection":[{"href":"https:\/\/falgas.net\/en\/wp-json\/wp\/v2\/pages"}],"about":[{"href":"https:\/\/falgas.net\/en\/wp-json\/wp\/v2\/types\/page"}],"author":[{"embeddable":true,"href":"https:\/\/falgas.net\/en\/wp-json\/wp\/v2\/users\/1"}],"replies":[{"embeddable":true,"href":"https:\/\/falgas.net\/en\/wp-json\/wp\/v2\/comments?post=776"}],"version-history":[{"count":8,"href":"https:\/\/falgas.net\/en\/wp-json\/wp\/v2\/pages\/776\/revisions"}],"predecessor-version":[{"id":933,"href":"https:\/\/falgas.net\/en\/wp-json\/wp\/v2\/pages\/776\/revisions\/933"}],"wp:attachment":[{"href":"https:\/\/falgas.net\/en\/wp-json\/wp\/v2\/media?parent=776"}],"curies":[{"name":"wp","href":"https:\/\/api.w.org\/{rel}","templated":true}]}}