{"id":731,"date":"2019-07-16T10:46:07","date_gmt":"2019-07-16T08:46:07","guid":{"rendered":"http:\/\/falgas-cp491.wordpresstemporal.com\/courts\/"},"modified":"2019-07-16T11:54:33","modified_gmt":"2019-07-16T09:54:33","slug":"courts","status":"publish","type":"page","link":"https:\/\/falgas.net\/en\/divorces\/courts\/","title":{"rendered":"Courts"},"content":{"rendered":"\t\t<div data-elementor-type=\"wp-post\" data-elementor-id=\"731\" class=\"elementor elementor-731 elementor-498\">\n\t\t\t\t\t\t<section class=\"elementor-section elementor-top-section elementor-element elementor-element-11ad490 elementor-section-height-min-height elementor-section-boxed elementor-section-height-default elementor-section-items-middle\" data-id=\"11ad490\" data-element_type=\"section\" data-e-type=\"section\" data-settings=\"{&quot;background_background&quot;:&quot;classic&quot;}\">\n\t\t\t\t\t\t<div class=\"elementor-container elementor-column-gap-default\">\n\t\t\t\t\t<div class=\"elementor-column elementor-col-100 elementor-top-column elementor-element elementor-element-d37b949\" data-id=\"d37b949\" data-element_type=\"column\" data-e-type=\"column\">\n\t\t\t<div class=\"elementor-widget-wrap elementor-element-populated\">\n\t\t\t\t\t\t<div class=\"elementor-element elementor-element-dbe9a43 elementor-widget elementor-widget-heading\" data-id=\"dbe9a43\" data-element_type=\"widget\" data-e-type=\"widget\" data-widget_type=\"heading.default\">\n\t\t\t\t<div class=\"elementor-widget-container\">\n\t\t\t\t\t<h1 class=\"elementor-heading-title elementor-size-default\">Divorcios en un tribunal\u200b<\/h1>\t\t\t\t<\/div>\n\t\t\t\t<\/div>\n\t\t\t\t\t<\/div>\n\t\t<\/div>\n\t\t\t\t\t<\/div>\n\t\t<\/section>\n\t\t\t\t<section class=\"elementor-section elementor-top-section elementor-element elementor-element-593531e elementor-section-boxed elementor-section-height-default elementor-section-height-default\" data-id=\"593531e\" data-element_type=\"section\" data-e-type=\"section\">\n\t\t\t\t\t\t<div class=\"elementor-container elementor-column-gap-default\">\n\t\t\t\t\t<div class=\"elementor-column elementor-col-100 elementor-top-column elementor-element elementor-element-495a7b5\" data-id=\"495a7b5\" data-element_type=\"column\" data-e-type=\"column\">\n\t\t\t<div class=\"elementor-widget-wrap elementor-element-populated\">\n\t\t\t\t\t\t<div class=\"elementor-element elementor-element-e6656bc elementor-widget elementor-widget-heading\" data-id=\"e6656bc\" data-element_type=\"widget\" data-e-type=\"widget\" data-widget_type=\"heading.default\">\n\t\t\t\t<div class=\"elementor-widget-container\">\n\t\t\t\t\t<h2 class=\"elementor-heading-title elementor-size-default\">V\u00eda judicial<\/h2>\t\t\t\t<\/div>\n\t\t\t\t<\/div>\n\t\t\t\t<div class=\"elementor-element elementor-element-59c02c9 elementor-widget elementor-widget-heading\" data-id=\"59c02c9\" data-element_type=\"widget\" data-e-type=\"widget\" data-widget_type=\"heading.default\">\n\t\t\t\t<div class=\"elementor-widget-container\">\n\t\t\t\t\t<h3 class=\"elementor-heading-title elementor-size-default\">Litigar mediante una demanda judicial<\/h3>\t\t\t\t<\/div>\n\t\t\t\t<\/div>\n\t\t\t\t<div class=\"elementor-element elementor-element-9138cf2 elementor-widget elementor-widget-text-editor\" data-id=\"9138cf2\" data-element_type=\"widget\" data-e-type=\"widget\" data-widget_type=\"text-editor.default\">\n\t\t\t\t<div class=\"elementor-widget-container\">\n\t\t\t\t\t\t\t\t\t<p>Mientras que la resoluci\u00f3n alternativa de conflictos (convenio regulador) puede resolver ciertos problemas matrimoniales y dom\u00e9sticos, hay circunstancias concretas en que hay que luchar litigante los juzgados en un contencioso de divorcio en pro de los intereses del cliente.<\/p>\n<p>Nos avalan a\u00f1os de experiencia en juicios de divorcio y derecho de familia.<\/p>\n<p>\u00c1reas legales que acompa\u00f1an al divorcio y que a menudo requieren litigios incluyen divisi\u00f3n del patrimonio matrimonial, custodia compartida o atribuida a un \u00fanico progenitor, manutenci\u00f3n de los hijos, del c\u00f3nyuge de mantenimiento (pensi\u00f3n) y los derechos de visita, entre otros<\/p>\n<p>A menudo surgen problemas financieros complejos durante el divorcio y la experiencia nos ha demostrado la importancia incalculable de litigar en nombre de nuestros clientes.<\/p>\n<p>La importancia de una demanda de medidas provisionales previas a la demanda de disoluci\u00f3n matrimonial o de la pareja de hecho, es vital cuando hablamos de falta de acercamiento de posturas entre las partes para obtener un divorcio de mutuo acuerdo.<\/p>\n<p>Una buena estrategia, colaboraci\u00f3n conjunta con abogado y cliente durante todo el proceso y el grupo de profesionales que nos acompa\u00f1an seg\u00fan las necesidades del cliente (procurador, perito inmobiliario, gestor contable, psic\u00f3logo infantil y de ser necesario y tambi\u00e9n un investigador privado), nos avala el \u00e9xito en los juzgados.<\/p>\n<p>En todo divorcio tenemos 3 grandes partes a discutir:<\/p>\n<ul>\n<li>La disoluci\u00f3n del matrimonio: qu\u00e9 juzgados son competentes, nacionalidad de los c\u00f3nyuges, &#8211; si es necesario aplicado &#8220;Derecho Internacional&#8221; &#8211; ciudad donde tuvo lugar el matrimonio, si se otorgaron cap\u00edtulos matrimoniales,<\/li>\n<li>La regulaci\u00f3n de las medidas parentales: Plan de parentalidad; qu\u00e9 es la patria potestad, la guarda y custodia de los hilos en com\u00fan, individual o compartida, qu\u00e9 r\u00e9gimen de visitas se aplica, qu\u00e9 pensi\u00f3n de alimentos se fije, que son los gastos extraordinarios y qui\u00e9n las paga.<\/li>\n<\/ul>\n<p>\u00bfCu\u00e1l de las partes (padre \/ madre), tiene derecho a una pensi\u00f3n o la compensaci\u00f3n econ\u00f3mica, o continuar viviendo en el domicilio familiar?<\/p>\n<ul>\n<li>La disoluci\u00f3n del r\u00e9gimen matrimonial: ley aplicable, determinar qu\u00e9 r\u00e9gimen econ\u00f3mico regula las relaciones patrimoniales de los c\u00f3nyuges seg\u00fan si existen o no cap\u00edtulos matrimoniales y la vecindad civil, qu\u00e9 bienes lo constituyen, y c\u00f3mo se determina la partici\u00f3n.<\/li>\n<\/ul>\n<p>\u00bfY si os pregunt\u00e1is, qu\u00e9 derechos tiene mi pareja sobre la casa de mi propiedad, y si le tengo que pagar pensi\u00f3n si no estamos casados? \u00bfY qu\u00e9 pasa con la hipoteca que estoy pagando yo de la casa que va a nombre de los dos, y con las cuentas bancarias, y los veh\u00edculos ?, etc.<\/p>\n<p>Todas estas y muchas m\u00e1s preguntas deben resolverse antes de iniciar el proceso judicial.<\/p>\n\t\t\t\t\t\t\t\t<\/div>\n\t\t\t\t<\/div>\n\t\t\t\t\t<\/div>\n\t\t<\/div>\n\t\t\t\t\t<\/div>\n\t\t<\/section>\n\t\t\t\t<section class=\"elementor-section elementor-top-section elementor-element elementor-element-4d3b34b elementor-section-boxed elementor-section-height-default elementor-section-height-default\" data-id=\"4d3b34b\" data-element_type=\"section\" data-e-type=\"section\">\n\t\t\t\t\t\t<div class=\"elementor-container elementor-column-gap-default\">\n\t\t\t\t\t<div class=\"elementor-column elementor-col-100 elementor-top-column elementor-element elementor-element-49fb049\" data-id=\"49fb049\" data-element_type=\"column\" data-e-type=\"column\">\n\t\t\t<div class=\"elementor-widget-wrap\">\n\t\t\t\t\t\t\t<\/div>\n\t\t<\/div>\n\t\t\t\t\t<\/div>\n\t\t<\/section>\n\t\t\t\t<\/div>\n\t\t","protected":false},"excerpt":{"rendered":"<p>Divorcios en un tribunal\u200b V\u00eda judicial Litigar mediante una demanda judicial Mientras que la resoluci\u00f3n alternativa de conflictos (convenio regulador) puede resolver ciertos problemas matrimoniales y dom\u00e9sticos, hay circunstancias concretas en que hay que luchar &#8230; <\/p>\n<p class=\"read-more-container\"><a title=\"Courts\" class=\"read-more button\" href=\"https:\/\/falgas.net\/en\/divorces\/courts\/#more-731\" aria-label=\"Read more about Courts\">Read More<\/a><\/p>\n","protected":false},"author":1,"featured_media":0,"parent":715,"menu_order":0,"comment_status":"closed","ping_status":"closed","template":"","meta":{"footnotes":""},"class_list":{"0":"post-731","1":"page","2":"type-page","3":"status-publish","5":"no-featured-image-padding"},"yoast_head":"<!-- This site is optimized with the Yoast SEO plugin v27.1.1 - https:\/\/yoast.com\/product\/yoast-seo-wordpress\/ -->\n<title>Courts - Falgas<\/title>\n<meta name=\"description\" content=\"Bufete jur\u00eddico Falg\u00e0s, ubicado en Figueres, le ayuda con la asesor\u00eda jur\u00eddica en derecho de familia, penal, laboral, mercantil, extranjer\u00eda y derecho civil nacional\" \/>\n<meta name=\"robots\" content=\"index, follow, max-snippet:-1, max-image-preview:large, max-video-preview:-1\" \/>\n<link rel=\"canonical\" href=\"https:\/\/falgas.net\/en\/divorces\/courts\/\" \/>\n<meta property=\"og:locale\" content=\"en_US\" \/>\n<meta property=\"og:type\" content=\"article\" \/>\n<meta property=\"og:title\" content=\"Courts - Falgas\" \/>\n<meta property=\"og:description\" content=\"Bufete jur\u00eddico Falg\u00e0s, ubicado en Figueres, le ayuda con la asesor\u00eda jur\u00eddica en derecho de familia, penal, laboral, mercantil, extranjer\u00eda y derecho civil nacional\" \/>\n<meta property=\"og:url\" content=\"https:\/\/falgas.net\/en\/divorces\/courts\/\" \/>\n<meta property=\"og:site_name\" content=\"Falgas\" \/>\n<meta property=\"article:modified_time\" content=\"2019-07-16T09:54:33+00:00\" \/>\n<meta name=\"twitter:card\" content=\"summary_large_image\" \/>\n<meta name=\"twitter:label1\" content=\"Est. reading time\" \/>\n\t<meta name=\"twitter:data1\" content=\"2 minutes\" \/>\n<script type=\"application\/ld+json\" class=\"yoast-schema-graph\">{\"@context\":\"https:\/\/schema.org\",\"@graph\":[{\"@type\":\"WebPage\",\"@id\":\"https:\/\/falgas.net\/en\/divorces\/courts\/\",\"url\":\"https:\/\/falgas.net\/en\/divorces\/courts\/\",\"name\":\"Courts - Falgas\",\"isPartOf\":{\"@id\":\"https:\/\/falgas.net\/en\/#website\"},\"datePublished\":\"2019-07-16T08:46:07+00:00\",\"dateModified\":\"2019-07-16T09:54:33+00:00\",\"description\":\"Bufete jur\u00eddico Falg\u00e0s, ubicado en Figueres, le ayuda con la asesor\u00eda jur\u00eddica en derecho de familia, penal, laboral, mercantil, extranjer\u00eda y derecho civil nacional\",\"breadcrumb\":{\"@id\":\"https:\/\/falgas.net\/en\/divorces\/courts\/#breadcrumb\"},\"inLanguage\":\"en-US\",\"potentialAction\":[{\"@type\":\"ReadAction\",\"target\":[\"https:\/\/falgas.net\/en\/divorces\/courts\/\"]}]},{\"@type\":\"BreadcrumbList\",\"@id\":\"https:\/\/falgas.net\/en\/divorces\/courts\/#breadcrumb\",\"itemListElement\":[{\"@type\":\"ListItem\",\"position\":1,\"name\":\"Portada\",\"item\":\"https:\/\/falgas.net\/en\/\"},{\"@type\":\"ListItem\",\"position\":2,\"name\":\"Divorces\",\"item\":\"https:\/\/falgas.net\/en\/divorces\/\"},{\"@type\":\"ListItem\",\"position\":3,\"name\":\"Courts\"}]},{\"@type\":\"WebSite\",\"@id\":\"https:\/\/falgas.net\/en\/#website\",\"url\":\"https:\/\/falgas.net\/en\/\",\"name\":\"Falgas\",\"description\":\"Otro sitio realizado con WordPress\",\"publisher\":{\"@id\":\"https:\/\/falgas.net\/en\/#organization\"},\"potentialAction\":[{\"@type\":\"SearchAction\",\"target\":{\"@type\":\"EntryPoint\",\"urlTemplate\":\"https:\/\/falgas.net\/en\/?s={search_term_string}\"},\"query-input\":{\"@type\":\"PropertyValueSpecification\",\"valueRequired\":true,\"valueName\":\"search_term_string\"}}],\"inLanguage\":\"en-US\"},{\"@type\":\"Organization\",\"@id\":\"https:\/\/falgas.net\/en\/#organization\",\"name\":\"Falg\u00e0s\",\"url\":\"https:\/\/falgas.net\/en\/\",\"logo\":{\"@type\":\"ImageObject\",\"inLanguage\":\"en-US\",\"@id\":\"https:\/\/falgas.net\/en\/#\/schema\/logo\/image\/\",\"url\":\"https:\/\/falgas.net\/wp-content\/uploads\/2019\/07\/logo-gloria-falgas-1024x344.png\",\"contentUrl\":\"https:\/\/falgas.net\/wp-content\/uploads\/2019\/07\/logo-gloria-falgas-1024x344.png\",\"width\":1024,\"height\":344,\"caption\":\"Falg\u00e0s\"},\"image\":{\"@id\":\"https:\/\/falgas.net\/en\/#\/schema\/logo\/image\/\"}}]}<\/script>\n<!-- \/ Yoast SEO plugin. -->","yoast_head_json":{"title":"Courts - Falgas","description":"Bufete jur\u00eddico Falg\u00e0s, ubicado en Figueres, le ayuda con la asesor\u00eda jur\u00eddica en derecho de familia, penal, laboral, mercantil, extranjer\u00eda y derecho civil nacional","robots":{"index":"index","follow":"follow","max-snippet":"max-snippet:-1","max-image-preview":"max-image-preview:large","max-video-preview":"max-video-preview:-1"},"canonical":"https:\/\/falgas.net\/en\/divorces\/courts\/","og_locale":"en_US","og_type":"article","og_title":"Courts - Falgas","og_description":"Bufete jur\u00eddico Falg\u00e0s, ubicado en Figueres, le ayuda con la asesor\u00eda jur\u00eddica en derecho de familia, penal, laboral, mercantil, extranjer\u00eda y derecho civil nacional","og_url":"https:\/\/falgas.net\/en\/divorces\/courts\/","og_site_name":"Falgas","article_modified_time":"2019-07-16T09:54:33+00:00","twitter_card":"summary_large_image","twitter_misc":{"Est. reading time":"2 minutes"},"schema":{"@context":"https:\/\/schema.org","@graph":[{"@type":"WebPage","@id":"https:\/\/falgas.net\/en\/divorces\/courts\/","url":"https:\/\/falgas.net\/en\/divorces\/courts\/","name":"Courts - Falgas","isPartOf":{"@id":"https:\/\/falgas.net\/en\/#website"},"datePublished":"2019-07-16T08:46:07+00:00","dateModified":"2019-07-16T09:54:33+00:00","description":"Bufete jur\u00eddico Falg\u00e0s, ubicado en Figueres, le ayuda con la asesor\u00eda jur\u00eddica en derecho de familia, penal, laboral, mercantil, extranjer\u00eda y derecho civil nacional","breadcrumb":{"@id":"https:\/\/falgas.net\/en\/divorces\/courts\/#breadcrumb"},"inLanguage":"en-US","potentialAction":[{"@type":"ReadAction","target":["https:\/\/falgas.net\/en\/divorces\/courts\/"]}]},{"@type":"BreadcrumbList","@id":"https:\/\/falgas.net\/en\/divorces\/courts\/#breadcrumb","itemListElement":[{"@type":"ListItem","position":1,"name":"Portada","item":"https:\/\/falgas.net\/en\/"},{"@type":"ListItem","position":2,"name":"Divorces","item":"https:\/\/falgas.net\/en\/divorces\/"},{"@type":"ListItem","position":3,"name":"Courts"}]},{"@type":"WebSite","@id":"https:\/\/falgas.net\/en\/#website","url":"https:\/\/falgas.net\/en\/","name":"Falgas","description":"Otro sitio realizado con WordPress","publisher":{"@id":"https:\/\/falgas.net\/en\/#organization"},"potentialAction":[{"@type":"SearchAction","target":{"@type":"EntryPoint","urlTemplate":"https:\/\/falgas.net\/en\/?s={search_term_string}"},"query-input":{"@type":"PropertyValueSpecification","valueRequired":true,"valueName":"search_term_string"}}],"inLanguage":"en-US"},{"@type":"Organization","@id":"https:\/\/falgas.net\/en\/#organization","name":"Falg\u00e0s","url":"https:\/\/falgas.net\/en\/","logo":{"@type":"ImageObject","inLanguage":"en-US","@id":"https:\/\/falgas.net\/en\/#\/schema\/logo\/image\/","url":"https:\/\/falgas.net\/wp-content\/uploads\/2019\/07\/logo-gloria-falgas-1024x344.png","contentUrl":"https:\/\/falgas.net\/wp-content\/uploads\/2019\/07\/logo-gloria-falgas-1024x344.png","width":1024,"height":344,"caption":"Falg\u00e0s"},"image":{"@id":"https:\/\/falgas.net\/en\/#\/schema\/logo\/image\/"}}]}},"_links":{"self":[{"href":"https:\/\/falgas.net\/en\/wp-json\/wp\/v2\/pages\/731","targetHints":{"allow":["GET"]}}],"collection":[{"href":"https:\/\/falgas.net\/en\/wp-json\/wp\/v2\/pages"}],"about":[{"href":"https:\/\/falgas.net\/en\/wp-json\/wp\/v2\/types\/page"}],"author":[{"embeddable":true,"href":"https:\/\/falgas.net\/en\/wp-json\/wp\/v2\/users\/1"}],"replies":[{"embeddable":true,"href":"https:\/\/falgas.net\/en\/wp-json\/wp\/v2\/comments?post=731"}],"version-history":[{"count":3,"href":"https:\/\/falgas.net\/en\/wp-json\/wp\/v2\/pages\/731\/revisions"}],"predecessor-version":[{"id":773,"href":"https:\/\/falgas.net\/en\/wp-json\/wp\/v2\/pages\/731\/revisions\/773"}],"up":[{"embeddable":true,"href":"https:\/\/falgas.net\/en\/wp-json\/wp\/v2\/pages\/715"}],"wp:attachment":[{"href":"https:\/\/falgas.net\/en\/wp-json\/wp\/v2\/media?parent=731"}],"curies":[{"name":"wp","href":"https:\/\/api.w.org\/{rel}","templated":true}]}}