{"id":697,"date":"2019-07-16T10:36:35","date_gmt":"2019-07-16T08:36:35","guid":{"rendered":"http:\/\/falgas-cp491.wordpresstemporal.com\/home\/"},"modified":"2020-11-26T11:46:38","modified_gmt":"2020-11-26T10:46:38","slug":"home","status":"publish","type":"page","link":"https:\/\/falgas.net\/en\/","title":{"rendered":"Home"},"content":{"rendered":"\t\t<div data-elementor-type=\"wp-post\" data-elementor-id=\"697\" class=\"elementor elementor-697 elementor-419\">\n\t\t\t\t\t\t<header class=\"elementor-section elementor-top-section elementor-element elementor-element-a51d1a3 elementor-section-full_width elementor-section-height-default elementor-section-height-default\" data-id=\"a51d1a3\" data-element_type=\"section\" data-e-type=\"section\">\n\t\t\t\t\t\t<div class=\"elementor-container elementor-column-gap-no\">\n\t\t\t\t\t<div class=\"elementor-column elementor-col-100 elementor-top-column elementor-element elementor-element-b20b8cc\" data-id=\"b20b8cc\" data-element_type=\"column\" data-e-type=\"column\">\n\t\t\t<div class=\"elementor-widget-wrap elementor-element-populated\">\n\t\t\t\t\t\t<div class=\"elementor-element elementor-element-d53a318 elementor-arrows-position-inside elementor-widget elementor-widget-image-carousel\" data-id=\"d53a318\" data-element_type=\"widget\" data-e-type=\"widget\" data-settings=\"{&quot;slides_to_show&quot;:&quot;1&quot;,&quot;navigation&quot;:&quot;arrows&quot;,&quot;pause_on_hover&quot;:&quot;no&quot;,&quot;autoplay&quot;:&quot;yes&quot;,&quot;pause_on_interaction&quot;:&quot;yes&quot;,&quot;autoplay_speed&quot;:5000,&quot;infinite&quot;:&quot;yes&quot;,&quot;effect&quot;:&quot;slide&quot;,&quot;speed&quot;:500}\" data-widget_type=\"image-carousel.default\">\n\t\t\t\t<div class=\"elementor-widget-container\">\n\t\t\t\t\t\t\t<div class=\"elementor-image-carousel-wrapper swiper\" role=\"region\" aria-roledescription=\"carousel\" aria-label=\"Image Carousel\" dir=\"ltr\">\n\t\t\t<div class=\"elementor-image-carousel swiper-wrapper swiper-image-stretch\" aria-live=\"off\">\n\t\t\t\t\t\t\t\t<div class=\"swiper-slide\" role=\"group\" aria-roledescription=\"slide\" aria-label=\"1 of 3\"><figure class=\"swiper-slide-inner\"><img decoding=\"async\" class=\"swiper-slide-image\" src=\"https:\/\/falgas.net\/wp-content\/uploads\/2019\/07\/Top-10-Women-Lawyers-in-India-The-most-famous-and-celebrated.jpg\" alt=\"Valanza de la just\u00edcia con una abogada de fondo\" \/><\/figure><\/div><div class=\"swiper-slide\" role=\"group\" aria-roledescription=\"slide\" aria-label=\"2 of 3\"><figure class=\"swiper-slide-inner\"><img decoding=\"async\" class=\"swiper-slide-image\" src=\"https:\/\/falgas.net\/wp-content\/uploads\/2019\/07\/abogados.jpg\" alt=\"Abogados hablando sobre un caso\" \/><\/figure><\/div><div class=\"swiper-slide\" role=\"group\" aria-roledescription=\"slide\" aria-label=\"3 of 3\"><figure class=\"swiper-slide-inner\"><img decoding=\"async\" class=\"swiper-slide-image\" src=\"https:\/\/falgas.net\/wp-content\/uploads\/2019\/07\/default-lawyer-2992-1571-c.jpg\" alt=\"Fragmento de una valanza sinvolizando la just\u00edcia\" \/><\/figure><\/div>\t\t\t<\/div>\n\t\t\t\t\t\t\t\t\t\t\t\t<div class=\"elementor-swiper-button elementor-swiper-button-prev\" role=\"button\" tabindex=\"0\">\n\t\t\t\t\t\t<i aria-hidden=\"true\" class=\"eicon-chevron-left\"><\/i>\t\t\t\t\t<\/div>\n\t\t\t\t\t<div class=\"elementor-swiper-button elementor-swiper-button-next\" role=\"button\" tabindex=\"0\">\n\t\t\t\t\t\t<i aria-hidden=\"true\" class=\"eicon-chevron-right\"><\/i>\t\t\t\t\t<\/div>\n\t\t\t\t\n\t\t\t\t\t\t\t\t\t<\/div>\n\t\t\t\t\t\t<\/div>\n\t\t\t\t<\/div>\n\t\t\t\t\t<\/div>\n\t\t<\/div>\n\t\t\t\t\t<\/div>\n\t\t<\/header>\n\t\t\t\t<section class=\"elementor-section elementor-top-section elementor-element elementor-element-642a049 elementor-section-boxed elementor-section-height-default elementor-section-height-default\" data-id=\"642a049\" data-element_type=\"section\" data-e-type=\"section\">\n\t\t\t\t\t\t<div class=\"elementor-container elementor-column-gap-default\">\n\t\t\t\t\t<div class=\"elementor-column elementor-col-100 elementor-top-column elementor-element elementor-element-a8c968b\" data-id=\"a8c968b\" data-element_type=\"column\" data-e-type=\"column\">\n\t\t\t<div class=\"elementor-widget-wrap elementor-element-populated\">\n\t\t\t\t\t\t<div class=\"elementor-element elementor-element-eeb4e64 elementor-widget elementor-widget-heading\" data-id=\"eeb4e64\" data-element_type=\"widget\" data-e-type=\"widget\" data-widget_type=\"heading.default\">\n\t\t\t\t<div class=\"elementor-widget-container\">\n\t\t\t\t\t<h1 class=\"elementor-heading-title elementor-size-default\">Bufet Jur\u00eddic Falg\u00e0s, your law firm in  Spain<\/h1>\t\t\t\t<\/div>\n\t\t\t\t<\/div>\n\t\t\t\t\t<\/div>\n\t\t<\/div>\n\t\t\t\t\t<\/div>\n\t\t<\/section>\n\t\t\t\t<section class=\"elementor-section elementor-top-section elementor-element elementor-element-e61e849 elementor-section-boxed elementor-section-height-default elementor-section-height-default\" data-id=\"e61e849\" data-element_type=\"section\" data-e-type=\"section\">\n\t\t\t\t\t\t<div class=\"elementor-container elementor-column-gap-default\">\n\t\t\t\t\t<div class=\"elementor-column elementor-col-100 elementor-top-column elementor-element elementor-element-26d5f04\" data-id=\"26d5f04\" data-element_type=\"column\" data-e-type=\"column\">\n\t\t\t<div class=\"elementor-widget-wrap elementor-element-populated\">\n\t\t\t\t\t\t<div class=\"elementor-element elementor-element-2bfbbdd elementor-widget elementor-widget-text-editor\" data-id=\"2bfbbdd\" data-element_type=\"widget\" data-e-type=\"widget\" data-widget_type=\"text-editor.default\">\n\t\t\t\t<div class=\"elementor-widget-container\">\n\t\t\t\t\t\t\t\t\t<p>Being represented by us \u00a0will ensure your case is dealt with swiftly, rigorously, and confidentially.<\/p><p>We understand that our clients&#8217; time is precious, and can come to you at a convenient time to kick-start the process. There is no charge for this service if you instruct us to act for you.<\/p><p>The firm provides legal advice representation and defence \u00a0in family law when there are international marriages, criminal, accident injuries damages, inheritance, property law, and national civil law, trying to offer the client, as far as possible, an out-of-court solution to the client to reduce expenses and time. We are based in Figueres \u2013 Girona, holding a national license to work national wide.<\/p><p>Timing can be crucial in\u00a0 these matters.\u00a0We are ready to engage immediately with your matter.\u00a0We can manage your case remotely by telephone or video conference.<\/p><p>Para el caso de que haya que interponer las acciones judiciales correspondientes contamos con los profesionales, que junto al equipo de procuradores que colabora con el despacho, intervienen ante juzgados y tribunales prestando un servicio de acompa\u00f1amiento integral al cliente, tanto desde el punto de vista de la t\u00e9cnica jur\u00eddica como humano para afrontar el impacto personal que en la mayor\u00eda de las ocasiones supone un pleito si la persona no est\u00e1 familiarizada.<\/p>\t\t\t\t\t\t\t\t<\/div>\n\t\t\t\t<\/div>\n\t\t\t\t\t<\/div>\n\t\t<\/div>\n\t\t\t\t\t<\/div>\n\t\t<\/section>\n\t\t\t\t<section class=\"elementor-section elementor-top-section elementor-element elementor-element-8a6240c elementor-section-boxed elementor-section-height-default elementor-section-height-default\" data-id=\"8a6240c\" data-element_type=\"section\" data-e-type=\"section\">\n\t\t\t\t\t\t<div class=\"elementor-container elementor-column-gap-default\">\n\t\t\t\t\t<div class=\"elementor-column elementor-col-50 elementor-top-column elementor-element elementor-element-d96d603\" data-id=\"d96d603\" data-element_type=\"column\" data-e-type=\"column\">\n\t\t\t<div class=\"elementor-widget-wrap elementor-element-populated\">\n\t\t\t\t\t\t<div class=\"elementor-element elementor-element-a00695a elementor-position-inline-start elementor-view-default elementor-mobile-position-block-start elementor-widget elementor-widget-icon-box\" data-id=\"a00695a\" data-element_type=\"widget\" data-e-type=\"widget\" data-widget_type=\"icon-box.default\">\n\t\t\t\t<div class=\"elementor-widget-container\">\n\t\t\t\t\t\t\t<div class=\"elementor-icon-box-wrapper\">\n\n\t\t\t\t\t\t<div class=\"elementor-icon-box-icon\">\n\t\t\t\t<span  class=\"elementor-icon\">\n\t\t\t\t<i aria-hidden=\"true\" class=\"fab fa-whatsapp\"><\/i>\t\t\t\t<\/span>\n\t\t\t<\/div>\n\t\t\t\n\t\t\t\t\t\t<div class=\"elementor-icon-box-content\">\n\n\t\t\t\t\t\t\t\t\t<h3 class=\"elementor-icon-box-title\">\n\t\t\t\t\t\t<span  >\n\t\t\t\t\t\t\t+34669049093\t\t\t\t\t\t<\/span>\n\t\t\t\t\t<\/h3>\n\t\t\t\t\n\t\t\t\t\t\t\t\t\t<p class=\"elementor-icon-box-description\">\n\t\t\t\t\t\tContact Whatsapp\t\t\t\t\t<\/p>\n\t\t\t\t\n\t\t\t<\/div>\n\t\t\t\n\t\t<\/div>\n\t\t\t\t\t\t<\/div>\n\t\t\t\t<\/div>\n\t\t\t\t<div class=\"elementor-element elementor-element-ae43d26 elementor-position-inline-start elementor-view-default elementor-mobile-position-block-start elementor-widget elementor-widget-icon-box\" data-id=\"ae43d26\" data-element_type=\"widget\" data-e-type=\"widget\" data-widget_type=\"icon-box.default\">\n\t\t\t\t<div class=\"elementor-widget-container\">\n\t\t\t\t\t\t\t<div class=\"elementor-icon-box-wrapper\">\n\n\t\t\t\t\t\t<div class=\"elementor-icon-box-icon\">\n\t\t\t\t<span  class=\"elementor-icon\">\n\t\t\t\t<i aria-hidden=\"true\" class=\"fab fa-skype\"><\/i>\t\t\t\t<\/span>\n\t\t\t<\/div>\n\t\t\t\n\t\t\t\t\t\t<div class=\"elementor-icon-box-content\">\n\n\t\t\t\t\t\t\t\t\t<h3 class=\"elementor-icon-box-title\">\n\t\t\t\t\t\t<span  >\n\t\t\t\t\t\t\tFalgas668\t\t\t\t\t\t<\/span>\n\t\t\t\t\t<\/h3>\n\t\t\t\t\n\t\t\t\t\n\t\t\t<\/div>\n\t\t\t\n\t\t<\/div>\n\t\t\t\t\t\t<\/div>\n\t\t\t\t<\/div>\n\t\t\t\t\t<\/div>\n\t\t<\/div>\n\t\t\t\t<div class=\"elementor-column elementor-col-50 elementor-top-column elementor-element elementor-element-c37bfb2\" data-id=\"c37bfb2\" data-element_type=\"column\" data-e-type=\"column\">\n\t\t\t<div class=\"elementor-widget-wrap elementor-element-populated\">\n\t\t\t\t\t\t<div class=\"elementor-element elementor-element-050d1b3 elementor-widget elementor-widget-text-editor\" data-id=\"050d1b3\" data-element_type=\"widget\" data-e-type=\"widget\" data-widget_type=\"text-editor.default\">\n\t\t\t\t<div class=\"elementor-widget-container\">\n\t\t\t\t\t\t\t\t\t<p><em>We offer free initial consultations so you can decide, without pressure, whether we are the right law firm for you<\/em>.<\/p>\t\t\t\t\t\t\t\t<\/div>\n\t\t\t\t<\/div>\n\t\t\t\t\t<\/div>\n\t\t<\/div>\n\t\t\t\t\t<\/div>\n\t\t<\/section>\n\t\t\t\t<\/div>\n\t\t","protected":false},"excerpt":{"rendered":"<p>Anterior Siguiente Bufet Jur\u00eddic Falg\u00e0s, your law firm in Spain Being represented by us \u00a0will ensure your case is dealt with swiftly, rigorously, and confidentially. We understand that our clients&#8217; time is precious, and can &#8230; <\/p>\n<p class=\"read-more-container\"><a title=\"Home\" class=\"read-more button\" href=\"https:\/\/falgas.net\/en\/#more-697\" aria-label=\"Read more about Home\">Read More<\/a><\/p>\n","protected":false},"author":1,"featured_media":0,"parent":0,"menu_order":0,"comment_status":"closed","ping_status":"closed","template":"","meta":{"footnotes":""},"class_list":{"0":"post-697","1":"page","2":"type-page","3":"status-publish","5":"no-featured-image-padding"},"yoast_head":"<!-- This site is optimized with the Yoast SEO plugin v27.1.1 - https:\/\/yoast.com\/product\/yoast-seo-wordpress\/ -->\n<title>Bufet Jur\u00eddic Falg\u00e0s in Figueres - Falgas<\/title>\n<meta name=\"description\" content=\"Bufet Jur\u00eddic Falg\u00e0s, located in Figueres, it helps you with legal advice on family, criminal, labor, commercial, immigration and national civil law\" \/>\n<meta name=\"robots\" content=\"index, follow, max-snippet:-1, max-image-preview:large, max-video-preview:-1\" \/>\n<link rel=\"canonical\" href=\"https:\/\/falgas.net\/en\/\" \/>\n<meta property=\"og:locale\" content=\"en_US\" \/>\n<meta property=\"og:type\" content=\"article\" \/>\n<meta property=\"og:title\" content=\"Bufet Jur\u00eddic Falg\u00e0s in Figueres - Falgas\" \/>\n<meta property=\"og:description\" content=\"Bufet Jur\u00eddic Falg\u00e0s, located in Figueres, it helps you with legal advice on family, criminal, labor, commercial, immigration and national civil law\" \/>\n<meta property=\"og:url\" content=\"https:\/\/falgas.net\/en\/\" \/>\n<meta property=\"og:site_name\" content=\"Falgas\" \/>\n<meta property=\"article:modified_time\" content=\"2020-11-26T10:46:38+00:00\" \/>\n<meta property=\"og:image\" content=\"http:\/\/falgas.net\/wp-content\/uploads\/2019\/07\/Top-10-Women-Lawyers-in-India-The-most-famous-and-celebrated.jpg\" \/>\n<meta name=\"twitter:card\" content=\"summary_large_image\" \/>\n<meta name=\"twitter:label1\" content=\"Est. reading time\" \/>\n\t<meta name=\"twitter:data1\" content=\"1 minute\" \/>\n<script type=\"application\/ld+json\" class=\"yoast-schema-graph\">{\"@context\":\"https:\/\/schema.org\",\"@graph\":[{\"@type\":\"WebPage\",\"@id\":\"https:\/\/falgas.net\/en\/\",\"url\":\"https:\/\/falgas.net\/en\/\",\"name\":\"Bufet Jur\u00eddic Falg\u00e0s in Figueres - Falgas\",\"isPartOf\":{\"@id\":\"https:\/\/falgas.net\/en\/#website\"},\"primaryImageOfPage\":{\"@id\":\"https:\/\/falgas.net\/en\/#primaryimage\"},\"image\":{\"@id\":\"https:\/\/falgas.net\/en\/#primaryimage\"},\"thumbnailUrl\":\"http:\/\/falgas.net\/wp-content\/uploads\/2019\/07\/Top-10-Women-Lawyers-in-India-The-most-famous-and-celebrated.jpg\",\"datePublished\":\"2019-07-16T08:36:35+00:00\",\"dateModified\":\"2020-11-26T10:46:38+00:00\",\"description\":\"Bufet Jur\u00eddic Falg\u00e0s, located in Figueres, it helps you with legal advice on family, criminal, labor, commercial, immigration and national civil law\",\"breadcrumb\":{\"@id\":\"https:\/\/falgas.net\/en\/#breadcrumb\"},\"inLanguage\":\"en-US\",\"potentialAction\":[{\"@type\":\"ReadAction\",\"target\":[\"https:\/\/falgas.net\/en\/\"]}]},{\"@type\":\"ImageObject\",\"inLanguage\":\"en-US\",\"@id\":\"https:\/\/falgas.net\/en\/#primaryimage\",\"url\":\"http:\/\/falgas.net\/wp-content\/uploads\/2019\/07\/Top-10-Women-Lawyers-in-India-The-most-famous-and-celebrated.jpg\",\"contentUrl\":\"http:\/\/falgas.net\/wp-content\/uploads\/2019\/07\/Top-10-Women-Lawyers-in-India-The-most-famous-and-celebrated.jpg\"},{\"@type\":\"BreadcrumbList\",\"@id\":\"https:\/\/falgas.net\/en\/#breadcrumb\",\"itemListElement\":[{\"@type\":\"ListItem\",\"position\":1,\"name\":\"Portada\",\"item\":\"https:\/\/falgas.net\/en\/\"},{\"@type\":\"ListItem\",\"position\":2,\"name\":\"Home\"}]},{\"@type\":\"WebSite\",\"@id\":\"https:\/\/falgas.net\/en\/#website\",\"url\":\"https:\/\/falgas.net\/en\/\",\"name\":\"Falgas\",\"description\":\"Otro sitio realizado con WordPress\",\"publisher\":{\"@id\":\"https:\/\/falgas.net\/en\/#organization\"},\"potentialAction\":[{\"@type\":\"SearchAction\",\"target\":{\"@type\":\"EntryPoint\",\"urlTemplate\":\"https:\/\/falgas.net\/en\/?s={search_term_string}\"},\"query-input\":{\"@type\":\"PropertyValueSpecification\",\"valueRequired\":true,\"valueName\":\"search_term_string\"}}],\"inLanguage\":\"en-US\"},{\"@type\":\"Organization\",\"@id\":\"https:\/\/falgas.net\/en\/#organization\",\"name\":\"Falg\u00e0s\",\"url\":\"https:\/\/falgas.net\/en\/\",\"logo\":{\"@type\":\"ImageObject\",\"inLanguage\":\"en-US\",\"@id\":\"https:\/\/falgas.net\/en\/#\/schema\/logo\/image\/\",\"url\":\"https:\/\/falgas.net\/wp-content\/uploads\/2019\/07\/logo-gloria-falgas-1024x344.png\",\"contentUrl\":\"https:\/\/falgas.net\/wp-content\/uploads\/2019\/07\/logo-gloria-falgas-1024x344.png\",\"width\":1024,\"height\":344,\"caption\":\"Falg\u00e0s\"},\"image\":{\"@id\":\"https:\/\/falgas.net\/en\/#\/schema\/logo\/image\/\"}}]}<\/script>\n<!-- \/ Yoast SEO plugin. -->","yoast_head_json":{"title":"Bufet Jur\u00eddic Falg\u00e0s in Figueres - Falgas","description":"Bufet Jur\u00eddic Falg\u00e0s, located in Figueres, it helps you with legal advice on family, criminal, labor, commercial, immigration and national civil law","robots":{"index":"index","follow":"follow","max-snippet":"max-snippet:-1","max-image-preview":"max-image-preview:large","max-video-preview":"max-video-preview:-1"},"canonical":"https:\/\/falgas.net\/en\/","og_locale":"en_US","og_type":"article","og_title":"Bufet Jur\u00eddic Falg\u00e0s in Figueres - Falgas","og_description":"Bufet Jur\u00eddic Falg\u00e0s, located in Figueres, it helps you with legal advice on family, criminal, labor, commercial, immigration and national civil law","og_url":"https:\/\/falgas.net\/en\/","og_site_name":"Falgas","article_modified_time":"2020-11-26T10:46:38+00:00","og_image":[{"url":"http:\/\/falgas.net\/wp-content\/uploads\/2019\/07\/Top-10-Women-Lawyers-in-India-The-most-famous-and-celebrated.jpg","type":"","width":"","height":""}],"twitter_card":"summary_large_image","twitter_misc":{"Est. reading time":"1 minute"},"schema":{"@context":"https:\/\/schema.org","@graph":[{"@type":"WebPage","@id":"https:\/\/falgas.net\/en\/","url":"https:\/\/falgas.net\/en\/","name":"Bufet Jur\u00eddic Falg\u00e0s in Figueres - Falgas","isPartOf":{"@id":"https:\/\/falgas.net\/en\/#website"},"primaryImageOfPage":{"@id":"https:\/\/falgas.net\/en\/#primaryimage"},"image":{"@id":"https:\/\/falgas.net\/en\/#primaryimage"},"thumbnailUrl":"http:\/\/falgas.net\/wp-content\/uploads\/2019\/07\/Top-10-Women-Lawyers-in-India-The-most-famous-and-celebrated.jpg","datePublished":"2019-07-16T08:36:35+00:00","dateModified":"2020-11-26T10:46:38+00:00","description":"Bufet Jur\u00eddic Falg\u00e0s, located in Figueres, it helps you with legal advice on family, criminal, labor, commercial, immigration and national civil law","breadcrumb":{"@id":"https:\/\/falgas.net\/en\/#breadcrumb"},"inLanguage":"en-US","potentialAction":[{"@type":"ReadAction","target":["https:\/\/falgas.net\/en\/"]}]},{"@type":"ImageObject","inLanguage":"en-US","@id":"https:\/\/falgas.net\/en\/#primaryimage","url":"http:\/\/falgas.net\/wp-content\/uploads\/2019\/07\/Top-10-Women-Lawyers-in-India-The-most-famous-and-celebrated.jpg","contentUrl":"http:\/\/falgas.net\/wp-content\/uploads\/2019\/07\/Top-10-Women-Lawyers-in-India-The-most-famous-and-celebrated.jpg"},{"@type":"BreadcrumbList","@id":"https:\/\/falgas.net\/en\/#breadcrumb","itemListElement":[{"@type":"ListItem","position":1,"name":"Portada","item":"https:\/\/falgas.net\/en\/"},{"@type":"ListItem","position":2,"name":"Home"}]},{"@type":"WebSite","@id":"https:\/\/falgas.net\/en\/#website","url":"https:\/\/falgas.net\/en\/","name":"Falgas","description":"Otro sitio realizado con WordPress","publisher":{"@id":"https:\/\/falgas.net\/en\/#organization"},"potentialAction":[{"@type":"SearchAction","target":{"@type":"EntryPoint","urlTemplate":"https:\/\/falgas.net\/en\/?s={search_term_string}"},"query-input":{"@type":"PropertyValueSpecification","valueRequired":true,"valueName":"search_term_string"}}],"inLanguage":"en-US"},{"@type":"Organization","@id":"https:\/\/falgas.net\/en\/#organization","name":"Falg\u00e0s","url":"https:\/\/falgas.net\/en\/","logo":{"@type":"ImageObject","inLanguage":"en-US","@id":"https:\/\/falgas.net\/en\/#\/schema\/logo\/image\/","url":"https:\/\/falgas.net\/wp-content\/uploads\/2019\/07\/logo-gloria-falgas-1024x344.png","contentUrl":"https:\/\/falgas.net\/wp-content\/uploads\/2019\/07\/logo-gloria-falgas-1024x344.png","width":1024,"height":344,"caption":"Falg\u00e0s"},"image":{"@id":"https:\/\/falgas.net\/en\/#\/schema\/logo\/image\/"}}]}},"_links":{"self":[{"href":"https:\/\/falgas.net\/en\/wp-json\/wp\/v2\/pages\/697","targetHints":{"allow":["GET"]}}],"collection":[{"href":"https:\/\/falgas.net\/en\/wp-json\/wp\/v2\/pages"}],"about":[{"href":"https:\/\/falgas.net\/en\/wp-json\/wp\/v2\/types\/page"}],"author":[{"embeddable":true,"href":"https:\/\/falgas.net\/en\/wp-json\/wp\/v2\/users\/1"}],"replies":[{"embeddable":true,"href":"https:\/\/falgas.net\/en\/wp-json\/wp\/v2\/comments?post=697"}],"version-history":[{"count":28,"href":"https:\/\/falgas.net\/en\/wp-json\/wp\/v2\/pages\/697\/revisions"}],"predecessor-version":[{"id":1455,"href":"https:\/\/falgas.net\/en\/wp-json\/wp\/v2\/pages\/697\/revisions\/1455"}],"wp:attachment":[{"href":"https:\/\/falgas.net\/en\/wp-json\/wp\/v2\/media?parent=697"}],"curies":[{"name":"wp","href":"https:\/\/api.w.org\/{rel}","templated":true}]}}