{"id":1414,"date":"2020-11-25T16:24:41","date_gmt":"2020-11-25T15:24:41","guid":{"rendered":"http:\/\/falgas.net\/?page_id=1414"},"modified":"2020-11-26T11:06:56","modified_gmt":"2020-11-26T10:06:56","slug":"family-law","status":"publish","type":"page","link":"https:\/\/falgas.net\/en\/family-law\/","title":{"rendered":"Family Law"},"content":{"rendered":"\t\t<div data-elementor-type=\"wp-post\" data-elementor-id=\"1414\" class=\"elementor elementor-1414\">\n\t\t\t\t\t\t<section class=\"elementor-section elementor-top-section elementor-element elementor-element-fc6babc elementor-section-height-min-height elementor-section-boxed elementor-section-height-default elementor-section-items-middle\" data-id=\"fc6babc\" data-element_type=\"section\" data-e-type=\"section\" data-settings=\"{&quot;background_background&quot;:&quot;classic&quot;}\">\n\t\t\t\t\t\t<div class=\"elementor-container elementor-column-gap-default\">\n\t\t\t\t\t<div class=\"elementor-column elementor-col-100 elementor-top-column elementor-element elementor-element-fbfde08\" data-id=\"fbfde08\" data-element_type=\"column\" data-e-type=\"column\">\n\t\t\t<div class=\"elementor-widget-wrap elementor-element-populated\">\n\t\t\t\t\t\t<div class=\"elementor-element elementor-element-526f34a elementor-widget elementor-widget-heading\" data-id=\"526f34a\" data-element_type=\"widget\" data-e-type=\"widget\" data-widget_type=\"heading.default\">\n\t\t\t\t<div class=\"elementor-widget-container\">\n\t\t\t\t\t<h1 class=\"elementor-heading-title elementor-size-default\">Family law<\/h1>\t\t\t\t<\/div>\n\t\t\t\t<\/div>\n\t\t\t\t\t<\/div>\n\t\t<\/div>\n\t\t\t\t\t<\/div>\n\t\t<\/section>\n\t\t\t\t<section class=\"elementor-section elementor-top-section elementor-element elementor-element-08d22b5 elementor-section-boxed elementor-section-height-default elementor-section-height-default\" data-id=\"08d22b5\" data-element_type=\"section\" data-e-type=\"section\">\n\t\t\t\t\t\t<div class=\"elementor-container elementor-column-gap-default\">\n\t\t\t\t\t<div class=\"elementor-column elementor-col-100 elementor-top-column elementor-element elementor-element-f5c074b\" data-id=\"f5c074b\" data-element_type=\"column\" data-e-type=\"column\">\n\t\t\t<div class=\"elementor-widget-wrap elementor-element-populated\">\n\t\t\t\t\t\t<div class=\"elementor-element elementor-element-218d33b elementor-widget elementor-widget-spacer\" data-id=\"218d33b\" data-element_type=\"widget\" data-e-type=\"widget\" data-widget_type=\"spacer.default\">\n\t\t\t\t<div class=\"elementor-widget-container\">\n\t\t\t\t\t\t\t<div class=\"elementor-spacer\">\n\t\t\t<div class=\"elementor-spacer-inner\"><\/div>\n\t\t<\/div>\n\t\t\t\t\t\t<\/div>\n\t\t\t\t<\/div>\n\t\t\t\t\t<\/div>\n\t\t<\/div>\n\t\t\t\t\t<\/div>\n\t\t<\/section>\n\t\t\t\t<section class=\"elementor-section elementor-top-section elementor-element elementor-element-a58b9ac elementor-section-boxed elementor-section-height-default elementor-section-height-default\" data-id=\"a58b9ac\" data-element_type=\"section\" data-e-type=\"section\">\n\t\t\t\t\t\t<div class=\"elementor-container elementor-column-gap-default\">\n\t\t\t\t\t<div class=\"elementor-column elementor-col-100 elementor-top-column elementor-element elementor-element-1bbfa40\" data-id=\"1bbfa40\" data-element_type=\"column\" data-e-type=\"column\">\n\t\t\t<div class=\"elementor-widget-wrap elementor-element-populated\">\n\t\t\t\t\t\t<div class=\"elementor-element elementor-element-4de63fe elementor-widget elementor-widget-text-editor\" data-id=\"4de63fe\" data-element_type=\"widget\" data-e-type=\"widget\" data-widget_type=\"text-editor.default\">\n\t\t\t\t<div class=\"elementor-widget-container\">\n\t\t\t\t\t\t\t\t\t<p>Legal News. get\u00a0 an\u00a0 Express\u00a0 Divorce in less than 1 month if No children + Divorce financial settlement.<\/p><p>\u00a0<\/p><p><strong>Services: <\/strong><\/p><p>\u00a0<\/p><ul><li>Separations and divorces, contentious before the Court and by mutual agreement avoiding lawsuits and expenses.<\/li><\/ul><p>\u00a0<\/p><p>With International issues: \u00a0Nowadays in Spain it is ever more common that at least one person in a relationship is not Spanish or very possibly that neither are Spanish but are living as full-time residents here in Spain, having married abroad.<\/p><p>\u00a0<\/p><p>\u00a0<\/p><ul><li>Modification of sentences! (Remember that in many cases a sentence can BE modified)<\/li><\/ul><p>\u00a0<\/p><ul><li>Claim for child support payments. (Do you know when and how much you can claim ?)<\/li><\/ul><p>\u00a0<\/p><ul><li>Claim of rights for the breakup of a heterosexual and homosexual partner.<\/li><\/ul><p>\u00a0<\/p><ul><li>Visitations,rules for the father and suport,<\/li><\/ul><p>\u00a0<\/p><ul><li>Guard and custody of children.<\/li><\/ul><p>Alimony and division of assests.<\/p><ul><li>Grandparents&#8217; rights towards grandchildren.<\/li><\/ul><p>And General\u00a0 Family law advise.<\/p><p>\u00a0<\/p><p>\u00a0<\/p><p>&#8230;&#8230;&#8230;&#8230;&#8230;&#8230;&#8230;&#8230;&#8230;&#8230;&#8230;&#8230;&#8230;&#8230;&#8230;&#8230;&#8230;&#8230;&#8230;&#8230;&#8230;&#8230;&#8230;&#8230;&#8230;&#8230;&#8230;&#8230;&#8230;&#8230;&#8230;&#8230;&#8230;&#8230;&#8230;&#8230;.<\/p><p>\u00a0<\/p><p><strong>Call us now ! <\/strong><\/p><p>\u00a0<\/p><p><strong>Getting a divorci in Spain<\/strong><\/p><p>The divorce law in Spain is <strong>no-fault,<\/strong> meaning that it is not necessary to cite a reason in order to obtain a divorce. It only requires a petition from one of the spouses. Non-Spanish nationals can obtain a divorce in Spain if they or their spouse is a Spanish resident or a Spanish national.<\/p><p><strong>How to get a divorce in Spain<\/strong><\/p><p>You may get divorced in Spain only if you comply with any of the following requirements:<\/p><ul><li>If you and your spouse are Spanish residents at the time of filing for divorce.<\/li><li>If you and your spouse are Spanish nationals, in case of divorce by mutual agreement, wherever you are located.<\/li><li>If you are the plaintiff and are a Spanish national and living in Spain.<\/li><li>If you are the defendant and are a Spanish resident (regardless of your nationality)<\/li><\/ul><p>The spouses may divorce by mutual agreement when they have been married for at least three full months. Whenever the parties ask the judge for a divorce order, a proposal of governing convention also called divorce financial settlement \u00a0(in Spain called <em>convenio regulador) <\/em>must be attached to the petition signed by the lawyer (attorney) and the solicitor. It is not necessary for the couple to have been legally separated for any period of time before filing for divorce.<\/p><p>In certain cases a party may petition for a divorce without waiting for the three-month period. This would apply when there is a proven danger to the life, physical integrity, liberty, moral integrity or sexual liberty or indemnity of the petitioner.<\/p><p><strong>\u00a0<\/strong><\/p><p><strong>Types of divorce in Spain<\/strong><\/p><p><strong>Uncontested divorce<\/strong><\/p><p>The procedure for getting a divorce is quickest when both parties agree to the dissolution of the marriage. Along with the claim the parties shall present the governing convention (<em>convenio regulador<\/em>). This is the contract of agreement covering the following issues:<\/p><ul><li>Cohabitation and custody arrangements for any children, including visitation rights of the non-custodial parent.<\/li><li>The sum that has to be paid for children\u2019s alimony.<\/li><li>Any compensation allowance or alimony that, if any, shall be made by one of the spouses in favour of the other spouse.<\/li><li>Use of the family dwelling.<\/li><li>The manner, if any, in which the spouses continue to contribute to family expenses.<\/li><\/ul><p>The marriage certificate and the birth certificates of the children are always required, as is the intervention of a legal representative (<em>Procurador<\/em>) and a Spanish lawyer.<\/p><p>The power to grant a divorce rests with the judge, who also has the authority to approve the governing convention. Assuming there are no unforeseen issues, an uncontested divorce can be concluded within a few weeks.<\/p><p><strong>Contested divorce<\/strong><\/p><p>In this case the divorce petition is filed by only one of the parties to the marriage, sometimes known as a \u2018contentious\u2019 divorce, and the court procedure is long and somewhat complex. If the parties fail to agree on the governing convention, it may require negotiation and communication between lawyers and the production of third party evidence.<\/p><p>\u00a0<\/p><p>Depending on the circumstances, before starting the divorce procedure, provisional measures may be set up in order to make property settlement, child custody, spousal support and alimony arrangements.<\/p><p>The marriage certificate and the birth certificates of the children are always required, as is the intervention of a legal representative (<em>Procurador<\/em>) and a Spanish lawyer.<\/p><p>A contested divorce can take anywhere from 6 months to a more than a year.<\/p>\t\t\t\t\t\t\t\t<\/div>\n\t\t\t\t<\/div>\n\t\t\t\t\t<\/div>\n\t\t<\/div>\n\t\t\t\t\t<\/div>\n\t\t<\/section>\n\t\t\t\t<\/div>\n\t\t","protected":false},"excerpt":{"rendered":"<p>Family law Legal News. get\u00a0 an\u00a0 Express\u00a0 Divorce in less than 1 month if No children + Divorce financial settlement. \u00a0 Services: \u00a0 Separations and divorces, contentious before the Court and by mutual agreement avoiding &#8230; <\/p>\n<p class=\"read-more-container\"><a title=\"Family Law\" class=\"read-more button\" href=\"https:\/\/falgas.net\/en\/family-law\/#more-1414\" aria-label=\"Read more about Family Law\">Read More<\/a><\/p>\n","protected":false},"author":1,"featured_media":0,"parent":0,"menu_order":0,"comment_status":"closed","ping_status":"closed","template":"","meta":{"footnotes":""},"class_list":{"0":"post-1414","1":"page","2":"type-page","3":"status-publish","5":"no-featured-image-padding"},"yoast_head":"<!-- This site is optimized with the Yoast SEO plugin v27.1.1 - https:\/\/yoast.com\/product\/yoast-seo-wordpress\/ -->\n<title>Family Law - Falgas<\/title>\n<meta name=\"description\" content=\"Bufete jur\u00eddico Falg\u00e0s, ubicado en Figueres, le ayuda con la asesor\u00eda jur\u00eddica en derecho de familia, penal, laboral, mercantil, extranjer\u00eda y derecho civil nacional\" \/>\n<meta name=\"robots\" content=\"index, follow, max-snippet:-1, max-image-preview:large, max-video-preview:-1\" \/>\n<link rel=\"canonical\" href=\"https:\/\/falgas.net\/en\/family-law\/\" \/>\n<meta property=\"og:locale\" content=\"en_US\" \/>\n<meta property=\"og:type\" content=\"article\" \/>\n<meta property=\"og:title\" content=\"Family Law - Falgas\" \/>\n<meta property=\"og:description\" content=\"Bufete jur\u00eddico Falg\u00e0s, ubicado en Figueres, le ayuda con la asesor\u00eda jur\u00eddica en derecho de familia, penal, laboral, mercantil, extranjer\u00eda y derecho civil nacional\" \/>\n<meta property=\"og:url\" content=\"https:\/\/falgas.net\/en\/family-law\/\" \/>\n<meta property=\"og:site_name\" content=\"Falgas\" \/>\n<meta property=\"article:modified_time\" content=\"2020-11-26T10:06:56+00:00\" \/>\n<meta name=\"twitter:card\" content=\"summary_large_image\" \/>\n<meta name=\"twitter:label1\" content=\"Est. reading time\" \/>\n\t<meta name=\"twitter:data1\" content=\"4 minutes\" \/>\n<script type=\"application\/ld+json\" class=\"yoast-schema-graph\">{\"@context\":\"https:\/\/schema.org\",\"@graph\":[{\"@type\":\"WebPage\",\"@id\":\"https:\/\/falgas.net\/en\/family-law\/\",\"url\":\"https:\/\/falgas.net\/en\/family-law\/\",\"name\":\"Family Law - Falgas\",\"isPartOf\":{\"@id\":\"https:\/\/falgas.net\/en\/#website\"},\"datePublished\":\"2020-11-25T15:24:41+00:00\",\"dateModified\":\"2020-11-26T10:06:56+00:00\",\"description\":\"Bufete jur\u00eddico Falg\u00e0s, ubicado en Figueres, le ayuda con la asesor\u00eda jur\u00eddica en derecho de familia, penal, laboral, mercantil, extranjer\u00eda y derecho civil nacional\",\"breadcrumb\":{\"@id\":\"https:\/\/falgas.net\/en\/family-law\/#breadcrumb\"},\"inLanguage\":\"en-US\",\"potentialAction\":[{\"@type\":\"ReadAction\",\"target\":[\"https:\/\/falgas.net\/en\/family-law\/\"]}]},{\"@type\":\"BreadcrumbList\",\"@id\":\"https:\/\/falgas.net\/en\/family-law\/#breadcrumb\",\"itemListElement\":[{\"@type\":\"ListItem\",\"position\":1,\"name\":\"Portada\",\"item\":\"https:\/\/falgas.net\/en\/\"},{\"@type\":\"ListItem\",\"position\":2,\"name\":\"Family Law\"}]},{\"@type\":\"WebSite\",\"@id\":\"https:\/\/falgas.net\/en\/#website\",\"url\":\"https:\/\/falgas.net\/en\/\",\"name\":\"Falgas\",\"description\":\"Otro sitio realizado con WordPress\",\"publisher\":{\"@id\":\"https:\/\/falgas.net\/en\/#organization\"},\"potentialAction\":[{\"@type\":\"SearchAction\",\"target\":{\"@type\":\"EntryPoint\",\"urlTemplate\":\"https:\/\/falgas.net\/en\/?s={search_term_string}\"},\"query-input\":{\"@type\":\"PropertyValueSpecification\",\"valueRequired\":true,\"valueName\":\"search_term_string\"}}],\"inLanguage\":\"en-US\"},{\"@type\":\"Organization\",\"@id\":\"https:\/\/falgas.net\/en\/#organization\",\"name\":\"Falg\u00e0s\",\"url\":\"https:\/\/falgas.net\/en\/\",\"logo\":{\"@type\":\"ImageObject\",\"inLanguage\":\"en-US\",\"@id\":\"https:\/\/falgas.net\/en\/#\/schema\/logo\/image\/\",\"url\":\"https:\/\/falgas.net\/wp-content\/uploads\/2019\/07\/logo-gloria-falgas-1024x344.png\",\"contentUrl\":\"https:\/\/falgas.net\/wp-content\/uploads\/2019\/07\/logo-gloria-falgas-1024x344.png\",\"width\":1024,\"height\":344,\"caption\":\"Falg\u00e0s\"},\"image\":{\"@id\":\"https:\/\/falgas.net\/en\/#\/schema\/logo\/image\/\"}}]}<\/script>\n<!-- \/ Yoast SEO plugin. -->","yoast_head_json":{"title":"Family Law - Falgas","description":"Bufete jur\u00eddico Falg\u00e0s, ubicado en Figueres, le ayuda con la asesor\u00eda jur\u00eddica en derecho de familia, penal, laboral, mercantil, extranjer\u00eda y derecho civil nacional","robots":{"index":"index","follow":"follow","max-snippet":"max-snippet:-1","max-image-preview":"max-image-preview:large","max-video-preview":"max-video-preview:-1"},"canonical":"https:\/\/falgas.net\/en\/family-law\/","og_locale":"en_US","og_type":"article","og_title":"Family Law - Falgas","og_description":"Bufete jur\u00eddico Falg\u00e0s, ubicado en Figueres, le ayuda con la asesor\u00eda jur\u00eddica en derecho de familia, penal, laboral, mercantil, extranjer\u00eda y derecho civil nacional","og_url":"https:\/\/falgas.net\/en\/family-law\/","og_site_name":"Falgas","article_modified_time":"2020-11-26T10:06:56+00:00","twitter_card":"summary_large_image","twitter_misc":{"Est. reading time":"4 minutes"},"schema":{"@context":"https:\/\/schema.org","@graph":[{"@type":"WebPage","@id":"https:\/\/falgas.net\/en\/family-law\/","url":"https:\/\/falgas.net\/en\/family-law\/","name":"Family Law - Falgas","isPartOf":{"@id":"https:\/\/falgas.net\/en\/#website"},"datePublished":"2020-11-25T15:24:41+00:00","dateModified":"2020-11-26T10:06:56+00:00","description":"Bufete jur\u00eddico Falg\u00e0s, ubicado en Figueres, le ayuda con la asesor\u00eda jur\u00eddica en derecho de familia, penal, laboral, mercantil, extranjer\u00eda y derecho civil nacional","breadcrumb":{"@id":"https:\/\/falgas.net\/en\/family-law\/#breadcrumb"},"inLanguage":"en-US","potentialAction":[{"@type":"ReadAction","target":["https:\/\/falgas.net\/en\/family-law\/"]}]},{"@type":"BreadcrumbList","@id":"https:\/\/falgas.net\/en\/family-law\/#breadcrumb","itemListElement":[{"@type":"ListItem","position":1,"name":"Portada","item":"https:\/\/falgas.net\/en\/"},{"@type":"ListItem","position":2,"name":"Family Law"}]},{"@type":"WebSite","@id":"https:\/\/falgas.net\/en\/#website","url":"https:\/\/falgas.net\/en\/","name":"Falgas","description":"Otro sitio realizado con WordPress","publisher":{"@id":"https:\/\/falgas.net\/en\/#organization"},"potentialAction":[{"@type":"SearchAction","target":{"@type":"EntryPoint","urlTemplate":"https:\/\/falgas.net\/en\/?s={search_term_string}"},"query-input":{"@type":"PropertyValueSpecification","valueRequired":true,"valueName":"search_term_string"}}],"inLanguage":"en-US"},{"@type":"Organization","@id":"https:\/\/falgas.net\/en\/#organization","name":"Falg\u00e0s","url":"https:\/\/falgas.net\/en\/","logo":{"@type":"ImageObject","inLanguage":"en-US","@id":"https:\/\/falgas.net\/en\/#\/schema\/logo\/image\/","url":"https:\/\/falgas.net\/wp-content\/uploads\/2019\/07\/logo-gloria-falgas-1024x344.png","contentUrl":"https:\/\/falgas.net\/wp-content\/uploads\/2019\/07\/logo-gloria-falgas-1024x344.png","width":1024,"height":344,"caption":"Falg\u00e0s"},"image":{"@id":"https:\/\/falgas.net\/en\/#\/schema\/logo\/image\/"}}]}},"_links":{"self":[{"href":"https:\/\/falgas.net\/en\/wp-json\/wp\/v2\/pages\/1414","targetHints":{"allow":["GET"]}}],"collection":[{"href":"https:\/\/falgas.net\/en\/wp-json\/wp\/v2\/pages"}],"about":[{"href":"https:\/\/falgas.net\/en\/wp-json\/wp\/v2\/types\/page"}],"author":[{"embeddable":true,"href":"https:\/\/falgas.net\/en\/wp-json\/wp\/v2\/users\/1"}],"replies":[{"embeddable":true,"href":"https:\/\/falgas.net\/en\/wp-json\/wp\/v2\/comments?post=1414"}],"version-history":[{"count":8,"href":"https:\/\/falgas.net\/en\/wp-json\/wp\/v2\/pages\/1414\/revisions"}],"predecessor-version":[{"id":1422,"href":"https:\/\/falgas.net\/en\/wp-json\/wp\/v2\/pages\/1414\/revisions\/1422"}],"wp:attachment":[{"href":"https:\/\/falgas.net\/en\/wp-json\/wp\/v2\/media?parent=1414"}],"curies":[{"name":"wp","href":"https:\/\/api.w.org\/{rel}","templated":true}]}}