{"id":1382,"date":"2020-11-25T15:33:43","date_gmt":"2020-11-25T14:33:43","guid":{"rendered":"http:\/\/falgas.net\/?page_id=1382"},"modified":"2020-11-25T15:35:52","modified_gmt":"2020-11-25T14:35:52","slug":"criminal-law","status":"publish","type":"page","link":"https:\/\/falgas.net\/en\/criminal-law\/","title":{"rendered":"Criminal Law"},"content":{"rendered":"\t\t<div data-elementor-type=\"wp-post\" data-elementor-id=\"1382\" class=\"elementor elementor-1382\">\n\t\t\t\t\t\t<section class=\"elementor-section elementor-top-section elementor-element elementor-element-2b38956 elementor-section-height-min-height elementor-section-boxed elementor-section-height-default elementor-section-items-middle\" data-id=\"2b38956\" data-element_type=\"section\" data-e-type=\"section\" data-settings=\"{&quot;background_background&quot;:&quot;classic&quot;}\">\n\t\t\t\t\t\t<div class=\"elementor-container elementor-column-gap-default\">\n\t\t\t\t\t<div class=\"elementor-column elementor-col-100 elementor-top-column elementor-element elementor-element-0917a65\" data-id=\"0917a65\" data-element_type=\"column\" data-e-type=\"column\">\n\t\t\t<div class=\"elementor-widget-wrap elementor-element-populated\">\n\t\t\t\t\t\t<div class=\"elementor-element elementor-element-0c64045 elementor-widget elementor-widget-heading\" data-id=\"0c64045\" data-element_type=\"widget\" data-e-type=\"widget\" data-widget_type=\"heading.default\">\n\t\t\t\t<div class=\"elementor-widget-container\">\n\t\t\t\t\t<h1 class=\"elementor-heading-title elementor-size-default\">Criminal law<\/h1>\t\t\t\t<\/div>\n\t\t\t\t<\/div>\n\t\t\t\t\t<\/div>\n\t\t<\/div>\n\t\t\t\t\t<\/div>\n\t\t<\/section>\n\t\t\t\t<section class=\"elementor-section elementor-top-section elementor-element elementor-element-4d15316 elementor-section-boxed elementor-section-height-default elementor-section-height-default\" data-id=\"4d15316\" data-element_type=\"section\" data-e-type=\"section\">\n\t\t\t\t\t\t<div class=\"elementor-container elementor-column-gap-default\">\n\t\t\t\t\t<div class=\"elementor-column elementor-col-100 elementor-top-column elementor-element elementor-element-b260532\" data-id=\"b260532\" data-element_type=\"column\" data-e-type=\"column\">\n\t\t\t<div class=\"elementor-widget-wrap elementor-element-populated\">\n\t\t\t\t\t\t<div class=\"elementor-element elementor-element-6fa62f2 elementor-widget elementor-widget-spacer\" data-id=\"6fa62f2\" data-element_type=\"widget\" data-e-type=\"widget\" data-widget_type=\"spacer.default\">\n\t\t\t\t<div class=\"elementor-widget-container\">\n\t\t\t\t\t\t\t<div class=\"elementor-spacer\">\n\t\t\t<div class=\"elementor-spacer-inner\"><\/div>\n\t\t<\/div>\n\t\t\t\t\t\t<\/div>\n\t\t\t\t<\/div>\n\t\t\t\t\t<\/div>\n\t\t<\/div>\n\t\t\t\t\t<\/div>\n\t\t<\/section>\n\t\t\t\t<section class=\"elementor-section elementor-top-section elementor-element elementor-element-0614a3f elementor-section-boxed elementor-section-height-default elementor-section-height-default\" data-id=\"0614a3f\" data-element_type=\"section\" data-e-type=\"section\">\n\t\t\t\t\t\t<div class=\"elementor-container elementor-column-gap-default\">\n\t\t\t\t\t<div class=\"elementor-column elementor-col-100 elementor-top-column elementor-element elementor-element-1fbfca8\" data-id=\"1fbfca8\" data-element_type=\"column\" data-e-type=\"column\">\n\t\t\t<div class=\"elementor-widget-wrap elementor-element-populated\">\n\t\t\t\t\t\t<div class=\"elementor-element elementor-element-2482c27 elementor-widget elementor-widget-text-editor\" data-id=\"2482c27\" data-element_type=\"widget\" data-e-type=\"widget\" data-widget_type=\"text-editor.default\">\n\t\t\t\t<div class=\"elementor-widget-container\">\n\t\t\t\t\t\t\t\t\t<p>\u00a0<\/p><p>When facing an allegation of criminal conduct or behaviour here in <strong>Spain,<\/strong> \u00a0it is essential to get clear and transparent legal advice from experienced <strong>criminal defence lawyer<\/strong> who will protect your rights.<\/p><p>We provide expert legal advice and representation for both individuals and businesses.<\/p><p>We also provide <strong>immediate specialist legal advice and representation<\/strong> at every stage of the criminal process, from attendance at police stations \u2013 <em>Mossos d\u2019Esquadra,\u00a0 Policia Nacional de la Jonquera (French-Spanish border), Guardia Civil<\/em> &#8211;\u00a0\u00a0 \u00a0to representation in court proceedings, whether the Magistrates\u2019 Court called\u00a0 Juzgado de \u2019Instrucci\u00f3n, Crown Court \u00a0called\u00a0 Juzgado de lo Penal\u00a0 or Court of Appeal called Audiencia Provincial.<\/p><p>No matter the offence you may have been accused of, we can help you.<\/p><p><strong>Call us now ! <\/strong><\/p><p>\u00a0<\/p><p>Also we\u00a0 can represent\u00a0 the minors. \u00a0The rights of the minor after performing a criminal conduct (What can happen to your youngest child in criminal proceedings?)<\/p><ul><li>Drug crimes concern any involvement in the creation or distribution of drugs, including <a href=\"https:\/\/www.justia.com\/criminal\/offenses\/drug-crimes\/drug-possession\">drug possession<\/a>, <a href=\"https:\/\/www.justia.com\/criminal\/offenses\/drug-crimes\/drug-manufacturing\">drug manufacturing<\/a>, and <a href=\"https:\/\/www.justia.com\/criminal\/offenses\/drug-crimes\/drug-trafficking\">drug trafficking<\/a>.<\/li><\/ul><p>\u00a0<\/p><ul><li>Traffic offenses include crimes that may arise while an individual is driving a vehicle on public roadways. Traffic offenses include driving under influence of alcohol or drugs, driving on a suspended or revoked license, driving without a license, hit-and-run accidents, reckless driving, and vehicular assault. Where a traffic offense results in death, it can be charged as a far more serious crime, such as a form of homicide.<\/li><\/ul><p>\u00a0<\/p><ul><li>Property crimes typically involve interference with the property of another. Although they may involve physical or mental harm to another, they primarily result in the deprivation of the use or enjoyment of property. Many property crimes are theft crimes, including burglary, larceny, robbery, auto theft, and shoplifting.<\/li><\/ul><p>\u00a0<\/p><ul><li>Personal crimes are those that result in physical or mental harm to another person, including domestic abuse.<\/li><\/ul><p>\u00a0<\/p><ul><li>Finally, financial crimes often involve deception or fraud for financial gain. Although white-collar crimes derive their name from the corporate officers who historically perpetrated them, anyone in any industry can commit a white-collar crime. These crimes include many types of fraud and blackmail, embezzlement and money laundering, tax evasion, and cybercrime<\/li><\/ul>\t\t\t\t\t\t\t\t<\/div>\n\t\t\t\t<\/div>\n\t\t\t\t\t<\/div>\n\t\t<\/div>\n\t\t\t\t\t<\/div>\n\t\t<\/section>\n\t\t\t\t<\/div>\n\t\t","protected":false},"excerpt":{"rendered":"<p>Criminal law \u00a0 When facing an allegation of criminal conduct or behaviour here in Spain, \u00a0it is essential to get clear and transparent legal advice from experienced criminal defence lawyer who will protect your rights. &#8230; <\/p>\n<p class=\"read-more-container\"><a title=\"Criminal Law\" class=\"read-more button\" href=\"https:\/\/falgas.net\/en\/criminal-law\/#more-1382\" aria-label=\"Read more about Criminal Law\">Read More<\/a><\/p>\n","protected":false},"author":1,"featured_media":0,"parent":0,"menu_order":0,"comment_status":"closed","ping_status":"closed","template":"","meta":{"footnotes":""},"class_list":{"0":"post-1382","1":"page","2":"type-page","3":"status-publish","5":"no-featured-image-padding"},"yoast_head":"<!-- This site is optimized with the Yoast SEO plugin v27.1.1 - https:\/\/yoast.com\/product\/yoast-seo-wordpress\/ -->\n<title>Criminal Law - Falgas<\/title>\n<meta name=\"description\" content=\"Bufete jur\u00eddico Falg\u00e0s, ubicado en Figueres, le ayuda con la asesor\u00eda jur\u00eddica en derecho de familia, penal, laboral, mercantil, extranjer\u00eda y derecho civil nacional\" \/>\n<meta name=\"robots\" content=\"index, follow, max-snippet:-1, max-image-preview:large, max-video-preview:-1\" \/>\n<link rel=\"canonical\" href=\"https:\/\/falgas.net\/en\/criminal-law\/\" \/>\n<meta property=\"og:locale\" content=\"en_US\" \/>\n<meta property=\"og:type\" content=\"article\" \/>\n<meta property=\"og:title\" content=\"Criminal Law - Falgas\" \/>\n<meta property=\"og:description\" content=\"Bufete jur\u00eddico Falg\u00e0s, ubicado en Figueres, le ayuda con la asesor\u00eda jur\u00eddica en derecho de familia, penal, laboral, mercantil, extranjer\u00eda y derecho civil nacional\" \/>\n<meta property=\"og:url\" content=\"https:\/\/falgas.net\/en\/criminal-law\/\" \/>\n<meta property=\"og:site_name\" content=\"Falgas\" \/>\n<meta property=\"article:modified_time\" content=\"2020-11-25T14:35:52+00:00\" \/>\n<meta name=\"twitter:card\" content=\"summary_large_image\" \/>\n<meta name=\"twitter:label1\" content=\"Est. reading time\" \/>\n\t<meta name=\"twitter:data1\" content=\"2 minutes\" \/>\n<script type=\"application\/ld+json\" class=\"yoast-schema-graph\">{\"@context\":\"https:\/\/schema.org\",\"@graph\":[{\"@type\":\"WebPage\",\"@id\":\"https:\/\/falgas.net\/en\/criminal-law\/\",\"url\":\"https:\/\/falgas.net\/en\/criminal-law\/\",\"name\":\"Criminal Law - Falgas\",\"isPartOf\":{\"@id\":\"https:\/\/falgas.net\/en\/#website\"},\"datePublished\":\"2020-11-25T14:33:43+00:00\",\"dateModified\":\"2020-11-25T14:35:52+00:00\",\"description\":\"Bufete jur\u00eddico Falg\u00e0s, ubicado en Figueres, le ayuda con la asesor\u00eda jur\u00eddica en derecho de familia, penal, laboral, mercantil, extranjer\u00eda y derecho civil nacional\",\"breadcrumb\":{\"@id\":\"https:\/\/falgas.net\/en\/criminal-law\/#breadcrumb\"},\"inLanguage\":\"en-US\",\"potentialAction\":[{\"@type\":\"ReadAction\",\"target\":[\"https:\/\/falgas.net\/en\/criminal-law\/\"]}]},{\"@type\":\"BreadcrumbList\",\"@id\":\"https:\/\/falgas.net\/en\/criminal-law\/#breadcrumb\",\"itemListElement\":[{\"@type\":\"ListItem\",\"position\":1,\"name\":\"Portada\",\"item\":\"https:\/\/falgas.net\/en\/\"},{\"@type\":\"ListItem\",\"position\":2,\"name\":\"Criminal Law\"}]},{\"@type\":\"WebSite\",\"@id\":\"https:\/\/falgas.net\/en\/#website\",\"url\":\"https:\/\/falgas.net\/en\/\",\"name\":\"Falgas\",\"description\":\"Otro sitio realizado con WordPress\",\"publisher\":{\"@id\":\"https:\/\/falgas.net\/en\/#organization\"},\"potentialAction\":[{\"@type\":\"SearchAction\",\"target\":{\"@type\":\"EntryPoint\",\"urlTemplate\":\"https:\/\/falgas.net\/en\/?s={search_term_string}\"},\"query-input\":{\"@type\":\"PropertyValueSpecification\",\"valueRequired\":true,\"valueName\":\"search_term_string\"}}],\"inLanguage\":\"en-US\"},{\"@type\":\"Organization\",\"@id\":\"https:\/\/falgas.net\/en\/#organization\",\"name\":\"Falg\u00e0s\",\"url\":\"https:\/\/falgas.net\/en\/\",\"logo\":{\"@type\":\"ImageObject\",\"inLanguage\":\"en-US\",\"@id\":\"https:\/\/falgas.net\/en\/#\/schema\/logo\/image\/\",\"url\":\"https:\/\/falgas.net\/wp-content\/uploads\/2019\/07\/logo-gloria-falgas-1024x344.png\",\"contentUrl\":\"https:\/\/falgas.net\/wp-content\/uploads\/2019\/07\/logo-gloria-falgas-1024x344.png\",\"width\":1024,\"height\":344,\"caption\":\"Falg\u00e0s\"},\"image\":{\"@id\":\"https:\/\/falgas.net\/en\/#\/schema\/logo\/image\/\"}}]}<\/script>\n<!-- \/ Yoast SEO plugin. -->","yoast_head_json":{"title":"Criminal Law - Falgas","description":"Bufete jur\u00eddico Falg\u00e0s, ubicado en Figueres, le ayuda con la asesor\u00eda jur\u00eddica en derecho de familia, penal, laboral, mercantil, extranjer\u00eda y derecho civil nacional","robots":{"index":"index","follow":"follow","max-snippet":"max-snippet:-1","max-image-preview":"max-image-preview:large","max-video-preview":"max-video-preview:-1"},"canonical":"https:\/\/falgas.net\/en\/criminal-law\/","og_locale":"en_US","og_type":"article","og_title":"Criminal Law - Falgas","og_description":"Bufete jur\u00eddico Falg\u00e0s, ubicado en Figueres, le ayuda con la asesor\u00eda jur\u00eddica en derecho de familia, penal, laboral, mercantil, extranjer\u00eda y derecho civil nacional","og_url":"https:\/\/falgas.net\/en\/criminal-law\/","og_site_name":"Falgas","article_modified_time":"2020-11-25T14:35:52+00:00","twitter_card":"summary_large_image","twitter_misc":{"Est. reading time":"2 minutes"},"schema":{"@context":"https:\/\/schema.org","@graph":[{"@type":"WebPage","@id":"https:\/\/falgas.net\/en\/criminal-law\/","url":"https:\/\/falgas.net\/en\/criminal-law\/","name":"Criminal Law - Falgas","isPartOf":{"@id":"https:\/\/falgas.net\/en\/#website"},"datePublished":"2020-11-25T14:33:43+00:00","dateModified":"2020-11-25T14:35:52+00:00","description":"Bufete jur\u00eddico Falg\u00e0s, ubicado en Figueres, le ayuda con la asesor\u00eda jur\u00eddica en derecho de familia, penal, laboral, mercantil, extranjer\u00eda y derecho civil nacional","breadcrumb":{"@id":"https:\/\/falgas.net\/en\/criminal-law\/#breadcrumb"},"inLanguage":"en-US","potentialAction":[{"@type":"ReadAction","target":["https:\/\/falgas.net\/en\/criminal-law\/"]}]},{"@type":"BreadcrumbList","@id":"https:\/\/falgas.net\/en\/criminal-law\/#breadcrumb","itemListElement":[{"@type":"ListItem","position":1,"name":"Portada","item":"https:\/\/falgas.net\/en\/"},{"@type":"ListItem","position":2,"name":"Criminal Law"}]},{"@type":"WebSite","@id":"https:\/\/falgas.net\/en\/#website","url":"https:\/\/falgas.net\/en\/","name":"Falgas","description":"Otro sitio realizado con WordPress","publisher":{"@id":"https:\/\/falgas.net\/en\/#organization"},"potentialAction":[{"@type":"SearchAction","target":{"@type":"EntryPoint","urlTemplate":"https:\/\/falgas.net\/en\/?s={search_term_string}"},"query-input":{"@type":"PropertyValueSpecification","valueRequired":true,"valueName":"search_term_string"}}],"inLanguage":"en-US"},{"@type":"Organization","@id":"https:\/\/falgas.net\/en\/#organization","name":"Falg\u00e0s","url":"https:\/\/falgas.net\/en\/","logo":{"@type":"ImageObject","inLanguage":"en-US","@id":"https:\/\/falgas.net\/en\/#\/schema\/logo\/image\/","url":"https:\/\/falgas.net\/wp-content\/uploads\/2019\/07\/logo-gloria-falgas-1024x344.png","contentUrl":"https:\/\/falgas.net\/wp-content\/uploads\/2019\/07\/logo-gloria-falgas-1024x344.png","width":1024,"height":344,"caption":"Falg\u00e0s"},"image":{"@id":"https:\/\/falgas.net\/en\/#\/schema\/logo\/image\/"}}]}},"_links":{"self":[{"href":"https:\/\/falgas.net\/en\/wp-json\/wp\/v2\/pages\/1382","targetHints":{"allow":["GET"]}}],"collection":[{"href":"https:\/\/falgas.net\/en\/wp-json\/wp\/v2\/pages"}],"about":[{"href":"https:\/\/falgas.net\/en\/wp-json\/wp\/v2\/types\/page"}],"author":[{"embeddable":true,"href":"https:\/\/falgas.net\/en\/wp-json\/wp\/v2\/users\/1"}],"replies":[{"embeddable":true,"href":"https:\/\/falgas.net\/en\/wp-json\/wp\/v2\/comments?post=1382"}],"version-history":[{"count":7,"href":"https:\/\/falgas.net\/en\/wp-json\/wp\/v2\/pages\/1382\/revisions"}],"predecessor-version":[{"id":1389,"href":"https:\/\/falgas.net\/en\/wp-json\/wp\/v2\/pages\/1382\/revisions\/1389"}],"wp:attachment":[{"href":"https:\/\/falgas.net\/en\/wp-json\/wp\/v2\/media?parent=1382"}],"curies":[{"name":"wp","href":"https:\/\/api.w.org\/{rel}","templated":true}]}}