{"id":867,"date":"2019-07-16T14:16:17","date_gmt":"2019-07-16T12:16:17","guid":{"rendered":"http:\/\/falgas-cp491.wordpresstemporal.com\/arbeitrecht%e2%80%8b\/"},"modified":"2019-07-16T14:18:40","modified_gmt":"2019-07-16T12:18:40","slug":"arbeitrecht%e2%80%8b","status":"publish","type":"page","link":"https:\/\/falgas.net\/de\/arbeitrecht%e2%80%8b\/","title":{"rendered":"Arbeitrecht\u200b"},"content":{"rendered":"\t\t<div data-elementor-type=\"wp-post\" data-elementor-id=\"867\" class=\"elementor elementor-867 elementor-849\">\n\t\t\t\t\t\t<section class=\"elementor-section elementor-top-section elementor-element elementor-element-fc6babc elementor-section-height-min-height elementor-section-boxed elementor-section-height-default elementor-section-items-middle\" data-id=\"fc6babc\" data-element_type=\"section\" data-e-type=\"section\" data-settings=\"{&quot;background_background&quot;:&quot;classic&quot;}\">\n\t\t\t\t\t\t<div class=\"elementor-container elementor-column-gap-default\">\n\t\t\t\t\t<div class=\"elementor-column elementor-col-100 elementor-top-column elementor-element elementor-element-fbfde08\" data-id=\"fbfde08\" data-element_type=\"column\" data-e-type=\"column\">\n\t\t\t<div class=\"elementor-widget-wrap elementor-element-populated\">\n\t\t\t\t\t\t<div class=\"elementor-element elementor-element-526f34a elementor-widget elementor-widget-heading\" data-id=\"526f34a\" data-element_type=\"widget\" data-e-type=\"widget\" data-widget_type=\"heading.default\">\n\t\t\t\t<div class=\"elementor-widget-container\">\n\t\t\t\t\t<h1 class=\"elementor-heading-title elementor-size-default\">Arbeitrecht\u200b<\/h1>\t\t\t\t<\/div>\n\t\t\t\t<\/div>\n\t\t\t\t\t<\/div>\n\t\t<\/div>\n\t\t\t\t\t<\/div>\n\t\t<\/section>\n\t\t\t\t<section class=\"elementor-section elementor-top-section elementor-element elementor-element-08d22b5 elementor-section-boxed elementor-section-height-default elementor-section-height-default\" data-id=\"08d22b5\" data-element_type=\"section\" data-e-type=\"section\">\n\t\t\t\t\t\t<div class=\"elementor-container elementor-column-gap-default\">\n\t\t\t\t\t<div class=\"elementor-column elementor-col-100 elementor-top-column elementor-element elementor-element-f5c074b\" data-id=\"f5c074b\" data-element_type=\"column\" data-e-type=\"column\">\n\t\t\t<div class=\"elementor-widget-wrap elementor-element-populated\">\n\t\t\t\t\t\t<div class=\"elementor-element elementor-element-218d33b elementor-widget elementor-widget-spacer\" data-id=\"218d33b\" data-element_type=\"widget\" data-e-type=\"widget\" data-widget_type=\"spacer.default\">\n\t\t\t\t<div class=\"elementor-widget-container\">\n\t\t\t\t\t\t\t<div class=\"elementor-spacer\">\n\t\t\t<div class=\"elementor-spacer-inner\"><\/div>\n\t\t<\/div>\n\t\t\t\t\t\t<\/div>\n\t\t\t\t<\/div>\n\t\t\t\t\t<\/div>\n\t\t<\/div>\n\t\t\t\t\t<\/div>\n\t\t<\/section>\n\t\t\t\t<section class=\"elementor-section elementor-top-section elementor-element elementor-element-0f73d04 elementor-section-boxed elementor-section-height-default elementor-section-height-default\" data-id=\"0f73d04\" data-element_type=\"section\" data-e-type=\"section\">\n\t\t\t\t\t\t<div class=\"elementor-container elementor-column-gap-default\">\n\t\t\t\t\t<div class=\"elementor-column elementor-col-100 elementor-top-column elementor-element elementor-element-3ae0e22\" data-id=\"3ae0e22\" data-element_type=\"column\" data-e-type=\"column\">\n\t\t\t<div class=\"elementor-widget-wrap elementor-element-populated\">\n\t\t\t\t\t\t<div class=\"elementor-element elementor-element-7949569 elementor-widget elementor-widget-text-editor\" data-id=\"7949569\" data-element_type=\"widget\" data-e-type=\"widget\" data-widget_type=\"text-editor.default\">\n\t\t\t\t<div class=\"elementor-widget-container\">\n\t\t\t\t\t\t\t\t\t<p>Beratungen und Rechtshilfe<\/p><p>Anfertigung von Vertr\u00e4gen und Dokumenten jeder Art<\/p><p>Au\u00dfergerichtliche Betreibungen und Erhalt von freundschaftlichen Regelungen<\/p><p>Beratung bei Arbeitsrisiken<\/p><p>Vertretung und Handlung in Schlichtunggsakten und Vereinbarungen<\/p><p>Aus\u00fcbung von gerichtlichen Klagen sowie Vertretung und Verteidigung vor<\/p>\t\t\t\t\t\t\t\t<\/div>\n\t\t\t\t<\/div>\n\t\t\t\t\t<\/div>\n\t\t<\/div>\n\t\t\t\t\t<\/div>\n\t\t<\/section>\n\t\t\t\t<section class=\"elementor-section elementor-top-section elementor-element elementor-element-a58b9ac elementor-section-boxed elementor-section-height-default elementor-section-height-default\" data-id=\"a58b9ac\" data-element_type=\"section\" data-e-type=\"section\">\n\t\t\t\t\t\t<div class=\"elementor-container elementor-column-gap-default\">\n\t\t\t\t\t<div class=\"elementor-column elementor-col-100 elementor-top-column elementor-element elementor-element-1bbfa40\" data-id=\"1bbfa40\" data-element_type=\"column\" data-e-type=\"column\">\n\t\t\t<div class=\"elementor-widget-wrap elementor-element-populated\">\n\t\t\t\t\t\t<div class=\"elementor-element elementor-element-4de63fe elementor-widget elementor-widget-text-editor\" data-id=\"4de63fe\" data-element_type=\"widget\" data-e-type=\"widget\" data-widget_type=\"text-editor.default\">\n\t\t\t\t<div class=\"elementor-widget-container\">\n\t\t\t\t\t\t\t\t\t<p>Verwaltungsorganen und Gerichten, wie z. B:<\/p><ul><li>Klagen zur Gehaltspf\u00e4ndung.<\/li><li>K\u00fcndigungsklagen.<\/li><li>Verstoss, Anzeigen und Sanktionen.<\/li><li>Schadenersatz, Entsch\u00e4digung, Schmerzensgeld.<\/li><li>Vertragsl\u00f6schungsklagen aus objektiven, wirtschaftlichen und anderen Gr\u00fcnden.<\/li><li>Urlaub, Wahlsachen, fachliche Einstufung, geographische und funktionnelle Bewegung, wesentliche \u00c4nderungen der Arbeitsbedingungen, Gesamtstreitigkeiten, usw..<\/li><li>Bearbeitung von Verwaltungssachen wie Notf\u00e4lle und L\u00f6schung von Arbeitsvertr\u00e4gen<\/li><\/ul>\t\t\t\t\t\t\t\t<\/div>\n\t\t\t\t<\/div>\n\t\t\t\t\t<\/div>\n\t\t<\/div>\n\t\t\t\t\t<\/div>\n\t\t<\/section>\n\t\t\t\t<\/div>\n\t\t","protected":false},"excerpt":{"rendered":"<p>Arbeitrecht\u200b Beratungen und Rechtshilfe Anfertigung von Vertr\u00e4gen und Dokumenten jeder Art Au\u00dfergerichtliche Betreibungen und Erhalt von freundschaftlichen Regelungen Beratung bei Arbeitsrisiken Vertretung und Handlung in Schlichtunggsakten und Vereinbarungen Aus\u00fcbung von gerichtlichen Klagen sowie Vertretung und &#8230; <\/p>\n<p class=\"read-more-container\"><a title=\"Arbeitrecht\u200b\" class=\"read-more button\" href=\"https:\/\/falgas.net\/de\/arbeitrecht%e2%80%8b\/#more-867\" aria-label=\"Mehr Informationen \u00fcber Arbeitrecht\u200b\">Read More<\/a><\/p>\n","protected":false},"author":1,"featured_media":0,"parent":0,"menu_order":0,"comment_status":"closed","ping_status":"closed","template":"","meta":{"footnotes":""},"class_list":{"0":"post-867","1":"page","2":"type-page","3":"status-publish","5":"no-featured-image-padding"},"yoast_head":"<!-- This site is optimized with the Yoast SEO plugin v27.1.1 - https:\/\/yoast.com\/product\/yoast-seo-wordpress\/ -->\n<title>Arbeitrecht\u200b - Falgas<\/title>\n<meta name=\"description\" content=\"Bufete jur\u00eddico Falg\u00e0s, ubicado en Figueres, le ayuda con la asesor\u00eda jur\u00eddica en derecho de familia, penal, laboral, mercantil, extranjer\u00eda y derecho civil nacional\" \/>\n<meta name=\"robots\" content=\"index, follow, max-snippet:-1, max-image-preview:large, max-video-preview:-1\" \/>\n<link rel=\"canonical\" href=\"https:\/\/falgas.net\/de\/arbeitrecht%e2%80%8b\/\" \/>\n<meta property=\"og:locale\" content=\"de_DE\" \/>\n<meta property=\"og:type\" content=\"article\" \/>\n<meta property=\"og:title\" content=\"Arbeitrecht\u200b - Falgas\" \/>\n<meta property=\"og:description\" content=\"Bufete jur\u00eddico Falg\u00e0s, ubicado en Figueres, le ayuda con la asesor\u00eda jur\u00eddica en derecho de familia, penal, laboral, mercantil, extranjer\u00eda y derecho civil nacional\" \/>\n<meta property=\"og:url\" content=\"https:\/\/falgas.net\/de\/arbeitrecht%e2%80%8b\/\" \/>\n<meta property=\"og:site_name\" content=\"Falgas\" \/>\n<meta property=\"article:modified_time\" content=\"2019-07-16T12:18:40+00:00\" \/>\n<meta name=\"twitter:card\" content=\"summary_large_image\" \/>\n<script type=\"application\/ld+json\" class=\"yoast-schema-graph\">{\"@context\":\"https:\/\/schema.org\",\"@graph\":[{\"@type\":\"WebPage\",\"@id\":\"https:\/\/falgas.net\/de\/arbeitrecht%e2%80%8b\/\",\"url\":\"https:\/\/falgas.net\/de\/arbeitrecht%e2%80%8b\/\",\"name\":\"Arbeitrecht\u200b - Falgas\",\"isPartOf\":{\"@id\":\"https:\/\/falgas.net\/de\/#website\"},\"datePublished\":\"2019-07-16T12:16:17+00:00\",\"dateModified\":\"2019-07-16T12:18:40+00:00\",\"description\":\"Bufete jur\u00eddico Falg\u00e0s, ubicado en Figueres, le ayuda con la asesor\u00eda jur\u00eddica en derecho de familia, penal, laboral, mercantil, extranjer\u00eda y derecho civil nacional\",\"breadcrumb\":{\"@id\":\"https:\/\/falgas.net\/de\/arbeitrecht%e2%80%8b\/#breadcrumb\"},\"inLanguage\":\"de\",\"potentialAction\":[{\"@type\":\"ReadAction\",\"target\":[\"https:\/\/falgas.net\/de\/arbeitrecht%e2%80%8b\/\"]}]},{\"@type\":\"BreadcrumbList\",\"@id\":\"https:\/\/falgas.net\/de\/arbeitrecht%e2%80%8b\/#breadcrumb\",\"itemListElement\":[{\"@type\":\"ListItem\",\"position\":1,\"name\":\"Portada\",\"item\":\"https:\/\/falgas.net\/de\/\"},{\"@type\":\"ListItem\",\"position\":2,\"name\":\"Arbeitrecht\u200b\"}]},{\"@type\":\"WebSite\",\"@id\":\"https:\/\/falgas.net\/de\/#website\",\"url\":\"https:\/\/falgas.net\/de\/\",\"name\":\"Falgas\",\"description\":\"Otro sitio realizado con WordPress\",\"publisher\":{\"@id\":\"https:\/\/falgas.net\/de\/#organization\"},\"potentialAction\":[{\"@type\":\"SearchAction\",\"target\":{\"@type\":\"EntryPoint\",\"urlTemplate\":\"https:\/\/falgas.net\/de\/?s={search_term_string}\"},\"query-input\":{\"@type\":\"PropertyValueSpecification\",\"valueRequired\":true,\"valueName\":\"search_term_string\"}}],\"inLanguage\":\"de\"},{\"@type\":\"Organization\",\"@id\":\"https:\/\/falgas.net\/de\/#organization\",\"name\":\"Falg\u00e0s\",\"url\":\"https:\/\/falgas.net\/de\/\",\"logo\":{\"@type\":\"ImageObject\",\"inLanguage\":\"de\",\"@id\":\"https:\/\/falgas.net\/de\/#\/schema\/logo\/image\/\",\"url\":\"https:\/\/falgas.net\/wp-content\/uploads\/2019\/07\/logo-gloria-falgas-1024x344.png\",\"contentUrl\":\"https:\/\/falgas.net\/wp-content\/uploads\/2019\/07\/logo-gloria-falgas-1024x344.png\",\"width\":1024,\"height\":344,\"caption\":\"Falg\u00e0s\"},\"image\":{\"@id\":\"https:\/\/falgas.net\/de\/#\/schema\/logo\/image\/\"}}]}<\/script>\n<!-- \/ Yoast SEO plugin. -->","yoast_head_json":{"title":"Arbeitrecht\u200b - Falgas","description":"Bufete jur\u00eddico Falg\u00e0s, ubicado en Figueres, le ayuda con la asesor\u00eda jur\u00eddica en derecho de familia, penal, laboral, mercantil, extranjer\u00eda y derecho civil nacional","robots":{"index":"index","follow":"follow","max-snippet":"max-snippet:-1","max-image-preview":"max-image-preview:large","max-video-preview":"max-video-preview:-1"},"canonical":"https:\/\/falgas.net\/de\/arbeitrecht%e2%80%8b\/","og_locale":"de_DE","og_type":"article","og_title":"Arbeitrecht\u200b - Falgas","og_description":"Bufete jur\u00eddico Falg\u00e0s, ubicado en Figueres, le ayuda con la asesor\u00eda jur\u00eddica en derecho de familia, penal, laboral, mercantil, extranjer\u00eda y derecho civil nacional","og_url":"https:\/\/falgas.net\/de\/arbeitrecht%e2%80%8b\/","og_site_name":"Falgas","article_modified_time":"2019-07-16T12:18:40+00:00","twitter_card":"summary_large_image","schema":{"@context":"https:\/\/schema.org","@graph":[{"@type":"WebPage","@id":"https:\/\/falgas.net\/de\/arbeitrecht%e2%80%8b\/","url":"https:\/\/falgas.net\/de\/arbeitrecht%e2%80%8b\/","name":"Arbeitrecht\u200b - Falgas","isPartOf":{"@id":"https:\/\/falgas.net\/de\/#website"},"datePublished":"2019-07-16T12:16:17+00:00","dateModified":"2019-07-16T12:18:40+00:00","description":"Bufete jur\u00eddico Falg\u00e0s, ubicado en Figueres, le ayuda con la asesor\u00eda jur\u00eddica en derecho de familia, penal, laboral, mercantil, extranjer\u00eda y derecho civil nacional","breadcrumb":{"@id":"https:\/\/falgas.net\/de\/arbeitrecht%e2%80%8b\/#breadcrumb"},"inLanguage":"de","potentialAction":[{"@type":"ReadAction","target":["https:\/\/falgas.net\/de\/arbeitrecht%e2%80%8b\/"]}]},{"@type":"BreadcrumbList","@id":"https:\/\/falgas.net\/de\/arbeitrecht%e2%80%8b\/#breadcrumb","itemListElement":[{"@type":"ListItem","position":1,"name":"Portada","item":"https:\/\/falgas.net\/de\/"},{"@type":"ListItem","position":2,"name":"Arbeitrecht\u200b"}]},{"@type":"WebSite","@id":"https:\/\/falgas.net\/de\/#website","url":"https:\/\/falgas.net\/de\/","name":"Falgas","description":"Otro sitio realizado con WordPress","publisher":{"@id":"https:\/\/falgas.net\/de\/#organization"},"potentialAction":[{"@type":"SearchAction","target":{"@type":"EntryPoint","urlTemplate":"https:\/\/falgas.net\/de\/?s={search_term_string}"},"query-input":{"@type":"PropertyValueSpecification","valueRequired":true,"valueName":"search_term_string"}}],"inLanguage":"de"},{"@type":"Organization","@id":"https:\/\/falgas.net\/de\/#organization","name":"Falg\u00e0s","url":"https:\/\/falgas.net\/de\/","logo":{"@type":"ImageObject","inLanguage":"de","@id":"https:\/\/falgas.net\/de\/#\/schema\/logo\/image\/","url":"https:\/\/falgas.net\/wp-content\/uploads\/2019\/07\/logo-gloria-falgas-1024x344.png","contentUrl":"https:\/\/falgas.net\/wp-content\/uploads\/2019\/07\/logo-gloria-falgas-1024x344.png","width":1024,"height":344,"caption":"Falg\u00e0s"},"image":{"@id":"https:\/\/falgas.net\/de\/#\/schema\/logo\/image\/"}}]}},"_links":{"self":[{"href":"https:\/\/falgas.net\/de\/wp-json\/wp\/v2\/pages\/867","targetHints":{"allow":["GET"]}}],"collection":[{"href":"https:\/\/falgas.net\/de\/wp-json\/wp\/v2\/pages"}],"about":[{"href":"https:\/\/falgas.net\/de\/wp-json\/wp\/v2\/types\/page"}],"author":[{"embeddable":true,"href":"https:\/\/falgas.net\/de\/wp-json\/wp\/v2\/users\/1"}],"replies":[{"embeddable":true,"href":"https:\/\/falgas.net\/de\/wp-json\/wp\/v2\/comments?post=867"}],"version-history":[{"count":8,"href":"https:\/\/falgas.net\/de\/wp-json\/wp\/v2\/pages\/867\/revisions"}],"predecessor-version":[{"id":875,"href":"https:\/\/falgas.net\/de\/wp-json\/wp\/v2\/pages\/867\/revisions\/875"}],"wp:attachment":[{"href":"https:\/\/falgas.net\/de\/wp-json\/wp\/v2\/media?parent=867"}],"curies":[{"name":"wp","href":"https:\/\/api.w.org\/{rel}","templated":true}]}}