{"id":842,"date":"2019-07-16T13:42:11","date_gmt":"2019-07-16T11:42:11","guid":{"rendered":"http:\/\/falgas-cp491.wordpresstemporal.com\/handelsrecht%e2%80%8b\/"},"modified":"2019-07-16T13:43:37","modified_gmt":"2019-07-16T11:43:37","slug":"handelsrecht%e2%80%8b","status":"publish","type":"page","link":"https:\/\/falgas.net\/de\/handelsrecht%e2%80%8b\/","title":{"rendered":"Handelsrecht\u200b"},"content":{"rendered":"\t\t<div data-elementor-type=\"wp-post\" data-elementor-id=\"842\" class=\"elementor elementor-842 elementor-821\">\n\t\t\t\t\t\t<section class=\"elementor-section elementor-top-section elementor-element elementor-element-2b38956 elementor-section-height-min-height elementor-section-boxed elementor-section-height-default elementor-section-items-middle\" data-id=\"2b38956\" data-element_type=\"section\" data-e-type=\"section\" data-settings=\"{&quot;background_background&quot;:&quot;classic&quot;}\">\n\t\t\t\t\t\t<div class=\"elementor-container elementor-column-gap-default\">\n\t\t\t\t\t<div class=\"elementor-column elementor-col-100 elementor-top-column elementor-element elementor-element-0917a65\" data-id=\"0917a65\" data-element_type=\"column\" data-e-type=\"column\">\n\t\t\t<div class=\"elementor-widget-wrap elementor-element-populated\">\n\t\t\t\t\t\t<div class=\"elementor-element elementor-element-0c64045 elementor-widget elementor-widget-heading\" data-id=\"0c64045\" data-element_type=\"widget\" data-e-type=\"widget\" data-widget_type=\"heading.default\">\n\t\t\t\t<div class=\"elementor-widget-container\">\n\t\t\t\t\t<h1 class=\"elementor-heading-title elementor-size-default\">Handelsrecht\u200b<\/h1>\t\t\t\t<\/div>\n\t\t\t\t<\/div>\n\t\t\t\t\t<\/div>\n\t\t<\/div>\n\t\t\t\t\t<\/div>\n\t\t<\/section>\n\t\t\t\t<section class=\"elementor-section elementor-top-section elementor-element elementor-element-4d15316 elementor-section-boxed elementor-section-height-default elementor-section-height-default\" data-id=\"4d15316\" data-element_type=\"section\" data-e-type=\"section\">\n\t\t\t\t\t\t<div class=\"elementor-container elementor-column-gap-default\">\n\t\t\t\t\t<div class=\"elementor-column elementor-col-100 elementor-top-column elementor-element elementor-element-b260532\" data-id=\"b260532\" data-element_type=\"column\" data-e-type=\"column\">\n\t\t\t<div class=\"elementor-widget-wrap elementor-element-populated\">\n\t\t\t\t\t\t<div class=\"elementor-element elementor-element-6fa62f2 elementor-widget elementor-widget-spacer\" data-id=\"6fa62f2\" data-element_type=\"widget\" data-e-type=\"widget\" data-widget_type=\"spacer.default\">\n\t\t\t\t<div class=\"elementor-widget-container\">\n\t\t\t\t\t\t\t<div class=\"elementor-spacer\">\n\t\t\t<div class=\"elementor-spacer-inner\"><\/div>\n\t\t<\/div>\n\t\t\t\t\t\t<\/div>\n\t\t\t\t<\/div>\n\t\t\t\t\t<\/div>\n\t\t<\/div>\n\t\t\t\t\t<\/div>\n\t\t<\/section>\n\t\t\t\t<section class=\"elementor-section elementor-top-section elementor-element elementor-element-81033da elementor-section-boxed elementor-section-height-default elementor-section-height-default\" data-id=\"81033da\" data-element_type=\"section\" data-e-type=\"section\">\n\t\t\t\t\t\t<div class=\"elementor-container elementor-column-gap-default\">\n\t\t\t\t\t<div class=\"elementor-column elementor-col-100 elementor-top-column elementor-element elementor-element-0a1ced6\" data-id=\"0a1ced6\" data-element_type=\"column\" data-e-type=\"column\">\n\t\t\t<div class=\"elementor-widget-wrap elementor-element-populated\">\n\t\t\t\t\t\t<div class=\"elementor-element elementor-element-a5f86c5 elementor-widget elementor-widget-text-editor\" data-id=\"a5f86c5\" data-element_type=\"widget\" data-e-type=\"widget\" data-widget_type=\"text-editor.default\">\n\t\t\t\t<div class=\"elementor-widget-container\">\n\t\t\t\t\t\t\t\t\t<p>Wir rechnen mit dem Vertrauen von sehr vielen Fabrikanten und Exporteuren \/ Importeuren von G\u00fctern in Spanien, denen wir unseren Rechtsbeistand anbieten und zwar nicht nur vor Gericht sondern auch in unserer Kanzlei mit verschiedenen Beratungen.<\/p><p>Wir leisten unsere Rechtshandlungen in den folgenden Zonen: Figueres &#8211; Costa Brava und seine wichtigsten St\u00e4dte wie\u00a0 Roses, Santa Margarita,\u00a0 Empuriabrava, Llan\u00e7\u00e0, Portbou,\u00a0 l&#8217;Escala etc. Girona\u00a0 und St\u00e4dte wie\u00a0\u00a0 Bisbal,\u00a0 San Feliu de Guixols, Begur, Lloret de Mar, Blanes, etc, ;\u00a0 Barcelona, Valencia und, Madrid, obwohl wir in allen spanischen St\u00e4dten arbeiten.<\/p>\t\t\t\t\t\t\t\t<\/div>\n\t\t\t\t<\/div>\n\t\t\t\t\t<\/div>\n\t\t<\/div>\n\t\t\t\t\t<\/div>\n\t\t<\/section>\n\t\t\t\t<section class=\"elementor-section elementor-top-section elementor-element elementor-element-0614a3f elementor-section-boxed elementor-section-height-default elementor-section-height-default\" data-id=\"0614a3f\" data-element_type=\"section\" data-e-type=\"section\">\n\t\t\t\t\t\t<div class=\"elementor-container elementor-column-gap-default\">\n\t\t\t\t\t<div class=\"elementor-column elementor-col-100 elementor-top-column elementor-element elementor-element-1fbfca8\" data-id=\"1fbfca8\" data-element_type=\"column\" data-e-type=\"column\">\n\t\t\t<div class=\"elementor-widget-wrap elementor-element-populated\">\n\t\t\t\t\t\t<div class=\"elementor-element elementor-element-2482c27 elementor-widget elementor-widget-text-editor\" data-id=\"2482c27\" data-element_type=\"widget\" data-e-type=\"widget\" data-widget_type=\"text-editor.default\">\n\t\t\t\t<div class=\"elementor-widget-container\">\n\t\t\t\t\t\t\t\t\t<p>Rechtsbeistand, Beratung in folgenden Angelegenheizen:<\/p><ul><li style=\"list-style-type: none;\"><ul><li>Rechtsberatung und Rechtsbeistand.<\/li><li>Anfertigung von Handelsvertr\u00e4gen.<\/li><li>Firmengr\u00fcndung.<\/li><li>Aussergerichtliche Dientsleistungen und Vereinbarungen.<\/li><li>Vertretung und Handlung zwischen Schiedsrichter \/ Schlichter und Vermittlungsverfahren.<\/li><li>Eintreibung von Forderungen von Verk\u00e4ufen in Spanien.<\/li><li>Internationaler Handel \/ Aussenhandel.<\/li><li>Reklamation internationaler Einkauf.<\/li><li>Defektu\u00f6se Produkte.<\/li><li>Reklamation von Wechsel, Scheck und Eigenwechsel.<\/li><li>Reklamation Versicherungspolice.<\/li><li>Firmen und Gesellschaften.<\/li><li>Unlauterer Wettbewerb.<\/li><li>Vertraulichkeitsvertrag; \u00dcberlassungsvertrag \/ Leihvertrag; Vertrag technische Kooperation.<\/li><li>Copyright und \u00e4hnliches.<\/li><li>Know How Lizenzen und Genehmigungen.<\/li><li>Transportvertrag.<\/li><\/ul><\/li><\/ul>\t\t\t\t\t\t\t\t<\/div>\n\t\t\t\t<\/div>\n\t\t\t\t\t<\/div>\n\t\t<\/div>\n\t\t\t\t\t<\/div>\n\t\t<\/section>\n\t\t\t\t<\/div>\n\t\t","protected":false},"excerpt":{"rendered":"<p>Handelsrecht\u200b Wir rechnen mit dem Vertrauen von sehr vielen Fabrikanten und Exporteuren \/ Importeuren von G\u00fctern in Spanien, denen wir unseren Rechtsbeistand anbieten und zwar nicht nur vor Gericht sondern auch in unserer Kanzlei mit &#8230; <\/p>\n<p class=\"read-more-container\"><a title=\"Handelsrecht\u200b\" class=\"read-more button\" href=\"https:\/\/falgas.net\/de\/handelsrecht%e2%80%8b\/#more-842\" aria-label=\"Mehr Informationen \u00fcber Handelsrecht\u200b\">Read More<\/a><\/p>\n","protected":false},"author":1,"featured_media":0,"parent":0,"menu_order":0,"comment_status":"closed","ping_status":"closed","template":"","meta":{"footnotes":""},"class_list":{"0":"post-842","1":"page","2":"type-page","3":"status-publish","5":"no-featured-image-padding"},"yoast_head":"<!-- This site is optimized with the Yoast SEO plugin v27.1.1 - https:\/\/yoast.com\/product\/yoast-seo-wordpress\/ -->\n<title>Handelsrecht\u200b - Falgas<\/title>\n<meta name=\"description\" content=\"Bufete jur\u00eddico Falg\u00e0s, ubicado en Figueres, le ayuda con la asesor\u00eda jur\u00eddica en derecho de familia, penal, laboral, mercantil, extranjer\u00eda y derecho civil nacional\" \/>\n<meta name=\"robots\" content=\"index, follow, max-snippet:-1, max-image-preview:large, max-video-preview:-1\" \/>\n<link rel=\"canonical\" href=\"https:\/\/falgas.net\/de\/handelsrecht%e2%80%8b\/\" \/>\n<meta property=\"og:locale\" content=\"de_DE\" \/>\n<meta property=\"og:type\" content=\"article\" \/>\n<meta property=\"og:title\" content=\"Handelsrecht\u200b - Falgas\" \/>\n<meta property=\"og:description\" content=\"Bufete jur\u00eddico Falg\u00e0s, ubicado en Figueres, le ayuda con la asesor\u00eda jur\u00eddica en derecho de familia, penal, laboral, mercantil, extranjer\u00eda y derecho civil nacional\" \/>\n<meta property=\"og:url\" content=\"https:\/\/falgas.net\/de\/handelsrecht%e2%80%8b\/\" \/>\n<meta property=\"og:site_name\" content=\"Falgas\" \/>\n<meta property=\"article:modified_time\" content=\"2019-07-16T11:43:37+00:00\" \/>\n<meta name=\"twitter:card\" content=\"summary_large_image\" \/>\n<meta name=\"twitter:label1\" content=\"Gesch\u00e4tzte Lesezeit\" \/>\n\t<meta name=\"twitter:data1\" content=\"1\u00a0Minute\" \/>\n<script type=\"application\/ld+json\" class=\"yoast-schema-graph\">{\"@context\":\"https:\/\/schema.org\",\"@graph\":[{\"@type\":\"WebPage\",\"@id\":\"https:\/\/falgas.net\/de\/handelsrecht%e2%80%8b\/\",\"url\":\"https:\/\/falgas.net\/de\/handelsrecht%e2%80%8b\/\",\"name\":\"Handelsrecht\u200b - Falgas\",\"isPartOf\":{\"@id\":\"https:\/\/falgas.net\/de\/#website\"},\"datePublished\":\"2019-07-16T11:42:11+00:00\",\"dateModified\":\"2019-07-16T11:43:37+00:00\",\"description\":\"Bufete jur\u00eddico Falg\u00e0s, ubicado en Figueres, le ayuda con la asesor\u00eda jur\u00eddica en derecho de familia, penal, laboral, mercantil, extranjer\u00eda y derecho civil nacional\",\"breadcrumb\":{\"@id\":\"https:\/\/falgas.net\/de\/handelsrecht%e2%80%8b\/#breadcrumb\"},\"inLanguage\":\"de\",\"potentialAction\":[{\"@type\":\"ReadAction\",\"target\":[\"https:\/\/falgas.net\/de\/handelsrecht%e2%80%8b\/\"]}]},{\"@type\":\"BreadcrumbList\",\"@id\":\"https:\/\/falgas.net\/de\/handelsrecht%e2%80%8b\/#breadcrumb\",\"itemListElement\":[{\"@type\":\"ListItem\",\"position\":1,\"name\":\"Portada\",\"item\":\"https:\/\/falgas.net\/de\/\"},{\"@type\":\"ListItem\",\"position\":2,\"name\":\"Handelsrecht\u200b\"}]},{\"@type\":\"WebSite\",\"@id\":\"https:\/\/falgas.net\/de\/#website\",\"url\":\"https:\/\/falgas.net\/de\/\",\"name\":\"Falgas\",\"description\":\"Otro sitio realizado con WordPress\",\"publisher\":{\"@id\":\"https:\/\/falgas.net\/de\/#organization\"},\"potentialAction\":[{\"@type\":\"SearchAction\",\"target\":{\"@type\":\"EntryPoint\",\"urlTemplate\":\"https:\/\/falgas.net\/de\/?s={search_term_string}\"},\"query-input\":{\"@type\":\"PropertyValueSpecification\",\"valueRequired\":true,\"valueName\":\"search_term_string\"}}],\"inLanguage\":\"de\"},{\"@type\":\"Organization\",\"@id\":\"https:\/\/falgas.net\/de\/#organization\",\"name\":\"Falg\u00e0s\",\"url\":\"https:\/\/falgas.net\/de\/\",\"logo\":{\"@type\":\"ImageObject\",\"inLanguage\":\"de\",\"@id\":\"https:\/\/falgas.net\/de\/#\/schema\/logo\/image\/\",\"url\":\"https:\/\/falgas.net\/wp-content\/uploads\/2019\/07\/logo-gloria-falgas-1024x344.png\",\"contentUrl\":\"https:\/\/falgas.net\/wp-content\/uploads\/2019\/07\/logo-gloria-falgas-1024x344.png\",\"width\":1024,\"height\":344,\"caption\":\"Falg\u00e0s\"},\"image\":{\"@id\":\"https:\/\/falgas.net\/de\/#\/schema\/logo\/image\/\"}}]}<\/script>\n<!-- \/ Yoast SEO plugin. -->","yoast_head_json":{"title":"Handelsrecht\u200b - Falgas","description":"Bufete jur\u00eddico Falg\u00e0s, ubicado en Figueres, le ayuda con la asesor\u00eda jur\u00eddica en derecho de familia, penal, laboral, mercantil, extranjer\u00eda y derecho civil nacional","robots":{"index":"index","follow":"follow","max-snippet":"max-snippet:-1","max-image-preview":"max-image-preview:large","max-video-preview":"max-video-preview:-1"},"canonical":"https:\/\/falgas.net\/de\/handelsrecht%e2%80%8b\/","og_locale":"de_DE","og_type":"article","og_title":"Handelsrecht\u200b - Falgas","og_description":"Bufete jur\u00eddico Falg\u00e0s, ubicado en Figueres, le ayuda con la asesor\u00eda jur\u00eddica en derecho de familia, penal, laboral, mercantil, extranjer\u00eda y derecho civil nacional","og_url":"https:\/\/falgas.net\/de\/handelsrecht%e2%80%8b\/","og_site_name":"Falgas","article_modified_time":"2019-07-16T11:43:37+00:00","twitter_card":"summary_large_image","twitter_misc":{"Gesch\u00e4tzte Lesezeit":"1\u00a0Minute"},"schema":{"@context":"https:\/\/schema.org","@graph":[{"@type":"WebPage","@id":"https:\/\/falgas.net\/de\/handelsrecht%e2%80%8b\/","url":"https:\/\/falgas.net\/de\/handelsrecht%e2%80%8b\/","name":"Handelsrecht\u200b - Falgas","isPartOf":{"@id":"https:\/\/falgas.net\/de\/#website"},"datePublished":"2019-07-16T11:42:11+00:00","dateModified":"2019-07-16T11:43:37+00:00","description":"Bufete jur\u00eddico Falg\u00e0s, ubicado en Figueres, le ayuda con la asesor\u00eda jur\u00eddica en derecho de familia, penal, laboral, mercantil, extranjer\u00eda y derecho civil nacional","breadcrumb":{"@id":"https:\/\/falgas.net\/de\/handelsrecht%e2%80%8b\/#breadcrumb"},"inLanguage":"de","potentialAction":[{"@type":"ReadAction","target":["https:\/\/falgas.net\/de\/handelsrecht%e2%80%8b\/"]}]},{"@type":"BreadcrumbList","@id":"https:\/\/falgas.net\/de\/handelsrecht%e2%80%8b\/#breadcrumb","itemListElement":[{"@type":"ListItem","position":1,"name":"Portada","item":"https:\/\/falgas.net\/de\/"},{"@type":"ListItem","position":2,"name":"Handelsrecht\u200b"}]},{"@type":"WebSite","@id":"https:\/\/falgas.net\/de\/#website","url":"https:\/\/falgas.net\/de\/","name":"Falgas","description":"Otro sitio realizado con WordPress","publisher":{"@id":"https:\/\/falgas.net\/de\/#organization"},"potentialAction":[{"@type":"SearchAction","target":{"@type":"EntryPoint","urlTemplate":"https:\/\/falgas.net\/de\/?s={search_term_string}"},"query-input":{"@type":"PropertyValueSpecification","valueRequired":true,"valueName":"search_term_string"}}],"inLanguage":"de"},{"@type":"Organization","@id":"https:\/\/falgas.net\/de\/#organization","name":"Falg\u00e0s","url":"https:\/\/falgas.net\/de\/","logo":{"@type":"ImageObject","inLanguage":"de","@id":"https:\/\/falgas.net\/de\/#\/schema\/logo\/image\/","url":"https:\/\/falgas.net\/wp-content\/uploads\/2019\/07\/logo-gloria-falgas-1024x344.png","contentUrl":"https:\/\/falgas.net\/wp-content\/uploads\/2019\/07\/logo-gloria-falgas-1024x344.png","width":1024,"height":344,"caption":"Falg\u00e0s"},"image":{"@id":"https:\/\/falgas.net\/de\/#\/schema\/logo\/image\/"}}]}},"_links":{"self":[{"href":"https:\/\/falgas.net\/de\/wp-json\/wp\/v2\/pages\/842","targetHints":{"allow":["GET"]}}],"collection":[{"href":"https:\/\/falgas.net\/de\/wp-json\/wp\/v2\/pages"}],"about":[{"href":"https:\/\/falgas.net\/de\/wp-json\/wp\/v2\/types\/page"}],"author":[{"embeddable":true,"href":"https:\/\/falgas.net\/de\/wp-json\/wp\/v2\/users\/1"}],"replies":[{"embeddable":true,"href":"https:\/\/falgas.net\/de\/wp-json\/wp\/v2\/comments?post=842"}],"version-history":[{"count":6,"href":"https:\/\/falgas.net\/de\/wp-json\/wp\/v2\/pages\/842\/revisions"}],"predecessor-version":[{"id":848,"href":"https:\/\/falgas.net\/de\/wp-json\/wp\/v2\/pages\/842\/revisions\/848"}],"wp:attachment":[{"href":"https:\/\/falgas.net\/de\/wp-json\/wp\/v2\/media?parent=842"}],"curies":[{"name":"wp","href":"https:\/\/api.w.org\/{rel}","templated":true}]}}