{"id":811,"date":"2019-07-16T12:16:29","date_gmt":"2019-07-16T10:16:29","guid":{"rendered":"http:\/\/falgas-cp491.wordpresstemporal.com\/zivilrecht%e2%80%8b\/"},"modified":"2019-07-16T15:28:30","modified_gmt":"2019-07-16T13:28:30","slug":"zivilrecht%e2%80%8b","status":"publish","type":"page","link":"https:\/\/falgas.net\/de\/zivilrecht%e2%80%8b\/","title":{"rendered":"Zivilrecht\u200b"},"content":{"rendered":"\t\t<div data-elementor-type=\"wp-post\" data-elementor-id=\"811\" class=\"elementor elementor-811 elementor-757\">\n\t\t\t\t\t\t<section class=\"elementor-section elementor-top-section elementor-element elementor-element-82648f5 elementor-section-height-min-height elementor-section-boxed elementor-section-height-default elementor-section-items-middle\" data-id=\"82648f5\" data-element_type=\"section\" data-e-type=\"section\" data-settings=\"{&quot;background_background&quot;:&quot;classic&quot;}\">\n\t\t\t\t\t\t<div class=\"elementor-container elementor-column-gap-default\">\n\t\t\t\t\t<div class=\"elementor-column elementor-col-100 elementor-top-column elementor-element elementor-element-de6b246\" data-id=\"de6b246\" data-element_type=\"column\" data-e-type=\"column\">\n\t\t\t<div class=\"elementor-widget-wrap elementor-element-populated\">\n\t\t\t\t\t\t<div class=\"elementor-element elementor-element-e0cbe97 elementor-widget elementor-widget-heading\" data-id=\"e0cbe97\" data-element_type=\"widget\" data-e-type=\"widget\" data-widget_type=\"heading.default\">\n\t\t\t\t<div class=\"elementor-widget-container\">\n\t\t\t\t\t<h1 class=\"elementor-heading-title elementor-size-default\">Zivilrecht\u200b<\/h1>\t\t\t\t<\/div>\n\t\t\t\t<\/div>\n\t\t\t\t\t<\/div>\n\t\t<\/div>\n\t\t\t\t\t<\/div>\n\t\t<\/section>\n\t\t\t\t<section class=\"elementor-section elementor-top-section elementor-element elementor-element-9c29315 elementor-section-boxed elementor-section-height-default elementor-section-height-default\" data-id=\"9c29315\" data-element_type=\"section\" data-e-type=\"section\">\n\t\t\t\t\t\t<div class=\"elementor-container elementor-column-gap-default\">\n\t\t\t\t\t<div class=\"elementor-column elementor-col-100 elementor-top-column elementor-element elementor-element-1b484f9\" data-id=\"1b484f9\" data-element_type=\"column\" data-e-type=\"column\">\n\t\t\t<div class=\"elementor-widget-wrap elementor-element-populated\">\n\t\t\t\t\t\t<div class=\"elementor-element elementor-element-a83abe5 elementor-widget elementor-widget-spacer\" data-id=\"a83abe5\" data-element_type=\"widget\" data-e-type=\"widget\" data-widget_type=\"spacer.default\">\n\t\t\t\t<div class=\"elementor-widget-container\">\n\t\t\t\t\t\t\t<div class=\"elementor-spacer\">\n\t\t\t<div class=\"elementor-spacer-inner\"><\/div>\n\t\t<\/div>\n\t\t\t\t\t\t<\/div>\n\t\t\t\t<\/div>\n\t\t\t\t\t<\/div>\n\t\t<\/div>\n\t\t\t\t\t<\/div>\n\t\t<\/section>\n\t\t\t\t<section class=\"elementor-section elementor-top-section elementor-element elementor-element-cbf37d1 elementor-section-boxed elementor-section-height-default elementor-section-height-default\" data-id=\"cbf37d1\" data-element_type=\"section\" data-e-type=\"section\">\n\t\t\t\t\t\t<div class=\"elementor-container elementor-column-gap-default\">\n\t\t\t\t\t<div class=\"elementor-column elementor-col-100 elementor-top-column elementor-element elementor-element-a7dd9d3\" data-id=\"a7dd9d3\" data-element_type=\"column\" data-e-type=\"column\">\n\t\t\t<div class=\"elementor-widget-wrap elementor-element-populated\">\n\t\t\t\t\t\t<div class=\"elementor-element elementor-element-b5ea1fb elementor-widget elementor-widget-text-editor\" data-id=\"b5ea1fb\" data-element_type=\"widget\" data-e-type=\"widget\" data-widget_type=\"text-editor.default\">\n\t\t\t\t<div class=\"elementor-widget-container\">\n\t\t\t\t\t\t\t\t\t<p>Wir leisten unsere Rechtshandlungen in den folgenden Zonen: Figueres &#8211; Costa Brava und seine wichtigsten St\u00e4dte wie Roses, Santa Margarita, Empuriabrava, Llan\u00e7\u00e0, Portbou, l&#8217;Escala etc. Girona und St\u00e4dte wie Bisbal, San Feliu de Guixols, Begur, Lloret de Mar, Blanes, etc. Barcelona, Valencia und, Madrid, obwohl wir in allen spanischen St\u00e4dten arbeiten.<\/p>\n\t\t\t\t\t\t\t\t<\/div>\n\t\t\t\t<\/div>\n\t\t\t\t\t<\/div>\n\t\t<\/div>\n\t\t\t\t\t<\/div>\n\t\t<\/section>\n\t\t\t\t<section class=\"elementor-section elementor-top-section elementor-element elementor-element-7d1a52b elementor-section-boxed elementor-section-height-default elementor-section-height-default\" data-id=\"7d1a52b\" data-element_type=\"section\" data-e-type=\"section\">\n\t\t\t\t\t\t<div class=\"elementor-container elementor-column-gap-default\">\n\t\t\t\t\t<div class=\"elementor-column elementor-col-100 elementor-top-column elementor-element elementor-element-94bf9fd\" data-id=\"94bf9fd\" data-element_type=\"column\" data-e-type=\"column\">\n\t\t\t<div class=\"elementor-widget-wrap elementor-element-populated\">\n\t\t\t\t\t\t<div class=\"elementor-element elementor-element-1cb3dbe elementor-widget elementor-widget-text-editor\" data-id=\"1cb3dbe\" data-element_type=\"widget\" data-e-type=\"widget\" data-widget_type=\"text-editor.default\">\n\t\t\t\t<div class=\"elementor-widget-container\">\n\t\t\t\t\t\t\t\t\t<p style=\"margin-bottom: 20px; color: #727272; font-family: 'Open Sans'; font-size: 15px; letter-spacing: 0.2px; line-height: 25px; overflow-wrap: break-word;\">Handlungen vor Gerichten, wie z. B:<\/p><ul style=\"margin-bottom: 20px; margin-left: 0px; padding-left: 20px; color: #333333; font-family: 'Helvetica Neue', Helvetica, Arial, sans-serif; font-size: 14px;\"><li style=\"padding-top: 6px; padding-bottom: 6px; vertical-align: top; border-style: none; color: #727272; list-style-type: none;\"><ul style=\"margin-left: 1.3333em; padding-left: 20px;\"><li style=\"padding-top: 6px; padding-bottom: 6px; vertical-align: top; border-style: none;\">Immobilienkauf \/ Immobilienverkauf.<\/li><li style=\"padding-top: 6px; padding-bottom: 6px; vertical-align: top; border-style: none;\">Hauseinkauf \/ Hauskauf \/ Kauf eines Hauses.<\/li><li style=\"padding-top: 6px; padding-bottom: 6px; vertical-align: top; border-style: none;\">Zwangsvollstreckung \/ Zwangsverkauf.<\/li><li style=\"padding-top: 6px; padding-bottom: 6px; vertical-align: top; border-style: none;\">Kauf \/ Verkauf (PLURAL: K\u00e4ufe und Verk\u00e4ufe). Vertr\u00e4ge.<\/li><li style=\"padding-top: 6px; padding-bottom: 6px; vertical-align: top; border-style: none;\">Baufehler \/ Bauschaden.<\/li><li style=\"padding-top: 6px; padding-bottom: 6px; vertical-align: top; border-style: none;\">Garantie der R\u00fcckerstattung von Anzahlung.<\/li><li style=\"padding-top: 6px; padding-bottom: 6px; vertical-align: top; border-style: none;\">P\u00fcnktliche Haus\u00fcbergabe.<\/li><li style=\"padding-top: 6px; padding-bottom: 6px; vertical-align: top; border-style: none;\">Verantwortung Vertragsunternehmer.<\/li><li style=\"padding-top: 6px; padding-bottom: 6px; vertical-align: top; border-style: none;\">Verantwortung Baufirma.<\/li><li style=\"padding-top: 6px; padding-bottom: 6px; vertical-align: top; border-style: none;\">Verantwortung Bautr\u00e4ger.<\/li><li style=\"padding-top: 6px; padding-bottom: 6px; vertical-align: top; border-style: none;\">Verantwortung Baumeister.<\/li><li style=\"padding-top: 6px; padding-bottom: 6px; vertical-align: top; border-style: none;\">Erbschaftsannahme<\/li><li style=\"padding-top: 6px; padding-bottom: 6px; vertical-align: top; border-style: none;\">Erbschaftsannahmeerkl\u00e4rung.<\/li><li style=\"padding-top: 6px; padding-bottom: 6px; vertical-align: top; border-style: none;\">Erbschaften von Ausl\u00e4ndern mit G\u00fctern in Spanien.<\/li><li style=\"padding-top: 6px; padding-bottom: 6px; vertical-align: top; border-style: none;\">Rechtsverfahren f\u00fcr die Wiedererlangung von Erbschaften (O: &#8230;. von geerbten G\u00fctern).<\/li><li style=\"padding-top: 6px; padding-bottom: 6px; vertical-align: top; border-style: none;\">Rechtshilfe bis G\u00fcter\u00fcbertragung an Erben.<\/li><li style=\"padding-top: 6px; padding-bottom: 6px; vertical-align: top; border-style: none;\">Forderung \/ Mahnung.<\/li><li style=\"padding-top: 6px; padding-bottom: 6px; vertical-align: top; border-style: none;\">Nichterf\u00fcllung von Vertrag.<\/li><li style=\"padding-top: 6px; padding-bottom: 6px; vertical-align: top; border-style: none;\">Nichtzahlung \/ S\u00e4umnis.<\/li><li style=\"padding-top: 6px; padding-bottom: 6px; vertical-align: top; border-style: none;\">S\u00e4umigkeit.<\/li><li style=\"padding-top: 6px; padding-bottom: 6px; vertical-align: top; border-style: none;\">Andere Schaden.<\/li><\/ul><\/li><\/ul><ul><li style=\"list-style-type: none;\">\u00a0<\/li><\/ul>\t\t\t\t\t\t\t\t<\/div>\n\t\t\t\t<\/div>\n\t\t\t\t\t<\/div>\n\t\t<\/div>\n\t\t\t\t\t<\/div>\n\t\t<\/section>\n\t\t\t\t<\/div>\n\t\t","protected":false},"excerpt":{"rendered":"<p>Zivilrecht\u200b Wir leisten unsere Rechtshandlungen in den folgenden Zonen: Figueres &#8211; Costa Brava und seine wichtigsten St\u00e4dte wie Roses, Santa Margarita, Empuriabrava, Llan\u00e7\u00e0, Portbou, l&#8217;Escala etc. Girona und St\u00e4dte wie Bisbal, San Feliu de Guixols, &#8230; <\/p>\n<p class=\"read-more-container\"><a title=\"Zivilrecht\u200b\" class=\"read-more button\" href=\"https:\/\/falgas.net\/de\/zivilrecht%e2%80%8b\/#more-811\" aria-label=\"Mehr Informationen \u00fcber Zivilrecht\u200b\">Read More<\/a><\/p>\n","protected":false},"author":1,"featured_media":0,"parent":0,"menu_order":0,"comment_status":"closed","ping_status":"closed","template":"","meta":{"footnotes":""},"class_list":{"0":"post-811","1":"page","2":"type-page","3":"status-publish","5":"no-featured-image-padding"},"yoast_head":"<!-- This site is optimized with the Yoast SEO plugin v27.1.1 - https:\/\/yoast.com\/product\/yoast-seo-wordpress\/ -->\n<title>Zivilrecht\u200b - Falgas<\/title>\n<meta name=\"description\" content=\"Bufete jur\u00eddico Falg\u00e0s, ubicado en Figueres, le ayuda con la asesor\u00eda jur\u00eddica en derecho de familia, penal, laboral, mercantil, extranjer\u00eda y derecho civil nacional\" \/>\n<meta name=\"robots\" content=\"index, follow, max-snippet:-1, max-image-preview:large, max-video-preview:-1\" \/>\n<link rel=\"canonical\" href=\"https:\/\/falgas.net\/de\/zivilrecht%e2%80%8b\/\" \/>\n<meta property=\"og:locale\" content=\"de_DE\" \/>\n<meta property=\"og:type\" content=\"article\" \/>\n<meta property=\"og:title\" content=\"Zivilrecht\u200b - Falgas\" \/>\n<meta property=\"og:description\" content=\"Bufete jur\u00eddico Falg\u00e0s, ubicado en Figueres, le ayuda con la asesor\u00eda jur\u00eddica en derecho de familia, penal, laboral, mercantil, extranjer\u00eda y derecho civil nacional\" \/>\n<meta property=\"og:url\" content=\"https:\/\/falgas.net\/de\/zivilrecht%e2%80%8b\/\" \/>\n<meta property=\"og:site_name\" content=\"Falgas\" \/>\n<meta property=\"article:modified_time\" content=\"2019-07-16T13:28:30+00:00\" \/>\n<meta name=\"twitter:card\" content=\"summary_large_image\" \/>\n<meta name=\"twitter:label1\" content=\"Gesch\u00e4tzte Lesezeit\" \/>\n\t<meta name=\"twitter:data1\" content=\"1\u00a0Minute\" \/>\n<script type=\"application\/ld+json\" class=\"yoast-schema-graph\">{\"@context\":\"https:\/\/schema.org\",\"@graph\":[{\"@type\":\"WebPage\",\"@id\":\"https:\/\/falgas.net\/de\/zivilrecht%e2%80%8b\/\",\"url\":\"https:\/\/falgas.net\/de\/zivilrecht%e2%80%8b\/\",\"name\":\"Zivilrecht\u200b - Falgas\",\"isPartOf\":{\"@id\":\"https:\/\/falgas.net\/de\/#website\"},\"datePublished\":\"2019-07-16T10:16:29+00:00\",\"dateModified\":\"2019-07-16T13:28:30+00:00\",\"description\":\"Bufete jur\u00eddico Falg\u00e0s, ubicado en Figueres, le ayuda con la asesor\u00eda jur\u00eddica en derecho de familia, penal, laboral, mercantil, extranjer\u00eda y derecho civil nacional\",\"breadcrumb\":{\"@id\":\"https:\/\/falgas.net\/de\/zivilrecht%e2%80%8b\/#breadcrumb\"},\"inLanguage\":\"de\",\"potentialAction\":[{\"@type\":\"ReadAction\",\"target\":[\"https:\/\/falgas.net\/de\/zivilrecht%e2%80%8b\/\"]}]},{\"@type\":\"BreadcrumbList\",\"@id\":\"https:\/\/falgas.net\/de\/zivilrecht%e2%80%8b\/#breadcrumb\",\"itemListElement\":[{\"@type\":\"ListItem\",\"position\":1,\"name\":\"Portada\",\"item\":\"https:\/\/falgas.net\/de\/\"},{\"@type\":\"ListItem\",\"position\":2,\"name\":\"Zivilrecht\u200b\"}]},{\"@type\":\"WebSite\",\"@id\":\"https:\/\/falgas.net\/de\/#website\",\"url\":\"https:\/\/falgas.net\/de\/\",\"name\":\"Falgas\",\"description\":\"Otro sitio realizado con WordPress\",\"publisher\":{\"@id\":\"https:\/\/falgas.net\/de\/#organization\"},\"potentialAction\":[{\"@type\":\"SearchAction\",\"target\":{\"@type\":\"EntryPoint\",\"urlTemplate\":\"https:\/\/falgas.net\/de\/?s={search_term_string}\"},\"query-input\":{\"@type\":\"PropertyValueSpecification\",\"valueRequired\":true,\"valueName\":\"search_term_string\"}}],\"inLanguage\":\"de\"},{\"@type\":\"Organization\",\"@id\":\"https:\/\/falgas.net\/de\/#organization\",\"name\":\"Falg\u00e0s\",\"url\":\"https:\/\/falgas.net\/de\/\",\"logo\":{\"@type\":\"ImageObject\",\"inLanguage\":\"de\",\"@id\":\"https:\/\/falgas.net\/de\/#\/schema\/logo\/image\/\",\"url\":\"https:\/\/falgas.net\/wp-content\/uploads\/2019\/07\/logo-gloria-falgas-1024x344.png\",\"contentUrl\":\"https:\/\/falgas.net\/wp-content\/uploads\/2019\/07\/logo-gloria-falgas-1024x344.png\",\"width\":1024,\"height\":344,\"caption\":\"Falg\u00e0s\"},\"image\":{\"@id\":\"https:\/\/falgas.net\/de\/#\/schema\/logo\/image\/\"}}]}<\/script>\n<!-- \/ Yoast SEO plugin. -->","yoast_head_json":{"title":"Zivilrecht\u200b - Falgas","description":"Bufete jur\u00eddico Falg\u00e0s, ubicado en Figueres, le ayuda con la asesor\u00eda jur\u00eddica en derecho de familia, penal, laboral, mercantil, extranjer\u00eda y derecho civil nacional","robots":{"index":"index","follow":"follow","max-snippet":"max-snippet:-1","max-image-preview":"max-image-preview:large","max-video-preview":"max-video-preview:-1"},"canonical":"https:\/\/falgas.net\/de\/zivilrecht%e2%80%8b\/","og_locale":"de_DE","og_type":"article","og_title":"Zivilrecht\u200b - Falgas","og_description":"Bufete jur\u00eddico Falg\u00e0s, ubicado en Figueres, le ayuda con la asesor\u00eda jur\u00eddica en derecho de familia, penal, laboral, mercantil, extranjer\u00eda y derecho civil nacional","og_url":"https:\/\/falgas.net\/de\/zivilrecht%e2%80%8b\/","og_site_name":"Falgas","article_modified_time":"2019-07-16T13:28:30+00:00","twitter_card":"summary_large_image","twitter_misc":{"Gesch\u00e4tzte Lesezeit":"1\u00a0Minute"},"schema":{"@context":"https:\/\/schema.org","@graph":[{"@type":"WebPage","@id":"https:\/\/falgas.net\/de\/zivilrecht%e2%80%8b\/","url":"https:\/\/falgas.net\/de\/zivilrecht%e2%80%8b\/","name":"Zivilrecht\u200b - Falgas","isPartOf":{"@id":"https:\/\/falgas.net\/de\/#website"},"datePublished":"2019-07-16T10:16:29+00:00","dateModified":"2019-07-16T13:28:30+00:00","description":"Bufete jur\u00eddico Falg\u00e0s, ubicado en Figueres, le ayuda con la asesor\u00eda jur\u00eddica en derecho de familia, penal, laboral, mercantil, extranjer\u00eda y derecho civil nacional","breadcrumb":{"@id":"https:\/\/falgas.net\/de\/zivilrecht%e2%80%8b\/#breadcrumb"},"inLanguage":"de","potentialAction":[{"@type":"ReadAction","target":["https:\/\/falgas.net\/de\/zivilrecht%e2%80%8b\/"]}]},{"@type":"BreadcrumbList","@id":"https:\/\/falgas.net\/de\/zivilrecht%e2%80%8b\/#breadcrumb","itemListElement":[{"@type":"ListItem","position":1,"name":"Portada","item":"https:\/\/falgas.net\/de\/"},{"@type":"ListItem","position":2,"name":"Zivilrecht\u200b"}]},{"@type":"WebSite","@id":"https:\/\/falgas.net\/de\/#website","url":"https:\/\/falgas.net\/de\/","name":"Falgas","description":"Otro sitio realizado con WordPress","publisher":{"@id":"https:\/\/falgas.net\/de\/#organization"},"potentialAction":[{"@type":"SearchAction","target":{"@type":"EntryPoint","urlTemplate":"https:\/\/falgas.net\/de\/?s={search_term_string}"},"query-input":{"@type":"PropertyValueSpecification","valueRequired":true,"valueName":"search_term_string"}}],"inLanguage":"de"},{"@type":"Organization","@id":"https:\/\/falgas.net\/de\/#organization","name":"Falg\u00e0s","url":"https:\/\/falgas.net\/de\/","logo":{"@type":"ImageObject","inLanguage":"de","@id":"https:\/\/falgas.net\/de\/#\/schema\/logo\/image\/","url":"https:\/\/falgas.net\/wp-content\/uploads\/2019\/07\/logo-gloria-falgas-1024x344.png","contentUrl":"https:\/\/falgas.net\/wp-content\/uploads\/2019\/07\/logo-gloria-falgas-1024x344.png","width":1024,"height":344,"caption":"Falg\u00e0s"},"image":{"@id":"https:\/\/falgas.net\/de\/#\/schema\/logo\/image\/"}}]}},"_links":{"self":[{"href":"https:\/\/falgas.net\/de\/wp-json\/wp\/v2\/pages\/811","targetHints":{"allow":["GET"]}}],"collection":[{"href":"https:\/\/falgas.net\/de\/wp-json\/wp\/v2\/pages"}],"about":[{"href":"https:\/\/falgas.net\/de\/wp-json\/wp\/v2\/types\/page"}],"author":[{"embeddable":true,"href":"https:\/\/falgas.net\/de\/wp-json\/wp\/v2\/users\/1"}],"replies":[{"embeddable":true,"href":"https:\/\/falgas.net\/de\/wp-json\/wp\/v2\/comments?post=811"}],"version-history":[{"count":4,"href":"https:\/\/falgas.net\/de\/wp-json\/wp\/v2\/pages\/811\/revisions"}],"predecessor-version":[{"id":820,"href":"https:\/\/falgas.net\/de\/wp-json\/wp\/v2\/pages\/811\/revisions\/820"}],"wp:attachment":[{"href":"https:\/\/falgas.net\/de\/wp-json\/wp\/v2\/media?parent=811"}],"curies":[{"name":"wp","href":"https:\/\/api.w.org\/{rel}","templated":true}]}}