{"id":678,"date":"2019-07-16T09:59:47","date_gmt":"2019-07-16T07:59:47","guid":{"rendered":"http:\/\/falgas-cp491.wordpresstemporal.com\/deutes\/"},"modified":"2019-07-17T15:40:54","modified_gmt":"2019-07-17T13:40:54","slug":"deutes","status":"publish","type":"page","link":"https:\/\/falgas.net\/ca\/deutes\/","title":{"rendered":"Deutes"},"content":{"rendered":"\t\t<div data-elementor-type=\"wp-post\" data-elementor-id=\"678\" class=\"elementor elementor-678 elementor-493\">\n\t\t\t\t\t\t<section class=\"elementor-section elementor-top-section elementor-element elementor-element-10606a9 elementor-section-height-min-height elementor-section-boxed elementor-section-height-default elementor-section-items-middle\" data-id=\"10606a9\" data-element_type=\"section\" data-e-type=\"section\" data-settings=\"{&quot;background_background&quot;:&quot;classic&quot;}\">\n\t\t\t\t\t\t<div class=\"elementor-container elementor-column-gap-default\">\n\t\t\t\t\t<div class=\"elementor-column elementor-col-100 elementor-top-column elementor-element elementor-element-9ecba75\" data-id=\"9ecba75\" data-element_type=\"column\" data-e-type=\"column\">\n\t\t\t<div class=\"elementor-widget-wrap elementor-element-populated\">\n\t\t\t\t\t\t<div class=\"elementor-element elementor-element-44934b9 elementor-widget elementor-widget-heading\" data-id=\"44934b9\" data-element_type=\"widget\" data-e-type=\"widget\" data-widget_type=\"heading.default\">\n\t\t\t\t<div class=\"elementor-widget-container\">\n\t\t\t\t\t<h1 class=\"elementor-heading-title elementor-size-default\">Ajuda amb els deutes<\/h1>\t\t\t\t<\/div>\n\t\t\t\t<\/div>\n\t\t\t\t\t<\/div>\n\t\t<\/div>\n\t\t\t\t\t<\/div>\n\t\t<\/section>\n\t\t\t\t<section class=\"elementor-section elementor-top-section elementor-element elementor-element-4724042 elementor-section-content-middle elementor-section-boxed elementor-section-height-default elementor-section-height-default\" data-id=\"4724042\" data-element_type=\"section\" data-e-type=\"section\">\n\t\t\t\t\t\t<div class=\"elementor-container elementor-column-gap-default\">\n\t\t\t\t\t<div class=\"elementor-column elementor-col-50 elementor-top-column elementor-element elementor-element-6ca3464\" data-id=\"6ca3464\" data-element_type=\"column\" data-e-type=\"column\">\n\t\t\t<div class=\"elementor-widget-wrap elementor-element-populated\">\n\t\t\t\t\t\t<div class=\"elementor-element elementor-element-dd33ff7 elementor-widget elementor-widget-text-editor\" data-id=\"dd33ff7\" data-element_type=\"widget\" data-e-type=\"widget\" data-widget_type=\"text-editor.default\">\n\t\t\t\t<div class=\"elementor-widget-container\">\n\t\t\t\t\t\t\t\t\t<p>La Llei permet poder reclamar deutes a trav\u00e9s de dos procediments r\u00e0pids anomenats Proc\u00e9s monitori i Proc\u00e9s canviari, sempre i quan l\u2019import a reclamar no superi els 30.000\u20ac.<\/p>\n<p>Podeu reclamar pressupostos signats o amb el segell del deutor, factures, xecs, pagar\u00e9s, contractes, i entre altres tamb\u00e9 els deutes contrets pel propietari d\u2019un immoble davant la comunitat de propietaris per l\u2019impagament de les despeses comunes i de quotes de comunitat.<\/p>\n<p>Un cop l\u2019advocat presenta la petici\u00f3 de reclamaci\u00f3 al Jutjat, aquest haur\u00e0 de requerir el deutor perqu\u00e8 en el termini de 20 dies us pagui o faci un escrit en contra manifestant les raons per les quals no us deu totalment o parcialment la quantitat reclamada. Si el deutor no paga ni fa escrit en contra el Jutge ordena l\u2019execuci\u00f3 del deute amb interessos i embargant els b\u00e9ns del deutor.<\/p>\n<p>Quan el deutor s\u2019oposi per escrit al pagament, si el deute \u00e9s inferior a 3.000\u20ac seguidament us citaran per a un judici verbal, i quan el deute sigui superior a 3.000\u20ac s\u2019haur\u00e0 de presentar posteriorment demanda de judici ordinari.<\/p>\n<p>Des del gener del 2009 tamb\u00e9 existeix la possibilitat de reclamar els deutes de creditors europeus mitjan\u00e7ant el proc\u00e9s monitori europeu.<\/p>\n\t\t\t\t\t\t\t\t<\/div>\n\t\t\t\t<\/div>\n\t\t\t\t\t<\/div>\n\t\t<\/div>\n\t\t\t\t<div class=\"elementor-column elementor-col-50 elementor-top-column elementor-element elementor-element-8a3fb6e\" data-id=\"8a3fb6e\" data-element_type=\"column\" data-e-type=\"column\">\n\t\t\t<div class=\"elementor-widget-wrap elementor-element-populated\">\n\t\t\t\t\t\t<div class=\"elementor-element elementor-element-20834eb elementor-widget elementor-widget-image\" data-id=\"20834eb\" data-element_type=\"widget\" data-e-type=\"widget\" data-widget_type=\"image.default\">\n\t\t\t\t<div class=\"elementor-widget-container\">\n\t\t\t\t\t\t\t\t\t\t\t\t\t\t\t<img fetchpriority=\"high\" decoding=\"async\" width=\"1024\" height=\"681\" src=\"https:\/\/falgas.net\/wp-content\/uploads\/2019\/07\/deudas.jpg\" class=\"attachment-large size-large wp-image-540\" alt=\"Mujer estresada por las deudas\" \/>\t\t\t\t\t\t\t\t\t\t\t\t\t\t\t<\/div>\n\t\t\t\t<\/div>\n\t\t\t\t\t<\/div>\n\t\t<\/div>\n\t\t\t\t\t<\/div>\n\t\t<\/section>\n\t\t\t\t<\/div>\n\t\t","protected":false},"excerpt":{"rendered":"<p>Ajuda amb els deutes La Llei permet poder reclamar deutes a trav\u00e9s de dos procediments r\u00e0pids anomenats Proc\u00e9s monitori i Proc\u00e9s canviari, sempre i quan l\u2019import a reclamar no superi els 30.000\u20ac. Podeu reclamar pressupostos &#8230; <\/p>\n<p class=\"read-more-container\"><a title=\"Deutes\" class=\"read-more button\" href=\"https:\/\/falgas.net\/ca\/deutes\/#more-678\" aria-label=\"M\u00e9s informaci\u00f3 sobre Deutes\">Read More<\/a><\/p>\n","protected":false},"author":1,"featured_media":0,"parent":0,"menu_order":0,"comment_status":"closed","ping_status":"closed","template":"","meta":{"footnotes":""},"class_list":{"0":"post-678","1":"page","2":"type-page","3":"status-publish","5":"no-featured-image-padding"},"yoast_head":"<!-- This site is optimized with the Yoast SEO plugin v27.1.1 - https:\/\/yoast.com\/product\/yoast-seo-wordpress\/ -->\n<title>Deutes - Falgas<\/title>\n<meta name=\"description\" content=\"Bufet jur\u00eddic Falg\u00e0s, situat a Figueres, l&#039;ajuda amb els problemes dels deutes.\" \/>\n<meta name=\"robots\" content=\"index, follow, max-snippet:-1, max-image-preview:large, max-video-preview:-1\" \/>\n<link rel=\"canonical\" href=\"https:\/\/falgas.net\/ca\/deutes\/\" \/>\n<meta property=\"og:locale\" content=\"ca_ES\" \/>\n<meta property=\"og:type\" content=\"article\" \/>\n<meta property=\"og:title\" content=\"Deutes - Falgas\" \/>\n<meta property=\"og:description\" content=\"Bufet jur\u00eddic Falg\u00e0s, situat a Figueres, l&#039;ajuda amb els problemes dels deutes.\" \/>\n<meta property=\"og:url\" content=\"https:\/\/falgas.net\/ca\/deutes\/\" \/>\n<meta property=\"og:site_name\" content=\"Falgas\" \/>\n<meta property=\"article:modified_time\" content=\"2019-07-17T13:40:54+00:00\" \/>\n<meta property=\"og:image\" content=\"http:\/\/falgas-cp491.wordpresstemporal.com\/wp-content\/uploads\/2019\/07\/deudas.jpg\" \/>\n<meta name=\"twitter:card\" content=\"summary_large_image\" \/>\n<meta name=\"twitter:label1\" content=\"Temps estimat de lectura\" \/>\n\t<meta name=\"twitter:data1\" content=\"1 minut\" \/>\n<script type=\"application\/ld+json\" class=\"yoast-schema-graph\">{\"@context\":\"https:\/\/schema.org\",\"@graph\":[{\"@type\":\"WebPage\",\"@id\":\"https:\/\/falgas.net\/ca\/deutes\/\",\"url\":\"https:\/\/falgas.net\/ca\/deutes\/\",\"name\":\"Deutes - Falgas\",\"isPartOf\":{\"@id\":\"https:\/\/falgas.net\/ca\/#website\"},\"primaryImageOfPage\":{\"@id\":\"https:\/\/falgas.net\/ca\/deutes\/#primaryimage\"},\"image\":{\"@id\":\"https:\/\/falgas.net\/ca\/deutes\/#primaryimage\"},\"thumbnailUrl\":\"http:\/\/falgas-cp491.wordpresstemporal.com\/wp-content\/uploads\/2019\/07\/deudas.jpg\",\"datePublished\":\"2019-07-16T07:59:47+00:00\",\"dateModified\":\"2019-07-17T13:40:54+00:00\",\"description\":\"Bufet jur\u00eddic Falg\u00e0s, situat a Figueres, l'ajuda amb els problemes dels deutes.\",\"breadcrumb\":{\"@id\":\"https:\/\/falgas.net\/ca\/deutes\/#breadcrumb\"},\"inLanguage\":\"ca\",\"potentialAction\":[{\"@type\":\"ReadAction\",\"target\":[\"https:\/\/falgas.net\/ca\/deutes\/\"]}]},{\"@type\":\"ImageObject\",\"inLanguage\":\"ca\",\"@id\":\"https:\/\/falgas.net\/ca\/deutes\/#primaryimage\",\"url\":\"http:\/\/falgas-cp491.wordpresstemporal.com\/wp-content\/uploads\/2019\/07\/deudas.jpg\",\"contentUrl\":\"http:\/\/falgas-cp491.wordpresstemporal.com\/wp-content\/uploads\/2019\/07\/deudas.jpg\"},{\"@type\":\"BreadcrumbList\",\"@id\":\"https:\/\/falgas.net\/ca\/deutes\/#breadcrumb\",\"itemListElement\":[{\"@type\":\"ListItem\",\"position\":1,\"name\":\"Portada\",\"item\":\"https:\/\/falgas.net\/ca\/\"},{\"@type\":\"ListItem\",\"position\":2,\"name\":\"Deutes\"}]},{\"@type\":\"WebSite\",\"@id\":\"https:\/\/falgas.net\/ca\/#website\",\"url\":\"https:\/\/falgas.net\/ca\/\",\"name\":\"Falgas\",\"description\":\"Otro sitio realizado con WordPress\",\"publisher\":{\"@id\":\"https:\/\/falgas.net\/ca\/#organization\"},\"potentialAction\":[{\"@type\":\"SearchAction\",\"target\":{\"@type\":\"EntryPoint\",\"urlTemplate\":\"https:\/\/falgas.net\/ca\/?s={search_term_string}\"},\"query-input\":{\"@type\":\"PropertyValueSpecification\",\"valueRequired\":true,\"valueName\":\"search_term_string\"}}],\"inLanguage\":\"ca\"},{\"@type\":\"Organization\",\"@id\":\"https:\/\/falgas.net\/ca\/#organization\",\"name\":\"Falg\u00e0s\",\"url\":\"https:\/\/falgas.net\/ca\/\",\"logo\":{\"@type\":\"ImageObject\",\"inLanguage\":\"ca\",\"@id\":\"https:\/\/falgas.net\/ca\/#\/schema\/logo\/image\/\",\"url\":\"https:\/\/falgas.net\/wp-content\/uploads\/2019\/07\/logo-gloria-falgas-1024x344.png\",\"contentUrl\":\"https:\/\/falgas.net\/wp-content\/uploads\/2019\/07\/logo-gloria-falgas-1024x344.png\",\"width\":1024,\"height\":344,\"caption\":\"Falg\u00e0s\"},\"image\":{\"@id\":\"https:\/\/falgas.net\/ca\/#\/schema\/logo\/image\/\"}}]}<\/script>\n<!-- \/ Yoast SEO plugin. -->","yoast_head_json":{"title":"Deutes - Falgas","description":"Bufet jur\u00eddic Falg\u00e0s, situat a Figueres, l'ajuda amb els problemes dels deutes.","robots":{"index":"index","follow":"follow","max-snippet":"max-snippet:-1","max-image-preview":"max-image-preview:large","max-video-preview":"max-video-preview:-1"},"canonical":"https:\/\/falgas.net\/ca\/deutes\/","og_locale":"ca_ES","og_type":"article","og_title":"Deutes - Falgas","og_description":"Bufet jur\u00eddic Falg\u00e0s, situat a Figueres, l'ajuda amb els problemes dels deutes.","og_url":"https:\/\/falgas.net\/ca\/deutes\/","og_site_name":"Falgas","article_modified_time":"2019-07-17T13:40:54+00:00","og_image":[{"url":"http:\/\/falgas-cp491.wordpresstemporal.com\/wp-content\/uploads\/2019\/07\/deudas.jpg","type":"","width":"","height":""}],"twitter_card":"summary_large_image","twitter_misc":{"Temps estimat de lectura":"1 minut"},"schema":{"@context":"https:\/\/schema.org","@graph":[{"@type":"WebPage","@id":"https:\/\/falgas.net\/ca\/deutes\/","url":"https:\/\/falgas.net\/ca\/deutes\/","name":"Deutes - Falgas","isPartOf":{"@id":"https:\/\/falgas.net\/ca\/#website"},"primaryImageOfPage":{"@id":"https:\/\/falgas.net\/ca\/deutes\/#primaryimage"},"image":{"@id":"https:\/\/falgas.net\/ca\/deutes\/#primaryimage"},"thumbnailUrl":"http:\/\/falgas-cp491.wordpresstemporal.com\/wp-content\/uploads\/2019\/07\/deudas.jpg","datePublished":"2019-07-16T07:59:47+00:00","dateModified":"2019-07-17T13:40:54+00:00","description":"Bufet jur\u00eddic Falg\u00e0s, situat a Figueres, l'ajuda amb els problemes dels deutes.","breadcrumb":{"@id":"https:\/\/falgas.net\/ca\/deutes\/#breadcrumb"},"inLanguage":"ca","potentialAction":[{"@type":"ReadAction","target":["https:\/\/falgas.net\/ca\/deutes\/"]}]},{"@type":"ImageObject","inLanguage":"ca","@id":"https:\/\/falgas.net\/ca\/deutes\/#primaryimage","url":"http:\/\/falgas-cp491.wordpresstemporal.com\/wp-content\/uploads\/2019\/07\/deudas.jpg","contentUrl":"http:\/\/falgas-cp491.wordpresstemporal.com\/wp-content\/uploads\/2019\/07\/deudas.jpg"},{"@type":"BreadcrumbList","@id":"https:\/\/falgas.net\/ca\/deutes\/#breadcrumb","itemListElement":[{"@type":"ListItem","position":1,"name":"Portada","item":"https:\/\/falgas.net\/ca\/"},{"@type":"ListItem","position":2,"name":"Deutes"}]},{"@type":"WebSite","@id":"https:\/\/falgas.net\/ca\/#website","url":"https:\/\/falgas.net\/ca\/","name":"Falgas","description":"Otro sitio realizado con WordPress","publisher":{"@id":"https:\/\/falgas.net\/ca\/#organization"},"potentialAction":[{"@type":"SearchAction","target":{"@type":"EntryPoint","urlTemplate":"https:\/\/falgas.net\/ca\/?s={search_term_string}"},"query-input":{"@type":"PropertyValueSpecification","valueRequired":true,"valueName":"search_term_string"}}],"inLanguage":"ca"},{"@type":"Organization","@id":"https:\/\/falgas.net\/ca\/#organization","name":"Falg\u00e0s","url":"https:\/\/falgas.net\/ca\/","logo":{"@type":"ImageObject","inLanguage":"ca","@id":"https:\/\/falgas.net\/ca\/#\/schema\/logo\/image\/","url":"https:\/\/falgas.net\/wp-content\/uploads\/2019\/07\/logo-gloria-falgas-1024x344.png","contentUrl":"https:\/\/falgas.net\/wp-content\/uploads\/2019\/07\/logo-gloria-falgas-1024x344.png","width":1024,"height":344,"caption":"Falg\u00e0s"},"image":{"@id":"https:\/\/falgas.net\/ca\/#\/schema\/logo\/image\/"}}]}},"_links":{"self":[{"href":"https:\/\/falgas.net\/ca\/wp-json\/wp\/v2\/pages\/678","targetHints":{"allow":["GET"]}}],"collection":[{"href":"https:\/\/falgas.net\/ca\/wp-json\/wp\/v2\/pages"}],"about":[{"href":"https:\/\/falgas.net\/ca\/wp-json\/wp\/v2\/types\/page"}],"author":[{"embeddable":true,"href":"https:\/\/falgas.net\/ca\/wp-json\/wp\/v2\/users\/1"}],"replies":[{"embeddable":true,"href":"https:\/\/falgas.net\/ca\/wp-json\/wp\/v2\/comments?post=678"}],"version-history":[{"count":4,"href":"https:\/\/falgas.net\/ca\/wp-json\/wp\/v2\/pages\/678\/revisions"}],"predecessor-version":[{"id":1114,"href":"https:\/\/falgas.net\/ca\/wp-json\/wp\/v2\/pages\/678\/revisions\/1114"}],"wp:attachment":[{"href":"https:\/\/falgas.net\/ca\/wp-json\/wp\/v2\/media?parent=678"}],"curies":[{"name":"wp","href":"https:\/\/api.w.org\/{rel}","templated":true}]}}