{"id":676,"date":"2019-07-16T09:57:07","date_gmt":"2019-07-16T07:57:07","guid":{"rendered":"http:\/\/falgas-cp491.wordpresstemporal.com\/accidents\/"},"modified":"2019-07-17T15:19:37","modified_gmt":"2019-07-17T13:19:37","slug":"accidents","status":"publish","type":"page","link":"https:\/\/falgas.net\/ca\/accidents\/","title":{"rendered":"Accidents"},"content":{"rendered":"\t\t<div data-elementor-type=\"wp-post\" data-elementor-id=\"676\" class=\"elementor elementor-676 elementor-491\">\n\t\t\t\t\t\t<section class=\"elementor-section elementor-top-section elementor-element elementor-element-6331b88 elementor-section-height-min-height elementor-section-boxed elementor-section-height-default elementor-section-items-middle\" data-id=\"6331b88\" data-element_type=\"section\" data-e-type=\"section\" data-settings=\"{&quot;background_background&quot;:&quot;classic&quot;}\">\n\t\t\t\t\t\t<div class=\"elementor-container elementor-column-gap-default\">\n\t\t\t\t\t<div class=\"elementor-column elementor-col-100 elementor-top-column elementor-element elementor-element-d3dd8c9\" data-id=\"d3dd8c9\" data-element_type=\"column\" data-e-type=\"column\">\n\t\t\t<div class=\"elementor-widget-wrap elementor-element-populated\">\n\t\t\t\t\t\t<div class=\"elementor-element elementor-element-ece152b elementor-widget elementor-widget-heading\" data-id=\"ece152b\" data-element_type=\"widget\" data-e-type=\"widget\" data-widget_type=\"heading.default\">\n\t\t\t\t<div class=\"elementor-widget-container\">\n\t\t\t\t\t<h1 class=\"elementor-heading-title elementor-size-default\">Accidents<\/h1>\t\t\t\t<\/div>\n\t\t\t\t<\/div>\n\t\t\t\t\t<\/div>\n\t\t<\/div>\n\t\t\t\t\t<\/div>\n\t\t<\/section>\n\t\t\t\t<section class=\"elementor-section elementor-top-section elementor-element elementor-element-1571852 elementor-section-boxed elementor-section-height-default elementor-section-height-default\" data-id=\"1571852\" data-element_type=\"section\" data-e-type=\"section\">\n\t\t\t\t\t\t<div class=\"elementor-container elementor-column-gap-default\">\n\t\t\t\t\t<div class=\"elementor-column elementor-col-100 elementor-top-column elementor-element elementor-element-6bd478a\" data-id=\"6bd478a\" data-element_type=\"column\" data-e-type=\"column\">\n\t\t\t<div class=\"elementor-widget-wrap elementor-element-populated\">\n\t\t\t\t\t\t<div class=\"elementor-element elementor-element-d5b2d15 elementor-widget elementor-widget-text-editor\" data-id=\"d5b2d15\" data-element_type=\"widget\" data-e-type=\"widget\" data-widget_type=\"text-editor.default\">\n\t\t\t\t<div class=\"elementor-widget-container\">\n\t\t\t\t\t\t\t\t\t<p><span style=\"text-decoration: underline;\">Que Hem de fer en cas de veure&#8217;ns implicats en un accident de tr\u00e0nsit? Ha rebut un cop per darrere?<\/span><\/p>\n<p>El m\u00e9s probable \u00e9s que com a m\u00ednim hagi patit una fuetada cervical, i que ha de fer per reclamar la indemnitzaci\u00f3 per la lesi\u00f3? I pels danys materials del cotxe? I si ha patit la lesi\u00f3 nom\u00e9s la seva acompanyant, que ha de fer?<\/p>\n<p><strong>Llegiu detingudament la seg\u00fcent informaci\u00f3 i<a href=\"http:\/\/falgas-cp491.wordpresstemporal.com\/ca\/contacte\/\">poseu-vos en contacte amb el despatx<\/a>.<\/strong> L&#8217;ajudarem amb tots els tr\u00e0mits.<\/p>\n\t\t\t\t\t\t\t\t<\/div>\n\t\t\t\t<\/div>\n\t\t\t\t\t<\/div>\n\t\t<\/div>\n\t\t\t\t\t<\/div>\n\t\t<\/section>\n\t\t\t\t<section class=\"elementor-section elementor-top-section elementor-element elementor-element-f6819d6 elementor-section-boxed elementor-section-height-default elementor-section-height-default\" data-id=\"f6819d6\" data-element_type=\"section\" data-e-type=\"section\">\n\t\t\t\t\t\t<div class=\"elementor-container elementor-column-gap-default\">\n\t\t\t\t\t<div class=\"elementor-column elementor-col-100 elementor-top-column elementor-element elementor-element-904618a\" data-id=\"904618a\" data-element_type=\"column\" data-e-type=\"column\">\n\t\t\t<div class=\"elementor-widget-wrap elementor-element-populated\">\n\t\t\t\t\t\t<div class=\"elementor-element elementor-element-ab6ff99 elementor-widget elementor-widget-heading\" data-id=\"ab6ff99\" data-element_type=\"widget\" data-e-type=\"widget\" data-widget_type=\"heading.default\">\n\t\t\t\t<div class=\"elementor-widget-container\">\n\t\t\t\t\t<h2 class=\"elementor-heading-title elementor-size-default\">Ha tingut un accident de tr\u00e0nsit?<\/h2>\t\t\t\t<\/div>\n\t\t\t\t<\/div>\n\t\t\t\t<div class=\"elementor-element elementor-element-7a5a444 elementor-widget elementor-widget-heading\" data-id=\"7a5a444\" data-element_type=\"widget\" data-e-type=\"widget\" data-widget_type=\"heading.default\">\n\t\t\t\t<div class=\"elementor-widget-container\">\n\t\t\t\t\t<h3 class=\"elementor-heading-title elementor-size-medium\">En primer lloc<\/h3>\t\t\t\t<\/div>\n\t\t\t\t<\/div>\n\t\t\t\t<div class=\"elementor-element elementor-element-f9c19d6 elementor-widget elementor-widget-text-editor\" data-id=\"f9c19d6\" data-element_type=\"widget\" data-e-type=\"widget\" data-widget_type=\"text-editor.default\">\n\t\t\t\t<div class=\"elementor-widget-container\">\n\t\t\t\t\t\t\t\t\t<p>Si es veu involucrat en un accident de tr\u00e0nsit com a conductor, un cop superat el sobresalt inicial, tracti d\u2019arribar a un acord amb l\u2019altre conductor implicat per emplenar el comunicat amist\u00f3s d\u2019accident\u2019 que faciliten les companyies d\u2019assegurances. <\/p>\n<p>En aquest document es consignen les dades de les parts, del vehicle i de les respectives assegurances d&#8217;accident, aix\u00ed com els danys que ha patit cada autom\u00f2bil; ha de ser signat pels conductors afectats per l&#8217;accident. Seran les companyies d\u2019assegurances les que s\u2019encarreguin de la reparaci\u00f3 dels danys que, si escau, hagin pogut patir els vehicles.<\/p>\n<p>Aquest primer pas nom\u00e9s ser\u00e0 factible si hi ha bona voluntat entre les parts, si per contra, es presenta un enfrontament directe o una manca d\u2019acord respecte a les causes de l\u2019accident, aviseu la Policia Local o als MMEE \u2013 Mossos d\u2019Esquadra ( tel: 088) perqu\u00e8 es presentin immediatament; procedeixi de la mateixa manera si els danys materials s\u00f3n d\u2019especial rellev\u00e0ncia o si cal lamentar danys personals.<\/p>\n<p>Els agents que es desplacen al lloc de l\u2019accident elaboraran el corresponent \u2018atestat\u2018. Aquest document constituir\u00e0 una prova fonamental per a determinar qui ha estat el responsable de l\u2019accident i reclamar la reparaci\u00f3 dels danys soferts a les companyies d\u2019assegurances, b\u00e9 de forma extrajudicial, b\u00e9 iniciant les corresponents accions legals.<\/p>\n\t\t\t\t\t\t\t\t<\/div>\n\t\t\t\t<\/div>\n\t\t\t\t<div class=\"elementor-element elementor-element-ae30db8 elementor-widget elementor-widget-heading\" data-id=\"ae30db8\" data-element_type=\"widget\" data-e-type=\"widget\" data-widget_type=\"heading.default\">\n\t\t\t\t<div class=\"elementor-widget-container\">\n\t\t\t\t\t<h3 class=\"elementor-heading-title elementor-size-medium\">En segon lloc<\/h3>\t\t\t\t<\/div>\n\t\t\t\t<\/div>\n\t\t\t\t<div class=\"elementor-element elementor-element-879fda7 elementor-widget elementor-widget-text-editor\" data-id=\"879fda7\" data-element_type=\"widget\" data-e-type=\"widget\" data-widget_type=\"text-editor.default\">\n\t\t\t\t<div class=\"elementor-widget-container\">\n\t\t\t\t\t\t\t\t\t<p>Si el responsable o l\u2019altre conductor implicat en l\u2019accident de circulaci\u00f3 nega la seva col\u00b7laboraci\u00f3, prengui nota de totes aquelles dades que puguin servir per identificar-lo, de la matr\u00edcula, dels testimonis que hagin presenciat l\u2019accident \u2026 etc.<\/p>\n<p>Si vost\u00e8 o qualsevol dels viatgers han patit lesions, sol\u00b7liciti que en els parts d\u2019assist\u00e8ncia m\u00e8dica figuri que aquests danys s\u2019han produ\u00eft com a conseq\u00fc\u00e8ncia d\u2019un accident de circulaci\u00f3. Aquests parts constituiran aix\u00ed una bona prova dels danys que ha patit a l\u2019hora de reclamar la seva compensaci\u00f3 a la companyia d\u2019assegurances.<\/p>\n\t\t\t\t\t\t\t\t<\/div>\n\t\t\t\t<\/div>\n\t\t\t\t<div class=\"elementor-element elementor-element-346d5b5 elementor-widget elementor-widget-heading\" data-id=\"346d5b5\" data-element_type=\"widget\" data-e-type=\"widget\" data-widget_type=\"heading.default\">\n\t\t\t\t<div class=\"elementor-widget-container\">\n\t\t\t\t\t<h3 class=\"elementor-heading-title elementor-size-medium\">En tercer lloc<\/h3>\t\t\t\t<\/div>\n\t\t\t\t<\/div>\n\t\t\t\t<div class=\"elementor-element elementor-element-bc13e0a elementor-widget elementor-widget-text-editor\" data-id=\"bc13e0a\" data-element_type=\"widget\" data-e-type=\"widget\" data-widget_type=\"text-editor.default\">\n\t\t\t\t<div class=\"elementor-widget-container\">\n\t\t\t\t\t\t\t\t\t<p>De \u201cpart\u201d a la companyia d\u2019assegurances que s\u2019ha produ\u00eft l\u2019accident de tr\u00e0nsit; per aix\u00f2 tindr\u00e0 un termini de <strong>7 dies<\/strong>.<\/p>\n\t\t\t\t\t\t\t\t<\/div>\n\t\t\t\t<\/div>\n\t\t\t\t\t<\/div>\n\t\t<\/div>\n\t\t\t\t\t<\/div>\n\t\t<\/section>\n\t\t\t\t<\/div>\n\t\t","protected":false},"excerpt":{"rendered":"<p>Accidents Que Hem de fer en cas de veure&#8217;ns implicats en un accident de tr\u00e0nsit? Ha rebut un cop per darrere? El m\u00e9s probable \u00e9s que com a m\u00ednim hagi patit una fuetada cervical, i &#8230; <\/p>\n<p class=\"read-more-container\"><a title=\"Accidents\" class=\"read-more button\" href=\"https:\/\/falgas.net\/ca\/accidents\/#more-676\" aria-label=\"M\u00e9s informaci\u00f3 sobre Accidents\">Read More<\/a><\/p>\n","protected":false},"author":1,"featured_media":0,"parent":0,"menu_order":0,"comment_status":"closed","ping_status":"closed","template":"","meta":{"footnotes":""},"class_list":{"0":"post-676","1":"page","2":"type-page","3":"status-publish","5":"no-featured-image-padding"},"yoast_head":"<!-- This site is optimized with the Yoast SEO plugin v27.1.1 - https:\/\/yoast.com\/product\/yoast-seo-wordpress\/ -->\n<title>Accidents - Falgas<\/title>\n<meta name=\"description\" content=\"Que Hem de fer en cas de veure&#039;ns implicats en un accident de tr\u00e0nsit? Ha rebut un cop per darrere?\" \/>\n<meta name=\"robots\" content=\"index, follow, max-snippet:-1, max-image-preview:large, max-video-preview:-1\" \/>\n<link rel=\"canonical\" href=\"https:\/\/falgas.net\/ca\/accidents\/\" \/>\n<meta property=\"og:locale\" content=\"ca_ES\" \/>\n<meta property=\"og:type\" content=\"article\" \/>\n<meta property=\"og:title\" content=\"Accidents - Falgas\" \/>\n<meta property=\"og:description\" content=\"Que Hem de fer en cas de veure&#039;ns implicats en un accident de tr\u00e0nsit? Ha rebut un cop per darrere?\" \/>\n<meta property=\"og:url\" content=\"https:\/\/falgas.net\/ca\/accidents\/\" \/>\n<meta property=\"og:site_name\" content=\"Falgas\" \/>\n<meta property=\"article:modified_time\" content=\"2019-07-17T13:19:37+00:00\" \/>\n<meta name=\"twitter:card\" content=\"summary_large_image\" \/>\n<meta name=\"twitter:label1\" content=\"Temps estimat de lectura\" \/>\n\t<meta name=\"twitter:data1\" content=\"2 minuts\" \/>\n<script type=\"application\/ld+json\" class=\"yoast-schema-graph\">{\"@context\":\"https:\/\/schema.org\",\"@graph\":[{\"@type\":\"WebPage\",\"@id\":\"https:\/\/falgas.net\/ca\/accidents\/\",\"url\":\"https:\/\/falgas.net\/ca\/accidents\/\",\"name\":\"Accidents - Falgas\",\"isPartOf\":{\"@id\":\"https:\/\/falgas.net\/ca\/#website\"},\"datePublished\":\"2019-07-16T07:57:07+00:00\",\"dateModified\":\"2019-07-17T13:19:37+00:00\",\"description\":\"Que Hem de fer en cas de veure'ns implicats en un accident de tr\u00e0nsit? Ha rebut un cop per darrere?\",\"breadcrumb\":{\"@id\":\"https:\/\/falgas.net\/ca\/accidents\/#breadcrumb\"},\"inLanguage\":\"ca\",\"potentialAction\":[{\"@type\":\"ReadAction\",\"target\":[\"https:\/\/falgas.net\/ca\/accidents\/\"]}]},{\"@type\":\"BreadcrumbList\",\"@id\":\"https:\/\/falgas.net\/ca\/accidents\/#breadcrumb\",\"itemListElement\":[{\"@type\":\"ListItem\",\"position\":1,\"name\":\"Portada\",\"item\":\"https:\/\/falgas.net\/ca\/\"},{\"@type\":\"ListItem\",\"position\":2,\"name\":\"Accidents\"}]},{\"@type\":\"WebSite\",\"@id\":\"https:\/\/falgas.net\/ca\/#website\",\"url\":\"https:\/\/falgas.net\/ca\/\",\"name\":\"Falgas\",\"description\":\"Otro sitio realizado con WordPress\",\"publisher\":{\"@id\":\"https:\/\/falgas.net\/ca\/#organization\"},\"potentialAction\":[{\"@type\":\"SearchAction\",\"target\":{\"@type\":\"EntryPoint\",\"urlTemplate\":\"https:\/\/falgas.net\/ca\/?s={search_term_string}\"},\"query-input\":{\"@type\":\"PropertyValueSpecification\",\"valueRequired\":true,\"valueName\":\"search_term_string\"}}],\"inLanguage\":\"ca\"},{\"@type\":\"Organization\",\"@id\":\"https:\/\/falgas.net\/ca\/#organization\",\"name\":\"Falg\u00e0s\",\"url\":\"https:\/\/falgas.net\/ca\/\",\"logo\":{\"@type\":\"ImageObject\",\"inLanguage\":\"ca\",\"@id\":\"https:\/\/falgas.net\/ca\/#\/schema\/logo\/image\/\",\"url\":\"https:\/\/falgas.net\/wp-content\/uploads\/2019\/07\/logo-gloria-falgas-1024x344.png\",\"contentUrl\":\"https:\/\/falgas.net\/wp-content\/uploads\/2019\/07\/logo-gloria-falgas-1024x344.png\",\"width\":1024,\"height\":344,\"caption\":\"Falg\u00e0s\"},\"image\":{\"@id\":\"https:\/\/falgas.net\/ca\/#\/schema\/logo\/image\/\"}}]}<\/script>\n<!-- \/ Yoast SEO plugin. -->","yoast_head_json":{"title":"Accidents - Falgas","description":"Que Hem de fer en cas de veure'ns implicats en un accident de tr\u00e0nsit? Ha rebut un cop per darrere?","robots":{"index":"index","follow":"follow","max-snippet":"max-snippet:-1","max-image-preview":"max-image-preview:large","max-video-preview":"max-video-preview:-1"},"canonical":"https:\/\/falgas.net\/ca\/accidents\/","og_locale":"ca_ES","og_type":"article","og_title":"Accidents - Falgas","og_description":"Que Hem de fer en cas de veure'ns implicats en un accident de tr\u00e0nsit? Ha rebut un cop per darrere?","og_url":"https:\/\/falgas.net\/ca\/accidents\/","og_site_name":"Falgas","article_modified_time":"2019-07-17T13:19:37+00:00","twitter_card":"summary_large_image","twitter_misc":{"Temps estimat de lectura":"2 minuts"},"schema":{"@context":"https:\/\/schema.org","@graph":[{"@type":"WebPage","@id":"https:\/\/falgas.net\/ca\/accidents\/","url":"https:\/\/falgas.net\/ca\/accidents\/","name":"Accidents - Falgas","isPartOf":{"@id":"https:\/\/falgas.net\/ca\/#website"},"datePublished":"2019-07-16T07:57:07+00:00","dateModified":"2019-07-17T13:19:37+00:00","description":"Que Hem de fer en cas de veure'ns implicats en un accident de tr\u00e0nsit? Ha rebut un cop per darrere?","breadcrumb":{"@id":"https:\/\/falgas.net\/ca\/accidents\/#breadcrumb"},"inLanguage":"ca","potentialAction":[{"@type":"ReadAction","target":["https:\/\/falgas.net\/ca\/accidents\/"]}]},{"@type":"BreadcrumbList","@id":"https:\/\/falgas.net\/ca\/accidents\/#breadcrumb","itemListElement":[{"@type":"ListItem","position":1,"name":"Portada","item":"https:\/\/falgas.net\/ca\/"},{"@type":"ListItem","position":2,"name":"Accidents"}]},{"@type":"WebSite","@id":"https:\/\/falgas.net\/ca\/#website","url":"https:\/\/falgas.net\/ca\/","name":"Falgas","description":"Otro sitio realizado con WordPress","publisher":{"@id":"https:\/\/falgas.net\/ca\/#organization"},"potentialAction":[{"@type":"SearchAction","target":{"@type":"EntryPoint","urlTemplate":"https:\/\/falgas.net\/ca\/?s={search_term_string}"},"query-input":{"@type":"PropertyValueSpecification","valueRequired":true,"valueName":"search_term_string"}}],"inLanguage":"ca"},{"@type":"Organization","@id":"https:\/\/falgas.net\/ca\/#organization","name":"Falg\u00e0s","url":"https:\/\/falgas.net\/ca\/","logo":{"@type":"ImageObject","inLanguage":"ca","@id":"https:\/\/falgas.net\/ca\/#\/schema\/logo\/image\/","url":"https:\/\/falgas.net\/wp-content\/uploads\/2019\/07\/logo-gloria-falgas-1024x344.png","contentUrl":"https:\/\/falgas.net\/wp-content\/uploads\/2019\/07\/logo-gloria-falgas-1024x344.png","width":1024,"height":344,"caption":"Falg\u00e0s"},"image":{"@id":"https:\/\/falgas.net\/ca\/#\/schema\/logo\/image\/"}}]}},"_links":{"self":[{"href":"https:\/\/falgas.net\/ca\/wp-json\/wp\/v2\/pages\/676","targetHints":{"allow":["GET"]}}],"collection":[{"href":"https:\/\/falgas.net\/ca\/wp-json\/wp\/v2\/pages"}],"about":[{"href":"https:\/\/falgas.net\/ca\/wp-json\/wp\/v2\/types\/page"}],"author":[{"embeddable":true,"href":"https:\/\/falgas.net\/ca\/wp-json\/wp\/v2\/users\/1"}],"replies":[{"embeddable":true,"href":"https:\/\/falgas.net\/ca\/wp-json\/wp\/v2\/comments?post=676"}],"version-history":[{"count":3,"href":"https:\/\/falgas.net\/ca\/wp-json\/wp\/v2\/pages\/676\/revisions"}],"predecessor-version":[{"id":1108,"href":"https:\/\/falgas.net\/ca\/wp-json\/wp\/v2\/pages\/676\/revisions\/1108"}],"wp:attachment":[{"href":"https:\/\/falgas.net\/ca\/wp-json\/wp\/v2\/media?parent=676"}],"curies":[{"name":"wp","href":"https:\/\/api.w.org\/{rel}","templated":true}]}}