{"id":672,"date":"2019-07-16T09:49:47","date_gmt":"2019-07-16T07:49:47","guid":{"rendered":"http:\/\/falgas-cp491.wordpresstemporal.com\/pacte-amistos\/"},"modified":"2019-07-17T15:46:30","modified_gmt":"2019-07-17T13:46:30","slug":"pacte-amistos","status":"publish","type":"page","link":"https:\/\/falgas.net\/ca\/divorcis\/pacte-amistos\/","title":{"rendered":"Pacte amist\u00f3s"},"content":{"rendered":"\t\t<div data-elementor-type=\"wp-post\" data-elementor-id=\"672\" class=\"elementor elementor-672 elementor-497\">\n\t\t\t\t\t\t<section class=\"elementor-section elementor-top-section elementor-element elementor-element-472f310 elementor-section-height-min-height elementor-section-boxed elementor-section-height-default elementor-section-items-middle\" data-id=\"472f310\" data-element_type=\"section\" data-e-type=\"section\" data-settings=\"{&quot;background_background&quot;:&quot;classic&quot;}\">\n\t\t\t\t\t\t<div class=\"elementor-container elementor-column-gap-default\">\n\t\t\t\t\t<div class=\"elementor-column elementor-col-100 elementor-top-column elementor-element elementor-element-4209ae6\" data-id=\"4209ae6\" data-element_type=\"column\" data-e-type=\"column\">\n\t\t\t<div class=\"elementor-widget-wrap elementor-element-populated\">\n\t\t\t\t\t\t<div class=\"elementor-element elementor-element-f55187e elementor-widget elementor-widget-heading\" data-id=\"f55187e\" data-element_type=\"widget\" data-e-type=\"widget\" data-widget_type=\"heading.default\">\n\t\t\t\t<div class=\"elementor-widget-container\">\n\t\t\t\t\t<h1 class=\"elementor-heading-title elementor-size-default\">Divorci amb un pacte amist\u00f3s<\/h1>\t\t\t\t<\/div>\n\t\t\t\t<\/div>\n\t\t\t\t\t<\/div>\n\t\t<\/div>\n\t\t\t\t\t<\/div>\n\t\t<\/section>\n\t\t\t\t<section class=\"elementor-section elementor-top-section elementor-element elementor-element-bd3c6cd elementor-section-boxed elementor-section-height-default elementor-section-height-default\" data-id=\"bd3c6cd\" data-element_type=\"section\" data-e-type=\"section\">\n\t\t\t\t\t\t<div class=\"elementor-container elementor-column-gap-default\">\n\t\t\t\t\t<div class=\"elementor-column elementor-col-100 elementor-top-column elementor-element elementor-element-22df4f2\" data-id=\"22df4f2\" data-element_type=\"column\" data-e-type=\"column\">\n\t\t\t<div class=\"elementor-widget-wrap elementor-element-populated\">\n\t\t\t\t\t\t<div class=\"elementor-element elementor-element-27e01b7 elementor-widget elementor-widget-heading\" data-id=\"27e01b7\" data-element_type=\"widget\" data-e-type=\"widget\" data-widget_type=\"heading.default\">\n\t\t\t\t<div class=\"elementor-widget-container\">\n\t\t\t\t\t<h2 class=\"elementor-heading-title elementor-size-default\">Via amistosa<\/h2>\t\t\t\t<\/div>\n\t\t\t\t<\/div>\n\t\t\t\t<div class=\"elementor-element elementor-element-5ca6718 elementor-widget elementor-widget-heading\" data-id=\"5ca6718\" data-element_type=\"widget\" data-e-type=\"widget\" data-widget_type=\"heading.default\">\n\t\t\t\t<div class=\"elementor-widget-container\">\n\t\t\t\t\t<h3 class=\"elementor-heading-title elementor-size-default\">Regular la dissoluci\u00f3 del matrimoni o de la parella de fet mitjan\u00e7ant un ACORD amist\u00f3s entre les dues parts<\/h3>\t\t\t\t<\/div>\n\t\t\t\t<\/div>\n\t\t\t\t<div class=\"elementor-element elementor-element-d68a775 elementor-widget elementor-widget-text-editor\" data-id=\"d68a775\" data-element_type=\"widget\" data-e-type=\"widget\" data-widget_type=\"text-editor.default\">\n\t\t\t\t<div class=\"elementor-widget-container\">\n\t\t\t\t\t\t\t\t\t<p>Amb la Llei 15\/2005 de separacions i divorcis, les parelles es poden divorciar o separar als 3 mesos del seu matrimoni i tampoc cal provar els motius que porten a la separaci\u00f3 o divorci.<\/p>\n<p>Es pot fer de mutu acord o via judicial, tamb\u00e9 anomenada via contenciosa, \u00e9s a dir demandant la part contraria i anar a judici amb tot el seguit de testimonis i d\u2019informes pericials<\/p>\n<p>El procediment de mutu acord es basa en la negociaci\u00f3 entre les dues parts recollint les mesures que regular\u00e0 la dissoluci\u00f3 de la parella en un contracte anomenat CONVENI REGULADOR.<\/p>\n<p>Aix\u00ed \u00e9s un proc\u00e9s m\u00e9s r\u00e0pid, i econ\u00f2mic tramitant-se sense anar a judici! Nom\u00e9s cal que la parella vagi al Jutjat (junts o per separat) per poder ratificar (signar) la separaci\u00f3 de les parelles no matrimonials\/o el divorci, davant d\u2019un funcionari del Jutjat.<\/p>\n<p>Aquest tr\u00e0mit fins a obtenir la Sentencia pot durar entre 1 i 3 mesos segons cada Jutjat.<\/p>\n<p>Punts que cal decidir entre la parella i que cal incloure com a mesures al conveni regulador.<\/p>\n\t\t\t\t\t\t\t\t<\/div>\n\t\t\t\t<\/div>\n\t\t\t\t<div class=\"elementor-element elementor-element-36995b7 elementor-widget elementor-widget-text-editor\" data-id=\"36995b7\" data-element_type=\"widget\" data-e-type=\"widget\" data-widget_type=\"text-editor.default\">\n\t\t\t\t<div class=\"elementor-widget-container\">\n\t\t\t\t\t\t\t\t\t<ul>\n<li>El fi de la conviv\u00e8ncia.<\/li>\n<li>Qui dels dos es queda amb l\u2019\u00fas del domicili familiar. Contribuci\u00f3 a les c\u00e0rregues familiars.<\/li>\n<li>La cust\u00f2dia dels nens, si n\u2019hi ha. Compartida o individual a favor d\u2019un sol progenitor.<\/li>\n<li>El r\u00e8gim de visites que tindr\u00e0 qui no es queda amb els nens.<\/li>\n<li>La pensi\u00f3 d\u2019aliments per als nens. Les despeses extraordin\u00e0ries.<\/li>\n<li>La pensi\u00f3 per a la parella en el cas que la separaci\u00f3 la deixi en mala situaci\u00f3 econ\u00f2mica.<\/li>\n<li>La divisi\u00f3 del patrimoni familiar, etc.<\/li>\n<\/ul>\n\t\t\t\t\t\t\t\t<\/div>\n\t\t\t\t<\/div>\n\t\t\t\t<div class=\"elementor-element elementor-element-d4c8866 elementor-widget elementor-widget-text-editor\" data-id=\"d4c8866\" data-element_type=\"widget\" data-e-type=\"widget\" data-widget_type=\"text-editor.default\">\n\t\t\t\t<div class=\"elementor-widget-container\">\n\t\t\t\t\t\t\t\t\t<p>El procediment de mutu acord ve regulat a l\u2019article 777 de la Llei 1\/2000,d\u2019enjudiciament civil i requereix de demanda presentada pel Procurador i signada per l\u2019Advocat adjuntant-li la proposta del Conveni (decidit i signat per la parella), certificat de matrimoni i certificats de naixement dels fills si n\u2019hi ha i fotocopia del llibre de fam\u00edlia. Es presentar\u00e0 la demanda davant el Jutjat de Primera Inst\u00e0ncia de l\u2019\u00faltim domicili conjugal. El Jutjat assenyalar\u00e0 un dia perqu\u00e8 tots dos c\u00f2njuges es ratifiquin en el conveni (aniran acompanyats del Procurador i Advocat) i el Jutge dictar\u00e0 sent\u00e8ncia de dissoluci\u00f3 del matrimoni per divorci o la sent\u00e8ncia de dissoluci\u00f3 de la parella (si o existeix matrimoni) recollint dins la sent\u00e8ncia el Conveni Regulador signat.<\/p>\n<p>Com veieu, per poder arribar a un bon ACORD, plasmat a un Conveni Regulador cal que estigueu molt ben informats sobre els vostres drets i els drets dels vostres fills, sobre el vostre patrimoni.<\/p>\n<p>I si us pregunteu, quins drets t\u00e9 la meva parella sobre la casa de la meva propietat, i si li haig de pagar pensi\u00f3 si no estem casats? I qu\u00e8 passa amb la hipoteca que estic pagant jo de la casa que va a nom dels dos, i amb els comptes bancaris, i els vehicles?, \u2026<\/p>\n<p>Totes aquestes i moltes m\u00e9s preguntes cal resoldre-les abans de poder iniciar qualsevol negociaci\u00f3.<\/p>\n<p>Estem la seva disposici\u00f3 en tot moment, treballant amb sentit com\u00fa, discrecionalitat i rapidesa, conjuntament amb el nostra equip de professionals (procurador, p\u00e8rit taxador, psic\u00f2leg infantil, investigador privat, i un gestor comptable) per garantir l\u2019\u00e8xit que desitja.<\/p>\n\t\t\t\t\t\t\t\t<\/div>\n\t\t\t\t<\/div>\n\t\t\t\t\t<\/div>\n\t\t<\/div>\n\t\t\t\t\t<\/div>\n\t\t<\/section>\n\t\t\t\t<\/div>\n\t\t","protected":false},"excerpt":{"rendered":"<p>Divorci amb un pacte amist\u00f3s Via amistosa Regular la dissoluci\u00f3 del matrimoni o de la parella de fet mitjan\u00e7ant un ACORD amist\u00f3s entre les dues parts Amb la Llei 15\/2005 de separacions i divorcis, les &#8230; <\/p>\n<p class=\"read-more-container\"><a title=\"Pacte amist\u00f3s\" class=\"read-more button\" href=\"https:\/\/falgas.net\/ca\/divorcis\/pacte-amistos\/#more-672\" aria-label=\"M\u00e9s informaci\u00f3 sobre Pacte amist\u00f3s\">Read More<\/a><\/p>\n","protected":false},"author":1,"featured_media":0,"parent":642,"menu_order":0,"comment_status":"closed","ping_status":"closed","template":"","meta":{"footnotes":""},"class_list":{"0":"post-672","1":"page","2":"type-page","3":"status-publish","5":"no-featured-image-padding"},"yoast_head":"<!-- This site is optimized with the Yoast SEO plugin v27.1.1 - https:\/\/yoast.com\/product\/yoast-seo-wordpress\/ -->\n<title>Pacte amist\u00f3s - Falgas<\/title>\n<meta name=\"description\" content=\"Bufet jur\u00eddic Falg\u00e0s, ofereix els seus serveis per ajudar en el proc\u00e9s de divorci per pacte amist\u00f3s o tribunals.\" \/>\n<meta name=\"robots\" content=\"index, follow, max-snippet:-1, max-image-preview:large, max-video-preview:-1\" \/>\n<link rel=\"canonical\" href=\"https:\/\/falgas.net\/ca\/divorcis\/pacte-amistos\/\" \/>\n<meta property=\"og:locale\" content=\"ca_ES\" \/>\n<meta property=\"og:type\" content=\"article\" \/>\n<meta property=\"og:title\" content=\"Pacte amist\u00f3s - Falgas\" \/>\n<meta property=\"og:description\" content=\"Bufet jur\u00eddic Falg\u00e0s, ofereix els seus serveis per ajudar en el proc\u00e9s de divorci per pacte amist\u00f3s o tribunals.\" \/>\n<meta property=\"og:url\" content=\"https:\/\/falgas.net\/ca\/divorcis\/pacte-amistos\/\" \/>\n<meta property=\"og:site_name\" content=\"Falgas\" \/>\n<meta property=\"article:modified_time\" content=\"2019-07-17T13:46:30+00:00\" \/>\n<meta name=\"twitter:card\" content=\"summary_large_image\" \/>\n<meta name=\"twitter:label1\" content=\"Temps estimat de lectura\" \/>\n\t<meta name=\"twitter:data1\" content=\"3 minuts\" \/>\n<script type=\"application\/ld+json\" class=\"yoast-schema-graph\">{\"@context\":\"https:\/\/schema.org\",\"@graph\":[{\"@type\":\"WebPage\",\"@id\":\"https:\/\/falgas.net\/ca\/divorcis\/pacte-amistos\/\",\"url\":\"https:\/\/falgas.net\/ca\/divorcis\/pacte-amistos\/\",\"name\":\"Pacte amist\u00f3s - Falgas\",\"isPartOf\":{\"@id\":\"https:\/\/falgas.net\/ca\/#website\"},\"datePublished\":\"2019-07-16T07:49:47+00:00\",\"dateModified\":\"2019-07-17T13:46:30+00:00\",\"description\":\"Bufet jur\u00eddic Falg\u00e0s, ofereix els seus serveis per ajudar en el proc\u00e9s de divorci per pacte amist\u00f3s o tribunals.\",\"breadcrumb\":{\"@id\":\"https:\/\/falgas.net\/ca\/divorcis\/pacte-amistos\/#breadcrumb\"},\"inLanguage\":\"ca\",\"potentialAction\":[{\"@type\":\"ReadAction\",\"target\":[\"https:\/\/falgas.net\/ca\/divorcis\/pacte-amistos\/\"]}]},{\"@type\":\"BreadcrumbList\",\"@id\":\"https:\/\/falgas.net\/ca\/divorcis\/pacte-amistos\/#breadcrumb\",\"itemListElement\":[{\"@type\":\"ListItem\",\"position\":1,\"name\":\"Portada\",\"item\":\"https:\/\/falgas.net\/ca\/\"},{\"@type\":\"ListItem\",\"position\":2,\"name\":\"Divorcis\",\"item\":\"https:\/\/falgas.net\/ca\/divorcis\/\"},{\"@type\":\"ListItem\",\"position\":3,\"name\":\"Pacte amist\u00f3s\"}]},{\"@type\":\"WebSite\",\"@id\":\"https:\/\/falgas.net\/ca\/#website\",\"url\":\"https:\/\/falgas.net\/ca\/\",\"name\":\"Falgas\",\"description\":\"Otro sitio realizado con WordPress\",\"publisher\":{\"@id\":\"https:\/\/falgas.net\/ca\/#organization\"},\"potentialAction\":[{\"@type\":\"SearchAction\",\"target\":{\"@type\":\"EntryPoint\",\"urlTemplate\":\"https:\/\/falgas.net\/ca\/?s={search_term_string}\"},\"query-input\":{\"@type\":\"PropertyValueSpecification\",\"valueRequired\":true,\"valueName\":\"search_term_string\"}}],\"inLanguage\":\"ca\"},{\"@type\":\"Organization\",\"@id\":\"https:\/\/falgas.net\/ca\/#organization\",\"name\":\"Falg\u00e0s\",\"url\":\"https:\/\/falgas.net\/ca\/\",\"logo\":{\"@type\":\"ImageObject\",\"inLanguage\":\"ca\",\"@id\":\"https:\/\/falgas.net\/ca\/#\/schema\/logo\/image\/\",\"url\":\"https:\/\/falgas.net\/wp-content\/uploads\/2019\/07\/logo-gloria-falgas-1024x344.png\",\"contentUrl\":\"https:\/\/falgas.net\/wp-content\/uploads\/2019\/07\/logo-gloria-falgas-1024x344.png\",\"width\":1024,\"height\":344,\"caption\":\"Falg\u00e0s\"},\"image\":{\"@id\":\"https:\/\/falgas.net\/ca\/#\/schema\/logo\/image\/\"}}]}<\/script>\n<!-- \/ Yoast SEO plugin. -->","yoast_head_json":{"title":"Pacte amist\u00f3s - Falgas","description":"Bufet jur\u00eddic Falg\u00e0s, ofereix els seus serveis per ajudar en el proc\u00e9s de divorci per pacte amist\u00f3s o tribunals.","robots":{"index":"index","follow":"follow","max-snippet":"max-snippet:-1","max-image-preview":"max-image-preview:large","max-video-preview":"max-video-preview:-1"},"canonical":"https:\/\/falgas.net\/ca\/divorcis\/pacte-amistos\/","og_locale":"ca_ES","og_type":"article","og_title":"Pacte amist\u00f3s - Falgas","og_description":"Bufet jur\u00eddic Falg\u00e0s, ofereix els seus serveis per ajudar en el proc\u00e9s de divorci per pacte amist\u00f3s o tribunals.","og_url":"https:\/\/falgas.net\/ca\/divorcis\/pacte-amistos\/","og_site_name":"Falgas","article_modified_time":"2019-07-17T13:46:30+00:00","twitter_card":"summary_large_image","twitter_misc":{"Temps estimat de lectura":"3 minuts"},"schema":{"@context":"https:\/\/schema.org","@graph":[{"@type":"WebPage","@id":"https:\/\/falgas.net\/ca\/divorcis\/pacte-amistos\/","url":"https:\/\/falgas.net\/ca\/divorcis\/pacte-amistos\/","name":"Pacte amist\u00f3s - Falgas","isPartOf":{"@id":"https:\/\/falgas.net\/ca\/#website"},"datePublished":"2019-07-16T07:49:47+00:00","dateModified":"2019-07-17T13:46:30+00:00","description":"Bufet jur\u00eddic Falg\u00e0s, ofereix els seus serveis per ajudar en el proc\u00e9s de divorci per pacte amist\u00f3s o tribunals.","breadcrumb":{"@id":"https:\/\/falgas.net\/ca\/divorcis\/pacte-amistos\/#breadcrumb"},"inLanguage":"ca","potentialAction":[{"@type":"ReadAction","target":["https:\/\/falgas.net\/ca\/divorcis\/pacte-amistos\/"]}]},{"@type":"BreadcrumbList","@id":"https:\/\/falgas.net\/ca\/divorcis\/pacte-amistos\/#breadcrumb","itemListElement":[{"@type":"ListItem","position":1,"name":"Portada","item":"https:\/\/falgas.net\/ca\/"},{"@type":"ListItem","position":2,"name":"Divorcis","item":"https:\/\/falgas.net\/ca\/divorcis\/"},{"@type":"ListItem","position":3,"name":"Pacte amist\u00f3s"}]},{"@type":"WebSite","@id":"https:\/\/falgas.net\/ca\/#website","url":"https:\/\/falgas.net\/ca\/","name":"Falgas","description":"Otro sitio realizado con WordPress","publisher":{"@id":"https:\/\/falgas.net\/ca\/#organization"},"potentialAction":[{"@type":"SearchAction","target":{"@type":"EntryPoint","urlTemplate":"https:\/\/falgas.net\/ca\/?s={search_term_string}"},"query-input":{"@type":"PropertyValueSpecification","valueRequired":true,"valueName":"search_term_string"}}],"inLanguage":"ca"},{"@type":"Organization","@id":"https:\/\/falgas.net\/ca\/#organization","name":"Falg\u00e0s","url":"https:\/\/falgas.net\/ca\/","logo":{"@type":"ImageObject","inLanguage":"ca","@id":"https:\/\/falgas.net\/ca\/#\/schema\/logo\/image\/","url":"https:\/\/falgas.net\/wp-content\/uploads\/2019\/07\/logo-gloria-falgas-1024x344.png","contentUrl":"https:\/\/falgas.net\/wp-content\/uploads\/2019\/07\/logo-gloria-falgas-1024x344.png","width":1024,"height":344,"caption":"Falg\u00e0s"},"image":{"@id":"https:\/\/falgas.net\/ca\/#\/schema\/logo\/image\/"}}]}},"_links":{"self":[{"href":"https:\/\/falgas.net\/ca\/wp-json\/wp\/v2\/pages\/672","targetHints":{"allow":["GET"]}}],"collection":[{"href":"https:\/\/falgas.net\/ca\/wp-json\/wp\/v2\/pages"}],"about":[{"href":"https:\/\/falgas.net\/ca\/wp-json\/wp\/v2\/types\/page"}],"author":[{"embeddable":true,"href":"https:\/\/falgas.net\/ca\/wp-json\/wp\/v2\/users\/1"}],"replies":[{"embeddable":true,"href":"https:\/\/falgas.net\/ca\/wp-json\/wp\/v2\/comments?post=672"}],"version-history":[{"count":3,"href":"https:\/\/falgas.net\/ca\/wp-json\/wp\/v2\/pages\/672\/revisions"}],"predecessor-version":[{"id":696,"href":"https:\/\/falgas.net\/ca\/wp-json\/wp\/v2\/pages\/672\/revisions\/696"}],"up":[{"embeddable":true,"href":"https:\/\/falgas.net\/ca\/wp-json\/wp\/v2\/pages\/642"}],"wp:attachment":[{"href":"https:\/\/falgas.net\/ca\/wp-json\/wp\/v2\/media?parent=672"}],"curies":[{"name":"wp","href":"https:\/\/api.w.org\/{rel}","templated":true}]}}