{"id":663,"date":"2019-07-15T13:35:10","date_gmt":"2019-07-15T11:35:10","guid":{"rendered":"http:\/\/falgas-cp491.wordpresstemporal.com\/tribunales\/"},"modified":"2019-07-16T10:11:40","modified_gmt":"2019-07-16T08:11:40","slug":"tribunals","status":"publish","type":"page","link":"https:\/\/falgas.net\/ca\/divorcis\/tribunals\/","title":{"rendered":"Tribunals"},"content":{"rendered":"\t\t<div data-elementor-type=\"wp-post\" data-elementor-id=\"663\" class=\"elementor elementor-663 elementor-498\">\n\t\t\t\t\t\t<section class=\"elementor-section elementor-top-section elementor-element elementor-element-11ad490 elementor-section-height-min-height elementor-section-boxed elementor-section-height-default elementor-section-items-middle\" data-id=\"11ad490\" data-element_type=\"section\" data-e-type=\"section\" data-settings=\"{&quot;background_background&quot;:&quot;classic&quot;}\">\n\t\t\t\t\t\t<div class=\"elementor-container elementor-column-gap-default\">\n\t\t\t\t\t<div class=\"elementor-column elementor-col-100 elementor-top-column elementor-element elementor-element-d37b949\" data-id=\"d37b949\" data-element_type=\"column\" data-e-type=\"column\">\n\t\t\t<div class=\"elementor-widget-wrap elementor-element-populated\">\n\t\t\t\t\t\t<div class=\"elementor-element elementor-element-dbe9a43 elementor-widget elementor-widget-heading\" data-id=\"dbe9a43\" data-element_type=\"widget\" data-e-type=\"widget\" data-widget_type=\"heading.default\">\n\t\t\t\t<div class=\"elementor-widget-container\">\n\t\t\t\t\t<h1 class=\"elementor-heading-title elementor-size-default\">Divorcis en un tribunal<\/h1>\t\t\t\t<\/div>\n\t\t\t\t<\/div>\n\t\t\t\t\t<\/div>\n\t\t<\/div>\n\t\t\t\t\t<\/div>\n\t\t<\/section>\n\t\t\t\t<section class=\"elementor-section elementor-top-section elementor-element elementor-element-593531e elementor-section-boxed elementor-section-height-default elementor-section-height-default\" data-id=\"593531e\" data-element_type=\"section\" data-e-type=\"section\">\n\t\t\t\t\t\t<div class=\"elementor-container elementor-column-gap-default\">\n\t\t\t\t\t<div class=\"elementor-column elementor-col-100 elementor-top-column elementor-element elementor-element-495a7b5\" data-id=\"495a7b5\" data-element_type=\"column\" data-e-type=\"column\">\n\t\t\t<div class=\"elementor-widget-wrap elementor-element-populated\">\n\t\t\t\t\t\t<div class=\"elementor-element elementor-element-e6656bc elementor-widget elementor-widget-heading\" data-id=\"e6656bc\" data-element_type=\"widget\" data-e-type=\"widget\" data-widget_type=\"heading.default\">\n\t\t\t\t<div class=\"elementor-widget-container\">\n\t\t\t\t\t<h2 class=\"elementor-heading-title elementor-size-default\">Via judicial<\/h2>\t\t\t\t<\/div>\n\t\t\t\t<\/div>\n\t\t\t\t<div class=\"elementor-element elementor-element-59c02c9 elementor-widget elementor-widget-heading\" data-id=\"59c02c9\" data-element_type=\"widget\" data-e-type=\"widget\" data-widget_type=\"heading.default\">\n\t\t\t\t<div class=\"elementor-widget-container\">\n\t\t\t\t\t<h3 class=\"elementor-heading-title elementor-size-default\">Litigar mediante una demanda judicial<\/h3>\t\t\t\t<\/div>\n\t\t\t\t<\/div>\n\t\t\t\t<div class=\"elementor-element elementor-element-9138cf2 elementor-widget elementor-widget-text-editor\" data-id=\"9138cf2\" data-element_type=\"widget\" data-e-type=\"widget\" data-widget_type=\"text-editor.default\">\n\t\t\t\t<div class=\"elementor-widget-container\">\n\t\t\t\t\t\t\t\t\t<p>Mentre que la resoluci\u00f3 alternativa de conflictes (conveni regulador) pot resoldre certs problemes matrimonials i dom\u00e8stics, hi ha circumst\u00e0ncies concretes en qu\u00e8 cal lluitar litigant als jutjats en un contenci\u00f3s de divorci en pro dels interessos del client.<\/p>\n<p>Ens avalen anys d\u2019experi\u00e8ncia en judicis de divorci i en dret de fam\u00edlia.<\/p>\n<p>\u00c0rees legals que acompanyen el divorci i que sovint requereixen litigis inclouen divisi\u00f3 del patrimoni matrimonial, custodia compartida o atribu\u00efda a un \u00fanic progenitor, manutenci\u00f3 dels fills, del c\u00f2njuge de manteniment (pensi\u00f3) i els drets de visita, entre altres<\/p>\n<p>Sovint sorgeixen problemes financers complexos durant el divorci i l\u2019experi\u00e8ncia ens ha demostrat la import\u00e0ncia incalculable de litigar en nom dels nostres clients.<\/p>\n<p>La import\u00e0ncia d\u2019una demanda de mesures provisionals pr\u00e8vies a la demanda de dissoluci\u00f3 matrimonial o de la parella de fet, \u00e9s vital quan parlem de falta d\u2019acostament de postures entre les parts per obtenir un divorci de mutu acord.<\/p>\n<p>Una bona estrat\u00e8gia, col\u00b7laboraci\u00f3 conjunta amb advocat i client durant tot el proc\u00e9s i el grup de professionals que ens acompanyen segons les necessitats del client (procurador, p\u00e8rit immobiliari, gestor comptable, psic\u00f2leg infantil i de ser necessari i tamb\u00e9 un investigador privat), ens avala l\u2019\u00e8xit en els jutjats.<\/p>\n<p>En tot divorci tenim 3 grans parts a discutir:<\/p>\n<ul>\n<li>La dissoluci\u00f3 del matrimoni: quins jutjats s\u00f3n competents, nacionalitat dels c\u00f2njuges, \u2013 si cal aplicat \u201cDret Internacional\u201d \u2013 ciutat on va tenir lloc el matrimoni, si es van atorgar cap\u00edtols matrimonials.<\/li>\n<li>La regulaci\u00f3 de les mesures parentals: Pla de parentalitat; qu\u00e8 \u00e9s la p\u00e0tria potestat, la guarda i custodia dels fils en com\u00fa, individual o compartida, quin r\u00e8gim de visites s\u2019aplica, quina pensi\u00f3 d\u2019aliments es fixe, qu\u00e8 s\u00f3n les despeses extraordin\u00e0ries i qui les paga.<\/li>\n<\/ul>\n<p>Quina de les parts (pare\/mare), t\u00e9 dret a una pensi\u00f3 o a la compensaci\u00f3 econ\u00f2mica, o a continuar vivint al domicili familiar?<\/p>\n<ul>\n<li>La dissoluci\u00f3 del r\u00e8gim matrimonial: llei aplicable, determinar quin r\u00e8gim econ\u00f2mic regula les relacions patrimonials dels c\u00f2njuges segons si existeixen o no cap\u00edtols matrimonials i el ve\u00efnatge civil, quins b\u00e9ns el constitueixen, i com es determina la partici\u00f3.<\/li>\n<\/ul>\n<p>I si us pregunteu, quins drets t\u00e9 la meva parella sobre la casa de la meva propietat, i si li haig de pagar pensi\u00f3 si no estem casats? I qu\u00e8 passa amb la hipoteca que estic pagant jo de la casa que va a nom dels dos, i amb els comptes bancaris, i els vehicles?, \u2026<\/p>\n<p>Totes aquestes i moltes m\u00e9s preguntes cal resoldre abans de d\u2019iniciar el proc\u00e9s judicial.<\/p>\n\t\t\t\t\t\t\t\t<\/div>\n\t\t\t\t<\/div>\n\t\t\t\t\t<\/div>\n\t\t<\/div>\n\t\t\t\t\t<\/div>\n\t\t<\/section>\n\t\t\t\t<section class=\"elementor-section elementor-top-section elementor-element elementor-element-4d3b34b elementor-section-boxed elementor-section-height-default elementor-section-height-default\" data-id=\"4d3b34b\" data-element_type=\"section\" data-e-type=\"section\">\n\t\t\t\t\t\t<div class=\"elementor-container elementor-column-gap-default\">\n\t\t\t\t\t<div class=\"elementor-column elementor-col-100 elementor-top-column elementor-element elementor-element-49fb049\" data-id=\"49fb049\" data-element_type=\"column\" data-e-type=\"column\">\n\t\t\t<div class=\"elementor-widget-wrap\">\n\t\t\t\t\t\t\t<\/div>\n\t\t<\/div>\n\t\t\t\t\t<\/div>\n\t\t<\/section>\n\t\t\t\t<\/div>\n\t\t","protected":false},"excerpt":{"rendered":"<p>Divorcis en un tribunal Via judicial Litigar mediante una demanda judicial Mentre que la resoluci\u00f3 alternativa de conflictes (conveni regulador) pot resoldre certs problemes matrimonials i dom\u00e8stics, hi ha circumst\u00e0ncies concretes en qu\u00e8 cal lluitar &#8230; <\/p>\n<p class=\"read-more-container\"><a title=\"Tribunals\" class=\"read-more button\" href=\"https:\/\/falgas.net\/ca\/divorcis\/tribunals\/#more-663\" aria-label=\"M\u00e9s informaci\u00f3 sobre Tribunals\">Read More<\/a><\/p>\n","protected":false},"author":1,"featured_media":0,"parent":642,"menu_order":0,"comment_status":"closed","ping_status":"closed","template":"","meta":{"footnotes":""},"class_list":{"0":"post-663","1":"page","2":"type-page","3":"status-publish","5":"no-featured-image-padding"},"yoast_head":"<!-- This site is optimized with the Yoast SEO plugin v27.1.1 - https:\/\/yoast.com\/product\/yoast-seo-wordpress\/ -->\n<title>Tribunals - Falgas<\/title>\n<meta name=\"description\" content=\"Bufete jur\u00eddico Falg\u00e0s, ubicado en Figueres, le ayuda con la asesor\u00eda jur\u00eddica en derecho de familia, penal, laboral, mercantil, extranjer\u00eda y derecho civil nacional\" \/>\n<meta name=\"robots\" content=\"index, follow, max-snippet:-1, max-image-preview:large, max-video-preview:-1\" \/>\n<link rel=\"canonical\" href=\"https:\/\/falgas.net\/ca\/divorcis\/tribunals\/\" \/>\n<meta property=\"og:locale\" content=\"ca_ES\" \/>\n<meta property=\"og:type\" content=\"article\" \/>\n<meta property=\"og:title\" content=\"Tribunals - Falgas\" \/>\n<meta property=\"og:description\" content=\"Bufete jur\u00eddico Falg\u00e0s, ubicado en Figueres, le ayuda con la asesor\u00eda jur\u00eddica en derecho de familia, penal, laboral, mercantil, extranjer\u00eda y derecho civil nacional\" \/>\n<meta property=\"og:url\" content=\"https:\/\/falgas.net\/ca\/divorcis\/tribunals\/\" \/>\n<meta property=\"og:site_name\" content=\"Falgas\" \/>\n<meta property=\"article:modified_time\" content=\"2019-07-16T08:11:40+00:00\" \/>\n<meta name=\"twitter:card\" content=\"summary_large_image\" \/>\n<meta name=\"twitter:label1\" content=\"Temps estimat de lectura\" \/>\n\t<meta name=\"twitter:data1\" content=\"2 minuts\" \/>\n<script type=\"application\/ld+json\" class=\"yoast-schema-graph\">{\"@context\":\"https:\/\/schema.org\",\"@graph\":[{\"@type\":\"WebPage\",\"@id\":\"https:\/\/falgas.net\/ca\/divorcis\/tribunals\/\",\"url\":\"https:\/\/falgas.net\/ca\/divorcis\/tribunals\/\",\"name\":\"Tribunals - Falgas\",\"isPartOf\":{\"@id\":\"https:\/\/falgas.net\/ca\/#website\"},\"datePublished\":\"2019-07-15T11:35:10+00:00\",\"dateModified\":\"2019-07-16T08:11:40+00:00\",\"description\":\"Bufete jur\u00eddico Falg\u00e0s, ubicado en Figueres, le ayuda con la asesor\u00eda jur\u00eddica en derecho de familia, penal, laboral, mercantil, extranjer\u00eda y derecho civil nacional\",\"breadcrumb\":{\"@id\":\"https:\/\/falgas.net\/ca\/divorcis\/tribunals\/#breadcrumb\"},\"inLanguage\":\"ca\",\"potentialAction\":[{\"@type\":\"ReadAction\",\"target\":[\"https:\/\/falgas.net\/ca\/divorcis\/tribunals\/\"]}]},{\"@type\":\"BreadcrumbList\",\"@id\":\"https:\/\/falgas.net\/ca\/divorcis\/tribunals\/#breadcrumb\",\"itemListElement\":[{\"@type\":\"ListItem\",\"position\":1,\"name\":\"Portada\",\"item\":\"https:\/\/falgas.net\/ca\/\"},{\"@type\":\"ListItem\",\"position\":2,\"name\":\"Divorcis\",\"item\":\"https:\/\/falgas.net\/ca\/divorcis\/\"},{\"@type\":\"ListItem\",\"position\":3,\"name\":\"Tribunals\"}]},{\"@type\":\"WebSite\",\"@id\":\"https:\/\/falgas.net\/ca\/#website\",\"url\":\"https:\/\/falgas.net\/ca\/\",\"name\":\"Falgas\",\"description\":\"Otro sitio realizado con WordPress\",\"publisher\":{\"@id\":\"https:\/\/falgas.net\/ca\/#organization\"},\"potentialAction\":[{\"@type\":\"SearchAction\",\"target\":{\"@type\":\"EntryPoint\",\"urlTemplate\":\"https:\/\/falgas.net\/ca\/?s={search_term_string}\"},\"query-input\":{\"@type\":\"PropertyValueSpecification\",\"valueRequired\":true,\"valueName\":\"search_term_string\"}}],\"inLanguage\":\"ca\"},{\"@type\":\"Organization\",\"@id\":\"https:\/\/falgas.net\/ca\/#organization\",\"name\":\"Falg\u00e0s\",\"url\":\"https:\/\/falgas.net\/ca\/\",\"logo\":{\"@type\":\"ImageObject\",\"inLanguage\":\"ca\",\"@id\":\"https:\/\/falgas.net\/ca\/#\/schema\/logo\/image\/\",\"url\":\"https:\/\/falgas.net\/wp-content\/uploads\/2019\/07\/logo-gloria-falgas-1024x344.png\",\"contentUrl\":\"https:\/\/falgas.net\/wp-content\/uploads\/2019\/07\/logo-gloria-falgas-1024x344.png\",\"width\":1024,\"height\":344,\"caption\":\"Falg\u00e0s\"},\"image\":{\"@id\":\"https:\/\/falgas.net\/ca\/#\/schema\/logo\/image\/\"}}]}<\/script>\n<!-- \/ Yoast SEO plugin. -->","yoast_head_json":{"title":"Tribunals - Falgas","description":"Bufete jur\u00eddico Falg\u00e0s, ubicado en Figueres, le ayuda con la asesor\u00eda jur\u00eddica en derecho de familia, penal, laboral, mercantil, extranjer\u00eda y derecho civil nacional","robots":{"index":"index","follow":"follow","max-snippet":"max-snippet:-1","max-image-preview":"max-image-preview:large","max-video-preview":"max-video-preview:-1"},"canonical":"https:\/\/falgas.net\/ca\/divorcis\/tribunals\/","og_locale":"ca_ES","og_type":"article","og_title":"Tribunals - Falgas","og_description":"Bufete jur\u00eddico Falg\u00e0s, ubicado en Figueres, le ayuda con la asesor\u00eda jur\u00eddica en derecho de familia, penal, laboral, mercantil, extranjer\u00eda y derecho civil nacional","og_url":"https:\/\/falgas.net\/ca\/divorcis\/tribunals\/","og_site_name":"Falgas","article_modified_time":"2019-07-16T08:11:40+00:00","twitter_card":"summary_large_image","twitter_misc":{"Temps estimat de lectura":"2 minuts"},"schema":{"@context":"https:\/\/schema.org","@graph":[{"@type":"WebPage","@id":"https:\/\/falgas.net\/ca\/divorcis\/tribunals\/","url":"https:\/\/falgas.net\/ca\/divorcis\/tribunals\/","name":"Tribunals - Falgas","isPartOf":{"@id":"https:\/\/falgas.net\/ca\/#website"},"datePublished":"2019-07-15T11:35:10+00:00","dateModified":"2019-07-16T08:11:40+00:00","description":"Bufete jur\u00eddico Falg\u00e0s, ubicado en Figueres, le ayuda con la asesor\u00eda jur\u00eddica en derecho de familia, penal, laboral, mercantil, extranjer\u00eda y derecho civil nacional","breadcrumb":{"@id":"https:\/\/falgas.net\/ca\/divorcis\/tribunals\/#breadcrumb"},"inLanguage":"ca","potentialAction":[{"@type":"ReadAction","target":["https:\/\/falgas.net\/ca\/divorcis\/tribunals\/"]}]},{"@type":"BreadcrumbList","@id":"https:\/\/falgas.net\/ca\/divorcis\/tribunals\/#breadcrumb","itemListElement":[{"@type":"ListItem","position":1,"name":"Portada","item":"https:\/\/falgas.net\/ca\/"},{"@type":"ListItem","position":2,"name":"Divorcis","item":"https:\/\/falgas.net\/ca\/divorcis\/"},{"@type":"ListItem","position":3,"name":"Tribunals"}]},{"@type":"WebSite","@id":"https:\/\/falgas.net\/ca\/#website","url":"https:\/\/falgas.net\/ca\/","name":"Falgas","description":"Otro sitio realizado con WordPress","publisher":{"@id":"https:\/\/falgas.net\/ca\/#organization"},"potentialAction":[{"@type":"SearchAction","target":{"@type":"EntryPoint","urlTemplate":"https:\/\/falgas.net\/ca\/?s={search_term_string}"},"query-input":{"@type":"PropertyValueSpecification","valueRequired":true,"valueName":"search_term_string"}}],"inLanguage":"ca"},{"@type":"Organization","@id":"https:\/\/falgas.net\/ca\/#organization","name":"Falg\u00e0s","url":"https:\/\/falgas.net\/ca\/","logo":{"@type":"ImageObject","inLanguage":"ca","@id":"https:\/\/falgas.net\/ca\/#\/schema\/logo\/image\/","url":"https:\/\/falgas.net\/wp-content\/uploads\/2019\/07\/logo-gloria-falgas-1024x344.png","contentUrl":"https:\/\/falgas.net\/wp-content\/uploads\/2019\/07\/logo-gloria-falgas-1024x344.png","width":1024,"height":344,"caption":"Falg\u00e0s"},"image":{"@id":"https:\/\/falgas.net\/ca\/#\/schema\/logo\/image\/"}}]}},"_links":{"self":[{"href":"https:\/\/falgas.net\/ca\/wp-json\/wp\/v2\/pages\/663","targetHints":{"allow":["GET"]}}],"collection":[{"href":"https:\/\/falgas.net\/ca\/wp-json\/wp\/v2\/pages"}],"about":[{"href":"https:\/\/falgas.net\/ca\/wp-json\/wp\/v2\/types\/page"}],"author":[{"embeddable":true,"href":"https:\/\/falgas.net\/ca\/wp-json\/wp\/v2\/users\/1"}],"replies":[{"embeddable":true,"href":"https:\/\/falgas.net\/ca\/wp-json\/wp\/v2\/comments?post=663"}],"version-history":[{"count":4,"href":"https:\/\/falgas.net\/ca\/wp-json\/wp\/v2\/pages\/663\/revisions"}],"predecessor-version":[{"id":695,"href":"https:\/\/falgas.net\/ca\/wp-json\/wp\/v2\/pages\/663\/revisions\/695"}],"up":[{"embeddable":true,"href":"https:\/\/falgas.net\/ca\/wp-json\/wp\/v2\/pages\/642"}],"wp:attachment":[{"href":"https:\/\/falgas.net\/ca\/wp-json\/wp\/v2\/media?parent=663"}],"curies":[{"name":"wp","href":"https:\/\/api.w.org\/{rel}","templated":true}]}}