{"id":656,"date":"2019-07-16T09:14:13","date_gmt":"2019-07-16T07:14:13","guid":{"rendered":"http:\/\/falgas-cp491.wordpresstemporal.com\/col%c2%b7lectiu-lgtbiq\/"},"modified":"2019-07-17T15:39:01","modified_gmt":"2019-07-17T13:39:01","slug":"collectiu-lgtbiq","status":"publish","type":"page","link":"https:\/\/falgas.net\/ca\/divorcis\/collectiu-lgtbiq\/","title":{"rendered":"Col\u00b7lectiu LGTBIQ +"},"content":{"rendered":"\t\t<div data-elementor-type=\"wp-post\" data-elementor-id=\"656\" class=\"elementor elementor-656 elementor-525\">\n\t\t\t\t\t\t<section class=\"elementor-section elementor-top-section elementor-element elementor-element-fd44525 elementor-section-height-min-height elementor-section-boxed elementor-section-height-default elementor-section-items-middle\" data-id=\"fd44525\" data-element_type=\"section\" data-e-type=\"section\" data-settings=\"{&quot;background_background&quot;:&quot;classic&quot;}\">\n\t\t\t\t\t\t<div class=\"elementor-container elementor-column-gap-default\">\n\t\t\t\t\t<div class=\"elementor-column elementor-col-100 elementor-top-column elementor-element elementor-element-4a0fde2\" data-id=\"4a0fde2\" data-element_type=\"column\" data-e-type=\"column\">\n\t\t\t<div class=\"elementor-widget-wrap elementor-element-populated\">\n\t\t\t\t\t\t<div class=\"elementor-element elementor-element-169caf4 elementor-widget elementor-widget-heading\" data-id=\"169caf4\" data-element_type=\"widget\" data-e-type=\"widget\" data-widget_type=\"heading.default\">\n\t\t\t\t<div class=\"elementor-widget-container\">\n\t\t\t\t\t<h1 class=\"elementor-heading-title elementor-size-default\">Col\u00b7lectiu LGTBIQ +<\/h1>\t\t\t\t<\/div>\n\t\t\t\t<\/div>\n\t\t\t\t\t<\/div>\n\t\t<\/div>\n\t\t\t\t\t<\/div>\n\t\t<\/section>\n\t\t\t\t<section class=\"elementor-section elementor-top-section elementor-element elementor-element-1bee728 elementor-section-boxed elementor-section-height-default elementor-section-height-default\" data-id=\"1bee728\" data-element_type=\"section\" data-e-type=\"section\">\n\t\t\t\t\t\t<div class=\"elementor-container elementor-column-gap-default\">\n\t\t\t\t\t<div class=\"elementor-column elementor-col-100 elementor-top-column elementor-element elementor-element-50ffdcb\" data-id=\"50ffdcb\" data-element_type=\"column\" data-e-type=\"column\">\n\t\t\t<div class=\"elementor-widget-wrap elementor-element-populated\">\n\t\t\t\t\t\t<div class=\"elementor-element elementor-element-473db01 elementor-widget elementor-widget-heading\" data-id=\"473db01\" data-element_type=\"widget\" data-e-type=\"widget\" data-widget_type=\"heading.default\">\n\t\t\t\t<div class=\"elementor-widget-container\">\n\t\t\t\t\t<h2 class=\"elementor-heading-title elementor-size-default\">Dissolucions de parelles homosexuals i matrimonis estrangers<\/h2>\t\t\t\t<\/div>\n\t\t\t\t<\/div>\n\t\t\t\t<div class=\"elementor-element elementor-element-216ce52 elementor-widget elementor-widget-text-editor\" data-id=\"216ce52\" data-element_type=\"widget\" data-e-type=\"widget\" data-widget_type=\"text-editor.default\">\n\t\t\t\t<div class=\"elementor-widget-container\">\n\t\t\t\t\t\t\t\t\t<p>La diversitat \u00e9s el signe del nostre temps: pluralitat d\u2019amors, diversitat de parelles i tanmateix de separacions de parelles entre el col\u00b7lectiu LGBTIQ+, (separacions i divorcis en cas d\u2019haver contret matrimoni civil entre parelles de gais i lesbianes,..) trobant-nos tamb\u00e9 amb divorcis de matrimonis formats per parelles de diversa nacionalitat i religi\u00f3.<\/p>\n<p>Avui en dia la globalitzaci\u00f3 tamb\u00e9 la tenim present en els matrimonis i en les parelles existents a Catalunya, on totes dues parts poden ser d\u2019un pa\u00eds diferent amb lleis i normatives que regulen el divorci de forma diferent i segons sota quina religi\u00f3 es va contraure matrimoni, per tant cal est\u00e0 ben informats abans d\u2019iniciar qualsevol tr\u00e0mit si opten per divorciar-se a Catalunya.<\/p>\n<p>Tamb\u00e9 la lluita per la igualtat sense tenir en compte l\u2019orientaci\u00f3 sexual de la persona, fa que des de l\u2019aprovaci\u00f3 del matrimoni homosexual i de la seva constituci\u00f3 com a parella de fet, tinguin les mateixes obligacions matrimonial, filials, drets hereditaris i per tant tamb\u00e9 s\u2019aplica la mateixa llei per poder dissoldre els matrimonis o la constituci\u00f3 de la parella que van fer en el seu dia.<\/p>\n<p>Per tant<strong> els divorcis i separacions de parelles homosexuals<\/strong> queden regulades tal com hem explicat en l\u2019apartat anterior, mitjan\u00e7ant un conveni regulador, per tant per la Via d\u2019Acord fent especial \u00e8mfasi en el desequilibri patrimonial degut al trencament de la parella, i en cas de ser infructuosa la negociaci\u00f3, presentant l\u2019oportuna demanda Via Judicial.<\/p>\n<p><strong>Estem la seva disposici\u00f3 en tot moment, treballant amb sentit com\u00fa, discrecionalitat i rapidesa, conjuntament amb el nostra equip de professionals (procurador, p\u00e8rit taxador, psic\u00f2leg infantil, investigador privat, i un gestor comptable) per garantir l\u2019\u00e8xit que desitja.<\/strong><\/p>\n\t\t\t\t\t\t\t\t<\/div>\n\t\t\t\t<\/div>\n\t\t\t\t\t<\/div>\n\t\t<\/div>\n\t\t\t\t\t<\/div>\n\t\t<\/section>\n\t\t\t\t<\/div>\n\t\t","protected":false},"excerpt":{"rendered":"<p>Col\u00b7lectiu LGTBIQ + Dissolucions de parelles homosexuals i matrimonis estrangers La diversitat \u00e9s el signe del nostre temps: pluralitat d\u2019amors, diversitat de parelles i tanmateix de separacions de parelles entre el col\u00b7lectiu LGBTIQ+, (separacions i &#8230; <\/p>\n<p class=\"read-more-container\"><a title=\"Col\u00b7lectiu LGTBIQ +\" class=\"read-more button\" href=\"https:\/\/falgas.net\/ca\/divorcis\/collectiu-lgtbiq\/#more-656\" aria-label=\"M\u00e9s informaci\u00f3 sobre Col\u00b7lectiu LGTBIQ +\">Read More<\/a><\/p>\n","protected":false},"author":1,"featured_media":0,"parent":642,"menu_order":0,"comment_status":"closed","ping_status":"closed","template":"","meta":{"footnotes":""},"class_list":{"0":"post-656","1":"page","2":"type-page","3":"status-publish","5":"no-featured-image-padding"},"yoast_head":"<!-- This site is optimized with the Yoast SEO plugin v27.1.1 - https:\/\/yoast.com\/product\/yoast-seo-wordpress\/ -->\n<title>Col\u00b7lectiu LGTBIQ + - Falgas<\/title>\n<meta name=\"description\" content=\"Bufet jur\u00eddic Falg\u00e0s, ofereix els seus serveis per ajudar en el proc\u00e9s de divorci en els col\u00b7lectius LGTBIQ+.\" \/>\n<meta name=\"robots\" content=\"index, follow, max-snippet:-1, max-image-preview:large, max-video-preview:-1\" \/>\n<link rel=\"canonical\" href=\"https:\/\/falgas.net\/ca\/divorcis\/collectiu-lgtbiq\/\" \/>\n<meta property=\"og:locale\" content=\"ca_ES\" \/>\n<meta property=\"og:type\" content=\"article\" \/>\n<meta property=\"og:title\" content=\"Col\u00b7lectiu LGTBIQ + - Falgas\" \/>\n<meta property=\"og:description\" content=\"Bufet jur\u00eddic Falg\u00e0s, ofereix els seus serveis per ajudar en el proc\u00e9s de divorci en els col\u00b7lectius LGTBIQ+.\" \/>\n<meta property=\"og:url\" content=\"https:\/\/falgas.net\/ca\/divorcis\/collectiu-lgtbiq\/\" \/>\n<meta property=\"og:site_name\" content=\"Falgas\" \/>\n<meta property=\"article:modified_time\" content=\"2019-07-17T13:39:01+00:00\" \/>\n<meta name=\"twitter:card\" content=\"summary_large_image\" \/>\n<meta name=\"twitter:label1\" content=\"Temps estimat de lectura\" \/>\n\t<meta name=\"twitter:data1\" content=\"2 minuts\" \/>\n<script type=\"application\/ld+json\" class=\"yoast-schema-graph\">{\"@context\":\"https:\/\/schema.org\",\"@graph\":[{\"@type\":\"WebPage\",\"@id\":\"https:\/\/falgas.net\/ca\/divorcis\/collectiu-lgtbiq\/\",\"url\":\"https:\/\/falgas.net\/ca\/divorcis\/collectiu-lgtbiq\/\",\"name\":\"Col\u00b7lectiu LGTBIQ + - Falgas\",\"isPartOf\":{\"@id\":\"https:\/\/falgas.net\/ca\/#website\"},\"datePublished\":\"2019-07-16T07:14:13+00:00\",\"dateModified\":\"2019-07-17T13:39:01+00:00\",\"description\":\"Bufet jur\u00eddic Falg\u00e0s, ofereix els seus serveis per ajudar en el proc\u00e9s de divorci en els col\u00b7lectius LGTBIQ+.\",\"breadcrumb\":{\"@id\":\"https:\/\/falgas.net\/ca\/divorcis\/collectiu-lgtbiq\/#breadcrumb\"},\"inLanguage\":\"ca\",\"potentialAction\":[{\"@type\":\"ReadAction\",\"target\":[\"https:\/\/falgas.net\/ca\/divorcis\/collectiu-lgtbiq\/\"]}]},{\"@type\":\"BreadcrumbList\",\"@id\":\"https:\/\/falgas.net\/ca\/divorcis\/collectiu-lgtbiq\/#breadcrumb\",\"itemListElement\":[{\"@type\":\"ListItem\",\"position\":1,\"name\":\"Portada\",\"item\":\"https:\/\/falgas.net\/ca\/\"},{\"@type\":\"ListItem\",\"position\":2,\"name\":\"Divorcis\",\"item\":\"https:\/\/falgas.net\/ca\/divorcis\/\"},{\"@type\":\"ListItem\",\"position\":3,\"name\":\"Col\u00b7lectiu LGTBIQ +\"}]},{\"@type\":\"WebSite\",\"@id\":\"https:\/\/falgas.net\/ca\/#website\",\"url\":\"https:\/\/falgas.net\/ca\/\",\"name\":\"Falgas\",\"description\":\"Otro sitio realizado con WordPress\",\"publisher\":{\"@id\":\"https:\/\/falgas.net\/ca\/#organization\"},\"potentialAction\":[{\"@type\":\"SearchAction\",\"target\":{\"@type\":\"EntryPoint\",\"urlTemplate\":\"https:\/\/falgas.net\/ca\/?s={search_term_string}\"},\"query-input\":{\"@type\":\"PropertyValueSpecification\",\"valueRequired\":true,\"valueName\":\"search_term_string\"}}],\"inLanguage\":\"ca\"},{\"@type\":\"Organization\",\"@id\":\"https:\/\/falgas.net\/ca\/#organization\",\"name\":\"Falg\u00e0s\",\"url\":\"https:\/\/falgas.net\/ca\/\",\"logo\":{\"@type\":\"ImageObject\",\"inLanguage\":\"ca\",\"@id\":\"https:\/\/falgas.net\/ca\/#\/schema\/logo\/image\/\",\"url\":\"https:\/\/falgas.net\/wp-content\/uploads\/2019\/07\/logo-gloria-falgas-1024x344.png\",\"contentUrl\":\"https:\/\/falgas.net\/wp-content\/uploads\/2019\/07\/logo-gloria-falgas-1024x344.png\",\"width\":1024,\"height\":344,\"caption\":\"Falg\u00e0s\"},\"image\":{\"@id\":\"https:\/\/falgas.net\/ca\/#\/schema\/logo\/image\/\"}}]}<\/script>\n<!-- \/ Yoast SEO plugin. -->","yoast_head_json":{"title":"Col\u00b7lectiu LGTBIQ + - Falgas","description":"Bufet jur\u00eddic Falg\u00e0s, ofereix els seus serveis per ajudar en el proc\u00e9s de divorci en els col\u00b7lectius LGTBIQ+.","robots":{"index":"index","follow":"follow","max-snippet":"max-snippet:-1","max-image-preview":"max-image-preview:large","max-video-preview":"max-video-preview:-1"},"canonical":"https:\/\/falgas.net\/ca\/divorcis\/collectiu-lgtbiq\/","og_locale":"ca_ES","og_type":"article","og_title":"Col\u00b7lectiu LGTBIQ + - Falgas","og_description":"Bufet jur\u00eddic Falg\u00e0s, ofereix els seus serveis per ajudar en el proc\u00e9s de divorci en els col\u00b7lectius LGTBIQ+.","og_url":"https:\/\/falgas.net\/ca\/divorcis\/collectiu-lgtbiq\/","og_site_name":"Falgas","article_modified_time":"2019-07-17T13:39:01+00:00","twitter_card":"summary_large_image","twitter_misc":{"Temps estimat de lectura":"2 minuts"},"schema":{"@context":"https:\/\/schema.org","@graph":[{"@type":"WebPage","@id":"https:\/\/falgas.net\/ca\/divorcis\/collectiu-lgtbiq\/","url":"https:\/\/falgas.net\/ca\/divorcis\/collectiu-lgtbiq\/","name":"Col\u00b7lectiu LGTBIQ + - Falgas","isPartOf":{"@id":"https:\/\/falgas.net\/ca\/#website"},"datePublished":"2019-07-16T07:14:13+00:00","dateModified":"2019-07-17T13:39:01+00:00","description":"Bufet jur\u00eddic Falg\u00e0s, ofereix els seus serveis per ajudar en el proc\u00e9s de divorci en els col\u00b7lectius LGTBIQ+.","breadcrumb":{"@id":"https:\/\/falgas.net\/ca\/divorcis\/collectiu-lgtbiq\/#breadcrumb"},"inLanguage":"ca","potentialAction":[{"@type":"ReadAction","target":["https:\/\/falgas.net\/ca\/divorcis\/collectiu-lgtbiq\/"]}]},{"@type":"BreadcrumbList","@id":"https:\/\/falgas.net\/ca\/divorcis\/collectiu-lgtbiq\/#breadcrumb","itemListElement":[{"@type":"ListItem","position":1,"name":"Portada","item":"https:\/\/falgas.net\/ca\/"},{"@type":"ListItem","position":2,"name":"Divorcis","item":"https:\/\/falgas.net\/ca\/divorcis\/"},{"@type":"ListItem","position":3,"name":"Col\u00b7lectiu LGTBIQ +"}]},{"@type":"WebSite","@id":"https:\/\/falgas.net\/ca\/#website","url":"https:\/\/falgas.net\/ca\/","name":"Falgas","description":"Otro sitio realizado con WordPress","publisher":{"@id":"https:\/\/falgas.net\/ca\/#organization"},"potentialAction":[{"@type":"SearchAction","target":{"@type":"EntryPoint","urlTemplate":"https:\/\/falgas.net\/ca\/?s={search_term_string}"},"query-input":{"@type":"PropertyValueSpecification","valueRequired":true,"valueName":"search_term_string"}}],"inLanguage":"ca"},{"@type":"Organization","@id":"https:\/\/falgas.net\/ca\/#organization","name":"Falg\u00e0s","url":"https:\/\/falgas.net\/ca\/","logo":{"@type":"ImageObject","inLanguage":"ca","@id":"https:\/\/falgas.net\/ca\/#\/schema\/logo\/image\/","url":"https:\/\/falgas.net\/wp-content\/uploads\/2019\/07\/logo-gloria-falgas-1024x344.png","contentUrl":"https:\/\/falgas.net\/wp-content\/uploads\/2019\/07\/logo-gloria-falgas-1024x344.png","width":1024,"height":344,"caption":"Falg\u00e0s"},"image":{"@id":"https:\/\/falgas.net\/ca\/#\/schema\/logo\/image\/"}}]}},"_links":{"self":[{"href":"https:\/\/falgas.net\/ca\/wp-json\/wp\/v2\/pages\/656","targetHints":{"allow":["GET"]}}],"collection":[{"href":"https:\/\/falgas.net\/ca\/wp-json\/wp\/v2\/pages"}],"about":[{"href":"https:\/\/falgas.net\/ca\/wp-json\/wp\/v2\/types\/page"}],"author":[{"embeddable":true,"href":"https:\/\/falgas.net\/ca\/wp-json\/wp\/v2\/users\/1"}],"replies":[{"embeddable":true,"href":"https:\/\/falgas.net\/ca\/wp-json\/wp\/v2\/comments?post=656"}],"version-history":[{"count":3,"href":"https:\/\/falgas.net\/ca\/wp-json\/wp\/v2\/pages\/656\/revisions"}],"predecessor-version":[{"id":1113,"href":"https:\/\/falgas.net\/ca\/wp-json\/wp\/v2\/pages\/656\/revisions\/1113"}],"up":[{"embeddable":true,"href":"https:\/\/falgas.net\/ca\/wp-json\/wp\/v2\/pages\/642"}],"wp:attachment":[{"href":"https:\/\/falgas.net\/ca\/wp-json\/wp\/v2\/media?parent=656"}],"curies":[{"name":"wp","href":"https:\/\/api.w.org\/{rel}","templated":true}]}}