{"id":650,"date":"2019-07-15T13:34:26","date_gmt":"2019-07-15T11:34:26","guid":{"rendered":"http:\/\/falgas-cp491.wordpresstemporal.com\/incumplimiento-del-divorcio\/"},"modified":"2019-07-17T15:44:28","modified_gmt":"2019-07-17T13:44:28","slug":"incompliment-del-divorci","status":"publish","type":"page","link":"https:\/\/falgas.net\/ca\/divorcis\/incompliment-del-divorci\/","title":{"rendered":"Incompliment del divorci"},"content":{"rendered":"\t\t<div data-elementor-type=\"wp-post\" data-elementor-id=\"650\" class=\"elementor elementor-650 elementor-495\">\n\t\t\t\t\t\t<section class=\"elementor-section elementor-top-section elementor-element elementor-element-631608b elementor-section-height-min-height elementor-section-boxed elementor-section-height-default elementor-section-items-middle\" data-id=\"631608b\" data-element_type=\"section\" data-e-type=\"section\" data-settings=\"{&quot;background_background&quot;:&quot;classic&quot;}\">\n\t\t\t\t\t\t<div class=\"elementor-container elementor-column-gap-default\">\n\t\t\t\t\t<div class=\"elementor-column elementor-col-100 elementor-top-column elementor-element elementor-element-78fcb76\" data-id=\"78fcb76\" data-element_type=\"column\" data-e-type=\"column\">\n\t\t\t<div class=\"elementor-widget-wrap elementor-element-populated\">\n\t\t\t\t\t\t<div class=\"elementor-element elementor-element-0daca22 elementor-widget elementor-widget-heading\" data-id=\"0daca22\" data-element_type=\"widget\" data-e-type=\"widget\" data-widget_type=\"heading.default\">\n\t\t\t\t<div class=\"elementor-widget-container\">\n\t\t\t\t\t<h1 class=\"elementor-heading-title elementor-size-default\">Incompliment del divorci<\/h1>\t\t\t\t<\/div>\n\t\t\t\t<\/div>\n\t\t\t\t\t<\/div>\n\t\t<\/div>\n\t\t\t\t\t<\/div>\n\t\t<\/section>\n\t\t\t\t<section class=\"elementor-section elementor-top-section elementor-element elementor-element-d4a3b94 elementor-section-boxed elementor-section-height-default elementor-section-height-default\" data-id=\"d4a3b94\" data-element_type=\"section\" data-e-type=\"section\">\n\t\t\t\t\t\t<div class=\"elementor-container elementor-column-gap-default\">\n\t\t\t\t\t<div class=\"elementor-column elementor-col-100 elementor-top-column elementor-element elementor-element-465a313\" data-id=\"465a313\" data-element_type=\"column\" data-e-type=\"column\">\n\t\t\t<div class=\"elementor-widget-wrap elementor-element-populated\">\n\t\t\t\t\t\t<div class=\"elementor-element elementor-element-299d137 elementor-widget elementor-widget-heading\" data-id=\"299d137\" data-element_type=\"widget\" data-e-type=\"widget\" data-widget_type=\"heading.default\">\n\t\t\t\t<div class=\"elementor-widget-container\">\n\t\t\t\t\t<h2 class=\"elementor-heading-title elementor-size-default\">Incompliments i modificacions de sent\u00e8ncies<\/h2>\t\t\t\t<\/div>\n\t\t\t\t<\/div>\n\t\t\t\t<div class=\"elementor-element elementor-element-d4329a0 elementor-widget elementor-widget-text-editor\" data-id=\"d4329a0\" data-element_type=\"widget\" data-e-type=\"widget\" data-widget_type=\"text-editor.default\">\n\t\t\t\t<div class=\"elementor-widget-container\">\n\t\t\t\t\t\t\t\t\t<p>Un cop el jutge dicta la sent\u00e8ncia de dissoluci\u00f3 del matrimoni per divorci, o la sent\u00e8ncia de dissoluci\u00f3 de parella de fet, tant si \u00e9s de mutu acord com no, heu de saber que aquesta es pot modificar si es reuneixen tots els requisits establerts per la llei per fer-ho segons l\u2019art. 775 de la Llei d\u2019enjudiciament civil. Tanmateix, si una de les parts no compleix amb el que consta en sent\u00e8ncia o en el conveni regulador, l\u2019altra part pot actuar davant dels jutjats per tal d\u2019obligar-lo i aix\u00ed et garantim l\u2019\u00e8xit de les mesures acordades.<\/p>\n\t\t\t\t\t\t\t\t<\/div>\n\t\t\t\t<\/div>\n\t\t\t\t\t<\/div>\n\t\t<\/div>\n\t\t\t\t\t<\/div>\n\t\t<\/section>\n\t\t\t\t<section class=\"elementor-section elementor-top-section elementor-element elementor-element-540eee7 elementor-section-boxed elementor-section-height-default elementor-section-height-default\" data-id=\"540eee7\" data-element_type=\"section\" data-e-type=\"section\">\n\t\t\t\t\t\t<div class=\"elementor-container elementor-column-gap-default\">\n\t\t\t\t\t<div class=\"elementor-column elementor-col-100 elementor-top-column elementor-element elementor-element-bd5a0f2\" data-id=\"bd5a0f2\" data-element_type=\"column\" data-e-type=\"column\">\n\t\t\t<div class=\"elementor-widget-wrap elementor-element-populated\">\n\t\t\t\t\t\t<div class=\"elementor-element elementor-element-e6cf761 elementor-widget elementor-widget-heading\" data-id=\"e6cf761\" data-element_type=\"widget\" data-e-type=\"widget\" data-widget_type=\"heading.default\">\n\t\t\t\t<div class=\"elementor-widget-container\">\n\t\t\t\t\t<h3 class=\"elementor-heading-title elementor-size-default\">INCOMPLIMENT DE LES SENT\u00c8NCIES<\/h3>\t\t\t\t<\/div>\n\t\t\t\t<\/div>\n\t\t\t\t<div class=\"elementor-element elementor-element-020c1d0 elementor-widget elementor-widget-text-editor\" data-id=\"020c1d0\" data-element_type=\"widget\" data-e-type=\"widget\" data-widget_type=\"text-editor.default\">\n\t\t\t\t<div class=\"elementor-widget-container\">\n\t\t\t\t\t\t\t\t\t<p>Qu\u00e8 passa si una de les parts no compleix amb el que diu el conveni que vau signar o amb la sent\u00e8ncia que el jutge va dictar?<\/p>\n<p>Si l\u2019obligat per alguna d\u2019aquestes mesures no compleix (per exemple, no paga les pensions d\u2019aliments), l\u2019altre progenitor pot reclamar les quantitats degudes. Aix\u00f2 es tramita mitjan\u00e7ant una demanda d\u2019execuci\u00f3 contractant els nostres serveis d\u2019advocat i procurador.<\/p>\n<p>Una altra possibilitat que et recomanem \u00e9s posar una den\u00fancia per impagament de pensions segons l\u2019art. 227 del Codi Penal, per\u00f2 el resultat de l\u2019embarg no \u00e9s tant immediat i es penalitza amb pena de pres\u00f3.<\/p>\n\t\t\t\t\t\t\t\t<\/div>\n\t\t\t\t<\/div>\n\t\t\t\t<div class=\"elementor-element elementor-element-3ebc619 elementor-widget elementor-widget-heading\" data-id=\"3ebc619\" data-element_type=\"widget\" data-e-type=\"widget\" data-widget_type=\"heading.default\">\n\t\t\t\t<div class=\"elementor-widget-container\">\n\t\t\t\t\t<h3 class=\"elementor-heading-title elementor-size-default\">MODIFICACI\u00d3 DE LES MESURES ESTABLERTES EN CONVENIS I EN SENT\u00c8NCIES CONTENCIOSES<\/h3>\t\t\t\t<\/div>\n\t\t\t\t<\/div>\n\t\t\t\t<div class=\"elementor-element elementor-element-96ea061 elementor-widget elementor-widget-text-editor\" data-id=\"96ea061\" data-element_type=\"widget\" data-e-type=\"widget\" data-widget_type=\"text-editor.default\">\n\t\t\t\t<div class=\"elementor-widget-container\">\n\t\t\t\t\t\t\t\t\t<p>Les mesures establertes en una sent\u00e8ncia o en un conveni de divorci, s\u00f3n per tota la vida? S\u00f3n per sempre?<\/p>\n<p>No. La Llei preveu la possibilitat que les mesures que s\u2019hagin ordenat en un proc\u00e9s matrimonial (pensions d\u2019aliments, prestaci\u00f3 compensat\u00f2ria, guarda dels menors, \u00fas de l\u2019habitatge etc\u2026) es puguin modificar, mitjan\u00e7ant una resoluci\u00f3 judicial posterior,<strong> quan hagin variat substancialment les circumst\u00e0ncies que hi havia al moment de dictar-les.<\/strong> La modificaci\u00f3 pot ser demanada per qualsevol dels c\u00f2njuges separats o divorciats, exemples:<\/p>\n<ul>\n<li>Podem demanar la cust\u00f2dia compartida.<\/li>\n<li>Un augment o disminuci\u00f3 de la pensi\u00f3.<\/li>\n<li>La venda de la casa familiar repartint-se els guanys.<\/li>\n<li>Modificar els dies de visita del pare\/mare \u2026<\/li>\n<\/ul>\n<p><strong>Estem la seva disposici\u00f3 en tot moment, treballant amb sentit com\u00fa, discrecionalitat i rapidesa, conjuntament amb el nostra equip de professionals (procurador, p\u00e8rit taxador, psic\u00f2leg infantil, investigador privat, i un gestor comptable) per garantir l\u2019\u00e8xit que desitja.<\/strong><\/p>\n\t\t\t\t\t\t\t\t<\/div>\n\t\t\t\t<\/div>\n\t\t\t\t\t<\/div>\n\t\t<\/div>\n\t\t\t\t\t<\/div>\n\t\t<\/section>\n\t\t\t\t<\/div>\n\t\t","protected":false},"excerpt":{"rendered":"<p>Incompliment del divorci Incompliments i modificacions de sent\u00e8ncies Un cop el jutge dicta la sent\u00e8ncia de dissoluci\u00f3 del matrimoni per divorci, o la sent\u00e8ncia de dissoluci\u00f3 de parella de fet, tant si \u00e9s de mutu &#8230; <\/p>\n<p class=\"read-more-container\"><a title=\"Incompliment del divorci\" class=\"read-more button\" href=\"https:\/\/falgas.net\/ca\/divorcis\/incompliment-del-divorci\/#more-650\" aria-label=\"M\u00e9s informaci\u00f3 sobre Incompliment del divorci\">Read More<\/a><\/p>\n","protected":false},"author":1,"featured_media":0,"parent":642,"menu_order":0,"comment_status":"closed","ping_status":"closed","template":"","meta":{"footnotes":""},"class_list":{"0":"post-650","1":"page","2":"type-page","3":"status-publish","5":"no-featured-image-padding"},"yoast_head":"<!-- This site is optimized with the Yoast SEO plugin v27.1.1 - https:\/\/yoast.com\/product\/yoast-seo-wordpress\/ -->\n<title>Incompliment del divorci - Falgas<\/title>\n<meta name=\"description\" content=\"Bufet jur\u00eddic Falg\u00e0s, ofereix els seus serveis per ajudar en el processos d&#039;incompliment del divorci.\" \/>\n<meta name=\"robots\" content=\"index, follow, max-snippet:-1, max-image-preview:large, max-video-preview:-1\" \/>\n<link rel=\"canonical\" href=\"https:\/\/falgas.net\/ca\/divorcis\/incompliment-del-divorci\/\" \/>\n<meta property=\"og:locale\" content=\"ca_ES\" \/>\n<meta property=\"og:type\" content=\"article\" \/>\n<meta property=\"og:title\" content=\"Incompliment del divorci - Falgas\" \/>\n<meta property=\"og:description\" content=\"Bufet jur\u00eddic Falg\u00e0s, ofereix els seus serveis per ajudar en el processos d&#039;incompliment del divorci.\" \/>\n<meta property=\"og:url\" content=\"https:\/\/falgas.net\/ca\/divorcis\/incompliment-del-divorci\/\" \/>\n<meta property=\"og:site_name\" content=\"Falgas\" \/>\n<meta property=\"article:modified_time\" content=\"2019-07-17T13:44:28+00:00\" \/>\n<meta name=\"twitter:card\" content=\"summary_large_image\" \/>\n<meta name=\"twitter:label1\" content=\"Temps estimat de lectura\" \/>\n\t<meta name=\"twitter:data1\" content=\"2 minuts\" \/>\n<script type=\"application\/ld+json\" class=\"yoast-schema-graph\">{\"@context\":\"https:\/\/schema.org\",\"@graph\":[{\"@type\":\"WebPage\",\"@id\":\"https:\/\/falgas.net\/ca\/divorcis\/incompliment-del-divorci\/\",\"url\":\"https:\/\/falgas.net\/ca\/divorcis\/incompliment-del-divorci\/\",\"name\":\"Incompliment del divorci - Falgas\",\"isPartOf\":{\"@id\":\"https:\/\/falgas.net\/ca\/#website\"},\"datePublished\":\"2019-07-15T11:34:26+00:00\",\"dateModified\":\"2019-07-17T13:44:28+00:00\",\"description\":\"Bufet jur\u00eddic Falg\u00e0s, ofereix els seus serveis per ajudar en el processos d'incompliment del divorci.\",\"breadcrumb\":{\"@id\":\"https:\/\/falgas.net\/ca\/divorcis\/incompliment-del-divorci\/#breadcrumb\"},\"inLanguage\":\"ca\",\"potentialAction\":[{\"@type\":\"ReadAction\",\"target\":[\"https:\/\/falgas.net\/ca\/divorcis\/incompliment-del-divorci\/\"]}]},{\"@type\":\"BreadcrumbList\",\"@id\":\"https:\/\/falgas.net\/ca\/divorcis\/incompliment-del-divorci\/#breadcrumb\",\"itemListElement\":[{\"@type\":\"ListItem\",\"position\":1,\"name\":\"Portada\",\"item\":\"https:\/\/falgas.net\/ca\/\"},{\"@type\":\"ListItem\",\"position\":2,\"name\":\"Divorcis\",\"item\":\"https:\/\/falgas.net\/ca\/divorcis\/\"},{\"@type\":\"ListItem\",\"position\":3,\"name\":\"Incompliment del divorci\"}]},{\"@type\":\"WebSite\",\"@id\":\"https:\/\/falgas.net\/ca\/#website\",\"url\":\"https:\/\/falgas.net\/ca\/\",\"name\":\"Falgas\",\"description\":\"Otro sitio realizado con WordPress\",\"publisher\":{\"@id\":\"https:\/\/falgas.net\/ca\/#organization\"},\"potentialAction\":[{\"@type\":\"SearchAction\",\"target\":{\"@type\":\"EntryPoint\",\"urlTemplate\":\"https:\/\/falgas.net\/ca\/?s={search_term_string}\"},\"query-input\":{\"@type\":\"PropertyValueSpecification\",\"valueRequired\":true,\"valueName\":\"search_term_string\"}}],\"inLanguage\":\"ca\"},{\"@type\":\"Organization\",\"@id\":\"https:\/\/falgas.net\/ca\/#organization\",\"name\":\"Falg\u00e0s\",\"url\":\"https:\/\/falgas.net\/ca\/\",\"logo\":{\"@type\":\"ImageObject\",\"inLanguage\":\"ca\",\"@id\":\"https:\/\/falgas.net\/ca\/#\/schema\/logo\/image\/\",\"url\":\"https:\/\/falgas.net\/wp-content\/uploads\/2019\/07\/logo-gloria-falgas-1024x344.png\",\"contentUrl\":\"https:\/\/falgas.net\/wp-content\/uploads\/2019\/07\/logo-gloria-falgas-1024x344.png\",\"width\":1024,\"height\":344,\"caption\":\"Falg\u00e0s\"},\"image\":{\"@id\":\"https:\/\/falgas.net\/ca\/#\/schema\/logo\/image\/\"}}]}<\/script>\n<!-- \/ Yoast SEO plugin. -->","yoast_head_json":{"title":"Incompliment del divorci - Falgas","description":"Bufet jur\u00eddic Falg\u00e0s, ofereix els seus serveis per ajudar en el processos d'incompliment del divorci.","robots":{"index":"index","follow":"follow","max-snippet":"max-snippet:-1","max-image-preview":"max-image-preview:large","max-video-preview":"max-video-preview:-1"},"canonical":"https:\/\/falgas.net\/ca\/divorcis\/incompliment-del-divorci\/","og_locale":"ca_ES","og_type":"article","og_title":"Incompliment del divorci - Falgas","og_description":"Bufet jur\u00eddic Falg\u00e0s, ofereix els seus serveis per ajudar en el processos d'incompliment del divorci.","og_url":"https:\/\/falgas.net\/ca\/divorcis\/incompliment-del-divorci\/","og_site_name":"Falgas","article_modified_time":"2019-07-17T13:44:28+00:00","twitter_card":"summary_large_image","twitter_misc":{"Temps estimat de lectura":"2 minuts"},"schema":{"@context":"https:\/\/schema.org","@graph":[{"@type":"WebPage","@id":"https:\/\/falgas.net\/ca\/divorcis\/incompliment-del-divorci\/","url":"https:\/\/falgas.net\/ca\/divorcis\/incompliment-del-divorci\/","name":"Incompliment del divorci - Falgas","isPartOf":{"@id":"https:\/\/falgas.net\/ca\/#website"},"datePublished":"2019-07-15T11:34:26+00:00","dateModified":"2019-07-17T13:44:28+00:00","description":"Bufet jur\u00eddic Falg\u00e0s, ofereix els seus serveis per ajudar en el processos d'incompliment del divorci.","breadcrumb":{"@id":"https:\/\/falgas.net\/ca\/divorcis\/incompliment-del-divorci\/#breadcrumb"},"inLanguage":"ca","potentialAction":[{"@type":"ReadAction","target":["https:\/\/falgas.net\/ca\/divorcis\/incompliment-del-divorci\/"]}]},{"@type":"BreadcrumbList","@id":"https:\/\/falgas.net\/ca\/divorcis\/incompliment-del-divorci\/#breadcrumb","itemListElement":[{"@type":"ListItem","position":1,"name":"Portada","item":"https:\/\/falgas.net\/ca\/"},{"@type":"ListItem","position":2,"name":"Divorcis","item":"https:\/\/falgas.net\/ca\/divorcis\/"},{"@type":"ListItem","position":3,"name":"Incompliment del divorci"}]},{"@type":"WebSite","@id":"https:\/\/falgas.net\/ca\/#website","url":"https:\/\/falgas.net\/ca\/","name":"Falgas","description":"Otro sitio realizado con WordPress","publisher":{"@id":"https:\/\/falgas.net\/ca\/#organization"},"potentialAction":[{"@type":"SearchAction","target":{"@type":"EntryPoint","urlTemplate":"https:\/\/falgas.net\/ca\/?s={search_term_string}"},"query-input":{"@type":"PropertyValueSpecification","valueRequired":true,"valueName":"search_term_string"}}],"inLanguage":"ca"},{"@type":"Organization","@id":"https:\/\/falgas.net\/ca\/#organization","name":"Falg\u00e0s","url":"https:\/\/falgas.net\/ca\/","logo":{"@type":"ImageObject","inLanguage":"ca","@id":"https:\/\/falgas.net\/ca\/#\/schema\/logo\/image\/","url":"https:\/\/falgas.net\/wp-content\/uploads\/2019\/07\/logo-gloria-falgas-1024x344.png","contentUrl":"https:\/\/falgas.net\/wp-content\/uploads\/2019\/07\/logo-gloria-falgas-1024x344.png","width":1024,"height":344,"caption":"Falg\u00e0s"},"image":{"@id":"https:\/\/falgas.net\/ca\/#\/schema\/logo\/image\/"}}]}},"_links":{"self":[{"href":"https:\/\/falgas.net\/ca\/wp-json\/wp\/v2\/pages\/650","targetHints":{"allow":["GET"]}}],"collection":[{"href":"https:\/\/falgas.net\/ca\/wp-json\/wp\/v2\/pages"}],"about":[{"href":"https:\/\/falgas.net\/ca\/wp-json\/wp\/v2\/types\/page"}],"author":[{"embeddable":true,"href":"https:\/\/falgas.net\/ca\/wp-json\/wp\/v2\/users\/1"}],"replies":[{"embeddable":true,"href":"https:\/\/falgas.net\/ca\/wp-json\/wp\/v2\/comments?post=650"}],"version-history":[{"count":8,"href":"https:\/\/falgas.net\/ca\/wp-json\/wp\/v2\/pages\/650\/revisions"}],"predecessor-version":[{"id":694,"href":"https:\/\/falgas.net\/ca\/wp-json\/wp\/v2\/pages\/650\/revisions\/694"}],"up":[{"embeddable":true,"href":"https:\/\/falgas.net\/ca\/wp-json\/wp\/v2\/pages\/642"}],"wp:attachment":[{"href":"https:\/\/falgas.net\/ca\/wp-json\/wp\/v2\/media?parent=650"}],"curies":[{"name":"wp","href":"https:\/\/api.w.org\/{rel}","templated":true}]}}