{"id":621,"date":"2019-07-15T16:10:17","date_gmt":"2019-07-15T14:10:17","guid":{"rendered":"http:\/\/falgas-cp491.wordpresstemporal.com\/contacte\/"},"modified":"2020-11-26T15:33:10","modified_gmt":"2020-11-26T14:33:10","slug":"contacte","status":"publish","type":"page","link":"https:\/\/falgas.net\/ca\/contacte\/","title":{"rendered":"Contacte"},"content":{"rendered":"\t\t<div data-elementor-type=\"wp-post\" data-elementor-id=\"621\" class=\"elementor elementor-621 elementor-483\">\n\t\t\t\t\t\t<section class=\"elementor-section elementor-top-section elementor-element elementor-element-9e58940 elementor-section-height-min-height elementor-section-boxed elementor-section-height-default elementor-section-items-middle\" data-id=\"9e58940\" data-element_type=\"section\" data-e-type=\"section\" data-settings=\"{&quot;background_background&quot;:&quot;classic&quot;}\">\n\t\t\t\t\t\t<div class=\"elementor-container elementor-column-gap-default\">\n\t\t\t\t\t<div class=\"elementor-column elementor-col-100 elementor-top-column elementor-element elementor-element-5b556bc\" data-id=\"5b556bc\" data-element_type=\"column\" data-e-type=\"column\">\n\t\t\t<div class=\"elementor-widget-wrap elementor-element-populated\">\n\t\t\t\t\t\t<div class=\"elementor-element elementor-element-4301e50 elementor-widget elementor-widget-heading\" data-id=\"4301e50\" data-element_type=\"widget\" data-e-type=\"widget\" data-widget_type=\"heading.default\">\n\t\t\t\t<div class=\"elementor-widget-container\">\n\t\t\t\t\t<h1 class=\"elementor-heading-title elementor-size-default\">Contacte<\/h1>\t\t\t\t<\/div>\n\t\t\t\t<\/div>\n\t\t\t\t\t<\/div>\n\t\t<\/div>\n\t\t\t\t\t<\/div>\n\t\t<\/section>\n\t\t\t\t<section class=\"elementor-section elementor-top-section elementor-element elementor-element-c7f945f elementor-section-boxed elementor-section-height-default elementor-section-height-default\" data-id=\"c7f945f\" data-element_type=\"section\" data-e-type=\"section\">\n\t\t\t\t\t\t<div class=\"elementor-container elementor-column-gap-default\">\n\t\t\t\t\t<div class=\"elementor-column elementor-col-50 elementor-top-column elementor-element elementor-element-90000b6\" data-id=\"90000b6\" data-element_type=\"column\" data-e-type=\"column\">\n\t\t\t<div class=\"elementor-widget-wrap elementor-element-populated\">\n\t\t\t\t\t\t<div class=\"elementor-element elementor-element-b6dabed elementor-widget elementor-widget-heading\" data-id=\"b6dabed\" data-element_type=\"widget\" data-e-type=\"widget\" data-widget_type=\"heading.default\">\n\t\t\t\t<div class=\"elementor-widget-container\">\n\t\t\t\t\t<h2 class=\"elementor-heading-title elementor-size-default\">Formulari de contacte<\/h2>\t\t\t\t<\/div>\n\t\t\t\t<\/div>\n\t\t\t\t<div class=\"elementor-element elementor-element-6ef1a07 elementor-widget elementor-widget-shortcode\" data-id=\"6ef1a07\" data-element_type=\"widget\" data-e-type=\"widget\" data-widget_type=\"shortcode.default\">\n\t\t\t\t<div class=\"elementor-widget-container\">\n\t\t\t\t\t\t\t<div class=\"elementor-shortcode\">\n<div class=\"wpcf7 no-js\" id=\"wpcf7-f745-o1\" lang=\"ca\" dir=\"ltr\" data-wpcf7-id=\"745\">\n<div class=\"screen-reader-response\"><p role=\"status\" aria-live=\"polite\" aria-atomic=\"true\"><\/p> <ul><\/ul><\/div>\n<form action=\"\/ca\/wp-json\/wp\/v2\/pages\/621#wpcf7-f745-o1\" method=\"post\" class=\"wpcf7-form init\" aria-label=\"Formulari de contacte\" novalidate=\"novalidate\" data-status=\"init\">\n<fieldset class=\"hidden-fields-container\"><input type=\"hidden\" name=\"_wpcf7\" value=\"745\" \/><input type=\"hidden\" name=\"_wpcf7_version\" value=\"6.1.5\" \/><input type=\"hidden\" name=\"_wpcf7_locale\" value=\"ca\" \/><input type=\"hidden\" name=\"_wpcf7_unit_tag\" value=\"wpcf7-f745-o1\" \/><input type=\"hidden\" name=\"_wpcf7_container_post\" value=\"0\" \/><input type=\"hidden\" name=\"_wpcf7_posted_data_hash\" value=\"\" \/>\n<\/fieldset>\n<p><span class=\"wpcf7-form-control-wrap\" data-name=\"your-name\"><input size=\"40\" maxlength=\"400\" class=\"wpcf7-form-control wpcf7-text wpcf7-validates-as-required\" aria-required=\"true\" aria-invalid=\"false\" placeholder=\"El teu nom\" value=\"\" type=\"text\" name=\"your-name\" \/><\/span>\n<\/p>\n<p><span class=\"wpcf7-form-control-wrap\" data-name=\"your-email\"><input size=\"40\" maxlength=\"400\" class=\"wpcf7-form-control wpcf7-email wpcf7-validates-as-required wpcf7-text wpcf7-validates-as-email\" aria-required=\"true\" aria-invalid=\"false\" placeholder=\"Email\" value=\"\" type=\"email\" name=\"your-email\" \/><\/span>\n<\/p>\n<p><span class=\"wpcf7-form-control-wrap\" data-name=\"tel-6\"><input size=\"40\" maxlength=\"400\" class=\"wpcf7-form-control wpcf7-tel wpcf7-text wpcf7-validates-as-tel\" aria-invalid=\"false\" placeholder=\"El teu tel\u00e8fon\" value=\"\" type=\"tel\" name=\"tel-6\" \/><\/span>\n<\/p>\n<p><span class=\"wpcf7-form-control-wrap\" data-name=\"your-subject\"><input size=\"40\" maxlength=\"400\" class=\"wpcf7-form-control wpcf7-text\" aria-invalid=\"false\" placeholder=\"Assumpte\" value=\"\" type=\"text\" name=\"your-subject\" \/><\/span>\n<\/p>\n<p><span class=\"wpcf7-form-control-wrap\" data-name=\"your-message\"><textarea cols=\"40\" rows=\"10\" maxlength=\"2000\" class=\"wpcf7-form-control wpcf7-textarea\" aria-invalid=\"false\" placeholder=\"El teu missatge\" name=\"your-message\"><\/textarea><\/span>\n<\/p>\n<p>[acceptance* checkbox-858] ENTENC I ACCEPTO la <a target=\"_blank\" href=\"http:\/\/falgas.net\/es\/politica-de-privacidad\/\">pol\u00edtica de privacitat<\/a>. * [\/acceptance]\n<\/p>\n<p><input class=\"wpcf7-form-control wpcf7-submit has-spinner\" type=\"submit\" value=\"Enviar\" \/>\n<\/p><div class=\"wpcf7-response-output\" aria-hidden=\"true\"><\/div>\n<\/form>\n<\/div>\n<\/div>\n\t\t\t\t\t\t<\/div>\n\t\t\t\t<\/div>\n\t\t\t\t<div class=\"elementor-element elementor-element-a8c0142 elementor-widget elementor-widget-text-editor\" data-id=\"a8c0142\" data-element_type=\"widget\" data-e-type=\"widget\" data-widget_type=\"text-editor.default\">\n\t\t\t\t<div class=\"elementor-widget-container\">\n\t\t\t\t\t\t\t\t\t<p><strong>Oferim una primera consulta per email gratis, perqu\u00e8 sense pressions, pugui decidir si som el despatx que est\u00e0 buscant.<\/strong><\/p>\n\t\t\t\t\t\t\t\t<\/div>\n\t\t\t\t<\/div>\n\t\t\t\t\t<\/div>\n\t\t<\/div>\n\t\t\t\t<div class=\"elementor-column elementor-col-50 elementor-top-column elementor-element elementor-element-2ce64e5\" data-id=\"2ce64e5\" data-element_type=\"column\" data-e-type=\"column\">\n\t\t\t<div class=\"elementor-widget-wrap elementor-element-populated\">\n\t\t\t\t\t\t<div class=\"elementor-element elementor-element-965e53f elementor-widget elementor-widget-heading\" data-id=\"965e53f\" data-element_type=\"widget\" data-e-type=\"widget\" data-widget_type=\"heading.default\">\n\t\t\t\t<div class=\"elementor-widget-container\">\n\t\t\t\t\t<h3 class=\"elementor-heading-title elementor-size-large\">Comuniqui'ns per<\/h3>\t\t\t\t<\/div>\n\t\t\t\t<\/div>\n\t\t\t\t<div class=\"elementor-element elementor-element-67d4ba9 elementor-align-center elementor-icon-list--layout-traditional elementor-list-item-link-full_width elementor-widget elementor-widget-icon-list\" data-id=\"67d4ba9\" data-element_type=\"widget\" data-e-type=\"widget\" data-widget_type=\"icon-list.default\">\n\t\t\t\t<div class=\"elementor-widget-container\">\n\t\t\t\t\t\t\t<ul class=\"elementor-icon-list-items\">\n\t\t\t\t\t\t\t<li class=\"elementor-icon-list-item\">\n\t\t\t\t\t\t\t\t\t\t\t<span class=\"elementor-icon-list-icon\">\n\t\t\t\t\t\t\t<i aria-hidden=\"true\" class=\"fab fa-telegram-plane\"><\/i>\t\t\t\t\t\t<\/span>\n\t\t\t\t\t\t\t\t\t\t<span class=\"elementor-icon-list-text\">advocat@falgas.net<\/span>\n\t\t\t\t\t\t\t\t\t<\/li>\n\t\t\t\t\t\t\t\t<li class=\"elementor-icon-list-item\">\n\t\t\t\t\t\t\t\t\t\t\t<span class=\"elementor-icon-list-icon\">\n\t\t\t\t\t\t\t<i aria-hidden=\"true\" class=\"fas fa-phone-alt\"><\/i>\t\t\t\t\t\t<\/span>\n\t\t\t\t\t\t\t\t\t\t<span class=\"elementor-icon-list-text\">972 503 516<\/span>\n\t\t\t\t\t\t\t\t\t<\/li>\n\t\t\t\t\t\t\t\t<li class=\"elementor-icon-list-item\">\n\t\t\t\t\t\t\t\t\t\t\t<span class=\"elementor-icon-list-icon\">\n\t\t\t\t\t\t\t<i aria-hidden=\"true\" class=\"fab fa-whatsapp\"><\/i>\t\t\t\t\t\t<\/span>\n\t\t\t\t\t\t\t\t\t\t<span class=\"elementor-icon-list-text\">651 904 495<\/span>\n\t\t\t\t\t\t\t\t\t<\/li>\n\t\t\t\t\t\t\t\t<li class=\"elementor-icon-list-item\">\n\t\t\t\t\t\t\t\t\t\t\t<span class=\"elementor-icon-list-icon\">\n\t\t\t\t\t\t\t<i aria-hidden=\"true\" class=\"fas fa-phone-alt\"><\/i>\t\t\t\t\t\t<\/span>\n\t\t\t\t\t\t\t\t\t\t<span class=\"elementor-icon-list-text\">Urg\u00e8ncies 651 904 495 <\/span>\n\t\t\t\t\t\t\t\t\t<\/li>\n\t\t\t\t\t\t<\/ul>\n\t\t\t\t\t\t<\/div>\n\t\t\t\t<\/div>\n\t\t\t\t<div class=\"elementor-element elementor-element-f65e3ee elementor-widget elementor-widget-heading\" data-id=\"f65e3ee\" data-element_type=\"widget\" data-e-type=\"widget\" data-widget_type=\"heading.default\">\n\t\t\t\t<div class=\"elementor-widget-container\">\n\t\t\t\t\t<h3 class=\"elementor-heading-title elementor-size-large\">Horari de visita<\/h3>\t\t\t\t<\/div>\n\t\t\t\t<\/div>\n\t\t\t\t<div class=\"elementor-element elementor-element-48c9708 elementor-widget elementor-widget-text-editor\" data-id=\"48c9708\" data-element_type=\"widget\" data-e-type=\"widget\" data-widget_type=\"text-editor.default\">\n\t\t\t\t<div class=\"elementor-widget-container\">\n\t\t\t\t\t\t\t\t\t<p>Diluns a divendres de 9:30h a 16:30h. i hores concertades a les tardes<\/p>\n\t\t\t\t\t\t\t\t<\/div>\n\t\t\t\t<\/div>\n\t\t\t\t<div class=\"elementor-element elementor-element-14d26fb elementor-widget elementor-widget-text-editor\" data-id=\"14d26fb\" data-element_type=\"widget\" data-e-type=\"widget\" data-widget_type=\"text-editor.default\">\n\t\t\t\t<div class=\"elementor-widget-container\">\n\t\t\t\t\t\t\t\t\t<p style=\"text-align: center;\"><strong>Pressupostos sense comprom\u00eds i facilitats de pagament a mesura <\/strong><\/p>\n<p style=\"text-align: center;\"><strong>Primera visita: 75e (a deduir de la factura)<\/strong><\/p>\n<p style=\"text-align: center;\"><strong>Pagament: Met\u00e0l\u00b7lic, Bizum, Targeta de Cr\u00e8dit, Pay Pal, Transfer\u00e8ncia bancaria.<\/strong> <\/p>\n\t\t\t\t\t\t\t\t<\/div>\n\t\t\t\t<\/div>\n\t\t\t\t<div class=\"elementor-element elementor-element-9134304 elementor-widget elementor-widget-google_maps\" data-id=\"9134304\" data-element_type=\"widget\" data-e-type=\"widget\" data-widget_type=\"google_maps.default\">\n\t\t\t\t<div class=\"elementor-widget-container\">\n\t\t\t\t\t\t\t<div class=\"elementor-custom-embed\">\n\t\t\t<iframe loading=\"lazy\"\n\t\t\t\t\tsrc=\"https:\/\/maps.google.com\/maps?q=Mestre%20Fallas%20FigueresC%2F%20Mestre%20Manuel%20de%20Falla%20n%C2%BA%208%2C%201-D%2C%2017600%20Figueras%2C%20Girona&#038;t=m&#038;z=17&#038;output=embed&#038;iwloc=near\"\n\t\t\t\t\ttitle=\"Mestre Fallas FigueresC\/ Mestre Manuel de Falla n\u00ba 8, 1-D, 17600 Figueras, Girona\"\n\t\t\t\t\taria-label=\"Mestre Fallas FigueresC\/ Mestre Manuel de Falla n\u00ba 8, 1-D, 17600 Figueras, Girona\"\n\t\t\t><\/iframe>\n\t\t<\/div>\n\t\t\t\t\t\t<\/div>\n\t\t\t\t<\/div>\n\t\t\t\t\t<\/div>\n\t\t<\/div>\n\t\t\t\t\t<\/div>\n\t\t<\/section>\n\t\t\t\t<section class=\"elementor-section elementor-top-section elementor-element elementor-element-e2d901d elementor-section-boxed elementor-section-height-default elementor-section-height-default\" data-id=\"e2d901d\" data-element_type=\"section\" data-e-type=\"section\">\n\t\t\t\t\t\t<div class=\"elementor-container elementor-column-gap-default\">\n\t\t\t\t\t<div class=\"elementor-column elementor-col-100 elementor-top-column elementor-element elementor-element-aeb379e\" data-id=\"aeb379e\" data-element_type=\"column\" data-e-type=\"column\">\n\t\t\t<div class=\"elementor-widget-wrap elementor-element-populated\">\n\t\t\t\t\t\t<div class=\"elementor-element elementor-element-c5f6631 elementor-widget elementor-widget-text-editor\" data-id=\"c5f6631\" data-element_type=\"widget\" data-e-type=\"widget\" data-widget_type=\"text-editor.default\">\n\t\t\t\t<div class=\"elementor-widget-container\">\n\t\t\t\t\t\t\t\t\t<p>La informaci\u00f3 en aquesta web \u00e9s nom\u00e9s per a fins d&#8217;informaci\u00f3 general. No s&#8217;ha de prendre com a consell legal individualitzat. La simple recepci\u00f3, visualitzaci\u00f3 del web o l&#8217;enviament de el formulari de contacte no constitueix una relaci\u00f3 advocat-client.<\/p>\n\t\t\t\t\t\t\t\t<\/div>\n\t\t\t\t<\/div>\n\t\t\t\t\t<\/div>\n\t\t<\/div>\n\t\t\t\t\t<\/div>\n\t\t<\/section>\n\t\t\t\t<\/div>\n\t\t","protected":false},"excerpt":{"rendered":"<p>Contacte Formulari de contacte Oferim una primera consulta per email gratis, perqu\u00e8 sense pressions, pugui decidir si som el despatx que est\u00e0 buscant. Comuniqui&#8217;ns per advocat@falgas.net 972 503 516 651 904 495 Urg\u00e8ncies 651 904 &#8230; <\/p>\n<p class=\"read-more-container\"><a title=\"Contacte\" class=\"read-more button\" href=\"https:\/\/falgas.net\/ca\/contacte\/#more-621\" aria-label=\"M\u00e9s informaci\u00f3 sobre Contacte\">Read More<\/a><\/p>\n","protected":false},"author":1,"featured_media":0,"parent":0,"menu_order":0,"comment_status":"closed","ping_status":"closed","template":"","meta":{"footnotes":""},"class_list":{"0":"post-621","1":"page","2":"type-page","3":"status-publish","5":"no-featured-image-padding"},"yoast_head":"<!-- This site is optimized with the Yoast SEO plugin v27.1.1 - https:\/\/yoast.com\/product\/yoast-seo-wordpress\/ -->\n<title>Contacte - Falgas<\/title>\n<meta name=\"description\" content=\"P\u00e0gina de contacte d&#039;advocacia professional Falg\u00e0s, contacti amb nosaltres per correu electr\u00f2nic o per tel\u00e8fon.\" \/>\n<meta name=\"robots\" content=\"index, follow, max-snippet:-1, max-image-preview:large, max-video-preview:-1\" \/>\n<link rel=\"canonical\" href=\"https:\/\/falgas.net\/ca\/contacte\/\" \/>\n<meta property=\"og:locale\" content=\"ca_ES\" \/>\n<meta property=\"og:type\" content=\"article\" \/>\n<meta property=\"og:title\" content=\"Contacte - Falgas\" \/>\n<meta property=\"og:description\" content=\"P\u00e0gina de contacte d&#039;advocacia professional Falg\u00e0s, contacti amb nosaltres per correu electr\u00f2nic o per tel\u00e8fon.\" \/>\n<meta property=\"og:url\" content=\"https:\/\/falgas.net\/ca\/contacte\/\" \/>\n<meta property=\"og:site_name\" content=\"Falgas\" \/>\n<meta property=\"article:modified_time\" content=\"2020-11-26T14:33:10+00:00\" \/>\n<meta name=\"twitter:card\" content=\"summary_large_image\" \/>\n<meta name=\"twitter:label1\" content=\"Temps estimat de lectura\" \/>\n\t<meta name=\"twitter:data1\" content=\"1 minut\" \/>\n<script type=\"application\/ld+json\" class=\"yoast-schema-graph\">{\"@context\":\"https:\/\/schema.org\",\"@graph\":[{\"@type\":\"WebPage\",\"@id\":\"https:\/\/falgas.net\/ca\/contacte\/\",\"url\":\"https:\/\/falgas.net\/ca\/contacte\/\",\"name\":\"Contacte - Falgas\",\"isPartOf\":{\"@id\":\"https:\/\/falgas.net\/ca\/#website\"},\"datePublished\":\"2019-07-15T14:10:17+00:00\",\"dateModified\":\"2020-11-26T14:33:10+00:00\",\"description\":\"P\u00e0gina de contacte d'advocacia professional Falg\u00e0s, contacti amb nosaltres per correu electr\u00f2nic o per tel\u00e8fon.\",\"breadcrumb\":{\"@id\":\"https:\/\/falgas.net\/ca\/contacte\/#breadcrumb\"},\"inLanguage\":\"ca\",\"potentialAction\":[{\"@type\":\"ReadAction\",\"target\":[\"https:\/\/falgas.net\/ca\/contacte\/\"]}]},{\"@type\":\"BreadcrumbList\",\"@id\":\"https:\/\/falgas.net\/ca\/contacte\/#breadcrumb\",\"itemListElement\":[{\"@type\":\"ListItem\",\"position\":1,\"name\":\"Portada\",\"item\":\"https:\/\/falgas.net\/ca\/\"},{\"@type\":\"ListItem\",\"position\":2,\"name\":\"Contacte\"}]},{\"@type\":\"WebSite\",\"@id\":\"https:\/\/falgas.net\/ca\/#website\",\"url\":\"https:\/\/falgas.net\/ca\/\",\"name\":\"Falgas\",\"description\":\"Otro sitio realizado con WordPress\",\"publisher\":{\"@id\":\"https:\/\/falgas.net\/ca\/#organization\"},\"potentialAction\":[{\"@type\":\"SearchAction\",\"target\":{\"@type\":\"EntryPoint\",\"urlTemplate\":\"https:\/\/falgas.net\/ca\/?s={search_term_string}\"},\"query-input\":{\"@type\":\"PropertyValueSpecification\",\"valueRequired\":true,\"valueName\":\"search_term_string\"}}],\"inLanguage\":\"ca\"},{\"@type\":\"Organization\",\"@id\":\"https:\/\/falgas.net\/ca\/#organization\",\"name\":\"Falg\u00e0s\",\"url\":\"https:\/\/falgas.net\/ca\/\",\"logo\":{\"@type\":\"ImageObject\",\"inLanguage\":\"ca\",\"@id\":\"https:\/\/falgas.net\/ca\/#\/schema\/logo\/image\/\",\"url\":\"https:\/\/falgas.net\/wp-content\/uploads\/2019\/07\/logo-gloria-falgas-1024x344.png\",\"contentUrl\":\"https:\/\/falgas.net\/wp-content\/uploads\/2019\/07\/logo-gloria-falgas-1024x344.png\",\"width\":1024,\"height\":344,\"caption\":\"Falg\u00e0s\"},\"image\":{\"@id\":\"https:\/\/falgas.net\/ca\/#\/schema\/logo\/image\/\"}}]}<\/script>\n<!-- \/ Yoast SEO plugin. -->","yoast_head_json":{"title":"Contacte - Falgas","description":"P\u00e0gina de contacte d'advocacia professional Falg\u00e0s, contacti amb nosaltres per correu electr\u00f2nic o per tel\u00e8fon.","robots":{"index":"index","follow":"follow","max-snippet":"max-snippet:-1","max-image-preview":"max-image-preview:large","max-video-preview":"max-video-preview:-1"},"canonical":"https:\/\/falgas.net\/ca\/contacte\/","og_locale":"ca_ES","og_type":"article","og_title":"Contacte - Falgas","og_description":"P\u00e0gina de contacte d'advocacia professional Falg\u00e0s, contacti amb nosaltres per correu electr\u00f2nic o per tel\u00e8fon.","og_url":"https:\/\/falgas.net\/ca\/contacte\/","og_site_name":"Falgas","article_modified_time":"2020-11-26T14:33:10+00:00","twitter_card":"summary_large_image","twitter_misc":{"Temps estimat de lectura":"1 minut"},"schema":{"@context":"https:\/\/schema.org","@graph":[{"@type":"WebPage","@id":"https:\/\/falgas.net\/ca\/contacte\/","url":"https:\/\/falgas.net\/ca\/contacte\/","name":"Contacte - Falgas","isPartOf":{"@id":"https:\/\/falgas.net\/ca\/#website"},"datePublished":"2019-07-15T14:10:17+00:00","dateModified":"2020-11-26T14:33:10+00:00","description":"P\u00e0gina de contacte d'advocacia professional Falg\u00e0s, contacti amb nosaltres per correu electr\u00f2nic o per tel\u00e8fon.","breadcrumb":{"@id":"https:\/\/falgas.net\/ca\/contacte\/#breadcrumb"},"inLanguage":"ca","potentialAction":[{"@type":"ReadAction","target":["https:\/\/falgas.net\/ca\/contacte\/"]}]},{"@type":"BreadcrumbList","@id":"https:\/\/falgas.net\/ca\/contacte\/#breadcrumb","itemListElement":[{"@type":"ListItem","position":1,"name":"Portada","item":"https:\/\/falgas.net\/ca\/"},{"@type":"ListItem","position":2,"name":"Contacte"}]},{"@type":"WebSite","@id":"https:\/\/falgas.net\/ca\/#website","url":"https:\/\/falgas.net\/ca\/","name":"Falgas","description":"Otro sitio realizado con WordPress","publisher":{"@id":"https:\/\/falgas.net\/ca\/#organization"},"potentialAction":[{"@type":"SearchAction","target":{"@type":"EntryPoint","urlTemplate":"https:\/\/falgas.net\/ca\/?s={search_term_string}"},"query-input":{"@type":"PropertyValueSpecification","valueRequired":true,"valueName":"search_term_string"}}],"inLanguage":"ca"},{"@type":"Organization","@id":"https:\/\/falgas.net\/ca\/#organization","name":"Falg\u00e0s","url":"https:\/\/falgas.net\/ca\/","logo":{"@type":"ImageObject","inLanguage":"ca","@id":"https:\/\/falgas.net\/ca\/#\/schema\/logo\/image\/","url":"https:\/\/falgas.net\/wp-content\/uploads\/2019\/07\/logo-gloria-falgas-1024x344.png","contentUrl":"https:\/\/falgas.net\/wp-content\/uploads\/2019\/07\/logo-gloria-falgas-1024x344.png","width":1024,"height":344,"caption":"Falg\u00e0s"},"image":{"@id":"https:\/\/falgas.net\/ca\/#\/schema\/logo\/image\/"}}]}},"_links":{"self":[{"href":"https:\/\/falgas.net\/ca\/wp-json\/wp\/v2\/pages\/621","targetHints":{"allow":["GET"]}}],"collection":[{"href":"https:\/\/falgas.net\/ca\/wp-json\/wp\/v2\/pages"}],"about":[{"href":"https:\/\/falgas.net\/ca\/wp-json\/wp\/v2\/types\/page"}],"author":[{"embeddable":true,"href":"https:\/\/falgas.net\/ca\/wp-json\/wp\/v2\/users\/1"}],"replies":[{"embeddable":true,"href":"https:\/\/falgas.net\/ca\/wp-json\/wp\/v2\/comments?post=621"}],"version-history":[{"count":9,"href":"https:\/\/falgas.net\/ca\/wp-json\/wp\/v2\/pages\/621\/revisions"}],"predecessor-version":[{"id":1487,"href":"https:\/\/falgas.net\/ca\/wp-json\/wp\/v2\/pages\/621\/revisions\/1487"}],"wp:attachment":[{"href":"https:\/\/falgas.net\/ca\/wp-json\/wp\/v2\/media?parent=621"}],"curies":[{"name":"wp","href":"https:\/\/api.w.org\/{rel}","templated":true}]}}